{"id":1361,"date":"2019-07-06T12:06:22","date_gmt":"2019-07-06T09:06:22","guid":{"rendered":"https:\/\/simonjersey.eu\/lv\/?post_type=product&#038;p=1361"},"modified":"2021-01-28T20:19:33","modified_gmt":"2021-01-28T17:19:33","slug":"viriesu-lina-v-veida-lina-tunika","status":"publish","type":"product","link":"https:\/\/simonjersey.eu\/lv\/produkts\/viriesu-lina-v-veida-lina-tunika\/","title":{"rendered":"V\u012brie\u0161u lina V- veida lina tunika"},"content":{"rendered":"","protected":false},"excerpt":{"rendered":"<p>Pied\u0101v\u0101jam j\u016bsu darbiniekiem v\u012brie\u0161u lina tuniku, kas ir viegla, \u0113rta un lina piejaukuma materi\u0101ls b\u016bs \u0113rts un piem\u0113rots jebkurai darba videi. Priek\u0161\u0113j\u0101s kabatas un \u012bs\u0101s rokas piedos tunikai praktiskumu.<\/p>\n<p>Materi\u0101ls: 72% Poliesters, 23% Lins, 3% Poliam\u012bds, 2% Elast\u0101ns.<br \/>\nKop\u0161ana: Mazg\u0101t 40\u00b0 , viegla kop\u0161ana, minim\u0101la gludin\u0101\u0161ana.<br \/>\nIzm\u0113ri(UK): 34-48.<\/p>\n<p>Dab\u012bgais materi\u0101ls var at\u0161\u0137irties kr\u0101s\u0101 un tekst\u016br\u0101!<\/p>\n","protected":false},"featured_media":1373,"template":"","meta":[],"product_brand":[],"product_cat":[17,18,72,73,75,54,112],"product_tag":[220,148,150,219],"class_list":{"0":"post-1361","1":"product","2":"type-product","3":"status-publish","4":"has-post-thumbnail","6":"product_cat-skaistumkopsana","7":"product_cat-tunikas","8":"product_cat-veselibas-aprupe","9":"product_cat-arsti-un-medmasas","10":"product_cat-viriesu-tunikas","11":"product_cat-uzkopsanas-personals","12":"product_cat-tunikas-2","13":"product_tag-tunikas-masieriem","14":"product_tag-tunikas-skaistumkopsanas-darbiniekiem","15":"product_tag-tunikas-spa-darbiniekiem","16":"product_tag-tunikas-viriesiem","18":"first","19":"instock","20":"taxable","21":"shipping-taxable","22":"purchasable","23":"product-type-variable","24":"has-default-attributes"},"yoast_head":"<!-- This site is optimized with the Yoast SEO plugin v27.2 - https:\/\/yoast.com\/product\/yoast-seo-wordpress\/ -->\n<title>Lina ap\u0123\u0113rbs, modernas tunikas - Simon Jersey Latvija<\/title>\n<meta name=\"description\" content=\"Pied\u0101v\u0101jam j\u016bsu darbiniekiem v\u012brie\u0161u lina tuniku, kas ir viegla, \u0113rta un lina piejaukuma materi\u0101ls b\u016bs \u0113rts un piem\u0113rots jebkurai darba videi.\" \/>\n<meta name=\"robots\" content=\"index, follow, max-snippet:-1, max-image-preview:large, max-video-preview:-1\" \/>\n<link rel=\"canonical\" href=\"https:\/\/simonjersey.eu\/lv\/produkts\/viriesu-lina-v-veida-lina-tunika\/\" \/>\n<meta property=\"og:locale\" content=\"lv_LV\" \/>\n<meta property=\"og:type\" content=\"article\" \/>\n<meta property=\"og:title\" content=\"Lina ap\u0123\u0113rbs, modernas tunikas - Simon Jersey Latvija\" \/>\n<meta property=\"og:description\" content=\"Pied\u0101v\u0101jam j\u016bsu darbiniekiem v\u012brie\u0161u lina tuniku, kas ir viegla, \u0113rta un lina piejaukuma materi\u0101ls b\u016bs \u0113rts un piem\u0113rots jebkurai darba videi.\" \/>\n<meta property=\"og:url\" content=\"https:\/\/simonjersey.eu\/lv\/produkts\/viriesu-lina-v-veida-lina-tunika\/\" \/>\n<meta property=\"og:site_name\" content=\"Simon Jersey Latvija\" \/>\n<meta property=\"article:modified_time\" content=\"2021-01-28T17:19:33+00:00\" \/>\n<meta property=\"og:image\" content=\"https:\/\/simonjersey.eu\/lv\/wp-content\/uploads\/sites\/2\/2019\/07\/MM1250-1.jpg\" \/>\n\t<meta property=\"og:image:width\" content=\"1000\" \/>\n\t<meta property=\"og:image:height\" content=\"1500\" \/>\n\t<meta property=\"og:image:type\" content=\"image\/jpeg\" \/>\n<meta name=\"twitter:card\" content=\"summary_large_image\" \/>\n<script type=\"application\/ld+json\" class=\"yoast-schema-graph\">{\"@context\":\"https:\/\/schema.org\",\"@graph\":[{\"@type\":\"WebPage\",\"@id\":\"https:\/\/simonjersey.eu\/lv\/produkts\/viriesu-lina-v-veida-lina-tunika\/\",\"url\":\"https:\/\/simonjersey.eu\/lv\/produkts\/viriesu-lina-v-veida-lina-tunika\/\",\"name\":\"Lina ap\u0123\u0113rbs, modernas tunikas - Simon Jersey Latvija\",\"isPartOf\":{\"@id\":\"https:\/\/simonjersey.eu\/lv\/#website\"},\"primaryImageOfPage\":{\"@id\":\"https:\/\/simonjersey.eu\/lv\/produkts\/viriesu-lina-v-veida-lina-tunika\/#primaryimage\"},\"image\":{\"@id\":\"https:\/\/simonjersey.eu\/lv\/produkts\/viriesu-lina-v-veida-lina-tunika\/#primaryimage\"},\"thumbnailUrl\":\"https:\/\/simonjersey.eu\/lv\/wp-content\/uploads\/sites\/2\/2019\/07\/MM1250-1.jpg\",\"datePublished\":\"2019-07-06T09:06:22+00:00\",\"dateModified\":\"2021-01-28T17:19:33+00:00\",\"description\":\"Pied\u0101v\u0101jam j\u016bsu darbiniekiem v\u012brie\u0161u lina tuniku, kas ir viegla, \u0113rta un lina piejaukuma materi\u0101ls b\u016bs \u0113rts un piem\u0113rots jebkurai darba videi.\",\"breadcrumb\":{\"@id\":\"https:\/\/simonjersey.eu\/lv\/produkts\/viriesu-lina-v-veida-lina-tunika\/#breadcrumb\"},\"inLanguage\":\"lv-LV\",\"potentialAction\":[{\"@type\":\"ReadAction\",\"target\":[\"https:\/\/simonjersey.eu\/lv\/produkts\/viriesu-lina-v-veida-lina-tunika\/\"]}]},{\"@type\":\"ImageObject\",\"inLanguage\":\"lv-LV\",\"@id\":\"https:\/\/simonjersey.eu\/lv\/produkts\/viriesu-lina-v-veida-lina-tunika\/#primaryimage\",\"url\":\"https:\/\/simonjersey.eu\/lv\/wp-content\/uploads\/sites\/2\/2019\/07\/MM1250-1.jpg\",\"contentUrl\":\"https:\/\/simonjersey.eu\/lv\/wp-content\/uploads\/sites\/2\/2019\/07\/MM1250-1.jpg\",\"width\":1000,\"height\":1500},{\"@type\":\"BreadcrumbList\",\"@id\":\"https:\/\/simonjersey.eu\/lv\/produkts\/viriesu-lina-v-veida-lina-tunika\/#breadcrumb\",\"itemListElement\":[{\"@type\":\"ListItem\",\"position\":1,\"name\":\"Home\",\"item\":\"https:\/\/simonjersey.eu\/lv\/\"},{\"@type\":\"ListItem\",\"position\":2,\"name\":\"E-veikals\",\"item\":\"https:\/\/simonjersey.eu\/lv\/e-veikals\/\"},{\"@type\":\"ListItem\",\"position\":3,\"name\":\"V\u012brie\u0161u lina V- veida lina tunika\"}]},{\"@type\":\"WebSite\",\"@id\":\"https:\/\/simonjersey.eu\/lv\/#website\",\"url\":\"https:\/\/simonjersey.eu\/lv\/\",\"name\":\"Simon Jersey Latvija\",\"description\":\"Kvalitat\u012bvi un iztur\u012bgi darba ap\u0123\u0113rbi\",\"potentialAction\":[{\"@type\":\"SearchAction\",\"target\":{\"@type\":\"EntryPoint\",\"urlTemplate\":\"https:\/\/simonjersey.eu\/lv\/?s={search_term_string}\"},\"query-input\":{\"@type\":\"PropertyValueSpecification\",\"valueRequired\":true,\"valueName\":\"search_term_string\"}}],\"inLanguage\":\"lv-LV\"}]}<\/script>\n<!-- \/ Yoast SEO plugin. -->","yoast_head_json":{"title":"Lina ap\u0123\u0113rbs, modernas tunikas - Simon Jersey Latvija","description":"Pied\u0101v\u0101jam j\u016bsu darbiniekiem v\u012brie\u0161u lina tuniku, kas ir viegla, \u0113rta un lina piejaukuma materi\u0101ls b\u016bs \u0113rts un piem\u0113rots jebkurai darba videi.","robots":{"index":"index","follow":"follow","max-snippet":"max-snippet:-1","max-image-preview":"max-image-preview:large","max-video-preview":"max-video-preview:-1"},"canonical":"https:\/\/simonjersey.eu\/lv\/produkts\/viriesu-lina-v-veida-lina-tunika\/","og_locale":"lv_LV","og_type":"article","og_title":"Lina ap\u0123\u0113rbs, modernas tunikas - Simon Jersey Latvija","og_description":"Pied\u0101v\u0101jam j\u016bsu darbiniekiem v\u012brie\u0161u lina tuniku, kas ir viegla, \u0113rta un lina piejaukuma materi\u0101ls b\u016bs \u0113rts un piem\u0113rots jebkurai darba videi.","og_url":"https:\/\/simonjersey.eu\/lv\/produkts\/viriesu-lina-v-veida-lina-tunika\/","og_site_name":"Simon Jersey Latvija","article_modified_time":"2021-01-28T17:19:33+00:00","og_image":[{"width":1000,"height":1500,"url":"https:\/\/simonjersey.eu\/lv\/wp-content\/uploads\/sites\/2\/2019\/07\/MM1250-1.jpg","type":"image\/jpeg"}],"twitter_card":"summary_large_image","schema":{"@context":"https:\/\/schema.org","@graph":[{"@type":"WebPage","@id":"https:\/\/simonjersey.eu\/lv\/produkts\/viriesu-lina-v-veida-lina-tunika\/","url":"https:\/\/simonjersey.eu\/lv\/produkts\/viriesu-lina-v-veida-lina-tunika\/","name":"Lina ap\u0123\u0113rbs, modernas tunikas - Simon Jersey Latvija","isPartOf":{"@id":"https:\/\/simonjersey.eu\/lv\/#website"},"primaryImageOfPage":{"@id":"https:\/\/simonjersey.eu\/lv\/produkts\/viriesu-lina-v-veida-lina-tunika\/#primaryimage"},"image":{"@id":"https:\/\/simonjersey.eu\/lv\/produkts\/viriesu-lina-v-veida-lina-tunika\/#primaryimage"},"thumbnailUrl":"https:\/\/simonjersey.eu\/lv\/wp-content\/uploads\/sites\/2\/2019\/07\/MM1250-1.jpg","datePublished":"2019-07-06T09:06:22+00:00","dateModified":"2021-01-28T17:19:33+00:00","description":"Pied\u0101v\u0101jam j\u016bsu darbiniekiem v\u012brie\u0161u lina tuniku, kas ir viegla, \u0113rta un lina piejaukuma materi\u0101ls b\u016bs \u0113rts un piem\u0113rots jebkurai darba videi.","breadcrumb":{"@id":"https:\/\/simonjersey.eu\/lv\/produkts\/viriesu-lina-v-veida-lina-tunika\/#breadcrumb"},"inLanguage":"lv-LV","potentialAction":[{"@type":"ReadAction","target":["https:\/\/simonjersey.eu\/lv\/produkts\/viriesu-lina-v-veida-lina-tunika\/"]}]},{"@type":"ImageObject","inLanguage":"lv-LV","@id":"https:\/\/simonjersey.eu\/lv\/produkts\/viriesu-lina-v-veida-lina-tunika\/#primaryimage","url":"https:\/\/simonjersey.eu\/lv\/wp-content\/uploads\/sites\/2\/2019\/07\/MM1250-1.jpg","contentUrl":"https:\/\/simonjersey.eu\/lv\/wp-content\/uploads\/sites\/2\/2019\/07\/MM1250-1.jpg","width":1000,"height":1500},{"@type":"BreadcrumbList","@id":"https:\/\/simonjersey.eu\/lv\/produkts\/viriesu-lina-v-veida-lina-tunika\/#breadcrumb","itemListElement":[{"@type":"ListItem","position":1,"name":"Home","item":"https:\/\/simonjersey.eu\/lv\/"},{"@type":"ListItem","position":2,"name":"E-veikals","item":"https:\/\/simonjersey.eu\/lv\/e-veikals\/"},{"@type":"ListItem","position":3,"name":"V\u012brie\u0161u lina V- veida lina tunika"}]},{"@type":"WebSite","@id":"https:\/\/simonjersey.eu\/lv\/#website","url":"https:\/\/simonjersey.eu\/lv\/","name":"Simon Jersey Latvija","description":"Kvalitat\u012bvi un iztur\u012bgi darba ap\u0123\u0113rbi","potentialAction":[{"@type":"SearchAction","target":{"@type":"EntryPoint","urlTemplate":"https:\/\/simonjersey.eu\/lv\/?s={search_term_string}"},"query-input":{"@type":"PropertyValueSpecification","valueRequired":true,"valueName":"search_term_string"}}],"inLanguage":"lv-LV"}]}},"_links":{"self":[{"href":"https:\/\/simonjersey.eu\/lv\/wp-json\/wp\/v2\/product\/1361","targetHints":{"allow":["GET"]}}],"collection":[{"href":"https:\/\/simonjersey.eu\/lv\/wp-json\/wp\/v2\/product"}],"about":[{"href":"https:\/\/simonjersey.eu\/lv\/wp-json\/wp\/v2\/types\/product"}],"wp:featuredmedia":[{"embeddable":true,"href":"https:\/\/simonjersey.eu\/lv\/wp-json\/wp\/v2\/media\/1373"}],"wp:attachment":[{"href":"https:\/\/simonjersey.eu\/lv\/wp-json\/wp\/v2\/media?parent=1361"}],"wp:term":[{"taxonomy":"product_brand","embeddable":true,"href":"https:\/\/simonjersey.eu\/lv\/wp-json\/wp\/v2\/product_brand?post=1361"},{"taxonomy":"product_cat","embeddable":true,"href":"https:\/\/simonjersey.eu\/lv\/wp-json\/wp\/v2\/product_cat?post=1361"},{"taxonomy":"product_tag","embeddable":true,"href":"https:\/\/simonjersey.eu\/lv\/wp-json\/wp\/v2\/product_tag?post=1361"}],"curies":[{"name":"wp","href":"https:\/\/api.w.org\/{rel}","templated":true}]}}