{"id":1437,"date":"2019-07-06T12:50:28","date_gmt":"2019-07-06T09:50:28","guid":{"rendered":"https:\/\/simonjersey.eu\/lv\/?post_type=product&#038;p=1437"},"modified":"2026-03-09T15:44:24","modified_gmt":"2026-03-09T12:44:24","slug":"lina-v-izgriezuma-tunika","status":"publish","type":"product","link":"https:\/\/simonjersey.eu\/lv\/produkts\/lina-v-izgriezuma-tunika\/","title":{"rendered":"Lina V- izgriezuma tunika"},"content":{"rendered":"","protected":false},"excerpt":{"rendered":"<p>Lielisks veids k\u0101 atsvaidzin\u0101t darbinieku uniformas, ar modern\u0101m un \u0113rt\u0101m skaistumkop\u0161anas tunik\u0101m.<br \/>\nT\u0101s pieejamas da\u017e\u0101d\u0101s kr\u0101s\u0101s, piel\u0101gojot to j\u016bsu uz\u0146\u0113muma imid\u017eam, k\u0101 ar\u012b ir divas s\u0101nu abatas.<\/p>\n<p>\u0160\u012b tunika veidota no lieliska materi\u0101lu sajaukuma, kas darbiniekiem \u013caus justies br\u012bvi<br \/>\nun \u0113rti visas dienas garum\u0101.<\/p>\n<p>Kombin\u0113jiet t\u0101s ar taisna piegriezuma <a href=\"https:\/\/simonjersey.eu\/lv\/produkts\/simon-jersey-lina-bikses\/\">biks\u0113m no Simon Jersey<\/a>.<\/p>\n<p>Garums: 72 cm.<br \/>\nMateri\u0101ls: 72% poliesters, 23% lins, 3% poliam\u012bds, 2% elast\u0101ns.<br \/>\nKop\u0161ana: Mazg\u0101t 40\u00b0, viegli kopjams, minim\u0101la gludin\u0101\u0161ana.<br \/>\nIzm\u0113ri (UK): 6-26.<\/p>\n<p>Dab\u012bgais materi\u0101ls var at\u0161\u0137irties kr\u0101s\u0101 un tekst\u016br\u0101!<\/p>\n","protected":false},"featured_media":9121,"template":"","meta":[],"product_brand":[],"product_cat":[27,17,18,73,74,53,54,112],"product_tag":[168,366],"class_list":{"0":"post-1437","1":"product","2":"type-product","3":"status-publish","4":"has-post-thumbnail","6":"product_cat-apkopejam","7":"product_cat-skaistumkopsana","8":"product_cat-tunikas","9":"product_cat-arsti-un-medmasas","10":"product_cat-sieviesu-tunikas","11":"product_cat-apkalposana-numurina","12":"product_cat-uzkopsanas-personals","13":"product_cat-tunikas-2","14":"product_tag-darba-apgerbs-skaistumkopsanas-salonam","15":"product_tag-darba-drebes-klinikam","17":"first","18":"instock","19":"taxable","20":"shipping-taxable","21":"purchasable","22":"product-type-variable","23":"has-default-attributes"},"yoast_head":"<!-- This site is optimized with the Yoast SEO plugin v27.2 - https:\/\/yoast.com\/product\/yoast-seo-wordpress\/ -->\n<title>Modern\u0101m un \u0113rt\u0101m skaistumkop\u0161anas tunik\u0101m - Simon Jersey Latvija<\/title>\n<meta name=\"description\" content=\"\u0160\u012b tunika veidota no lieliska materi\u0101lu sajaukuma, kas darbiniekiem \u013caus justies br\u012bviun \u0113rti visas. Ar modern\u0101m un \u0113rt\u0101m skaistumkop\u0161anas tunik\u0101m.\" \/>\n<meta name=\"robots\" content=\"index, follow, max-snippet:-1, max-image-preview:large, max-video-preview:-1\" \/>\n<link rel=\"canonical\" href=\"https:\/\/simonjersey.eu\/lv\/produkts\/lina-v-izgriezuma-tunika\/\" \/>\n<meta property=\"og:locale\" content=\"lv_LV\" \/>\n<meta property=\"og:type\" content=\"article\" \/>\n<meta property=\"og:title\" content=\"Modern\u0101m un \u0113rt\u0101m skaistumkop\u0161anas tunik\u0101m - Simon Jersey Latvija\" \/>\n<meta property=\"og:description\" content=\"\u0160\u012b tunika veidota no lieliska materi\u0101lu sajaukuma, kas darbiniekiem \u013caus justies br\u012bviun \u0113rti visas. Ar modern\u0101m un \u0113rt\u0101m skaistumkop\u0161anas tunik\u0101m.\" \/>\n<meta property=\"og:url\" content=\"https:\/\/simonjersey.eu\/lv\/produkts\/lina-v-izgriezuma-tunika\/\" \/>\n<meta property=\"og:site_name\" content=\"Simon Jersey Latvija\" \/>\n<meta property=\"article:modified_time\" content=\"2026-03-09T12:44:24+00:00\" \/>\n<meta property=\"og:image\" content=\"https:\/\/simonjersey.eu\/lv\/wp-content\/uploads\/sites\/2\/2019\/07\/FD3640-linen-tunic-sage.jpg\" \/>\n\t<meta property=\"og:image:width\" content=\"1000\" \/>\n\t<meta property=\"og:image:height\" content=\"1500\" \/>\n\t<meta property=\"og:image:type\" content=\"image\/jpeg\" \/>\n<meta name=\"twitter:card\" content=\"summary_large_image\" \/>\n<meta name=\"twitter:label1\" content=\"Est. reading time\" \/>\n\t<meta name=\"twitter:data1\" content=\"1 min\u016bte\" \/>\n<script type=\"application\/ld+json\" class=\"yoast-schema-graph\">{\"@context\":\"https:\/\/schema.org\",\"@graph\":[{\"@type\":\"WebPage\",\"@id\":\"https:\/\/simonjersey.eu\/lv\/produkts\/lina-v-izgriezuma-tunika\/\",\"url\":\"https:\/\/simonjersey.eu\/lv\/produkts\/lina-v-izgriezuma-tunika\/\",\"name\":\"Modern\u0101m un \u0113rt\u0101m skaistumkop\u0161anas tunik\u0101m - Simon Jersey Latvija\",\"isPartOf\":{\"@id\":\"https:\/\/simonjersey.eu\/lv\/#website\"},\"primaryImageOfPage\":{\"@id\":\"https:\/\/simonjersey.eu\/lv\/produkts\/lina-v-izgriezuma-tunika\/#primaryimage\"},\"image\":{\"@id\":\"https:\/\/simonjersey.eu\/lv\/produkts\/lina-v-izgriezuma-tunika\/#primaryimage\"},\"thumbnailUrl\":\"https:\/\/simonjersey.eu\/lv\/wp-content\/uploads\/sites\/2\/2019\/07\/FD3640-linen-tunic-sage.jpg\",\"datePublished\":\"2019-07-06T09:50:28+00:00\",\"dateModified\":\"2026-03-09T12:44:24+00:00\",\"description\":\"\u0160\u012b tunika veidota no lieliska materi\u0101lu sajaukuma, kas darbiniekiem \u013caus justies br\u012bviun \u0113rti visas. Ar modern\u0101m un \u0113rt\u0101m skaistumkop\u0161anas tunik\u0101m.\",\"breadcrumb\":{\"@id\":\"https:\/\/simonjersey.eu\/lv\/produkts\/lina-v-izgriezuma-tunika\/#breadcrumb\"},\"inLanguage\":\"lv-LV\",\"potentialAction\":[{\"@type\":\"ReadAction\",\"target\":[\"https:\/\/simonjersey.eu\/lv\/produkts\/lina-v-izgriezuma-tunika\/\"]}]},{\"@type\":\"ImageObject\",\"inLanguage\":\"lv-LV\",\"@id\":\"https:\/\/simonjersey.eu\/lv\/produkts\/lina-v-izgriezuma-tunika\/#primaryimage\",\"url\":\"https:\/\/simonjersey.eu\/lv\/wp-content\/uploads\/sites\/2\/2019\/07\/FD3640-linen-tunic-sage.jpg\",\"contentUrl\":\"https:\/\/simonjersey.eu\/lv\/wp-content\/uploads\/sites\/2\/2019\/07\/FD3640-linen-tunic-sage.jpg\",\"width\":1000,\"height\":1500},{\"@type\":\"BreadcrumbList\",\"@id\":\"https:\/\/simonjersey.eu\/lv\/produkts\/lina-v-izgriezuma-tunika\/#breadcrumb\",\"itemListElement\":[{\"@type\":\"ListItem\",\"position\":1,\"name\":\"Home\",\"item\":\"https:\/\/simonjersey.eu\/lv\/\"},{\"@type\":\"ListItem\",\"position\":2,\"name\":\"E-veikals\",\"item\":\"https:\/\/simonjersey.eu\/lv\/e-veikals\/\"},{\"@type\":\"ListItem\",\"position\":3,\"name\":\"Lina V- izgriezuma tunika\"}]},{\"@type\":\"WebSite\",\"@id\":\"https:\/\/simonjersey.eu\/lv\/#website\",\"url\":\"https:\/\/simonjersey.eu\/lv\/\",\"name\":\"Simon Jersey Latvija\",\"description\":\"Kvalitat\u012bvi un iztur\u012bgi darba ap\u0123\u0113rbi\",\"potentialAction\":[{\"@type\":\"SearchAction\",\"target\":{\"@type\":\"EntryPoint\",\"urlTemplate\":\"https:\/\/simonjersey.eu\/lv\/?s={search_term_string}\"},\"query-input\":{\"@type\":\"PropertyValueSpecification\",\"valueRequired\":true,\"valueName\":\"search_term_string\"}}],\"inLanguage\":\"lv-LV\"}]}<\/script>\n<!-- \/ Yoast SEO plugin. -->","yoast_head_json":{"title":"Modern\u0101m un \u0113rt\u0101m skaistumkop\u0161anas tunik\u0101m - Simon Jersey Latvija","description":"\u0160\u012b tunika veidota no lieliska materi\u0101lu sajaukuma, kas darbiniekiem \u013caus justies br\u012bviun \u0113rti visas. Ar modern\u0101m un \u0113rt\u0101m skaistumkop\u0161anas tunik\u0101m.","robots":{"index":"index","follow":"follow","max-snippet":"max-snippet:-1","max-image-preview":"max-image-preview:large","max-video-preview":"max-video-preview:-1"},"canonical":"https:\/\/simonjersey.eu\/lv\/produkts\/lina-v-izgriezuma-tunika\/","og_locale":"lv_LV","og_type":"article","og_title":"Modern\u0101m un \u0113rt\u0101m skaistumkop\u0161anas tunik\u0101m - Simon Jersey Latvija","og_description":"\u0160\u012b tunika veidota no lieliska materi\u0101lu sajaukuma, kas darbiniekiem \u013caus justies br\u012bviun \u0113rti visas. Ar modern\u0101m un \u0113rt\u0101m skaistumkop\u0161anas tunik\u0101m.","og_url":"https:\/\/simonjersey.eu\/lv\/produkts\/lina-v-izgriezuma-tunika\/","og_site_name":"Simon Jersey Latvija","article_modified_time":"2026-03-09T12:44:24+00:00","og_image":[{"width":1000,"height":1500,"url":"https:\/\/simonjersey.eu\/lv\/wp-content\/uploads\/sites\/2\/2019\/07\/FD3640-linen-tunic-sage.jpg","type":"image\/jpeg"}],"twitter_card":"summary_large_image","twitter_misc":{"Est. reading time":"1 min\u016bte"},"schema":{"@context":"https:\/\/schema.org","@graph":[{"@type":"WebPage","@id":"https:\/\/simonjersey.eu\/lv\/produkts\/lina-v-izgriezuma-tunika\/","url":"https:\/\/simonjersey.eu\/lv\/produkts\/lina-v-izgriezuma-tunika\/","name":"Modern\u0101m un \u0113rt\u0101m skaistumkop\u0161anas tunik\u0101m - Simon Jersey Latvija","isPartOf":{"@id":"https:\/\/simonjersey.eu\/lv\/#website"},"primaryImageOfPage":{"@id":"https:\/\/simonjersey.eu\/lv\/produkts\/lina-v-izgriezuma-tunika\/#primaryimage"},"image":{"@id":"https:\/\/simonjersey.eu\/lv\/produkts\/lina-v-izgriezuma-tunika\/#primaryimage"},"thumbnailUrl":"https:\/\/simonjersey.eu\/lv\/wp-content\/uploads\/sites\/2\/2019\/07\/FD3640-linen-tunic-sage.jpg","datePublished":"2019-07-06T09:50:28+00:00","dateModified":"2026-03-09T12:44:24+00:00","description":"\u0160\u012b tunika veidota no lieliska materi\u0101lu sajaukuma, kas darbiniekiem \u013caus justies br\u012bviun \u0113rti visas. Ar modern\u0101m un \u0113rt\u0101m skaistumkop\u0161anas tunik\u0101m.","breadcrumb":{"@id":"https:\/\/simonjersey.eu\/lv\/produkts\/lina-v-izgriezuma-tunika\/#breadcrumb"},"inLanguage":"lv-LV","potentialAction":[{"@type":"ReadAction","target":["https:\/\/simonjersey.eu\/lv\/produkts\/lina-v-izgriezuma-tunika\/"]}]},{"@type":"ImageObject","inLanguage":"lv-LV","@id":"https:\/\/simonjersey.eu\/lv\/produkts\/lina-v-izgriezuma-tunika\/#primaryimage","url":"https:\/\/simonjersey.eu\/lv\/wp-content\/uploads\/sites\/2\/2019\/07\/FD3640-linen-tunic-sage.jpg","contentUrl":"https:\/\/simonjersey.eu\/lv\/wp-content\/uploads\/sites\/2\/2019\/07\/FD3640-linen-tunic-sage.jpg","width":1000,"height":1500},{"@type":"BreadcrumbList","@id":"https:\/\/simonjersey.eu\/lv\/produkts\/lina-v-izgriezuma-tunika\/#breadcrumb","itemListElement":[{"@type":"ListItem","position":1,"name":"Home","item":"https:\/\/simonjersey.eu\/lv\/"},{"@type":"ListItem","position":2,"name":"E-veikals","item":"https:\/\/simonjersey.eu\/lv\/e-veikals\/"},{"@type":"ListItem","position":3,"name":"Lina V- izgriezuma tunika"}]},{"@type":"WebSite","@id":"https:\/\/simonjersey.eu\/lv\/#website","url":"https:\/\/simonjersey.eu\/lv\/","name":"Simon Jersey Latvija","description":"Kvalitat\u012bvi un iztur\u012bgi darba ap\u0123\u0113rbi","potentialAction":[{"@type":"SearchAction","target":{"@type":"EntryPoint","urlTemplate":"https:\/\/simonjersey.eu\/lv\/?s={search_term_string}"},"query-input":{"@type":"PropertyValueSpecification","valueRequired":true,"valueName":"search_term_string"}}],"inLanguage":"lv-LV"}]}},"_links":{"self":[{"href":"https:\/\/simonjersey.eu\/lv\/wp-json\/wp\/v2\/product\/1437","targetHints":{"allow":["GET"]}}],"collection":[{"href":"https:\/\/simonjersey.eu\/lv\/wp-json\/wp\/v2\/product"}],"about":[{"href":"https:\/\/simonjersey.eu\/lv\/wp-json\/wp\/v2\/types\/product"}],"wp:featuredmedia":[{"embeddable":true,"href":"https:\/\/simonjersey.eu\/lv\/wp-json\/wp\/v2\/media\/9121"}],"wp:attachment":[{"href":"https:\/\/simonjersey.eu\/lv\/wp-json\/wp\/v2\/media?parent=1437"}],"wp:term":[{"taxonomy":"product_brand","embeddable":true,"href":"https:\/\/simonjersey.eu\/lv\/wp-json\/wp\/v2\/product_brand?post=1437"},{"taxonomy":"product_cat","embeddable":true,"href":"https:\/\/simonjersey.eu\/lv\/wp-json\/wp\/v2\/product_cat?post=1437"},{"taxonomy":"product_tag","embeddable":true,"href":"https:\/\/simonjersey.eu\/lv\/wp-json\/wp\/v2\/product_tag?post=1437"}],"curies":[{"name":"wp","href":"https:\/\/api.w.org\/{rel}","templated":true}]}}