{"id":1570,"date":"2019-07-06T16:53:06","date_gmt":"2019-07-06T13:53:06","guid":{"rendered":"https:\/\/simonjersey.eu\/lv\/?post_type=product&#038;p=1570"},"modified":"2023-12-12T15:01:34","modified_gmt":"2023-12-12T12:01:34","slug":"asimetriska-kakla-izgriezuma-tunika","status":"publish","type":"product","link":"https:\/\/simonjersey.eu\/lv\/produkts\/asimetriska-kakla-izgriezuma-tunika\/","title":{"rendered":"Asimetriska kakla izgriezuma tunika"},"content":{"rendered":"","protected":false},"excerpt":{"rendered":"<p>\u0160\u012b asimetrisk\u0101 kakla izgriezuma tunika pal\u012bdz\u0113s j\u016bsu darbiniekiem justies br\u012bvi un \u0113rti visu dienu,<br \/>\ntaj\u0101 pa\u0161\u0101 laik\u0101 izskatoties lieliski. Ie\u0161uvumi uz muguras un \u0113rt\u0101s piedurknes, \u013caus kust\u0113ties v\u0113l br\u012bv\u0101k.<\/p>\n<p>Garums: 75 cm.<br \/>\nMateri\u0101ls: 100% poliesters, 180g\/m2. Divu veidu elast\u012bgs materi\u0101ls.<br \/>\nKop\u0161ana: Mazg\u0101t 40\u00b0, viegli kopjams, minim\u0101la gludin\u0101\u0161ana.<br \/>\nIzm\u0113ri (UK): 6-26.<\/p>\n","protected":false},"featured_media":6856,"template":"","meta":[],"product_brand":[],"product_cat":[17,18,112],"product_tag":[151,170,148],"class_list":{"0":"post-1570","1":"product","2":"type-product","3":"status-publish","4":"has-post-thumbnail","6":"product_cat-skaistumkopsana","7":"product_cat-tunikas","8":"product_cat-tunikas-2","9":"product_tag-tunikas-frizieriem","10":"product_tag-tunikas-sievietem","11":"product_tag-tunikas-skaistumkopsanas-darbiniekiem","13":"first","14":"instock","15":"taxable","16":"shipping-taxable","17":"purchasable","18":"product-type-variable","19":"has-default-attributes"},"yoast_head":"<!-- This site is optimized with the Yoast SEO plugin v27.2 - https:\/\/yoast.com\/product\/yoast-seo-wordpress\/ -->\n<title>Asimetriska kakla izgriezuma tunika - Simon Jersey Latvija<\/title>\n<meta name=\"description\" content=\"\u0160\u012b asimetrisk\u0101 kakla izgriezuma tunika pal\u012bdz\u0113s j\u016bsu darbiniekiem justies br\u012bvi un \u0113rti visu dienu, taj\u0101 pa\u0161\u0101 laik\u0101 izskatoties lieliski.\" \/>\n<meta name=\"robots\" content=\"index, follow, max-snippet:-1, max-image-preview:large, max-video-preview:-1\" \/>\n<link rel=\"canonical\" href=\"https:\/\/simonjersey.eu\/lv\/produkts\/asimetriska-kakla-izgriezuma-tunika\/\" \/>\n<meta property=\"og:locale\" content=\"lv_LV\" \/>\n<meta property=\"og:type\" content=\"article\" \/>\n<meta property=\"og:title\" content=\"Asimetriska kakla izgriezuma tunika - Simon Jersey Latvija\" \/>\n<meta property=\"og:description\" content=\"\u0160\u012b asimetrisk\u0101 kakla izgriezuma tunika pal\u012bdz\u0113s j\u016bsu darbiniekiem justies br\u012bvi un \u0113rti visu dienu, taj\u0101 pa\u0161\u0101 laik\u0101 izskatoties lieliski.\" \/>\n<meta property=\"og:url\" content=\"https:\/\/simonjersey.eu\/lv\/produkts\/asimetriska-kakla-izgriezuma-tunika\/\" \/>\n<meta property=\"og:site_name\" content=\"Simon Jersey Latvija\" \/>\n<meta property=\"article:modified_time\" content=\"2023-12-12T12:01:34+00:00\" \/>\n<meta property=\"og:image\" content=\"https:\/\/simonjersey.eu\/lv\/wp-content\/uploads\/sites\/2\/2019\/07\/FD2170-must-tuunika.jpg\" \/>\n\t<meta property=\"og:image:width\" content=\"1000\" \/>\n\t<meta property=\"og:image:height\" content=\"1500\" \/>\n\t<meta property=\"og:image:type\" content=\"image\/jpeg\" \/>\n<meta name=\"twitter:card\" content=\"summary_large_image\" \/>\n<script type=\"application\/ld+json\" class=\"yoast-schema-graph\">{\"@context\":\"https:\/\/schema.org\",\"@graph\":[{\"@type\":\"WebPage\",\"@id\":\"https:\/\/simonjersey.eu\/lv\/produkts\/asimetriska-kakla-izgriezuma-tunika\/\",\"url\":\"https:\/\/simonjersey.eu\/lv\/produkts\/asimetriska-kakla-izgriezuma-tunika\/\",\"name\":\"Asimetriska kakla izgriezuma tunika - Simon Jersey Latvija\",\"isPartOf\":{\"@id\":\"https:\/\/simonjersey.eu\/lv\/#website\"},\"primaryImageOfPage\":{\"@id\":\"https:\/\/simonjersey.eu\/lv\/produkts\/asimetriska-kakla-izgriezuma-tunika\/#primaryimage\"},\"image\":{\"@id\":\"https:\/\/simonjersey.eu\/lv\/produkts\/asimetriska-kakla-izgriezuma-tunika\/#primaryimage\"},\"thumbnailUrl\":\"https:\/\/simonjersey.eu\/lv\/wp-content\/uploads\/sites\/2\/2019\/07\/FD2170-must-tuunika.jpg\",\"datePublished\":\"2019-07-06T13:53:06+00:00\",\"dateModified\":\"2023-12-12T12:01:34+00:00\",\"description\":\"\u0160\u012b asimetrisk\u0101 kakla izgriezuma tunika pal\u012bdz\u0113s j\u016bsu darbiniekiem justies br\u012bvi un \u0113rti visu dienu, taj\u0101 pa\u0161\u0101 laik\u0101 izskatoties lieliski.\",\"breadcrumb\":{\"@id\":\"https:\/\/simonjersey.eu\/lv\/produkts\/asimetriska-kakla-izgriezuma-tunika\/#breadcrumb\"},\"inLanguage\":\"lv-LV\",\"potentialAction\":[{\"@type\":\"ReadAction\",\"target\":[\"https:\/\/simonjersey.eu\/lv\/produkts\/asimetriska-kakla-izgriezuma-tunika\/\"]}]},{\"@type\":\"ImageObject\",\"inLanguage\":\"lv-LV\",\"@id\":\"https:\/\/simonjersey.eu\/lv\/produkts\/asimetriska-kakla-izgriezuma-tunika\/#primaryimage\",\"url\":\"https:\/\/simonjersey.eu\/lv\/wp-content\/uploads\/sites\/2\/2019\/07\/FD2170-must-tuunika.jpg\",\"contentUrl\":\"https:\/\/simonjersey.eu\/lv\/wp-content\/uploads\/sites\/2\/2019\/07\/FD2170-must-tuunika.jpg\",\"width\":1000,\"height\":1500},{\"@type\":\"BreadcrumbList\",\"@id\":\"https:\/\/simonjersey.eu\/lv\/produkts\/asimetriska-kakla-izgriezuma-tunika\/#breadcrumb\",\"itemListElement\":[{\"@type\":\"ListItem\",\"position\":1,\"name\":\"Home\",\"item\":\"https:\/\/simonjersey.eu\/lv\/\"},{\"@type\":\"ListItem\",\"position\":2,\"name\":\"E-veikals\",\"item\":\"https:\/\/simonjersey.eu\/lv\/e-veikals\/\"},{\"@type\":\"ListItem\",\"position\":3,\"name\":\"Asimetriska kakla izgriezuma tunika\"}]},{\"@type\":\"WebSite\",\"@id\":\"https:\/\/simonjersey.eu\/lv\/#website\",\"url\":\"https:\/\/simonjersey.eu\/lv\/\",\"name\":\"Simon Jersey Latvija\",\"description\":\"Kvalitat\u012bvi un iztur\u012bgi darba ap\u0123\u0113rbi\",\"potentialAction\":[{\"@type\":\"SearchAction\",\"target\":{\"@type\":\"EntryPoint\",\"urlTemplate\":\"https:\/\/simonjersey.eu\/lv\/?s={search_term_string}\"},\"query-input\":{\"@type\":\"PropertyValueSpecification\",\"valueRequired\":true,\"valueName\":\"search_term_string\"}}],\"inLanguage\":\"lv-LV\"}]}<\/script>\n<!-- \/ Yoast SEO plugin. -->","yoast_head_json":{"title":"Asimetriska kakla izgriezuma tunika - Simon Jersey Latvija","description":"\u0160\u012b asimetrisk\u0101 kakla izgriezuma tunika pal\u012bdz\u0113s j\u016bsu darbiniekiem justies br\u012bvi un \u0113rti visu dienu, taj\u0101 pa\u0161\u0101 laik\u0101 izskatoties lieliski.","robots":{"index":"index","follow":"follow","max-snippet":"max-snippet:-1","max-image-preview":"max-image-preview:large","max-video-preview":"max-video-preview:-1"},"canonical":"https:\/\/simonjersey.eu\/lv\/produkts\/asimetriska-kakla-izgriezuma-tunika\/","og_locale":"lv_LV","og_type":"article","og_title":"Asimetriska kakla izgriezuma tunika - Simon Jersey Latvija","og_description":"\u0160\u012b asimetrisk\u0101 kakla izgriezuma tunika pal\u012bdz\u0113s j\u016bsu darbiniekiem justies br\u012bvi un \u0113rti visu dienu, taj\u0101 pa\u0161\u0101 laik\u0101 izskatoties lieliski.","og_url":"https:\/\/simonjersey.eu\/lv\/produkts\/asimetriska-kakla-izgriezuma-tunika\/","og_site_name":"Simon Jersey Latvija","article_modified_time":"2023-12-12T12:01:34+00:00","og_image":[{"width":1000,"height":1500,"url":"https:\/\/simonjersey.eu\/lv\/wp-content\/uploads\/sites\/2\/2019\/07\/FD2170-must-tuunika.jpg","type":"image\/jpeg"}],"twitter_card":"summary_large_image","schema":{"@context":"https:\/\/schema.org","@graph":[{"@type":"WebPage","@id":"https:\/\/simonjersey.eu\/lv\/produkts\/asimetriska-kakla-izgriezuma-tunika\/","url":"https:\/\/simonjersey.eu\/lv\/produkts\/asimetriska-kakla-izgriezuma-tunika\/","name":"Asimetriska kakla izgriezuma tunika - Simon Jersey Latvija","isPartOf":{"@id":"https:\/\/simonjersey.eu\/lv\/#website"},"primaryImageOfPage":{"@id":"https:\/\/simonjersey.eu\/lv\/produkts\/asimetriska-kakla-izgriezuma-tunika\/#primaryimage"},"image":{"@id":"https:\/\/simonjersey.eu\/lv\/produkts\/asimetriska-kakla-izgriezuma-tunika\/#primaryimage"},"thumbnailUrl":"https:\/\/simonjersey.eu\/lv\/wp-content\/uploads\/sites\/2\/2019\/07\/FD2170-must-tuunika.jpg","datePublished":"2019-07-06T13:53:06+00:00","dateModified":"2023-12-12T12:01:34+00:00","description":"\u0160\u012b asimetrisk\u0101 kakla izgriezuma tunika pal\u012bdz\u0113s j\u016bsu darbiniekiem justies br\u012bvi un \u0113rti visu dienu, taj\u0101 pa\u0161\u0101 laik\u0101 izskatoties lieliski.","breadcrumb":{"@id":"https:\/\/simonjersey.eu\/lv\/produkts\/asimetriska-kakla-izgriezuma-tunika\/#breadcrumb"},"inLanguage":"lv-LV","potentialAction":[{"@type":"ReadAction","target":["https:\/\/simonjersey.eu\/lv\/produkts\/asimetriska-kakla-izgriezuma-tunika\/"]}]},{"@type":"ImageObject","inLanguage":"lv-LV","@id":"https:\/\/simonjersey.eu\/lv\/produkts\/asimetriska-kakla-izgriezuma-tunika\/#primaryimage","url":"https:\/\/simonjersey.eu\/lv\/wp-content\/uploads\/sites\/2\/2019\/07\/FD2170-must-tuunika.jpg","contentUrl":"https:\/\/simonjersey.eu\/lv\/wp-content\/uploads\/sites\/2\/2019\/07\/FD2170-must-tuunika.jpg","width":1000,"height":1500},{"@type":"BreadcrumbList","@id":"https:\/\/simonjersey.eu\/lv\/produkts\/asimetriska-kakla-izgriezuma-tunika\/#breadcrumb","itemListElement":[{"@type":"ListItem","position":1,"name":"Home","item":"https:\/\/simonjersey.eu\/lv\/"},{"@type":"ListItem","position":2,"name":"E-veikals","item":"https:\/\/simonjersey.eu\/lv\/e-veikals\/"},{"@type":"ListItem","position":3,"name":"Asimetriska kakla izgriezuma tunika"}]},{"@type":"WebSite","@id":"https:\/\/simonjersey.eu\/lv\/#website","url":"https:\/\/simonjersey.eu\/lv\/","name":"Simon Jersey Latvija","description":"Kvalitat\u012bvi un iztur\u012bgi darba ap\u0123\u0113rbi","potentialAction":[{"@type":"SearchAction","target":{"@type":"EntryPoint","urlTemplate":"https:\/\/simonjersey.eu\/lv\/?s={search_term_string}"},"query-input":{"@type":"PropertyValueSpecification","valueRequired":true,"valueName":"search_term_string"}}],"inLanguage":"lv-LV"}]}},"_links":{"self":[{"href":"https:\/\/simonjersey.eu\/lv\/wp-json\/wp\/v2\/product\/1570","targetHints":{"allow":["GET"]}}],"collection":[{"href":"https:\/\/simonjersey.eu\/lv\/wp-json\/wp\/v2\/product"}],"about":[{"href":"https:\/\/simonjersey.eu\/lv\/wp-json\/wp\/v2\/types\/product"}],"wp:featuredmedia":[{"embeddable":true,"href":"https:\/\/simonjersey.eu\/lv\/wp-json\/wp\/v2\/media\/6856"}],"wp:attachment":[{"href":"https:\/\/simonjersey.eu\/lv\/wp-json\/wp\/v2\/media?parent=1570"}],"wp:term":[{"taxonomy":"product_brand","embeddable":true,"href":"https:\/\/simonjersey.eu\/lv\/wp-json\/wp\/v2\/product_brand?post=1570"},{"taxonomy":"product_cat","embeddable":true,"href":"https:\/\/simonjersey.eu\/lv\/wp-json\/wp\/v2\/product_cat?post=1570"},{"taxonomy":"product_tag","embeddable":true,"href":"https:\/\/simonjersey.eu\/lv\/wp-json\/wp\/v2\/product_tag?post=1570"}],"curies":[{"name":"wp","href":"https:\/\/api.w.org\/{rel}","templated":true}]}}