{"id":1692,"date":"2019-07-08T14:10:45","date_gmt":"2019-07-08T11:10:45","guid":{"rendered":"https:\/\/simonjersey.eu\/lv\/?post_type=product&#038;p=1692"},"modified":"2023-11-27T16:22:55","modified_gmt":"2023-11-27T13:22:55","slug":"alderley-slim-fit-viriesu-zakete","status":"publish","type":"product","link":"https:\/\/simonjersey.eu\/lv\/produkts\/alderley-slim-fit-viriesu-zakete\/","title":{"rendered":"Alderley Slim Fit v\u012brie\u0161u \u017eakete"},"content":{"rendered":"","protected":false},"excerpt":{"rendered":"<p>Alderley kolekcijas ap\u0123\u0113rbi ir izgatavoti no iztur\u012bga materi\u0101la un tos ir viegli uztur\u0113t un<br \/>\nsaglab\u0101t ilgsto\u0161i labu kvalit\u0101ti.<br \/>\nAlderley produkti ir pieejami gan v\u012brie\u0161iem, gan sieviet\u0113m \u2013 lai j\u016bsu komanda izskat\u0101s unik\u0101li un profesion\u0101li!<\/p>\n<p>\u0160\u012b viegl\u0101 v\u012brie\u0161u \u017eakete ar Slim Fit piegriezumu ir labas kvalit\u0101tes un izskat\u012bsies lieliski<br \/>\nvisas dienas garum\u0101. Pieejama piec\u0101s kr\u0101s\u0101s.<\/p>\n<p>Materi\u0101ls: 65% poliesteris, 35% viskoze.<br \/>\nKop\u0161ana: 40 \u00b0 mazg\u0101\u0161ana ve\u013cas ma\u0161\u012bn\u0101, vienk\u0101r\u0161a kop\u0161ana, nav ne-piecie\u0161ama gludin\u0101\u0161ana.<br \/>\nIzm\u0113ri (UK): 34-48.<\/p>\n","protected":false},"featured_media":1697,"template":"","meta":[],"product_brand":[],"product_cat":[90,102,25,42,58,51,70,110],"product_tag":[289,303,371,354],"class_list":{"0":"post-1692","1":"product","2":"type-product","3":"status-publish","4":"has-post-thumbnail","6":"product_cat-viriesiem-lietiskais-apgerbs","7":"product_cat-zaketes-viriesiem-lietiskais-apgerbs","8":"product_cat-viriesiem","9":"product_cat-zaketes-viriesiem","10":"product_cat-praktiska-un-pieejama","11":"product_cat-viriesiem-viesmiliba","12":"product_cat-zaketes-viriesiem-viesmiliba","13":"product_cat-zaketes-2","14":"product_tag-modernas-uniformas","15":"product_tag-velas-masina-mazgajami-uzvalki","16":"product_tag-viriesu-uzvalki","17":"product_tag-viriesu-zaketes","19":"first","20":"instock","21":"taxable","22":"shipping-taxable","23":"purchasable","24":"product-type-variable","25":"has-default-attributes"},"yoast_head":"<!-- This site is optimized with the Yoast SEO plugin v27.2 - https:\/\/yoast.com\/product\/yoast-seo-wordpress\/ -->\n<title>Lieti\u0161\u0137ais ap\u0123\u0113rbs viesn\u012bc\u0101m - Simon Jersey Latvija<\/title>\n<meta name=\"description\" content=\"\u0160\u012b viegl\u0101 v\u012brie\u0161u \u017eakete ar Slim Fit piegriezumu ir labas kvalit\u0101tes un izskat\u012bsies lieliski visas dienas garum\u0101. Pieejama piec\u0101s kr\u0101s\u0101s.\" \/>\n<meta name=\"robots\" content=\"index, follow, max-snippet:-1, max-image-preview:large, max-video-preview:-1\" \/>\n<link rel=\"canonical\" href=\"https:\/\/simonjersey.eu\/lv\/produkts\/alderley-slim-fit-viriesu-zakete\/\" \/>\n<meta property=\"og:locale\" content=\"lv_LV\" \/>\n<meta property=\"og:type\" content=\"article\" \/>\n<meta property=\"og:title\" content=\"Lieti\u0161\u0137ais ap\u0123\u0113rbs viesn\u012bc\u0101m - Simon Jersey Latvija\" \/>\n<meta property=\"og:description\" content=\"\u0160\u012b viegl\u0101 v\u012brie\u0161u \u017eakete ar Slim Fit piegriezumu ir labas kvalit\u0101tes un izskat\u012bsies lieliski visas dienas garum\u0101. Pieejama piec\u0101s kr\u0101s\u0101s.\" \/>\n<meta property=\"og:url\" content=\"https:\/\/simonjersey.eu\/lv\/produkts\/alderley-slim-fit-viriesu-zakete\/\" \/>\n<meta property=\"og:site_name\" content=\"Simon Jersey Latvija\" \/>\n<meta property=\"article:modified_time\" content=\"2023-11-27T13:22:55+00:00\" \/>\n<meta property=\"og:image\" content=\"https:\/\/simonjersey.eu\/lv\/wp-content\/uploads\/sites\/2\/2019\/07\/MJ1650-2.jpg\" \/>\n\t<meta property=\"og:image:width\" content=\"1000\" \/>\n\t<meta property=\"og:image:height\" content=\"1500\" \/>\n\t<meta property=\"og:image:type\" content=\"image\/jpeg\" \/>\n<meta name=\"twitter:card\" content=\"summary_large_image\" \/>\n<script type=\"application\/ld+json\" class=\"yoast-schema-graph\">{\"@context\":\"https:\/\/schema.org\",\"@graph\":[{\"@type\":\"WebPage\",\"@id\":\"https:\/\/simonjersey.eu\/lv\/produkts\/alderley-slim-fit-viriesu-zakete\/\",\"url\":\"https:\/\/simonjersey.eu\/lv\/produkts\/alderley-slim-fit-viriesu-zakete\/\",\"name\":\"Lieti\u0161\u0137ais ap\u0123\u0113rbs viesn\u012bc\u0101m - Simon Jersey Latvija\",\"isPartOf\":{\"@id\":\"https:\/\/simonjersey.eu\/lv\/#website\"},\"primaryImageOfPage\":{\"@id\":\"https:\/\/simonjersey.eu\/lv\/produkts\/alderley-slim-fit-viriesu-zakete\/#primaryimage\"},\"image\":{\"@id\":\"https:\/\/simonjersey.eu\/lv\/produkts\/alderley-slim-fit-viriesu-zakete\/#primaryimage\"},\"thumbnailUrl\":\"https:\/\/simonjersey.eu\/lv\/wp-content\/uploads\/sites\/2\/2019\/07\/MJ1650-2.jpg\",\"datePublished\":\"2019-07-08T11:10:45+00:00\",\"dateModified\":\"2023-11-27T13:22:55+00:00\",\"description\":\"\u0160\u012b viegl\u0101 v\u012brie\u0161u \u017eakete ar Slim Fit piegriezumu ir labas kvalit\u0101tes un izskat\u012bsies lieliski visas dienas garum\u0101. Pieejama piec\u0101s kr\u0101s\u0101s.\",\"breadcrumb\":{\"@id\":\"https:\/\/simonjersey.eu\/lv\/produkts\/alderley-slim-fit-viriesu-zakete\/#breadcrumb\"},\"inLanguage\":\"lv-LV\",\"potentialAction\":[{\"@type\":\"ReadAction\",\"target\":[\"https:\/\/simonjersey.eu\/lv\/produkts\/alderley-slim-fit-viriesu-zakete\/\"]}]},{\"@type\":\"ImageObject\",\"inLanguage\":\"lv-LV\",\"@id\":\"https:\/\/simonjersey.eu\/lv\/produkts\/alderley-slim-fit-viriesu-zakete\/#primaryimage\",\"url\":\"https:\/\/simonjersey.eu\/lv\/wp-content\/uploads\/sites\/2\/2019\/07\/MJ1650-2.jpg\",\"contentUrl\":\"https:\/\/simonjersey.eu\/lv\/wp-content\/uploads\/sites\/2\/2019\/07\/MJ1650-2.jpg\",\"width\":1000,\"height\":1500},{\"@type\":\"BreadcrumbList\",\"@id\":\"https:\/\/simonjersey.eu\/lv\/produkts\/alderley-slim-fit-viriesu-zakete\/#breadcrumb\",\"itemListElement\":[{\"@type\":\"ListItem\",\"position\":1,\"name\":\"Home\",\"item\":\"https:\/\/simonjersey.eu\/lv\/\"},{\"@type\":\"ListItem\",\"position\":2,\"name\":\"E-veikals\",\"item\":\"https:\/\/simonjersey.eu\/lv\/e-veikals\/\"},{\"@type\":\"ListItem\",\"position\":3,\"name\":\"Alderley Slim Fit v\u012brie\u0161u \u017eakete\"}]},{\"@type\":\"WebSite\",\"@id\":\"https:\/\/simonjersey.eu\/lv\/#website\",\"url\":\"https:\/\/simonjersey.eu\/lv\/\",\"name\":\"Simon Jersey Latvija\",\"description\":\"Kvalitat\u012bvi un iztur\u012bgi darba ap\u0123\u0113rbi\",\"potentialAction\":[{\"@type\":\"SearchAction\",\"target\":{\"@type\":\"EntryPoint\",\"urlTemplate\":\"https:\/\/simonjersey.eu\/lv\/?s={search_term_string}\"},\"query-input\":{\"@type\":\"PropertyValueSpecification\",\"valueRequired\":true,\"valueName\":\"search_term_string\"}}],\"inLanguage\":\"lv-LV\"}]}<\/script>\n<!-- \/ Yoast SEO plugin. -->","yoast_head_json":{"title":"Lieti\u0161\u0137ais ap\u0123\u0113rbs viesn\u012bc\u0101m - Simon Jersey Latvija","description":"\u0160\u012b viegl\u0101 v\u012brie\u0161u \u017eakete ar Slim Fit piegriezumu ir labas kvalit\u0101tes un izskat\u012bsies lieliski visas dienas garum\u0101. Pieejama piec\u0101s kr\u0101s\u0101s.","robots":{"index":"index","follow":"follow","max-snippet":"max-snippet:-1","max-image-preview":"max-image-preview:large","max-video-preview":"max-video-preview:-1"},"canonical":"https:\/\/simonjersey.eu\/lv\/produkts\/alderley-slim-fit-viriesu-zakete\/","og_locale":"lv_LV","og_type":"article","og_title":"Lieti\u0161\u0137ais ap\u0123\u0113rbs viesn\u012bc\u0101m - Simon Jersey Latvija","og_description":"\u0160\u012b viegl\u0101 v\u012brie\u0161u \u017eakete ar Slim Fit piegriezumu ir labas kvalit\u0101tes un izskat\u012bsies lieliski visas dienas garum\u0101. Pieejama piec\u0101s kr\u0101s\u0101s.","og_url":"https:\/\/simonjersey.eu\/lv\/produkts\/alderley-slim-fit-viriesu-zakete\/","og_site_name":"Simon Jersey Latvija","article_modified_time":"2023-11-27T13:22:55+00:00","og_image":[{"width":1000,"height":1500,"url":"https:\/\/simonjersey.eu\/lv\/wp-content\/uploads\/sites\/2\/2019\/07\/MJ1650-2.jpg","type":"image\/jpeg"}],"twitter_card":"summary_large_image","schema":{"@context":"https:\/\/schema.org","@graph":[{"@type":"WebPage","@id":"https:\/\/simonjersey.eu\/lv\/produkts\/alderley-slim-fit-viriesu-zakete\/","url":"https:\/\/simonjersey.eu\/lv\/produkts\/alderley-slim-fit-viriesu-zakete\/","name":"Lieti\u0161\u0137ais ap\u0123\u0113rbs viesn\u012bc\u0101m - Simon Jersey Latvija","isPartOf":{"@id":"https:\/\/simonjersey.eu\/lv\/#website"},"primaryImageOfPage":{"@id":"https:\/\/simonjersey.eu\/lv\/produkts\/alderley-slim-fit-viriesu-zakete\/#primaryimage"},"image":{"@id":"https:\/\/simonjersey.eu\/lv\/produkts\/alderley-slim-fit-viriesu-zakete\/#primaryimage"},"thumbnailUrl":"https:\/\/simonjersey.eu\/lv\/wp-content\/uploads\/sites\/2\/2019\/07\/MJ1650-2.jpg","datePublished":"2019-07-08T11:10:45+00:00","dateModified":"2023-11-27T13:22:55+00:00","description":"\u0160\u012b viegl\u0101 v\u012brie\u0161u \u017eakete ar Slim Fit piegriezumu ir labas kvalit\u0101tes un izskat\u012bsies lieliski visas dienas garum\u0101. Pieejama piec\u0101s kr\u0101s\u0101s.","breadcrumb":{"@id":"https:\/\/simonjersey.eu\/lv\/produkts\/alderley-slim-fit-viriesu-zakete\/#breadcrumb"},"inLanguage":"lv-LV","potentialAction":[{"@type":"ReadAction","target":["https:\/\/simonjersey.eu\/lv\/produkts\/alderley-slim-fit-viriesu-zakete\/"]}]},{"@type":"ImageObject","inLanguage":"lv-LV","@id":"https:\/\/simonjersey.eu\/lv\/produkts\/alderley-slim-fit-viriesu-zakete\/#primaryimage","url":"https:\/\/simonjersey.eu\/lv\/wp-content\/uploads\/sites\/2\/2019\/07\/MJ1650-2.jpg","contentUrl":"https:\/\/simonjersey.eu\/lv\/wp-content\/uploads\/sites\/2\/2019\/07\/MJ1650-2.jpg","width":1000,"height":1500},{"@type":"BreadcrumbList","@id":"https:\/\/simonjersey.eu\/lv\/produkts\/alderley-slim-fit-viriesu-zakete\/#breadcrumb","itemListElement":[{"@type":"ListItem","position":1,"name":"Home","item":"https:\/\/simonjersey.eu\/lv\/"},{"@type":"ListItem","position":2,"name":"E-veikals","item":"https:\/\/simonjersey.eu\/lv\/e-veikals\/"},{"@type":"ListItem","position":3,"name":"Alderley Slim Fit v\u012brie\u0161u \u017eakete"}]},{"@type":"WebSite","@id":"https:\/\/simonjersey.eu\/lv\/#website","url":"https:\/\/simonjersey.eu\/lv\/","name":"Simon Jersey Latvija","description":"Kvalitat\u012bvi un iztur\u012bgi darba ap\u0123\u0113rbi","potentialAction":[{"@type":"SearchAction","target":{"@type":"EntryPoint","urlTemplate":"https:\/\/simonjersey.eu\/lv\/?s={search_term_string}"},"query-input":{"@type":"PropertyValueSpecification","valueRequired":true,"valueName":"search_term_string"}}],"inLanguage":"lv-LV"}]}},"_links":{"self":[{"href":"https:\/\/simonjersey.eu\/lv\/wp-json\/wp\/v2\/product\/1692","targetHints":{"allow":["GET"]}}],"collection":[{"href":"https:\/\/simonjersey.eu\/lv\/wp-json\/wp\/v2\/product"}],"about":[{"href":"https:\/\/simonjersey.eu\/lv\/wp-json\/wp\/v2\/types\/product"}],"wp:featuredmedia":[{"embeddable":true,"href":"https:\/\/simonjersey.eu\/lv\/wp-json\/wp\/v2\/media\/1697"}],"wp:attachment":[{"href":"https:\/\/simonjersey.eu\/lv\/wp-json\/wp\/v2\/media?parent=1692"}],"wp:term":[{"taxonomy":"product_brand","embeddable":true,"href":"https:\/\/simonjersey.eu\/lv\/wp-json\/wp\/v2\/product_brand?post=1692"},{"taxonomy":"product_cat","embeddable":true,"href":"https:\/\/simonjersey.eu\/lv\/wp-json\/wp\/v2\/product_cat?post=1692"},{"taxonomy":"product_tag","embeddable":true,"href":"https:\/\/simonjersey.eu\/lv\/wp-json\/wp\/v2\/product_tag?post=1692"}],"curies":[{"name":"wp","href":"https:\/\/api.w.org\/{rel}","templated":true}]}}