{"id":1753,"date":"2019-07-08T15:50:42","date_gmt":"2019-07-08T12:50:42","guid":{"rendered":"https:\/\/simonjersey.eu\/lv\/?post_type=product&#038;p=1753"},"modified":"2024-09-26T12:21:08","modified_gmt":"2024-09-26T09:21:08","slug":"rutains-sieviesu-krekls","status":"publish","type":"product","link":"https:\/\/simonjersey.eu\/lv\/produkts\/rutains-sieviesu-krekls\/","title":{"rendered":"R\u016btains sievie\u0161u bl\u016bze"},"content":{"rendered":"","protected":false},"excerpt":{"rendered":"<p>Izcelies darba viet\u0101 ar Simon Jersey r\u016btainu sievie\u0161u kreklu.<br \/>\nTas lieliski ieder\u0113sies viesm\u012bl\u012bbas nozar\u0113, str\u0101d\u0101jot kafejn\u012bc\u0101 vai restor\u0101n\u0101,<br \/>\nradot atbr\u012bvotu un sak\u0101rtotu t\u0113lu.<\/p>\n<p>Pieejams ar\u012b <a href=\"https:\/\/simonjersey.eu\/lv\/produkts\/sieviesu-krekls-ar-lielam-rutinam-un-isam-piedurknem\/\">ar \u012bs\u0101m piedurkn\u0113m<\/a>.<\/p>\n<p>Materi\u0101ls: 65% poliesters, 35% kokvilna.<br \/>\nKop\u0161ana: Kop\u0161ana: Mazg\u0101t 30\u00b0 ve\u013cas ma\u0161\u012bn\u0101 ve\u013cas ma\u0161\u012bn\u0101, viegla kop\u0161ana, minim\u0101la gludin\u0101\u0161ana.<br \/>\nIzm\u0113ri (UK): 6-26.<\/p>\n<p><a href=\"https:\/\/simonjersey.eu\/lv\/produkts\/rutains-viriesu-krekls\/\">V\u012brie\u0161u dizaini \u0161eit!<\/a><\/p>\n","protected":false},"featured_media":7953,"template":"","meta":[],"product_brand":[],"product_cat":[89,94,22,23,31,24,34,105],"product_tag":[289,270],"class_list":{"0":"post-1753","1":"product","2":"type-product","3":"status-publish","4":"has-post-thumbnail","6":"product_cat-sievietem-lietiskais-apgerbs","7":"product_cat-bluzes-sievietem-lietiskais-apgerbs","8":"product_cat-restorani","9":"product_cat-iedvesma","10":"product_cat-stilizets","11":"product_cat-sievietem","12":"product_cat-bluzes","13":"product_cat-sieviesu-bluzes","14":"product_tag-modernas-uniformas","15":"product_tag-sieviesu-bluzes","17":"first","18":"instock","19":"taxable","20":"shipping-taxable","21":"purchasable","22":"product-type-variable","23":"has-default-attributes"},"yoast_head":"<!-- This site is optimized with the Yoast SEO plugin v27.2 - https:\/\/yoast.com\/product\/yoast-seo-wordpress\/ -->\n<title>r\u016btainu sievie\u0161u kreklu - Simon Jersey Latvija<\/title>\n<meta name=\"description\" content=\"Izcelies darba viet\u0101 ar Simon Jersey r\u016btainu sievie\u0161u kreklu. Tas lieliski ieder\u0113sies viesm\u012bl\u012bbas nozar\u0113, str\u0101d\u0101jot kafejn\u012bc\u0101 vai restor\u0101n\u0101\" \/>\n<meta name=\"robots\" content=\"index, follow, max-snippet:-1, max-image-preview:large, max-video-preview:-1\" \/>\n<link rel=\"canonical\" href=\"https:\/\/simonjersey.eu\/lv\/produkts\/rutains-sieviesu-krekls\/\" \/>\n<meta property=\"og:locale\" content=\"lv_LV\" \/>\n<meta property=\"og:type\" content=\"article\" \/>\n<meta property=\"og:title\" content=\"r\u016btainu sievie\u0161u kreklu - Simon Jersey Latvija\" \/>\n<meta property=\"og:description\" content=\"Izcelies darba viet\u0101 ar Simon Jersey r\u016btainu sievie\u0161u kreklu. Tas lieliski ieder\u0113sies viesm\u012bl\u012bbas nozar\u0113, str\u0101d\u0101jot kafejn\u012bc\u0101 vai restor\u0101n\u0101\" \/>\n<meta property=\"og:url\" content=\"https:\/\/simonjersey.eu\/lv\/produkts\/rutains-sieviesu-krekls\/\" \/>\n<meta property=\"og:site_name\" content=\"Simon Jersey Latvija\" \/>\n<meta property=\"article:modified_time\" content=\"2024-09-26T09:21:08+00:00\" \/>\n<meta property=\"og:image\" content=\"https:\/\/simonjersey.eu\/lv\/wp-content\/uploads\/sites\/2\/2019\/07\/FB0135-RUUDULINE-PLUUS.jpg\" \/>\n\t<meta property=\"og:image:width\" content=\"1000\" \/>\n\t<meta property=\"og:image:height\" content=\"1500\" \/>\n\t<meta property=\"og:image:type\" content=\"image\/jpeg\" \/>\n<meta name=\"twitter:card\" content=\"summary_large_image\" \/>\n<meta name=\"twitter:label1\" content=\"Est. reading time\" \/>\n\t<meta name=\"twitter:data1\" content=\"1 min\u016bte\" \/>\n<script type=\"application\/ld+json\" class=\"yoast-schema-graph\">{\"@context\":\"https:\/\/schema.org\",\"@graph\":[{\"@type\":\"WebPage\",\"@id\":\"https:\/\/simonjersey.eu\/lv\/produkts\/rutains-sieviesu-krekls\/\",\"url\":\"https:\/\/simonjersey.eu\/lv\/produkts\/rutains-sieviesu-krekls\/\",\"name\":\"r\u016btainu sievie\u0161u kreklu - Simon Jersey Latvija\",\"isPartOf\":{\"@id\":\"https:\/\/simonjersey.eu\/lv\/#website\"},\"primaryImageOfPage\":{\"@id\":\"https:\/\/simonjersey.eu\/lv\/produkts\/rutains-sieviesu-krekls\/#primaryimage\"},\"image\":{\"@id\":\"https:\/\/simonjersey.eu\/lv\/produkts\/rutains-sieviesu-krekls\/#primaryimage\"},\"thumbnailUrl\":\"https:\/\/simonjersey.eu\/lv\/wp-content\/uploads\/sites\/2\/2019\/07\/FB0135-RUUDULINE-PLUUS.jpg\",\"datePublished\":\"2019-07-08T12:50:42+00:00\",\"dateModified\":\"2024-09-26T09:21:08+00:00\",\"description\":\"Izcelies darba viet\u0101 ar Simon Jersey r\u016btainu sievie\u0161u kreklu. Tas lieliski ieder\u0113sies viesm\u012bl\u012bbas nozar\u0113, str\u0101d\u0101jot kafejn\u012bc\u0101 vai restor\u0101n\u0101\",\"breadcrumb\":{\"@id\":\"https:\/\/simonjersey.eu\/lv\/produkts\/rutains-sieviesu-krekls\/#breadcrumb\"},\"inLanguage\":\"lv-LV\",\"potentialAction\":[{\"@type\":\"ReadAction\",\"target\":[\"https:\/\/simonjersey.eu\/lv\/produkts\/rutains-sieviesu-krekls\/\"]}]},{\"@type\":\"ImageObject\",\"inLanguage\":\"lv-LV\",\"@id\":\"https:\/\/simonjersey.eu\/lv\/produkts\/rutains-sieviesu-krekls\/#primaryimage\",\"url\":\"https:\/\/simonjersey.eu\/lv\/wp-content\/uploads\/sites\/2\/2019\/07\/FB0135-RUUDULINE-PLUUS.jpg\",\"contentUrl\":\"https:\/\/simonjersey.eu\/lv\/wp-content\/uploads\/sites\/2\/2019\/07\/FB0135-RUUDULINE-PLUUS.jpg\",\"width\":1000,\"height\":1500},{\"@type\":\"BreadcrumbList\",\"@id\":\"https:\/\/simonjersey.eu\/lv\/produkts\/rutains-sieviesu-krekls\/#breadcrumb\",\"itemListElement\":[{\"@type\":\"ListItem\",\"position\":1,\"name\":\"Home\",\"item\":\"https:\/\/simonjersey.eu\/lv\/\"},{\"@type\":\"ListItem\",\"position\":2,\"name\":\"E-veikals\",\"item\":\"https:\/\/simonjersey.eu\/lv\/e-veikals\/\"},{\"@type\":\"ListItem\",\"position\":3,\"name\":\"R\u016btains sievie\u0161u bl\u016bze\"}]},{\"@type\":\"WebSite\",\"@id\":\"https:\/\/simonjersey.eu\/lv\/#website\",\"url\":\"https:\/\/simonjersey.eu\/lv\/\",\"name\":\"Simon Jersey Latvija\",\"description\":\"Kvalitat\u012bvi un iztur\u012bgi darba ap\u0123\u0113rbi\",\"potentialAction\":[{\"@type\":\"SearchAction\",\"target\":{\"@type\":\"EntryPoint\",\"urlTemplate\":\"https:\/\/simonjersey.eu\/lv\/?s={search_term_string}\"},\"query-input\":{\"@type\":\"PropertyValueSpecification\",\"valueRequired\":true,\"valueName\":\"search_term_string\"}}],\"inLanguage\":\"lv-LV\"}]}<\/script>\n<!-- \/ Yoast SEO plugin. -->","yoast_head_json":{"title":"r\u016btainu sievie\u0161u kreklu - Simon Jersey Latvija","description":"Izcelies darba viet\u0101 ar Simon Jersey r\u016btainu sievie\u0161u kreklu. Tas lieliski ieder\u0113sies viesm\u012bl\u012bbas nozar\u0113, str\u0101d\u0101jot kafejn\u012bc\u0101 vai restor\u0101n\u0101","robots":{"index":"index","follow":"follow","max-snippet":"max-snippet:-1","max-image-preview":"max-image-preview:large","max-video-preview":"max-video-preview:-1"},"canonical":"https:\/\/simonjersey.eu\/lv\/produkts\/rutains-sieviesu-krekls\/","og_locale":"lv_LV","og_type":"article","og_title":"r\u016btainu sievie\u0161u kreklu - Simon Jersey Latvija","og_description":"Izcelies darba viet\u0101 ar Simon Jersey r\u016btainu sievie\u0161u kreklu. Tas lieliski ieder\u0113sies viesm\u012bl\u012bbas nozar\u0113, str\u0101d\u0101jot kafejn\u012bc\u0101 vai restor\u0101n\u0101","og_url":"https:\/\/simonjersey.eu\/lv\/produkts\/rutains-sieviesu-krekls\/","og_site_name":"Simon Jersey Latvija","article_modified_time":"2024-09-26T09:21:08+00:00","og_image":[{"width":1000,"height":1500,"url":"https:\/\/simonjersey.eu\/lv\/wp-content\/uploads\/sites\/2\/2019\/07\/FB0135-RUUDULINE-PLUUS.jpg","type":"image\/jpeg"}],"twitter_card":"summary_large_image","twitter_misc":{"Est. reading time":"1 min\u016bte"},"schema":{"@context":"https:\/\/schema.org","@graph":[{"@type":"WebPage","@id":"https:\/\/simonjersey.eu\/lv\/produkts\/rutains-sieviesu-krekls\/","url":"https:\/\/simonjersey.eu\/lv\/produkts\/rutains-sieviesu-krekls\/","name":"r\u016btainu sievie\u0161u kreklu - Simon Jersey Latvija","isPartOf":{"@id":"https:\/\/simonjersey.eu\/lv\/#website"},"primaryImageOfPage":{"@id":"https:\/\/simonjersey.eu\/lv\/produkts\/rutains-sieviesu-krekls\/#primaryimage"},"image":{"@id":"https:\/\/simonjersey.eu\/lv\/produkts\/rutains-sieviesu-krekls\/#primaryimage"},"thumbnailUrl":"https:\/\/simonjersey.eu\/lv\/wp-content\/uploads\/sites\/2\/2019\/07\/FB0135-RUUDULINE-PLUUS.jpg","datePublished":"2019-07-08T12:50:42+00:00","dateModified":"2024-09-26T09:21:08+00:00","description":"Izcelies darba viet\u0101 ar Simon Jersey r\u016btainu sievie\u0161u kreklu. Tas lieliski ieder\u0113sies viesm\u012bl\u012bbas nozar\u0113, str\u0101d\u0101jot kafejn\u012bc\u0101 vai restor\u0101n\u0101","breadcrumb":{"@id":"https:\/\/simonjersey.eu\/lv\/produkts\/rutains-sieviesu-krekls\/#breadcrumb"},"inLanguage":"lv-LV","potentialAction":[{"@type":"ReadAction","target":["https:\/\/simonjersey.eu\/lv\/produkts\/rutains-sieviesu-krekls\/"]}]},{"@type":"ImageObject","inLanguage":"lv-LV","@id":"https:\/\/simonjersey.eu\/lv\/produkts\/rutains-sieviesu-krekls\/#primaryimage","url":"https:\/\/simonjersey.eu\/lv\/wp-content\/uploads\/sites\/2\/2019\/07\/FB0135-RUUDULINE-PLUUS.jpg","contentUrl":"https:\/\/simonjersey.eu\/lv\/wp-content\/uploads\/sites\/2\/2019\/07\/FB0135-RUUDULINE-PLUUS.jpg","width":1000,"height":1500},{"@type":"BreadcrumbList","@id":"https:\/\/simonjersey.eu\/lv\/produkts\/rutains-sieviesu-krekls\/#breadcrumb","itemListElement":[{"@type":"ListItem","position":1,"name":"Home","item":"https:\/\/simonjersey.eu\/lv\/"},{"@type":"ListItem","position":2,"name":"E-veikals","item":"https:\/\/simonjersey.eu\/lv\/e-veikals\/"},{"@type":"ListItem","position":3,"name":"R\u016btains sievie\u0161u bl\u016bze"}]},{"@type":"WebSite","@id":"https:\/\/simonjersey.eu\/lv\/#website","url":"https:\/\/simonjersey.eu\/lv\/","name":"Simon Jersey Latvija","description":"Kvalitat\u012bvi un iztur\u012bgi darba ap\u0123\u0113rbi","potentialAction":[{"@type":"SearchAction","target":{"@type":"EntryPoint","urlTemplate":"https:\/\/simonjersey.eu\/lv\/?s={search_term_string}"},"query-input":{"@type":"PropertyValueSpecification","valueRequired":true,"valueName":"search_term_string"}}],"inLanguage":"lv-LV"}]}},"_links":{"self":[{"href":"https:\/\/simonjersey.eu\/lv\/wp-json\/wp\/v2\/product\/1753","targetHints":{"allow":["GET"]}}],"collection":[{"href":"https:\/\/simonjersey.eu\/lv\/wp-json\/wp\/v2\/product"}],"about":[{"href":"https:\/\/simonjersey.eu\/lv\/wp-json\/wp\/v2\/types\/product"}],"wp:featuredmedia":[{"embeddable":true,"href":"https:\/\/simonjersey.eu\/lv\/wp-json\/wp\/v2\/media\/7953"}],"wp:attachment":[{"href":"https:\/\/simonjersey.eu\/lv\/wp-json\/wp\/v2\/media?parent=1753"}],"wp:term":[{"taxonomy":"product_brand","embeddable":true,"href":"https:\/\/simonjersey.eu\/lv\/wp-json\/wp\/v2\/product_brand?post=1753"},{"taxonomy":"product_cat","embeddable":true,"href":"https:\/\/simonjersey.eu\/lv\/wp-json\/wp\/v2\/product_cat?post=1753"},{"taxonomy":"product_tag","embeddable":true,"href":"https:\/\/simonjersey.eu\/lv\/wp-json\/wp\/v2\/product_tag?post=1753"}],"curies":[{"name":"wp","href":"https:\/\/api.w.org\/{rel}","templated":true}]}}