{"id":1852,"date":"2019-07-09T22:08:41","date_gmt":"2019-07-09T19:08:41","guid":{"rendered":"https:\/\/simonjersey.eu\/lv\/?post_type=product&#038;p=1852"},"modified":"2019-07-09T22:08:55","modified_gmt":"2019-07-09T19:08:55","slug":"briva-piegriezuma-viriesu-tunika","status":"publish","type":"product","link":"https:\/\/simonjersey.eu\/lv\/produkts\/briva-piegriezuma-viriesu-tunika\/","title":{"rendered":"Br\u012bva piegriezuma v\u012brie\u0161u tunika"},"content":{"rendered":"","protected":false},"excerpt":{"rendered":"<p>\u0160\u012b v\u012brie\u0161u tunika b\u016bs piem\u0113rota da\u017e\u0101du profesiju darbiniekiem. Str\u0101d\u0101jot virtuv\u0113, vesel\u012bbas apr\u016bp\u0113 vai skaistumkop\u0161anas nozar\u0113. Tunika ir \u0113rta un materi\u0101ls ir elpojo\u0161s, k\u0101 ar\u012b tunika apr\u012bkota ar kabat\u0101m,<br \/>\nlai darbu padar\u012btu \u0113rt\u0101ku. <\/p>\n<p>Garums: 76cm.<br \/>\nMateri\u0101ls: 65% poliesters, 35% kokvilna.<br \/>\nKop\u0161ana: 60\u00ba mazg\u0101\u0161ana.<br \/>\nIzm\u0113ri(UK): XS-XXL.<\/p>\n","protected":false},"featured_media":1857,"template":"","meta":[],"product_brand":[],"product_cat":[17,18,73,75,112],"product_tag":[367,220,148,219],"class_list":{"0":"post-1852","1":"product","2":"type-product","3":"status-publish","4":"has-post-thumbnail","6":"product_cat-skaistumkopsana","7":"product_cat-tunikas","8":"product_cat-arsti-un-medmasas","9":"product_cat-viriesu-tunikas","10":"product_cat-tunikas-2","11":"product_tag-daba-apgerbs-arstiem","12":"product_tag-tunikas-masieriem","13":"product_tag-tunikas-skaistumkopsanas-darbiniekiem","14":"product_tag-tunikas-viriesiem","16":"first","17":"instock","18":"taxable","19":"shipping-taxable","20":"purchasable","21":"product-type-variable","22":"has-default-attributes"},"yoast_head":"<!-- This site is optimized with the Yoast SEO plugin v27.2 - https:\/\/yoast.com\/product\/yoast-seo-wordpress\/ -->\n<title>V\u012brie\u0161u tunika profesiju darbiniekiem - Simon Jersey Latvija<\/title>\n<meta name=\"description\" content=\"\u0160\u012b v\u012brie\u0161u tunika b\u016bs piem\u0113rota da\u017e\u0101du profesiju darbiniekiem. Str\u0101d\u0101jot virtuv\u0113, vesel\u012bbas apr\u016bp\u0113 vai skaistumkop\u0161anas nozar\u0113.\" \/>\n<meta name=\"robots\" content=\"index, follow, max-snippet:-1, max-image-preview:large, max-video-preview:-1\" \/>\n<link rel=\"canonical\" href=\"https:\/\/simonjersey.eu\/lv\/produkts\/briva-piegriezuma-viriesu-tunika\/\" \/>\n<meta property=\"og:locale\" content=\"lv_LV\" \/>\n<meta property=\"og:type\" content=\"article\" \/>\n<meta property=\"og:title\" content=\"V\u012brie\u0161u tunika profesiju darbiniekiem - Simon Jersey Latvija\" \/>\n<meta property=\"og:description\" content=\"\u0160\u012b v\u012brie\u0161u tunika b\u016bs piem\u0113rota da\u017e\u0101du profesiju darbiniekiem. Str\u0101d\u0101jot virtuv\u0113, vesel\u012bbas apr\u016bp\u0113 vai skaistumkop\u0161anas nozar\u0113.\" \/>\n<meta property=\"og:url\" content=\"https:\/\/simonjersey.eu\/lv\/produkts\/briva-piegriezuma-viriesu-tunika\/\" \/>\n<meta property=\"og:site_name\" content=\"Simon Jersey Latvija\" \/>\n<meta property=\"article:modified_time\" content=\"2019-07-09T19:08:55+00:00\" \/>\n<meta property=\"og:image\" content=\"https:\/\/simonjersey.eu\/lv\/wp-content\/uploads\/sites\/2\/2019\/07\/MM0230-1.jpg\" \/>\n\t<meta property=\"og:image:width\" content=\"1000\" \/>\n\t<meta property=\"og:image:height\" content=\"1500\" \/>\n\t<meta property=\"og:image:type\" content=\"image\/jpeg\" \/>\n<meta name=\"twitter:card\" content=\"summary_large_image\" \/>\n<script type=\"application\/ld+json\" class=\"yoast-schema-graph\">{\"@context\":\"https:\/\/schema.org\",\"@graph\":[{\"@type\":\"WebPage\",\"@id\":\"https:\/\/simonjersey.eu\/lv\/produkts\/briva-piegriezuma-viriesu-tunika\/\",\"url\":\"https:\/\/simonjersey.eu\/lv\/produkts\/briva-piegriezuma-viriesu-tunika\/\",\"name\":\"V\u012brie\u0161u tunika profesiju darbiniekiem - Simon Jersey Latvija\",\"isPartOf\":{\"@id\":\"https:\/\/simonjersey.eu\/lv\/#website\"},\"primaryImageOfPage\":{\"@id\":\"https:\/\/simonjersey.eu\/lv\/produkts\/briva-piegriezuma-viriesu-tunika\/#primaryimage\"},\"image\":{\"@id\":\"https:\/\/simonjersey.eu\/lv\/produkts\/briva-piegriezuma-viriesu-tunika\/#primaryimage\"},\"thumbnailUrl\":\"https:\/\/simonjersey.eu\/lv\/wp-content\/uploads\/sites\/2\/2019\/07\/MM0230-1.jpg\",\"datePublished\":\"2019-07-09T19:08:41+00:00\",\"dateModified\":\"2019-07-09T19:08:55+00:00\",\"description\":\"\u0160\u012b v\u012brie\u0161u tunika b\u016bs piem\u0113rota da\u017e\u0101du profesiju darbiniekiem. Str\u0101d\u0101jot virtuv\u0113, vesel\u012bbas apr\u016bp\u0113 vai skaistumkop\u0161anas nozar\u0113.\",\"breadcrumb\":{\"@id\":\"https:\/\/simonjersey.eu\/lv\/produkts\/briva-piegriezuma-viriesu-tunika\/#breadcrumb\"},\"inLanguage\":\"lv-LV\",\"potentialAction\":[{\"@type\":\"ReadAction\",\"target\":[\"https:\/\/simonjersey.eu\/lv\/produkts\/briva-piegriezuma-viriesu-tunika\/\"]}]},{\"@type\":\"ImageObject\",\"inLanguage\":\"lv-LV\",\"@id\":\"https:\/\/simonjersey.eu\/lv\/produkts\/briva-piegriezuma-viriesu-tunika\/#primaryimage\",\"url\":\"https:\/\/simonjersey.eu\/lv\/wp-content\/uploads\/sites\/2\/2019\/07\/MM0230-1.jpg\",\"contentUrl\":\"https:\/\/simonjersey.eu\/lv\/wp-content\/uploads\/sites\/2\/2019\/07\/MM0230-1.jpg\",\"width\":1000,\"height\":1500},{\"@type\":\"BreadcrumbList\",\"@id\":\"https:\/\/simonjersey.eu\/lv\/produkts\/briva-piegriezuma-viriesu-tunika\/#breadcrumb\",\"itemListElement\":[{\"@type\":\"ListItem\",\"position\":1,\"name\":\"Home\",\"item\":\"https:\/\/simonjersey.eu\/lv\/\"},{\"@type\":\"ListItem\",\"position\":2,\"name\":\"E-veikals\",\"item\":\"https:\/\/simonjersey.eu\/lv\/e-veikals\/\"},{\"@type\":\"ListItem\",\"position\":3,\"name\":\"Br\u012bva piegriezuma v\u012brie\u0161u tunika\"}]},{\"@type\":\"WebSite\",\"@id\":\"https:\/\/simonjersey.eu\/lv\/#website\",\"url\":\"https:\/\/simonjersey.eu\/lv\/\",\"name\":\"Simon Jersey Latvija\",\"description\":\"Kvalitat\u012bvi un iztur\u012bgi darba ap\u0123\u0113rbi\",\"potentialAction\":[{\"@type\":\"SearchAction\",\"target\":{\"@type\":\"EntryPoint\",\"urlTemplate\":\"https:\/\/simonjersey.eu\/lv\/?s={search_term_string}\"},\"query-input\":{\"@type\":\"PropertyValueSpecification\",\"valueRequired\":true,\"valueName\":\"search_term_string\"}}],\"inLanguage\":\"lv-LV\"}]}<\/script>\n<!-- \/ Yoast SEO plugin. -->","yoast_head_json":{"title":"V\u012brie\u0161u tunika profesiju darbiniekiem - Simon Jersey Latvija","description":"\u0160\u012b v\u012brie\u0161u tunika b\u016bs piem\u0113rota da\u017e\u0101du profesiju darbiniekiem. Str\u0101d\u0101jot virtuv\u0113, vesel\u012bbas apr\u016bp\u0113 vai skaistumkop\u0161anas nozar\u0113.","robots":{"index":"index","follow":"follow","max-snippet":"max-snippet:-1","max-image-preview":"max-image-preview:large","max-video-preview":"max-video-preview:-1"},"canonical":"https:\/\/simonjersey.eu\/lv\/produkts\/briva-piegriezuma-viriesu-tunika\/","og_locale":"lv_LV","og_type":"article","og_title":"V\u012brie\u0161u tunika profesiju darbiniekiem - Simon Jersey Latvija","og_description":"\u0160\u012b v\u012brie\u0161u tunika b\u016bs piem\u0113rota da\u017e\u0101du profesiju darbiniekiem. Str\u0101d\u0101jot virtuv\u0113, vesel\u012bbas apr\u016bp\u0113 vai skaistumkop\u0161anas nozar\u0113.","og_url":"https:\/\/simonjersey.eu\/lv\/produkts\/briva-piegriezuma-viriesu-tunika\/","og_site_name":"Simon Jersey Latvija","article_modified_time":"2019-07-09T19:08:55+00:00","og_image":[{"width":1000,"height":1500,"url":"https:\/\/simonjersey.eu\/lv\/wp-content\/uploads\/sites\/2\/2019\/07\/MM0230-1.jpg","type":"image\/jpeg"}],"twitter_card":"summary_large_image","schema":{"@context":"https:\/\/schema.org","@graph":[{"@type":"WebPage","@id":"https:\/\/simonjersey.eu\/lv\/produkts\/briva-piegriezuma-viriesu-tunika\/","url":"https:\/\/simonjersey.eu\/lv\/produkts\/briva-piegriezuma-viriesu-tunika\/","name":"V\u012brie\u0161u tunika profesiju darbiniekiem - Simon Jersey Latvija","isPartOf":{"@id":"https:\/\/simonjersey.eu\/lv\/#website"},"primaryImageOfPage":{"@id":"https:\/\/simonjersey.eu\/lv\/produkts\/briva-piegriezuma-viriesu-tunika\/#primaryimage"},"image":{"@id":"https:\/\/simonjersey.eu\/lv\/produkts\/briva-piegriezuma-viriesu-tunika\/#primaryimage"},"thumbnailUrl":"https:\/\/simonjersey.eu\/lv\/wp-content\/uploads\/sites\/2\/2019\/07\/MM0230-1.jpg","datePublished":"2019-07-09T19:08:41+00:00","dateModified":"2019-07-09T19:08:55+00:00","description":"\u0160\u012b v\u012brie\u0161u tunika b\u016bs piem\u0113rota da\u017e\u0101du profesiju darbiniekiem. Str\u0101d\u0101jot virtuv\u0113, vesel\u012bbas apr\u016bp\u0113 vai skaistumkop\u0161anas nozar\u0113.","breadcrumb":{"@id":"https:\/\/simonjersey.eu\/lv\/produkts\/briva-piegriezuma-viriesu-tunika\/#breadcrumb"},"inLanguage":"lv-LV","potentialAction":[{"@type":"ReadAction","target":["https:\/\/simonjersey.eu\/lv\/produkts\/briva-piegriezuma-viriesu-tunika\/"]}]},{"@type":"ImageObject","inLanguage":"lv-LV","@id":"https:\/\/simonjersey.eu\/lv\/produkts\/briva-piegriezuma-viriesu-tunika\/#primaryimage","url":"https:\/\/simonjersey.eu\/lv\/wp-content\/uploads\/sites\/2\/2019\/07\/MM0230-1.jpg","contentUrl":"https:\/\/simonjersey.eu\/lv\/wp-content\/uploads\/sites\/2\/2019\/07\/MM0230-1.jpg","width":1000,"height":1500},{"@type":"BreadcrumbList","@id":"https:\/\/simonjersey.eu\/lv\/produkts\/briva-piegriezuma-viriesu-tunika\/#breadcrumb","itemListElement":[{"@type":"ListItem","position":1,"name":"Home","item":"https:\/\/simonjersey.eu\/lv\/"},{"@type":"ListItem","position":2,"name":"E-veikals","item":"https:\/\/simonjersey.eu\/lv\/e-veikals\/"},{"@type":"ListItem","position":3,"name":"Br\u012bva piegriezuma v\u012brie\u0161u tunika"}]},{"@type":"WebSite","@id":"https:\/\/simonjersey.eu\/lv\/#website","url":"https:\/\/simonjersey.eu\/lv\/","name":"Simon Jersey Latvija","description":"Kvalitat\u012bvi un iztur\u012bgi darba ap\u0123\u0113rbi","potentialAction":[{"@type":"SearchAction","target":{"@type":"EntryPoint","urlTemplate":"https:\/\/simonjersey.eu\/lv\/?s={search_term_string}"},"query-input":{"@type":"PropertyValueSpecification","valueRequired":true,"valueName":"search_term_string"}}],"inLanguage":"lv-LV"}]}},"_links":{"self":[{"href":"https:\/\/simonjersey.eu\/lv\/wp-json\/wp\/v2\/product\/1852","targetHints":{"allow":["GET"]}}],"collection":[{"href":"https:\/\/simonjersey.eu\/lv\/wp-json\/wp\/v2\/product"}],"about":[{"href":"https:\/\/simonjersey.eu\/lv\/wp-json\/wp\/v2\/types\/product"}],"wp:featuredmedia":[{"embeddable":true,"href":"https:\/\/simonjersey.eu\/lv\/wp-json\/wp\/v2\/media\/1857"}],"wp:attachment":[{"href":"https:\/\/simonjersey.eu\/lv\/wp-json\/wp\/v2\/media?parent=1852"}],"wp:term":[{"taxonomy":"product_brand","embeddable":true,"href":"https:\/\/simonjersey.eu\/lv\/wp-json\/wp\/v2\/product_brand?post=1852"},{"taxonomy":"product_cat","embeddable":true,"href":"https:\/\/simonjersey.eu\/lv\/wp-json\/wp\/v2\/product_cat?post=1852"},{"taxonomy":"product_tag","embeddable":true,"href":"https:\/\/simonjersey.eu\/lv\/wp-json\/wp\/v2\/product_tag?post=1852"}],"curies":[{"name":"wp","href":"https:\/\/api.w.org\/{rel}","templated":true}]}}