{"id":1952,"date":"2019-07-09T23:11:35","date_gmt":"2019-07-09T20:11:35","guid":{"rendered":"https:\/\/simonjersey.eu\/lv\/?post_type=product&#038;p=1952"},"modified":"2023-11-23T16:24:24","modified_gmt":"2023-11-23T13:24:24","slug":"stretch-fit-sieviesu-bluze-ar-isam-piedurknem","status":"publish","type":"product","link":"https:\/\/simonjersey.eu\/lv\/produkts\/stretch-fit-sieviesu-bluze-ar-isam-piedurknem\/","title":{"rendered":"Stretch Fit sievie\u0161u bl\u016bze ar \u012bs\u0101m piedurkn\u0113m"},"content":{"rendered":"","protected":false},"excerpt":{"rendered":"<p>Stretch Fit sievie\u0161u bl\u016bze ar \u012bs\u0101m piedurkn\u0113m lieliski piem\u0113rots da\u017e\u0101d\u0101m industrij\u0101m, k\u0101 biznesa vid\u0113, t\u0101 viesm\u012bl\u012bb\u0101. Materi\u0101ls ir veidots t\u0101, lai bl\u016bze b\u016btu ilgsto\u0161a un turpin\u0101tu lieliski izskat\u012bties p\u0113c katras mazg\u0101\u0161anas.<\/p>\n<p>Pieejams ar\u012b <a href=\"https:\/\/simonjersey.eu\/lv\/produkts\/stretch-fit-sieviesu-bluze-ar-garam-piedurknem\/\">ar gar\u0101m piedurkn\u0113m<\/a>.<\/p>\n<p>Materi\u0101ls: 60% kokvilna, 35% poliesters, 5% Spandex.<br \/>\nKop\u0161ana: Kop\u0161ana: Mazg\u0101t 30\u00b0 ve\u013cas ma\u0161\u012bn\u0101 ve\u013cas ma\u0161\u012bn\u0101, minim\u0101la gludin\u0101\u0161ana.<br \/>\nIzm\u0113ri\u00a0 \u00a0(UK): 6-26.<\/p>\n","protected":false},"featured_media":1959,"template":"","meta":[],"product_brand":[],"product_cat":[89,94,22,23,32,24,34,50,62,105],"product_tag":[294,270,306],"class_list":{"0":"post-1952","1":"product","2":"type-product","3":"status-publish","4":"has-post-thumbnail","6":"product_cat-sievietem-lietiskais-apgerbs","7":"product_cat-bluzes-sievietem-lietiskais-apgerbs","8":"product_cat-restorani","9":"product_cat-iedvesma","10":"product_cat-vienkass","11":"product_cat-sievietem","12":"product_cat-bluzes","13":"product_cat-sievietem-viesmiliba","14":"product_cat-bluzes-sievietem-viesmiliba","15":"product_cat-sieviesu-bluzes","16":"product_tag-klientu-apkalposanas-uniformas","17":"product_tag-sieviesu-bluzes","18":"product_tag-stiligas-uniformas","20":"first","21":"instock","22":"taxable","23":"shipping-taxable","24":"purchasable","25":"product-type-variable","26":"has-default-attributes"},"yoast_head":"<!-- This site is optimized with the Yoast SEO plugin v27.2 - https:\/\/yoast.com\/product\/yoast-seo-wordpress\/ -->\n<title>Sievie\u0161u bl\u016bze ar \u012bs\u0101m piedurkn\u0113m - Simon Jersey Latvija<\/title>\n<meta name=\"description\" content=\"Stretch Fit sievie\u0161u bl\u016bze ar \u012bs\u0101m piedurkn\u0113m lieliski piem\u0113rots da\u017e\u0101d\u0101m industrij\u0101m, k\u0101 biznesa vid\u0113, t\u0101 viesm\u012bl\u012bb\u0101. Materi\u0101ls ir veidots t\u0101.\" \/>\n<meta name=\"robots\" content=\"index, follow, max-snippet:-1, max-image-preview:large, max-video-preview:-1\" \/>\n<link rel=\"canonical\" href=\"https:\/\/simonjersey.eu\/lv\/produkts\/stretch-fit-sieviesu-bluze-ar-isam-piedurknem\/\" \/>\n<meta property=\"og:locale\" content=\"lv_LV\" \/>\n<meta property=\"og:type\" content=\"article\" \/>\n<meta property=\"og:title\" content=\"Sievie\u0161u bl\u016bze ar \u012bs\u0101m piedurkn\u0113m - Simon Jersey Latvija\" \/>\n<meta property=\"og:description\" content=\"Stretch Fit sievie\u0161u bl\u016bze ar \u012bs\u0101m piedurkn\u0113m lieliski piem\u0113rots da\u017e\u0101d\u0101m industrij\u0101m, k\u0101 biznesa vid\u0113, t\u0101 viesm\u012bl\u012bb\u0101. Materi\u0101ls ir veidots t\u0101.\" \/>\n<meta property=\"og:url\" content=\"https:\/\/simonjersey.eu\/lv\/produkts\/stretch-fit-sieviesu-bluze-ar-isam-piedurknem\/\" \/>\n<meta property=\"og:site_name\" content=\"Simon Jersey Latvija\" \/>\n<meta property=\"article:modified_time\" content=\"2023-11-23T13:24:24+00:00\" \/>\n<meta property=\"og:image\" content=\"https:\/\/simonjersey.eu\/lv\/wp-content\/uploads\/sites\/2\/2019\/07\/FB2620-1.jpg\" \/>\n\t<meta property=\"og:image:width\" content=\"1000\" \/>\n\t<meta property=\"og:image:height\" content=\"1500\" \/>\n\t<meta property=\"og:image:type\" content=\"image\/jpeg\" \/>\n<meta name=\"twitter:card\" content=\"summary_large_image\" \/>\n<script type=\"application\/ld+json\" class=\"yoast-schema-graph\">{\"@context\":\"https:\/\/schema.org\",\"@graph\":[{\"@type\":\"WebPage\",\"@id\":\"https:\/\/simonjersey.eu\/lv\/produkts\/stretch-fit-sieviesu-bluze-ar-isam-piedurknem\/\",\"url\":\"https:\/\/simonjersey.eu\/lv\/produkts\/stretch-fit-sieviesu-bluze-ar-isam-piedurknem\/\",\"name\":\"Sievie\u0161u bl\u016bze ar \u012bs\u0101m piedurkn\u0113m - Simon Jersey Latvija\",\"isPartOf\":{\"@id\":\"https:\/\/simonjersey.eu\/lv\/#website\"},\"primaryImageOfPage\":{\"@id\":\"https:\/\/simonjersey.eu\/lv\/produkts\/stretch-fit-sieviesu-bluze-ar-isam-piedurknem\/#primaryimage\"},\"image\":{\"@id\":\"https:\/\/simonjersey.eu\/lv\/produkts\/stretch-fit-sieviesu-bluze-ar-isam-piedurknem\/#primaryimage\"},\"thumbnailUrl\":\"https:\/\/simonjersey.eu\/lv\/wp-content\/uploads\/sites\/2\/2019\/07\/FB2620-1.jpg\",\"datePublished\":\"2019-07-09T20:11:35+00:00\",\"dateModified\":\"2023-11-23T13:24:24+00:00\",\"description\":\"Stretch Fit sievie\u0161u bl\u016bze ar \u012bs\u0101m piedurkn\u0113m lieliski piem\u0113rots da\u017e\u0101d\u0101m industrij\u0101m, k\u0101 biznesa vid\u0113, t\u0101 viesm\u012bl\u012bb\u0101. Materi\u0101ls ir veidots t\u0101.\",\"breadcrumb\":{\"@id\":\"https:\/\/simonjersey.eu\/lv\/produkts\/stretch-fit-sieviesu-bluze-ar-isam-piedurknem\/#breadcrumb\"},\"inLanguage\":\"lv-LV\",\"potentialAction\":[{\"@type\":\"ReadAction\",\"target\":[\"https:\/\/simonjersey.eu\/lv\/produkts\/stretch-fit-sieviesu-bluze-ar-isam-piedurknem\/\"]}]},{\"@type\":\"ImageObject\",\"inLanguage\":\"lv-LV\",\"@id\":\"https:\/\/simonjersey.eu\/lv\/produkts\/stretch-fit-sieviesu-bluze-ar-isam-piedurknem\/#primaryimage\",\"url\":\"https:\/\/simonjersey.eu\/lv\/wp-content\/uploads\/sites\/2\/2019\/07\/FB2620-1.jpg\",\"contentUrl\":\"https:\/\/simonjersey.eu\/lv\/wp-content\/uploads\/sites\/2\/2019\/07\/FB2620-1.jpg\",\"width\":1000,\"height\":1500},{\"@type\":\"BreadcrumbList\",\"@id\":\"https:\/\/simonjersey.eu\/lv\/produkts\/stretch-fit-sieviesu-bluze-ar-isam-piedurknem\/#breadcrumb\",\"itemListElement\":[{\"@type\":\"ListItem\",\"position\":1,\"name\":\"Home\",\"item\":\"https:\/\/simonjersey.eu\/lv\/\"},{\"@type\":\"ListItem\",\"position\":2,\"name\":\"E-veikals\",\"item\":\"https:\/\/simonjersey.eu\/lv\/e-veikals\/\"},{\"@type\":\"ListItem\",\"position\":3,\"name\":\"Stretch Fit sievie\u0161u bl\u016bze ar \u012bs\u0101m piedurkn\u0113m\"}]},{\"@type\":\"WebSite\",\"@id\":\"https:\/\/simonjersey.eu\/lv\/#website\",\"url\":\"https:\/\/simonjersey.eu\/lv\/\",\"name\":\"Simon Jersey Latvija\",\"description\":\"Kvalitat\u012bvi un iztur\u012bgi darba ap\u0123\u0113rbi\",\"potentialAction\":[{\"@type\":\"SearchAction\",\"target\":{\"@type\":\"EntryPoint\",\"urlTemplate\":\"https:\/\/simonjersey.eu\/lv\/?s={search_term_string}\"},\"query-input\":{\"@type\":\"PropertyValueSpecification\",\"valueRequired\":true,\"valueName\":\"search_term_string\"}}],\"inLanguage\":\"lv-LV\"}]}<\/script>\n<!-- \/ Yoast SEO plugin. -->","yoast_head_json":{"title":"Sievie\u0161u bl\u016bze ar \u012bs\u0101m piedurkn\u0113m - Simon Jersey Latvija","description":"Stretch Fit sievie\u0161u bl\u016bze ar \u012bs\u0101m piedurkn\u0113m lieliski piem\u0113rots da\u017e\u0101d\u0101m industrij\u0101m, k\u0101 biznesa vid\u0113, t\u0101 viesm\u012bl\u012bb\u0101. Materi\u0101ls ir veidots t\u0101.","robots":{"index":"index","follow":"follow","max-snippet":"max-snippet:-1","max-image-preview":"max-image-preview:large","max-video-preview":"max-video-preview:-1"},"canonical":"https:\/\/simonjersey.eu\/lv\/produkts\/stretch-fit-sieviesu-bluze-ar-isam-piedurknem\/","og_locale":"lv_LV","og_type":"article","og_title":"Sievie\u0161u bl\u016bze ar \u012bs\u0101m piedurkn\u0113m - Simon Jersey Latvija","og_description":"Stretch Fit sievie\u0161u bl\u016bze ar \u012bs\u0101m piedurkn\u0113m lieliski piem\u0113rots da\u017e\u0101d\u0101m industrij\u0101m, k\u0101 biznesa vid\u0113, t\u0101 viesm\u012bl\u012bb\u0101. Materi\u0101ls ir veidots t\u0101.","og_url":"https:\/\/simonjersey.eu\/lv\/produkts\/stretch-fit-sieviesu-bluze-ar-isam-piedurknem\/","og_site_name":"Simon Jersey Latvija","article_modified_time":"2023-11-23T13:24:24+00:00","og_image":[{"width":1000,"height":1500,"url":"https:\/\/simonjersey.eu\/lv\/wp-content\/uploads\/sites\/2\/2019\/07\/FB2620-1.jpg","type":"image\/jpeg"}],"twitter_card":"summary_large_image","schema":{"@context":"https:\/\/schema.org","@graph":[{"@type":"WebPage","@id":"https:\/\/simonjersey.eu\/lv\/produkts\/stretch-fit-sieviesu-bluze-ar-isam-piedurknem\/","url":"https:\/\/simonjersey.eu\/lv\/produkts\/stretch-fit-sieviesu-bluze-ar-isam-piedurknem\/","name":"Sievie\u0161u bl\u016bze ar \u012bs\u0101m piedurkn\u0113m - Simon Jersey Latvija","isPartOf":{"@id":"https:\/\/simonjersey.eu\/lv\/#website"},"primaryImageOfPage":{"@id":"https:\/\/simonjersey.eu\/lv\/produkts\/stretch-fit-sieviesu-bluze-ar-isam-piedurknem\/#primaryimage"},"image":{"@id":"https:\/\/simonjersey.eu\/lv\/produkts\/stretch-fit-sieviesu-bluze-ar-isam-piedurknem\/#primaryimage"},"thumbnailUrl":"https:\/\/simonjersey.eu\/lv\/wp-content\/uploads\/sites\/2\/2019\/07\/FB2620-1.jpg","datePublished":"2019-07-09T20:11:35+00:00","dateModified":"2023-11-23T13:24:24+00:00","description":"Stretch Fit sievie\u0161u bl\u016bze ar \u012bs\u0101m piedurkn\u0113m lieliski piem\u0113rots da\u017e\u0101d\u0101m industrij\u0101m, k\u0101 biznesa vid\u0113, t\u0101 viesm\u012bl\u012bb\u0101. Materi\u0101ls ir veidots t\u0101.","breadcrumb":{"@id":"https:\/\/simonjersey.eu\/lv\/produkts\/stretch-fit-sieviesu-bluze-ar-isam-piedurknem\/#breadcrumb"},"inLanguage":"lv-LV","potentialAction":[{"@type":"ReadAction","target":["https:\/\/simonjersey.eu\/lv\/produkts\/stretch-fit-sieviesu-bluze-ar-isam-piedurknem\/"]}]},{"@type":"ImageObject","inLanguage":"lv-LV","@id":"https:\/\/simonjersey.eu\/lv\/produkts\/stretch-fit-sieviesu-bluze-ar-isam-piedurknem\/#primaryimage","url":"https:\/\/simonjersey.eu\/lv\/wp-content\/uploads\/sites\/2\/2019\/07\/FB2620-1.jpg","contentUrl":"https:\/\/simonjersey.eu\/lv\/wp-content\/uploads\/sites\/2\/2019\/07\/FB2620-1.jpg","width":1000,"height":1500},{"@type":"BreadcrumbList","@id":"https:\/\/simonjersey.eu\/lv\/produkts\/stretch-fit-sieviesu-bluze-ar-isam-piedurknem\/#breadcrumb","itemListElement":[{"@type":"ListItem","position":1,"name":"Home","item":"https:\/\/simonjersey.eu\/lv\/"},{"@type":"ListItem","position":2,"name":"E-veikals","item":"https:\/\/simonjersey.eu\/lv\/e-veikals\/"},{"@type":"ListItem","position":3,"name":"Stretch Fit sievie\u0161u bl\u016bze ar \u012bs\u0101m piedurkn\u0113m"}]},{"@type":"WebSite","@id":"https:\/\/simonjersey.eu\/lv\/#website","url":"https:\/\/simonjersey.eu\/lv\/","name":"Simon Jersey Latvija","description":"Kvalitat\u012bvi un iztur\u012bgi darba ap\u0123\u0113rbi","potentialAction":[{"@type":"SearchAction","target":{"@type":"EntryPoint","urlTemplate":"https:\/\/simonjersey.eu\/lv\/?s={search_term_string}"},"query-input":{"@type":"PropertyValueSpecification","valueRequired":true,"valueName":"search_term_string"}}],"inLanguage":"lv-LV"}]}},"_links":{"self":[{"href":"https:\/\/simonjersey.eu\/lv\/wp-json\/wp\/v2\/product\/1952","targetHints":{"allow":["GET"]}}],"collection":[{"href":"https:\/\/simonjersey.eu\/lv\/wp-json\/wp\/v2\/product"}],"about":[{"href":"https:\/\/simonjersey.eu\/lv\/wp-json\/wp\/v2\/types\/product"}],"wp:featuredmedia":[{"embeddable":true,"href":"https:\/\/simonjersey.eu\/lv\/wp-json\/wp\/v2\/media\/1959"}],"wp:attachment":[{"href":"https:\/\/simonjersey.eu\/lv\/wp-json\/wp\/v2\/media?parent=1952"}],"wp:term":[{"taxonomy":"product_brand","embeddable":true,"href":"https:\/\/simonjersey.eu\/lv\/wp-json\/wp\/v2\/product_brand?post=1952"},{"taxonomy":"product_cat","embeddable":true,"href":"https:\/\/simonjersey.eu\/lv\/wp-json\/wp\/v2\/product_cat?post=1952"},{"taxonomy":"product_tag","embeddable":true,"href":"https:\/\/simonjersey.eu\/lv\/wp-json\/wp\/v2\/product_tag?post=1952"}],"curies":[{"name":"wp","href":"https:\/\/api.w.org\/{rel}","templated":true}]}}