{"id":2135,"date":"2019-07-10T15:34:52","date_gmt":"2019-07-10T12:34:52","guid":{"rendered":"https:\/\/simonjersey.eu\/lv\/?post_type=product&#038;p=2135"},"modified":"2021-01-28T20:23:19","modified_gmt":"2021-01-28T17:23:19","slug":"henbury-coolplus-sieviesu-polo-krekls","status":"publish","type":"product","link":"https:\/\/simonjersey.eu\/lv\/produkts\/henbury-coolplus-sieviesu-polo-krekls\/","title":{"rendered":"Henbury CoolPlus\u00ae Sievie\u0161u Polo krekls"},"content":{"rendered":"","protected":false},"excerpt":{"rendered":"<p>\u0160is Henbury CoolPlus\u00aesievie\u0161u polo krekls ra\u017eots no 100% kokvilnas un ra\u017eots t\u0101,<br \/>\nlai krels kalpotu ilgam laikam. Darbinieki jut\u012bsies \u0113rti un izskat\u012bsies lieliski<br \/>\nvisas dienas garum\u0101.<\/p>\n<p>Materi\u0101ls: 100% dab\u012bga kokvilna.<br \/>\nKop\u0161ana: Kop\u0161ana: Mazg\u0101t 30\u00b0 ve\u013cas ma\u0161\u012bn\u0101 ve\u013cas ma\u0161\u012bn\u0101, viegla kop\u0161ana.<br \/>\nIzm\u0113ri: S- 3XL.<\/p>\n<p><a href=\"https:\/\/simonjersey.eu\/lv\/produkts\/henbury-coolplus-viriesu-polo-krekls\/\">V\u012brie\u0161u dizaini \u0161eit!<\/a><\/p>\n","protected":false},"featured_media":2145,"template":"","meta":[],"product_brand":[],"product_cat":[91,29,56],"product_tag":[359,378],"class_list":{"0":"post-2135","1":"product","2":"type-product","3":"status-publish","4":"has-post-thumbnail","6":"product_cat-polo-krekli-un-t-krekli-lietiskais-apgerbs","7":"product_cat-polo-krekli-un-t-krekli","8":"product_cat-polo-krekli-un-t-krekli-viesmiliba","9":"product_tag-ikdienas-apgerbs","10":"product_tag-polo-krekli","12":"first","13":"instock","14":"taxable","15":"shipping-taxable","16":"purchasable","17":"product-type-variable","18":"has-default-attributes"},"yoast_head":"<!-- This site is optimized with the Yoast SEO plugin v27.2 - https:\/\/yoast.com\/product\/yoast-seo-wordpress\/ -->\n<title>Henbury CoolPlus\u00ae Sievie\u0161u Polo krekls - Simon Jersey Latvija<\/title>\n<meta name=\"description\" content=\"\u0160is Henbury CoolPlus\u00ae sievie\u0161u polo krekls ra\u017eots no 100% kokvilnas un ra\u017eots t\u0101, lai krels kalpotu ilgam laikam. 100% dab\u012bga kokvilna.\" \/>\n<meta name=\"robots\" content=\"index, follow, max-snippet:-1, max-image-preview:large, max-video-preview:-1\" \/>\n<link rel=\"canonical\" href=\"https:\/\/simonjersey.eu\/lv\/produkts\/henbury-coolplus-sieviesu-polo-krekls\/\" \/>\n<meta property=\"og:locale\" content=\"lv_LV\" \/>\n<meta property=\"og:type\" content=\"article\" \/>\n<meta property=\"og:title\" content=\"Henbury CoolPlus\u00ae Sievie\u0161u Polo krekls - Simon Jersey Latvija\" \/>\n<meta property=\"og:description\" content=\"\u0160is Henbury CoolPlus\u00ae sievie\u0161u polo krekls ra\u017eots no 100% kokvilnas un ra\u017eots t\u0101, lai krels kalpotu ilgam laikam. 100% dab\u012bga kokvilna.\" \/>\n<meta property=\"og:url\" content=\"https:\/\/simonjersey.eu\/lv\/produkts\/henbury-coolplus-sieviesu-polo-krekls\/\" \/>\n<meta property=\"og:site_name\" content=\"Simon Jersey Latvija\" \/>\n<meta property=\"article:modified_time\" content=\"2021-01-28T17:23:19+00:00\" \/>\n<meta property=\"og:image\" content=\"https:\/\/simonjersey.eu\/lv\/wp-content\/uploads\/sites\/2\/2019\/07\/PS2090-1.jpg\" \/>\n\t<meta property=\"og:image:width\" content=\"1000\" \/>\n\t<meta property=\"og:image:height\" content=\"1500\" \/>\n\t<meta property=\"og:image:type\" content=\"image\/jpeg\" \/>\n<meta name=\"twitter:card\" content=\"summary_large_image\" \/>\n<script type=\"application\/ld+json\" class=\"yoast-schema-graph\">{\"@context\":\"https:\/\/schema.org\",\"@graph\":[{\"@type\":\"WebPage\",\"@id\":\"https:\/\/simonjersey.eu\/lv\/produkts\/henbury-coolplus-sieviesu-polo-krekls\/\",\"url\":\"https:\/\/simonjersey.eu\/lv\/produkts\/henbury-coolplus-sieviesu-polo-krekls\/\",\"name\":\"Henbury CoolPlus\u00ae Sievie\u0161u Polo krekls - Simon Jersey Latvija\",\"isPartOf\":{\"@id\":\"https:\/\/simonjersey.eu\/lv\/#website\"},\"primaryImageOfPage\":{\"@id\":\"https:\/\/simonjersey.eu\/lv\/produkts\/henbury-coolplus-sieviesu-polo-krekls\/#primaryimage\"},\"image\":{\"@id\":\"https:\/\/simonjersey.eu\/lv\/produkts\/henbury-coolplus-sieviesu-polo-krekls\/#primaryimage\"},\"thumbnailUrl\":\"https:\/\/simonjersey.eu\/lv\/wp-content\/uploads\/sites\/2\/2019\/07\/PS2090-1.jpg\",\"datePublished\":\"2019-07-10T12:34:52+00:00\",\"dateModified\":\"2021-01-28T17:23:19+00:00\",\"description\":\"\u0160is Henbury CoolPlus\u00ae sievie\u0161u polo krekls ra\u017eots no 100% kokvilnas un ra\u017eots t\u0101, lai krels kalpotu ilgam laikam. 100% dab\u012bga kokvilna.\",\"breadcrumb\":{\"@id\":\"https:\/\/simonjersey.eu\/lv\/produkts\/henbury-coolplus-sieviesu-polo-krekls\/#breadcrumb\"},\"inLanguage\":\"lv-LV\",\"potentialAction\":[{\"@type\":\"ReadAction\",\"target\":[\"https:\/\/simonjersey.eu\/lv\/produkts\/henbury-coolplus-sieviesu-polo-krekls\/\"]}]},{\"@type\":\"ImageObject\",\"inLanguage\":\"lv-LV\",\"@id\":\"https:\/\/simonjersey.eu\/lv\/produkts\/henbury-coolplus-sieviesu-polo-krekls\/#primaryimage\",\"url\":\"https:\/\/simonjersey.eu\/lv\/wp-content\/uploads\/sites\/2\/2019\/07\/PS2090-1.jpg\",\"contentUrl\":\"https:\/\/simonjersey.eu\/lv\/wp-content\/uploads\/sites\/2\/2019\/07\/PS2090-1.jpg\",\"width\":1000,\"height\":1500},{\"@type\":\"BreadcrumbList\",\"@id\":\"https:\/\/simonjersey.eu\/lv\/produkts\/henbury-coolplus-sieviesu-polo-krekls\/#breadcrumb\",\"itemListElement\":[{\"@type\":\"ListItem\",\"position\":1,\"name\":\"Home\",\"item\":\"https:\/\/simonjersey.eu\/lv\/\"},{\"@type\":\"ListItem\",\"position\":2,\"name\":\"E-veikals\",\"item\":\"https:\/\/simonjersey.eu\/lv\/e-veikals\/\"},{\"@type\":\"ListItem\",\"position\":3,\"name\":\"Henbury CoolPlus\u00ae Sievie\u0161u Polo krekls\"}]},{\"@type\":\"WebSite\",\"@id\":\"https:\/\/simonjersey.eu\/lv\/#website\",\"url\":\"https:\/\/simonjersey.eu\/lv\/\",\"name\":\"Simon Jersey Latvija\",\"description\":\"Kvalitat\u012bvi un iztur\u012bgi darba ap\u0123\u0113rbi\",\"potentialAction\":[{\"@type\":\"SearchAction\",\"target\":{\"@type\":\"EntryPoint\",\"urlTemplate\":\"https:\/\/simonjersey.eu\/lv\/?s={search_term_string}\"},\"query-input\":{\"@type\":\"PropertyValueSpecification\",\"valueRequired\":true,\"valueName\":\"search_term_string\"}}],\"inLanguage\":\"lv-LV\"}]}<\/script>\n<!-- \/ Yoast SEO plugin. -->","yoast_head_json":{"title":"Henbury CoolPlus\u00ae Sievie\u0161u Polo krekls - Simon Jersey Latvija","description":"\u0160is Henbury CoolPlus\u00ae sievie\u0161u polo krekls ra\u017eots no 100% kokvilnas un ra\u017eots t\u0101, lai krels kalpotu ilgam laikam. 100% dab\u012bga kokvilna.","robots":{"index":"index","follow":"follow","max-snippet":"max-snippet:-1","max-image-preview":"max-image-preview:large","max-video-preview":"max-video-preview:-1"},"canonical":"https:\/\/simonjersey.eu\/lv\/produkts\/henbury-coolplus-sieviesu-polo-krekls\/","og_locale":"lv_LV","og_type":"article","og_title":"Henbury CoolPlus\u00ae Sievie\u0161u Polo krekls - Simon Jersey Latvija","og_description":"\u0160is Henbury CoolPlus\u00ae sievie\u0161u polo krekls ra\u017eots no 100% kokvilnas un ra\u017eots t\u0101, lai krels kalpotu ilgam laikam. 100% dab\u012bga kokvilna.","og_url":"https:\/\/simonjersey.eu\/lv\/produkts\/henbury-coolplus-sieviesu-polo-krekls\/","og_site_name":"Simon Jersey Latvija","article_modified_time":"2021-01-28T17:23:19+00:00","og_image":[{"width":1000,"height":1500,"url":"https:\/\/simonjersey.eu\/lv\/wp-content\/uploads\/sites\/2\/2019\/07\/PS2090-1.jpg","type":"image\/jpeg"}],"twitter_card":"summary_large_image","schema":{"@context":"https:\/\/schema.org","@graph":[{"@type":"WebPage","@id":"https:\/\/simonjersey.eu\/lv\/produkts\/henbury-coolplus-sieviesu-polo-krekls\/","url":"https:\/\/simonjersey.eu\/lv\/produkts\/henbury-coolplus-sieviesu-polo-krekls\/","name":"Henbury CoolPlus\u00ae Sievie\u0161u Polo krekls - Simon Jersey Latvija","isPartOf":{"@id":"https:\/\/simonjersey.eu\/lv\/#website"},"primaryImageOfPage":{"@id":"https:\/\/simonjersey.eu\/lv\/produkts\/henbury-coolplus-sieviesu-polo-krekls\/#primaryimage"},"image":{"@id":"https:\/\/simonjersey.eu\/lv\/produkts\/henbury-coolplus-sieviesu-polo-krekls\/#primaryimage"},"thumbnailUrl":"https:\/\/simonjersey.eu\/lv\/wp-content\/uploads\/sites\/2\/2019\/07\/PS2090-1.jpg","datePublished":"2019-07-10T12:34:52+00:00","dateModified":"2021-01-28T17:23:19+00:00","description":"\u0160is Henbury CoolPlus\u00ae sievie\u0161u polo krekls ra\u017eots no 100% kokvilnas un ra\u017eots t\u0101, lai krels kalpotu ilgam laikam. 100% dab\u012bga kokvilna.","breadcrumb":{"@id":"https:\/\/simonjersey.eu\/lv\/produkts\/henbury-coolplus-sieviesu-polo-krekls\/#breadcrumb"},"inLanguage":"lv-LV","potentialAction":[{"@type":"ReadAction","target":["https:\/\/simonjersey.eu\/lv\/produkts\/henbury-coolplus-sieviesu-polo-krekls\/"]}]},{"@type":"ImageObject","inLanguage":"lv-LV","@id":"https:\/\/simonjersey.eu\/lv\/produkts\/henbury-coolplus-sieviesu-polo-krekls\/#primaryimage","url":"https:\/\/simonjersey.eu\/lv\/wp-content\/uploads\/sites\/2\/2019\/07\/PS2090-1.jpg","contentUrl":"https:\/\/simonjersey.eu\/lv\/wp-content\/uploads\/sites\/2\/2019\/07\/PS2090-1.jpg","width":1000,"height":1500},{"@type":"BreadcrumbList","@id":"https:\/\/simonjersey.eu\/lv\/produkts\/henbury-coolplus-sieviesu-polo-krekls\/#breadcrumb","itemListElement":[{"@type":"ListItem","position":1,"name":"Home","item":"https:\/\/simonjersey.eu\/lv\/"},{"@type":"ListItem","position":2,"name":"E-veikals","item":"https:\/\/simonjersey.eu\/lv\/e-veikals\/"},{"@type":"ListItem","position":3,"name":"Henbury CoolPlus\u00ae Sievie\u0161u Polo krekls"}]},{"@type":"WebSite","@id":"https:\/\/simonjersey.eu\/lv\/#website","url":"https:\/\/simonjersey.eu\/lv\/","name":"Simon Jersey Latvija","description":"Kvalitat\u012bvi un iztur\u012bgi darba ap\u0123\u0113rbi","potentialAction":[{"@type":"SearchAction","target":{"@type":"EntryPoint","urlTemplate":"https:\/\/simonjersey.eu\/lv\/?s={search_term_string}"},"query-input":{"@type":"PropertyValueSpecification","valueRequired":true,"valueName":"search_term_string"}}],"inLanguage":"lv-LV"}]}},"_links":{"self":[{"href":"https:\/\/simonjersey.eu\/lv\/wp-json\/wp\/v2\/product\/2135","targetHints":{"allow":["GET"]}}],"collection":[{"href":"https:\/\/simonjersey.eu\/lv\/wp-json\/wp\/v2\/product"}],"about":[{"href":"https:\/\/simonjersey.eu\/lv\/wp-json\/wp\/v2\/types\/product"}],"wp:featuredmedia":[{"embeddable":true,"href":"https:\/\/simonjersey.eu\/lv\/wp-json\/wp\/v2\/media\/2145"}],"wp:attachment":[{"href":"https:\/\/simonjersey.eu\/lv\/wp-json\/wp\/v2\/media?parent=2135"}],"wp:term":[{"taxonomy":"product_brand","embeddable":true,"href":"https:\/\/simonjersey.eu\/lv\/wp-json\/wp\/v2\/product_brand?post=2135"},{"taxonomy":"product_cat","embeddable":true,"href":"https:\/\/simonjersey.eu\/lv\/wp-json\/wp\/v2\/product_cat?post=2135"},{"taxonomy":"product_tag","embeddable":true,"href":"https:\/\/simonjersey.eu\/lv\/wp-json\/wp\/v2\/product_tag?post=2135"}],"curies":[{"name":"wp","href":"https:\/\/api.w.org\/{rel}","templated":true}]}}