{"id":2168,"date":"2019-07-11T09:30:53","date_gmt":"2019-07-11T06:30:53","guid":{"rendered":"https:\/\/simonjersey.eu\/lv\/?post_type=product&#038;p=2168"},"modified":"2024-12-18T13:39:15","modified_gmt":"2024-12-18T10:39:15","slug":"viriesu-veste-qualitas","status":"publish","type":"product","link":"https:\/\/simonjersey.eu\/lv\/produkts\/viriesu-veste-qualitas\/","title":{"rendered":"V\u012brie\u0161u veste \u201cQualitas\u201d"},"content":{"rendered":"","protected":false},"excerpt":{"rendered":"<p>Qualitas kolekcija ir veidota t\u0101, lai j\u016bsu komandai b\u016btu stil\u012bgs un m\u016bsdien\u012bgs t\u0113ls. Ap\u0123\u0113rbi b\u016bs iztur\u012bgi un lieliski izskat\u012bsies ilgtermi\u0146\u0101.<br \/>\nV\u012brie\u0161u veste no Qualitas kolekcijas. Aizmugur\u0113 siksni\u0146a un spr\u0101dze.<\/p>\n<p>Garums: 59cm.<br \/>\nMateri\u0101ls: 54% poliesters, <strong>44% vilna<\/strong>, 2% likra. Traipu un \u016bdens necaur-laid\u012bgs teflona materi\u0101ls. 200g \/ m2.<br \/>\nKop\u0161ana: 40\u00ba ma\u0161\u012bnas mazg\u0101\u0161ana.<br \/>\nIzm\u0113ri (UK): 34-52.<\/p>\n","protected":false},"featured_media":2174,"template":"","meta":[],"product_brand":[],"product_cat":[90,103,25,43,51,71,111],"product_tag":[239,308,281],"class_list":{"0":"post-2168","1":"product","2":"type-product","3":"status-publish","4":"has-post-thumbnail","6":"product_cat-viriesiem-lietiskais-apgerbs","7":"product_cat-vestes-un-trikotaza-viriesiem-lietiskais-apgerbs","8":"product_cat-viriesiem","9":"product_cat-vestes-un-trikotaza-viriesiem","10":"product_cat-viriesiem-viesmiliba","11":"product_cat-vestes-un-trikotaza-viriesiem-viesmiliba","12":"product_cat-vestes-un-trikotaza-2","13":"product_tag-darba-uniformas","14":"product_tag-lietisks-darba-apgerbs","15":"product_tag-viriesu-veste","17":"first","18":"instock","19":"taxable","20":"shipping-taxable","21":"purchasable","22":"product-type-variable","23":"has-default-attributes"},"yoast_head":"<!-- This site is optimized with the Yoast SEO plugin v27.2 - https:\/\/yoast.com\/product\/yoast-seo-wordpress\/ -->\n<title>Darba ap\u0123\u0113rbs viesn\u012bcu darbiniekiem - Simon Jersey Latvija<\/title>\n<meta name=\"description\" content=\"Ap\u0123\u0113rbi b\u016bs iztur\u012bgi un lieliski izskat\u012bsies ilgtermi\u0146\u0101. V\u012brie\u0161u veste no Qualitas kolekcijas. Aizmugur\u0113 siksni\u0146a un spr\u0101dze.\" \/>\n<meta name=\"robots\" content=\"index, follow, max-snippet:-1, max-image-preview:large, max-video-preview:-1\" \/>\n<link rel=\"canonical\" href=\"https:\/\/simonjersey.eu\/lv\/produkts\/viriesu-veste-qualitas\/\" \/>\n<meta property=\"og:locale\" content=\"lv_LV\" \/>\n<meta property=\"og:type\" content=\"article\" \/>\n<meta property=\"og:title\" content=\"Darba ap\u0123\u0113rbs viesn\u012bcu darbiniekiem - Simon Jersey Latvija\" \/>\n<meta property=\"og:description\" content=\"Ap\u0123\u0113rbi b\u016bs iztur\u012bgi un lieliski izskat\u012bsies ilgtermi\u0146\u0101. V\u012brie\u0161u veste no Qualitas kolekcijas. Aizmugur\u0113 siksni\u0146a un spr\u0101dze.\" \/>\n<meta property=\"og:url\" content=\"https:\/\/simonjersey.eu\/lv\/produkts\/viriesu-veste-qualitas\/\" \/>\n<meta property=\"og:site_name\" content=\"Simon Jersey Latvija\" \/>\n<meta property=\"article:modified_time\" content=\"2024-12-18T10:39:15+00:00\" \/>\n<meta property=\"og:image\" content=\"https:\/\/simonjersey.eu\/lv\/wp-content\/uploads\/sites\/2\/2019\/07\/MW0690-1.jpg\" \/>\n\t<meta property=\"og:image:width\" content=\"1000\" \/>\n\t<meta property=\"og:image:height\" content=\"1500\" \/>\n\t<meta property=\"og:image:type\" content=\"image\/jpeg\" \/>\n<meta name=\"twitter:card\" content=\"summary_large_image\" \/>\n<meta name=\"twitter:label1\" content=\"Est. reading time\" \/>\n\t<meta name=\"twitter:data1\" content=\"1 min\u016bte\" \/>\n<script type=\"application\/ld+json\" class=\"yoast-schema-graph\">{\"@context\":\"https:\/\/schema.org\",\"@graph\":[{\"@type\":\"WebPage\",\"@id\":\"https:\/\/simonjersey.eu\/lv\/produkts\/viriesu-veste-qualitas\/\",\"url\":\"https:\/\/simonjersey.eu\/lv\/produkts\/viriesu-veste-qualitas\/\",\"name\":\"Darba ap\u0123\u0113rbs viesn\u012bcu darbiniekiem - Simon Jersey Latvija\",\"isPartOf\":{\"@id\":\"https:\/\/simonjersey.eu\/lv\/#website\"},\"primaryImageOfPage\":{\"@id\":\"https:\/\/simonjersey.eu\/lv\/produkts\/viriesu-veste-qualitas\/#primaryimage\"},\"image\":{\"@id\":\"https:\/\/simonjersey.eu\/lv\/produkts\/viriesu-veste-qualitas\/#primaryimage\"},\"thumbnailUrl\":\"https:\/\/simonjersey.eu\/lv\/wp-content\/uploads\/sites\/2\/2019\/07\/MW0690-1.jpg\",\"datePublished\":\"2019-07-11T06:30:53+00:00\",\"dateModified\":\"2024-12-18T10:39:15+00:00\",\"description\":\"Ap\u0123\u0113rbi b\u016bs iztur\u012bgi un lieliski izskat\u012bsies ilgtermi\u0146\u0101. V\u012brie\u0161u veste no Qualitas kolekcijas. Aizmugur\u0113 siksni\u0146a un spr\u0101dze.\",\"breadcrumb\":{\"@id\":\"https:\/\/simonjersey.eu\/lv\/produkts\/viriesu-veste-qualitas\/#breadcrumb\"},\"inLanguage\":\"lv-LV\",\"potentialAction\":[{\"@type\":\"ReadAction\",\"target\":[\"https:\/\/simonjersey.eu\/lv\/produkts\/viriesu-veste-qualitas\/\"]}]},{\"@type\":\"ImageObject\",\"inLanguage\":\"lv-LV\",\"@id\":\"https:\/\/simonjersey.eu\/lv\/produkts\/viriesu-veste-qualitas\/#primaryimage\",\"url\":\"https:\/\/simonjersey.eu\/lv\/wp-content\/uploads\/sites\/2\/2019\/07\/MW0690-1.jpg\",\"contentUrl\":\"https:\/\/simonjersey.eu\/lv\/wp-content\/uploads\/sites\/2\/2019\/07\/MW0690-1.jpg\",\"width\":1000,\"height\":1500},{\"@type\":\"BreadcrumbList\",\"@id\":\"https:\/\/simonjersey.eu\/lv\/produkts\/viriesu-veste-qualitas\/#breadcrumb\",\"itemListElement\":[{\"@type\":\"ListItem\",\"position\":1,\"name\":\"Home\",\"item\":\"https:\/\/simonjersey.eu\/lv\/\"},{\"@type\":\"ListItem\",\"position\":2,\"name\":\"E-veikals\",\"item\":\"https:\/\/simonjersey.eu\/lv\/e-veikals\/\"},{\"@type\":\"ListItem\",\"position\":3,\"name\":\"V\u012brie\u0161u veste \u201cQualitas\u201d\"}]},{\"@type\":\"WebSite\",\"@id\":\"https:\/\/simonjersey.eu\/lv\/#website\",\"url\":\"https:\/\/simonjersey.eu\/lv\/\",\"name\":\"Simon Jersey Latvija\",\"description\":\"Kvalitat\u012bvi un iztur\u012bgi darba ap\u0123\u0113rbi\",\"potentialAction\":[{\"@type\":\"SearchAction\",\"target\":{\"@type\":\"EntryPoint\",\"urlTemplate\":\"https:\/\/simonjersey.eu\/lv\/?s={search_term_string}\"},\"query-input\":{\"@type\":\"PropertyValueSpecification\",\"valueRequired\":true,\"valueName\":\"search_term_string\"}}],\"inLanguage\":\"lv-LV\"}]}<\/script>\n<!-- \/ Yoast SEO plugin. -->","yoast_head_json":{"title":"Darba ap\u0123\u0113rbs viesn\u012bcu darbiniekiem - Simon Jersey Latvija","description":"Ap\u0123\u0113rbi b\u016bs iztur\u012bgi un lieliski izskat\u012bsies ilgtermi\u0146\u0101. V\u012brie\u0161u veste no Qualitas kolekcijas. Aizmugur\u0113 siksni\u0146a un spr\u0101dze.","robots":{"index":"index","follow":"follow","max-snippet":"max-snippet:-1","max-image-preview":"max-image-preview:large","max-video-preview":"max-video-preview:-1"},"canonical":"https:\/\/simonjersey.eu\/lv\/produkts\/viriesu-veste-qualitas\/","og_locale":"lv_LV","og_type":"article","og_title":"Darba ap\u0123\u0113rbs viesn\u012bcu darbiniekiem - Simon Jersey Latvija","og_description":"Ap\u0123\u0113rbi b\u016bs iztur\u012bgi un lieliski izskat\u012bsies ilgtermi\u0146\u0101. V\u012brie\u0161u veste no Qualitas kolekcijas. Aizmugur\u0113 siksni\u0146a un spr\u0101dze.","og_url":"https:\/\/simonjersey.eu\/lv\/produkts\/viriesu-veste-qualitas\/","og_site_name":"Simon Jersey Latvija","article_modified_time":"2024-12-18T10:39:15+00:00","og_image":[{"width":1000,"height":1500,"url":"https:\/\/simonjersey.eu\/lv\/wp-content\/uploads\/sites\/2\/2019\/07\/MW0690-1.jpg","type":"image\/jpeg"}],"twitter_card":"summary_large_image","twitter_misc":{"Est. reading time":"1 min\u016bte"},"schema":{"@context":"https:\/\/schema.org","@graph":[{"@type":"WebPage","@id":"https:\/\/simonjersey.eu\/lv\/produkts\/viriesu-veste-qualitas\/","url":"https:\/\/simonjersey.eu\/lv\/produkts\/viriesu-veste-qualitas\/","name":"Darba ap\u0123\u0113rbs viesn\u012bcu darbiniekiem - Simon Jersey Latvija","isPartOf":{"@id":"https:\/\/simonjersey.eu\/lv\/#website"},"primaryImageOfPage":{"@id":"https:\/\/simonjersey.eu\/lv\/produkts\/viriesu-veste-qualitas\/#primaryimage"},"image":{"@id":"https:\/\/simonjersey.eu\/lv\/produkts\/viriesu-veste-qualitas\/#primaryimage"},"thumbnailUrl":"https:\/\/simonjersey.eu\/lv\/wp-content\/uploads\/sites\/2\/2019\/07\/MW0690-1.jpg","datePublished":"2019-07-11T06:30:53+00:00","dateModified":"2024-12-18T10:39:15+00:00","description":"Ap\u0123\u0113rbi b\u016bs iztur\u012bgi un lieliski izskat\u012bsies ilgtermi\u0146\u0101. V\u012brie\u0161u veste no Qualitas kolekcijas. Aizmugur\u0113 siksni\u0146a un spr\u0101dze.","breadcrumb":{"@id":"https:\/\/simonjersey.eu\/lv\/produkts\/viriesu-veste-qualitas\/#breadcrumb"},"inLanguage":"lv-LV","potentialAction":[{"@type":"ReadAction","target":["https:\/\/simonjersey.eu\/lv\/produkts\/viriesu-veste-qualitas\/"]}]},{"@type":"ImageObject","inLanguage":"lv-LV","@id":"https:\/\/simonjersey.eu\/lv\/produkts\/viriesu-veste-qualitas\/#primaryimage","url":"https:\/\/simonjersey.eu\/lv\/wp-content\/uploads\/sites\/2\/2019\/07\/MW0690-1.jpg","contentUrl":"https:\/\/simonjersey.eu\/lv\/wp-content\/uploads\/sites\/2\/2019\/07\/MW0690-1.jpg","width":1000,"height":1500},{"@type":"BreadcrumbList","@id":"https:\/\/simonjersey.eu\/lv\/produkts\/viriesu-veste-qualitas\/#breadcrumb","itemListElement":[{"@type":"ListItem","position":1,"name":"Home","item":"https:\/\/simonjersey.eu\/lv\/"},{"@type":"ListItem","position":2,"name":"E-veikals","item":"https:\/\/simonjersey.eu\/lv\/e-veikals\/"},{"@type":"ListItem","position":3,"name":"V\u012brie\u0161u veste \u201cQualitas\u201d"}]},{"@type":"WebSite","@id":"https:\/\/simonjersey.eu\/lv\/#website","url":"https:\/\/simonjersey.eu\/lv\/","name":"Simon Jersey Latvija","description":"Kvalitat\u012bvi un iztur\u012bgi darba ap\u0123\u0113rbi","potentialAction":[{"@type":"SearchAction","target":{"@type":"EntryPoint","urlTemplate":"https:\/\/simonjersey.eu\/lv\/?s={search_term_string}"},"query-input":{"@type":"PropertyValueSpecification","valueRequired":true,"valueName":"search_term_string"}}],"inLanguage":"lv-LV"}]}},"_links":{"self":[{"href":"https:\/\/simonjersey.eu\/lv\/wp-json\/wp\/v2\/product\/2168","targetHints":{"allow":["GET"]}}],"collection":[{"href":"https:\/\/simonjersey.eu\/lv\/wp-json\/wp\/v2\/product"}],"about":[{"href":"https:\/\/simonjersey.eu\/lv\/wp-json\/wp\/v2\/types\/product"}],"wp:featuredmedia":[{"embeddable":true,"href":"https:\/\/simonjersey.eu\/lv\/wp-json\/wp\/v2\/media\/2174"}],"wp:attachment":[{"href":"https:\/\/simonjersey.eu\/lv\/wp-json\/wp\/v2\/media?parent=2168"}],"wp:term":[{"taxonomy":"product_brand","embeddable":true,"href":"https:\/\/simonjersey.eu\/lv\/wp-json\/wp\/v2\/product_brand?post=2168"},{"taxonomy":"product_cat","embeddable":true,"href":"https:\/\/simonjersey.eu\/lv\/wp-json\/wp\/v2\/product_cat?post=2168"},{"taxonomy":"product_tag","embeddable":true,"href":"https:\/\/simonjersey.eu\/lv\/wp-json\/wp\/v2\/product_tag?post=2168"}],"curies":[{"name":"wp","href":"https:\/\/api.w.org\/{rel}","templated":true}]}}