{"id":2215,"date":"2019-07-11T14:17:19","date_gmt":"2019-07-11T11:17:19","guid":{"rendered":"https:\/\/simonjersey.eu\/lv\/?post_type=product&#038;p=2215"},"modified":"2024-12-03T14:17:37","modified_gmt":"2024-12-03T11:17:37","slug":"piegulosas-sieviesu-tunika-bikses","status":"publish","type":"product","link":"https:\/\/simonjersey.eu\/lv\/produkts\/piegulosas-sieviesu-tunika-bikses\/","title":{"rendered":"Piegu\u013co\u0161as sievie\u0161u tunika bikses"},"content":{"rendered":"","protected":false},"excerpt":{"rendered":"<p>Sievie\u0161u piegu\u013co\u0161as bikses, kas ieder\u0113sies da\u017e\u0101du profesiju p\u0101rst\u0101vju garderob\u0113.<br \/>\nT\u0101s var komplekt\u0113t visda\u017e\u0101d\u0101kajos veidos. Bikses b\u016bs \u0113rtas visas dienas garum\u0101 un<br \/>\nt\u0101s ir viegli kopjamas.<\/p>\n<p>Garums: 74cm.<br \/>\nMateri\u0101ls: 100% poliesters.<br \/>\nKop\u0161ana: 40\u00b0 mazg\u0101\u0161ana ve\u013cas ma\u0161\u012bn\u0101, viegla kop\u0161ana.<br \/>\nIzm\u0113ri(UK): 6-26<\/p>\n","protected":false},"featured_media":8184,"template":"","meta":[],"product_brand":[],"product_cat":[89,95,24,35,17,20,76,107],"product_tag":[382,361,383],"class_list":{"0":"post-2215","1":"product","2":"type-product","3":"status-publish","4":"has-post-thumbnail","6":"product_cat-sievietem-lietiskais-apgerbs","7":"product_cat-bikses-sievietem-lietiskais-apgerbs","8":"product_cat-sievietem","9":"product_cat-bikses-sievietem","10":"product_cat-skaistumkopsana","11":"product_cat-bikses","12":"product_cat-bikses-arsti-un-medmasas","13":"product_cat-sieviesu-bikses","14":"product_tag-bikses-kopa-ar-tuniku","15":"product_tag-sieviesu-bikses","16":"product_tag-sieviesu-slim-fit-bikses","18":"first","19":"instock","20":"taxable","21":"shipping-taxable","22":"purchasable","23":"product-type-variable","24":"has-default-attributes"},"yoast_head":"<!-- This site is optimized with the Yoast SEO plugin v27.2 - https:\/\/yoast.com\/product\/yoast-seo-wordpress\/ -->\n<title>Piegu\u013co\u0161as sievie\u0161u tunika bikses - Simon Jersey Latvija<\/title>\n<meta name=\"description\" content=\"Sievie\u0161u piegu\u013co\u0161as bikses, kas ieder\u0113sies da\u017e\u0101du profesiju p\u0101rst\u0101vju garderob\u0113. T\u0101s var komplekt\u0113t visda\u017e\u0101d\u0101kajos veidos\" \/>\n<meta name=\"robots\" content=\"index, follow, max-snippet:-1, max-image-preview:large, max-video-preview:-1\" \/>\n<link rel=\"canonical\" href=\"https:\/\/simonjersey.eu\/lv\/produkts\/piegulosas-sieviesu-tunika-bikses\/\" \/>\n<meta property=\"og:locale\" content=\"lv_LV\" \/>\n<meta property=\"og:type\" content=\"article\" \/>\n<meta property=\"og:title\" content=\"Piegu\u013co\u0161as sievie\u0161u tunika bikses - Simon Jersey Latvija\" \/>\n<meta property=\"og:description\" content=\"Sievie\u0161u piegu\u013co\u0161as bikses, kas ieder\u0113sies da\u017e\u0101du profesiju p\u0101rst\u0101vju garderob\u0113. T\u0101s var komplekt\u0113t visda\u017e\u0101d\u0101kajos veidos\" \/>\n<meta property=\"og:url\" content=\"https:\/\/simonjersey.eu\/lv\/produkts\/piegulosas-sieviesu-tunika-bikses\/\" \/>\n<meta property=\"og:site_name\" content=\"Simon Jersey Latvija\" \/>\n<meta property=\"article:modified_time\" content=\"2024-12-03T11:17:37+00:00\" \/>\n<meta property=\"og:image\" content=\"https:\/\/simonjersey.eu\/lv\/wp-content\/uploads\/sites\/2\/2019\/07\/Ft2830-slim-fit-puksid-navy.jpg\" \/>\n\t<meta property=\"og:image:width\" content=\"1000\" \/>\n\t<meta property=\"og:image:height\" content=\"1500\" \/>\n\t<meta property=\"og:image:type\" content=\"image\/jpeg\" \/>\n<meta name=\"twitter:card\" content=\"summary_large_image\" \/>\n<meta name=\"twitter:label1\" content=\"Est. reading time\" \/>\n\t<meta name=\"twitter:data1\" content=\"1 min\u016bte\" \/>\n<script type=\"application\/ld+json\" class=\"yoast-schema-graph\">{\"@context\":\"https:\/\/schema.org\",\"@graph\":[{\"@type\":\"WebPage\",\"@id\":\"https:\/\/simonjersey.eu\/lv\/produkts\/piegulosas-sieviesu-tunika-bikses\/\",\"url\":\"https:\/\/simonjersey.eu\/lv\/produkts\/piegulosas-sieviesu-tunika-bikses\/\",\"name\":\"Piegu\u013co\u0161as sievie\u0161u tunika bikses - Simon Jersey Latvija\",\"isPartOf\":{\"@id\":\"https:\/\/simonjersey.eu\/lv\/#website\"},\"primaryImageOfPage\":{\"@id\":\"https:\/\/simonjersey.eu\/lv\/produkts\/piegulosas-sieviesu-tunika-bikses\/#primaryimage\"},\"image\":{\"@id\":\"https:\/\/simonjersey.eu\/lv\/produkts\/piegulosas-sieviesu-tunika-bikses\/#primaryimage\"},\"thumbnailUrl\":\"https:\/\/simonjersey.eu\/lv\/wp-content\/uploads\/sites\/2\/2019\/07\/Ft2830-slim-fit-puksid-navy.jpg\",\"datePublished\":\"2019-07-11T11:17:19+00:00\",\"dateModified\":\"2024-12-03T11:17:37+00:00\",\"description\":\"Sievie\u0161u piegu\u013co\u0161as bikses, kas ieder\u0113sies da\u017e\u0101du profesiju p\u0101rst\u0101vju garderob\u0113. T\u0101s var komplekt\u0113t visda\u017e\u0101d\u0101kajos veidos\",\"breadcrumb\":{\"@id\":\"https:\/\/simonjersey.eu\/lv\/produkts\/piegulosas-sieviesu-tunika-bikses\/#breadcrumb\"},\"inLanguage\":\"lv-LV\",\"potentialAction\":[{\"@type\":\"ReadAction\",\"target\":[\"https:\/\/simonjersey.eu\/lv\/produkts\/piegulosas-sieviesu-tunika-bikses\/\"]}]},{\"@type\":\"ImageObject\",\"inLanguage\":\"lv-LV\",\"@id\":\"https:\/\/simonjersey.eu\/lv\/produkts\/piegulosas-sieviesu-tunika-bikses\/#primaryimage\",\"url\":\"https:\/\/simonjersey.eu\/lv\/wp-content\/uploads\/sites\/2\/2019\/07\/Ft2830-slim-fit-puksid-navy.jpg\",\"contentUrl\":\"https:\/\/simonjersey.eu\/lv\/wp-content\/uploads\/sites\/2\/2019\/07\/Ft2830-slim-fit-puksid-navy.jpg\",\"width\":1000,\"height\":1500},{\"@type\":\"BreadcrumbList\",\"@id\":\"https:\/\/simonjersey.eu\/lv\/produkts\/piegulosas-sieviesu-tunika-bikses\/#breadcrumb\",\"itemListElement\":[{\"@type\":\"ListItem\",\"position\":1,\"name\":\"Home\",\"item\":\"https:\/\/simonjersey.eu\/lv\/\"},{\"@type\":\"ListItem\",\"position\":2,\"name\":\"E-veikals\",\"item\":\"https:\/\/simonjersey.eu\/lv\/e-veikals\/\"},{\"@type\":\"ListItem\",\"position\":3,\"name\":\"Piegu\u013co\u0161as sievie\u0161u tunika bikses\"}]},{\"@type\":\"WebSite\",\"@id\":\"https:\/\/simonjersey.eu\/lv\/#website\",\"url\":\"https:\/\/simonjersey.eu\/lv\/\",\"name\":\"Simon Jersey Latvija\",\"description\":\"Kvalitat\u012bvi un iztur\u012bgi darba ap\u0123\u0113rbi\",\"potentialAction\":[{\"@type\":\"SearchAction\",\"target\":{\"@type\":\"EntryPoint\",\"urlTemplate\":\"https:\/\/simonjersey.eu\/lv\/?s={search_term_string}\"},\"query-input\":{\"@type\":\"PropertyValueSpecification\",\"valueRequired\":true,\"valueName\":\"search_term_string\"}}],\"inLanguage\":\"lv-LV\"}]}<\/script>\n<!-- \/ Yoast SEO plugin. -->","yoast_head_json":{"title":"Piegu\u013co\u0161as sievie\u0161u tunika bikses - Simon Jersey Latvija","description":"Sievie\u0161u piegu\u013co\u0161as bikses, kas ieder\u0113sies da\u017e\u0101du profesiju p\u0101rst\u0101vju garderob\u0113. T\u0101s var komplekt\u0113t visda\u017e\u0101d\u0101kajos veidos","robots":{"index":"index","follow":"follow","max-snippet":"max-snippet:-1","max-image-preview":"max-image-preview:large","max-video-preview":"max-video-preview:-1"},"canonical":"https:\/\/simonjersey.eu\/lv\/produkts\/piegulosas-sieviesu-tunika-bikses\/","og_locale":"lv_LV","og_type":"article","og_title":"Piegu\u013co\u0161as sievie\u0161u tunika bikses - Simon Jersey Latvija","og_description":"Sievie\u0161u piegu\u013co\u0161as bikses, kas ieder\u0113sies da\u017e\u0101du profesiju p\u0101rst\u0101vju garderob\u0113. T\u0101s var komplekt\u0113t visda\u017e\u0101d\u0101kajos veidos","og_url":"https:\/\/simonjersey.eu\/lv\/produkts\/piegulosas-sieviesu-tunika-bikses\/","og_site_name":"Simon Jersey Latvija","article_modified_time":"2024-12-03T11:17:37+00:00","og_image":[{"width":1000,"height":1500,"url":"https:\/\/simonjersey.eu\/lv\/wp-content\/uploads\/sites\/2\/2019\/07\/Ft2830-slim-fit-puksid-navy.jpg","type":"image\/jpeg"}],"twitter_card":"summary_large_image","twitter_misc":{"Est. reading time":"1 min\u016bte"},"schema":{"@context":"https:\/\/schema.org","@graph":[{"@type":"WebPage","@id":"https:\/\/simonjersey.eu\/lv\/produkts\/piegulosas-sieviesu-tunika-bikses\/","url":"https:\/\/simonjersey.eu\/lv\/produkts\/piegulosas-sieviesu-tunika-bikses\/","name":"Piegu\u013co\u0161as sievie\u0161u tunika bikses - Simon Jersey Latvija","isPartOf":{"@id":"https:\/\/simonjersey.eu\/lv\/#website"},"primaryImageOfPage":{"@id":"https:\/\/simonjersey.eu\/lv\/produkts\/piegulosas-sieviesu-tunika-bikses\/#primaryimage"},"image":{"@id":"https:\/\/simonjersey.eu\/lv\/produkts\/piegulosas-sieviesu-tunika-bikses\/#primaryimage"},"thumbnailUrl":"https:\/\/simonjersey.eu\/lv\/wp-content\/uploads\/sites\/2\/2019\/07\/Ft2830-slim-fit-puksid-navy.jpg","datePublished":"2019-07-11T11:17:19+00:00","dateModified":"2024-12-03T11:17:37+00:00","description":"Sievie\u0161u piegu\u013co\u0161as bikses, kas ieder\u0113sies da\u017e\u0101du profesiju p\u0101rst\u0101vju garderob\u0113. T\u0101s var komplekt\u0113t visda\u017e\u0101d\u0101kajos veidos","breadcrumb":{"@id":"https:\/\/simonjersey.eu\/lv\/produkts\/piegulosas-sieviesu-tunika-bikses\/#breadcrumb"},"inLanguage":"lv-LV","potentialAction":[{"@type":"ReadAction","target":["https:\/\/simonjersey.eu\/lv\/produkts\/piegulosas-sieviesu-tunika-bikses\/"]}]},{"@type":"ImageObject","inLanguage":"lv-LV","@id":"https:\/\/simonjersey.eu\/lv\/produkts\/piegulosas-sieviesu-tunika-bikses\/#primaryimage","url":"https:\/\/simonjersey.eu\/lv\/wp-content\/uploads\/sites\/2\/2019\/07\/Ft2830-slim-fit-puksid-navy.jpg","contentUrl":"https:\/\/simonjersey.eu\/lv\/wp-content\/uploads\/sites\/2\/2019\/07\/Ft2830-slim-fit-puksid-navy.jpg","width":1000,"height":1500},{"@type":"BreadcrumbList","@id":"https:\/\/simonjersey.eu\/lv\/produkts\/piegulosas-sieviesu-tunika-bikses\/#breadcrumb","itemListElement":[{"@type":"ListItem","position":1,"name":"Home","item":"https:\/\/simonjersey.eu\/lv\/"},{"@type":"ListItem","position":2,"name":"E-veikals","item":"https:\/\/simonjersey.eu\/lv\/e-veikals\/"},{"@type":"ListItem","position":3,"name":"Piegu\u013co\u0161as sievie\u0161u tunika bikses"}]},{"@type":"WebSite","@id":"https:\/\/simonjersey.eu\/lv\/#website","url":"https:\/\/simonjersey.eu\/lv\/","name":"Simon Jersey Latvija","description":"Kvalitat\u012bvi un iztur\u012bgi darba ap\u0123\u0113rbi","potentialAction":[{"@type":"SearchAction","target":{"@type":"EntryPoint","urlTemplate":"https:\/\/simonjersey.eu\/lv\/?s={search_term_string}"},"query-input":{"@type":"PropertyValueSpecification","valueRequired":true,"valueName":"search_term_string"}}],"inLanguage":"lv-LV"}]}},"_links":{"self":[{"href":"https:\/\/simonjersey.eu\/lv\/wp-json\/wp\/v2\/product\/2215","targetHints":{"allow":["GET"]}}],"collection":[{"href":"https:\/\/simonjersey.eu\/lv\/wp-json\/wp\/v2\/product"}],"about":[{"href":"https:\/\/simonjersey.eu\/lv\/wp-json\/wp\/v2\/types\/product"}],"wp:featuredmedia":[{"embeddable":true,"href":"https:\/\/simonjersey.eu\/lv\/wp-json\/wp\/v2\/media\/8184"}],"wp:attachment":[{"href":"https:\/\/simonjersey.eu\/lv\/wp-json\/wp\/v2\/media?parent=2215"}],"wp:term":[{"taxonomy":"product_brand","embeddable":true,"href":"https:\/\/simonjersey.eu\/lv\/wp-json\/wp\/v2\/product_brand?post=2215"},{"taxonomy":"product_cat","embeddable":true,"href":"https:\/\/simonjersey.eu\/lv\/wp-json\/wp\/v2\/product_cat?post=2215"},{"taxonomy":"product_tag","embeddable":true,"href":"https:\/\/simonjersey.eu\/lv\/wp-json\/wp\/v2\/product_tag?post=2215"}],"curies":[{"name":"wp","href":"https:\/\/api.w.org\/{rel}","templated":true}]}}