{"id":2287,"date":"2019-07-11T14:55:41","date_gmt":"2019-07-11T11:55:41","guid":{"rendered":"https:\/\/simonjersey.eu\/lv\/?post_type=product&#038;p=2287"},"modified":"2025-05-23T14:48:08","modified_gmt":"2025-05-23T11:48:08","slug":"iss-prieksauts-ar-priekskabatu","status":"publish","type":"product","link":"https:\/\/simonjersey.eu\/lv\/produkts\/iss-prieksauts-ar-priekskabatu\/","title":{"rendered":"\u012ass priek\u0161auts ar priek\u0161kabatu"},"content":{"rendered":"","protected":false},"excerpt":{"rendered":"<p>\u0160is priek\u0161auts ir praktisks variants viesm\u012b\u013ciem, kuriem nepiecie\u0161ams moderns un \u0113rts priek\u0161auts<br \/>\nar ie\u0161\u016btu priek\u0161kabatu. Tas ir sasienams aizmugur\u0113 un pieejams da\u017e\u0101d\u0101s kr\u0101s\u0101s.<\/p>\n<p>Garums: 46cm\/18in. Platums: 92com\/36in.<br \/>\nMateri\u0101ls: 65% poliesters, 35% kokvilna<br \/>\nKop\u0161ana: M\u0113s rekomend\u0113jam mazg\u0101t 60\u00b0<br \/>\nViens izm\u0113rs.<\/p>\n","protected":false},"featured_media":8489,"template":"","meta":[],"product_brand":[],"product_cat":[22,23,32,28,55,113],"product_tag":[390,387,389,388],"class_list":{"0":"post-2287","1":"product","2":"type-product","3":"status-publish","4":"has-post-thumbnail","6":"product_cat-restorani","7":"product_cat-iedvesma","8":"product_cat-vienkass","9":"product_cat-prieksauti","10":"product_cat-prieksauti-viesmiliba","11":"product_cat-prieksauti-2","12":"product_tag-moderni-prieksauti","13":"product_tag-prieksauti","14":"product_tag-prieksauti-kafejnicam","15":"product_tag-prieksauts-ar-kabatam","17":"first","18":"instock","19":"taxable","20":"shipping-taxable","21":"purchasable","22":"product-type-variable"},"yoast_head":"<!-- This site is optimized with the Yoast SEO plugin v27.2 - https:\/\/yoast.com\/product\/yoast-seo-wordpress\/ -->\n<title>\u012ass priek\u0161auts ar priek\u0161kabatu - Simon Jersey Latvija<\/title>\n<meta name=\"description\" content=\"\u0160is priek\u0161auts ir praktisks variants viesm\u012b\u013ciem, kuriem nepiecie\u0161ams moderns un \u0113rts priek\u0161auts ar ie\u0161\u016btu priek\u0161kabatu. Da\u017e\u0101d\u0101s kr\u0101s\u0101s.\" \/>\n<meta name=\"robots\" content=\"index, follow, max-snippet:-1, max-image-preview:large, max-video-preview:-1\" \/>\n<link rel=\"canonical\" href=\"https:\/\/simonjersey.eu\/lv\/produkts\/iss-prieksauts-ar-priekskabatu\/\" \/>\n<meta property=\"og:locale\" content=\"lv_LV\" \/>\n<meta property=\"og:type\" content=\"article\" \/>\n<meta property=\"og:title\" content=\"\u012ass priek\u0161auts ar priek\u0161kabatu - Simon Jersey Latvija\" \/>\n<meta property=\"og:description\" content=\"\u0160is priek\u0161auts ir praktisks variants viesm\u012b\u013ciem, kuriem nepiecie\u0161ams moderns un \u0113rts priek\u0161auts ar ie\u0161\u016btu priek\u0161kabatu. Da\u017e\u0101d\u0101s kr\u0101s\u0101s.\" \/>\n<meta property=\"og:url\" content=\"https:\/\/simonjersey.eu\/lv\/produkts\/iss-prieksauts-ar-priekskabatu\/\" \/>\n<meta property=\"og:site_name\" content=\"Simon Jersey Latvija\" \/>\n<meta property=\"article:modified_time\" content=\"2025-05-23T11:48:08+00:00\" \/>\n<meta property=\"og:image\" content=\"https:\/\/simonjersey.eu\/lv\/wp-content\/uploads\/sites\/2\/2019\/07\/mp4310-simon-jersey-short-apron-with-pocket-khaki-p2815-401224_image.jpg\" \/>\n\t<meta property=\"og:image:width\" content=\"1000\" \/>\n\t<meta property=\"og:image:height\" content=\"1500\" \/>\n\t<meta property=\"og:image:type\" content=\"image\/jpeg\" \/>\n<meta name=\"twitter:card\" content=\"summary_large_image\" \/>\n<meta name=\"twitter:label1\" content=\"Est. reading time\" \/>\n\t<meta name=\"twitter:data1\" content=\"1 min\u016bte\" \/>\n<script type=\"application\/ld+json\" class=\"yoast-schema-graph\">{\"@context\":\"https:\/\/schema.org\",\"@graph\":[{\"@type\":\"WebPage\",\"@id\":\"https:\/\/simonjersey.eu\/lv\/produkts\/iss-prieksauts-ar-priekskabatu\/\",\"url\":\"https:\/\/simonjersey.eu\/lv\/produkts\/iss-prieksauts-ar-priekskabatu\/\",\"name\":\"\u012ass priek\u0161auts ar priek\u0161kabatu - Simon Jersey Latvija\",\"isPartOf\":{\"@id\":\"https:\/\/simonjersey.eu\/lv\/#website\"},\"primaryImageOfPage\":{\"@id\":\"https:\/\/simonjersey.eu\/lv\/produkts\/iss-prieksauts-ar-priekskabatu\/#primaryimage\"},\"image\":{\"@id\":\"https:\/\/simonjersey.eu\/lv\/produkts\/iss-prieksauts-ar-priekskabatu\/#primaryimage\"},\"thumbnailUrl\":\"https:\/\/simonjersey.eu\/lv\/wp-content\/uploads\/sites\/2\/2019\/07\/mp4310-simon-jersey-short-apron-with-pocket-khaki-p2815-401224_image.jpg\",\"datePublished\":\"2019-07-11T11:55:41+00:00\",\"dateModified\":\"2025-05-23T11:48:08+00:00\",\"description\":\"\u0160is priek\u0161auts ir praktisks variants viesm\u012b\u013ciem, kuriem nepiecie\u0161ams moderns un \u0113rts priek\u0161auts ar ie\u0161\u016btu priek\u0161kabatu. Da\u017e\u0101d\u0101s kr\u0101s\u0101s.\",\"breadcrumb\":{\"@id\":\"https:\/\/simonjersey.eu\/lv\/produkts\/iss-prieksauts-ar-priekskabatu\/#breadcrumb\"},\"inLanguage\":\"lv-LV\",\"potentialAction\":[{\"@type\":\"ReadAction\",\"target\":[\"https:\/\/simonjersey.eu\/lv\/produkts\/iss-prieksauts-ar-priekskabatu\/\"]}]},{\"@type\":\"ImageObject\",\"inLanguage\":\"lv-LV\",\"@id\":\"https:\/\/simonjersey.eu\/lv\/produkts\/iss-prieksauts-ar-priekskabatu\/#primaryimage\",\"url\":\"https:\/\/simonjersey.eu\/lv\/wp-content\/uploads\/sites\/2\/2019\/07\/mp4310-simon-jersey-short-apron-with-pocket-khaki-p2815-401224_image.jpg\",\"contentUrl\":\"https:\/\/simonjersey.eu\/lv\/wp-content\/uploads\/sites\/2\/2019\/07\/mp4310-simon-jersey-short-apron-with-pocket-khaki-p2815-401224_image.jpg\",\"width\":1000,\"height\":1500},{\"@type\":\"BreadcrumbList\",\"@id\":\"https:\/\/simonjersey.eu\/lv\/produkts\/iss-prieksauts-ar-priekskabatu\/#breadcrumb\",\"itemListElement\":[{\"@type\":\"ListItem\",\"position\":1,\"name\":\"Home\",\"item\":\"https:\/\/simonjersey.eu\/lv\/\"},{\"@type\":\"ListItem\",\"position\":2,\"name\":\"E-veikals\",\"item\":\"https:\/\/simonjersey.eu\/lv\/e-veikals\/\"},{\"@type\":\"ListItem\",\"position\":3,\"name\":\"\u012ass priek\u0161auts ar priek\u0161kabatu\"}]},{\"@type\":\"WebSite\",\"@id\":\"https:\/\/simonjersey.eu\/lv\/#website\",\"url\":\"https:\/\/simonjersey.eu\/lv\/\",\"name\":\"Simon Jersey Latvija\",\"description\":\"Kvalitat\u012bvi un iztur\u012bgi darba ap\u0123\u0113rbi\",\"potentialAction\":[{\"@type\":\"SearchAction\",\"target\":{\"@type\":\"EntryPoint\",\"urlTemplate\":\"https:\/\/simonjersey.eu\/lv\/?s={search_term_string}\"},\"query-input\":{\"@type\":\"PropertyValueSpecification\",\"valueRequired\":true,\"valueName\":\"search_term_string\"}}],\"inLanguage\":\"lv-LV\"}]}<\/script>\n<!-- \/ Yoast SEO plugin. -->","yoast_head_json":{"title":"\u012ass priek\u0161auts ar priek\u0161kabatu - Simon Jersey Latvija","description":"\u0160is priek\u0161auts ir praktisks variants viesm\u012b\u013ciem, kuriem nepiecie\u0161ams moderns un \u0113rts priek\u0161auts ar ie\u0161\u016btu priek\u0161kabatu. Da\u017e\u0101d\u0101s kr\u0101s\u0101s.","robots":{"index":"index","follow":"follow","max-snippet":"max-snippet:-1","max-image-preview":"max-image-preview:large","max-video-preview":"max-video-preview:-1"},"canonical":"https:\/\/simonjersey.eu\/lv\/produkts\/iss-prieksauts-ar-priekskabatu\/","og_locale":"lv_LV","og_type":"article","og_title":"\u012ass priek\u0161auts ar priek\u0161kabatu - Simon Jersey Latvija","og_description":"\u0160is priek\u0161auts ir praktisks variants viesm\u012b\u013ciem, kuriem nepiecie\u0161ams moderns un \u0113rts priek\u0161auts ar ie\u0161\u016btu priek\u0161kabatu. Da\u017e\u0101d\u0101s kr\u0101s\u0101s.","og_url":"https:\/\/simonjersey.eu\/lv\/produkts\/iss-prieksauts-ar-priekskabatu\/","og_site_name":"Simon Jersey Latvija","article_modified_time":"2025-05-23T11:48:08+00:00","og_image":[{"width":1000,"height":1500,"url":"https:\/\/simonjersey.eu\/lv\/wp-content\/uploads\/sites\/2\/2019\/07\/mp4310-simon-jersey-short-apron-with-pocket-khaki-p2815-401224_image.jpg","type":"image\/jpeg"}],"twitter_card":"summary_large_image","twitter_misc":{"Est. reading time":"1 min\u016bte"},"schema":{"@context":"https:\/\/schema.org","@graph":[{"@type":"WebPage","@id":"https:\/\/simonjersey.eu\/lv\/produkts\/iss-prieksauts-ar-priekskabatu\/","url":"https:\/\/simonjersey.eu\/lv\/produkts\/iss-prieksauts-ar-priekskabatu\/","name":"\u012ass priek\u0161auts ar priek\u0161kabatu - Simon Jersey Latvija","isPartOf":{"@id":"https:\/\/simonjersey.eu\/lv\/#website"},"primaryImageOfPage":{"@id":"https:\/\/simonjersey.eu\/lv\/produkts\/iss-prieksauts-ar-priekskabatu\/#primaryimage"},"image":{"@id":"https:\/\/simonjersey.eu\/lv\/produkts\/iss-prieksauts-ar-priekskabatu\/#primaryimage"},"thumbnailUrl":"https:\/\/simonjersey.eu\/lv\/wp-content\/uploads\/sites\/2\/2019\/07\/mp4310-simon-jersey-short-apron-with-pocket-khaki-p2815-401224_image.jpg","datePublished":"2019-07-11T11:55:41+00:00","dateModified":"2025-05-23T11:48:08+00:00","description":"\u0160is priek\u0161auts ir praktisks variants viesm\u012b\u013ciem, kuriem nepiecie\u0161ams moderns un \u0113rts priek\u0161auts ar ie\u0161\u016btu priek\u0161kabatu. Da\u017e\u0101d\u0101s kr\u0101s\u0101s.","breadcrumb":{"@id":"https:\/\/simonjersey.eu\/lv\/produkts\/iss-prieksauts-ar-priekskabatu\/#breadcrumb"},"inLanguage":"lv-LV","potentialAction":[{"@type":"ReadAction","target":["https:\/\/simonjersey.eu\/lv\/produkts\/iss-prieksauts-ar-priekskabatu\/"]}]},{"@type":"ImageObject","inLanguage":"lv-LV","@id":"https:\/\/simonjersey.eu\/lv\/produkts\/iss-prieksauts-ar-priekskabatu\/#primaryimage","url":"https:\/\/simonjersey.eu\/lv\/wp-content\/uploads\/sites\/2\/2019\/07\/mp4310-simon-jersey-short-apron-with-pocket-khaki-p2815-401224_image.jpg","contentUrl":"https:\/\/simonjersey.eu\/lv\/wp-content\/uploads\/sites\/2\/2019\/07\/mp4310-simon-jersey-short-apron-with-pocket-khaki-p2815-401224_image.jpg","width":1000,"height":1500},{"@type":"BreadcrumbList","@id":"https:\/\/simonjersey.eu\/lv\/produkts\/iss-prieksauts-ar-priekskabatu\/#breadcrumb","itemListElement":[{"@type":"ListItem","position":1,"name":"Home","item":"https:\/\/simonjersey.eu\/lv\/"},{"@type":"ListItem","position":2,"name":"E-veikals","item":"https:\/\/simonjersey.eu\/lv\/e-veikals\/"},{"@type":"ListItem","position":3,"name":"\u012ass priek\u0161auts ar priek\u0161kabatu"}]},{"@type":"WebSite","@id":"https:\/\/simonjersey.eu\/lv\/#website","url":"https:\/\/simonjersey.eu\/lv\/","name":"Simon Jersey Latvija","description":"Kvalitat\u012bvi un iztur\u012bgi darba ap\u0123\u0113rbi","potentialAction":[{"@type":"SearchAction","target":{"@type":"EntryPoint","urlTemplate":"https:\/\/simonjersey.eu\/lv\/?s={search_term_string}"},"query-input":{"@type":"PropertyValueSpecification","valueRequired":true,"valueName":"search_term_string"}}],"inLanguage":"lv-LV"}]}},"_links":{"self":[{"href":"https:\/\/simonjersey.eu\/lv\/wp-json\/wp\/v2\/product\/2287","targetHints":{"allow":["GET"]}}],"collection":[{"href":"https:\/\/simonjersey.eu\/lv\/wp-json\/wp\/v2\/product"}],"about":[{"href":"https:\/\/simonjersey.eu\/lv\/wp-json\/wp\/v2\/types\/product"}],"wp:featuredmedia":[{"embeddable":true,"href":"https:\/\/simonjersey.eu\/lv\/wp-json\/wp\/v2\/media\/8489"}],"wp:attachment":[{"href":"https:\/\/simonjersey.eu\/lv\/wp-json\/wp\/v2\/media?parent=2287"}],"wp:term":[{"taxonomy":"product_brand","embeddable":true,"href":"https:\/\/simonjersey.eu\/lv\/wp-json\/wp\/v2\/product_brand?post=2287"},{"taxonomy":"product_cat","embeddable":true,"href":"https:\/\/simonjersey.eu\/lv\/wp-json\/wp\/v2\/product_cat?post=2287"},{"taxonomy":"product_tag","embeddable":true,"href":"https:\/\/simonjersey.eu\/lv\/wp-json\/wp\/v2\/product_tag?post=2287"}],"curies":[{"name":"wp","href":"https:\/\/api.w.org\/{rel}","templated":true}]}}