{"id":2376,"date":"2019-07-11T19:09:28","date_gmt":"2019-07-11T16:09:28","guid":{"rendered":"https:\/\/simonjersey.eu\/lv\/?post_type=product&#038;p=2376"},"modified":"2024-12-16T16:57:33","modified_gmt":"2024-12-16T13:57:33","slug":"viriesu-krekls-ar-rakstu","status":"publish","type":"product","link":"https:\/\/simonjersey.eu\/lv\/produkts\/viriesu-krekls-ar-rakstu\/","title":{"rendered":"V\u012brie\u0161u krekls ar rakstu"},"content":{"rendered":"","protected":false},"excerpt":{"rendered":"<p>V\u012brie\u0161u krekls ar rakstu.<br \/>\nIe\u0161\u016bts p\u0113c auguma apris\u0113m. Divas ieloces mugurpus\u0113.<\/p>\n<p>Garums: 80.5cm<br \/>\nMateri\u0101ls: 65% poliesters, 35% kokvilna. 110g\/m\u00b2.<br \/>\nKop\u0161ana: Mazg\u0101t 30\u00b0 ve\u013cas ma\u0161\u012bn\u0101<br \/>\nIzm\u0113ri (UK) 14.5in-19in.<\/p>\n<p><a href=\"https:\/\/simonjersey.eu\/lv\/produkts\/sieviesu-rakstaina-bluze-ar-garam-piedurknem\/\">Sievie\u0161u dizaini \u0161eit!<\/a><\/p>\n","protected":false},"featured_media":2385,"template":"","meta":[],"product_brand":[],"product_cat":[90,100,25,40,51,68,106],"product_tag":[297,276,277],"class_list":{"0":"post-2376","1":"product","2":"type-product","3":"status-publish","4":"has-post-thumbnail","6":"product_cat-viriesiem-lietiskais-apgerbs","7":"product_cat-krekli-viriesiem-lietiskais-apgerbs","8":"product_cat-viriesiem","9":"product_cat-krekli","10":"product_cat-viriesiem-viesmiliba","11":"product_cat-krekli-viriesiem-viesmiliba","12":"product_cat-viriesu-krekli","13":"product_tag-krekls-ar-garam-piedurknem","14":"product_tag-lietiskie-krekli","15":"product_tag-viriesu-krekli","17":"first","18":"instock","19":"taxable","20":"shipping-taxable","21":"purchasable","22":"product-type-variable","23":"has-default-attributes"},"yoast_head":"<!-- This site is optimized with the Yoast SEO plugin v27.2 - https:\/\/yoast.com\/product\/yoast-seo-wordpress\/ -->\n<title>Uniformas restor\u0101niem, viesm\u012b\u013cu unifromas - Simon Jersey Latvija<\/title>\n<meta name=\"description\" content=\"V\u012brie\u0161u krekls ar rakstu.Ie\u0161\u016bts p\u0113c auguma apris\u0113m. Divas ieloces mugurpus\u0113. Materi\u0101ls: 65% poliesters, 35% kokvilna. 110g\/m\u00b2.\" \/>\n<meta name=\"robots\" content=\"index, follow, max-snippet:-1, max-image-preview:large, max-video-preview:-1\" \/>\n<link rel=\"canonical\" href=\"https:\/\/simonjersey.eu\/lv\/produkts\/viriesu-krekls-ar-rakstu\/\" \/>\n<meta property=\"og:locale\" content=\"lv_LV\" \/>\n<meta property=\"og:type\" content=\"article\" \/>\n<meta property=\"og:title\" content=\"Uniformas restor\u0101niem, viesm\u012b\u013cu unifromas - Simon Jersey Latvija\" \/>\n<meta property=\"og:description\" content=\"V\u012brie\u0161u krekls ar rakstu.Ie\u0161\u016bts p\u0113c auguma apris\u0113m. Divas ieloces mugurpus\u0113. Materi\u0101ls: 65% poliesters, 35% kokvilna. 110g\/m\u00b2.\" \/>\n<meta property=\"og:url\" content=\"https:\/\/simonjersey.eu\/lv\/produkts\/viriesu-krekls-ar-rakstu\/\" \/>\n<meta property=\"og:site_name\" content=\"Simon Jersey Latvija\" \/>\n<meta property=\"article:modified_time\" content=\"2024-12-16T13:57:33+00:00\" \/>\n<meta property=\"og:image\" content=\"https:\/\/simonjersey.eu\/lv\/wp-content\/uploads\/sites\/2\/2019\/07\/MS1810-1.jpg\" \/>\n\t<meta property=\"og:image:width\" content=\"1000\" \/>\n\t<meta property=\"og:image:height\" content=\"1500\" \/>\n\t<meta property=\"og:image:type\" content=\"image\/jpeg\" \/>\n<meta name=\"twitter:card\" content=\"summary_large_image\" \/>\n<meta name=\"twitter:label1\" content=\"Est. reading time\" \/>\n\t<meta name=\"twitter:data1\" content=\"1 min\u016bte\" \/>\n<script type=\"application\/ld+json\" class=\"yoast-schema-graph\">{\"@context\":\"https:\/\/schema.org\",\"@graph\":[{\"@type\":\"WebPage\",\"@id\":\"https:\/\/simonjersey.eu\/lv\/produkts\/viriesu-krekls-ar-rakstu\/\",\"url\":\"https:\/\/simonjersey.eu\/lv\/produkts\/viriesu-krekls-ar-rakstu\/\",\"name\":\"Uniformas restor\u0101niem, viesm\u012b\u013cu unifromas - Simon Jersey Latvija\",\"isPartOf\":{\"@id\":\"https:\/\/simonjersey.eu\/lv\/#website\"},\"primaryImageOfPage\":{\"@id\":\"https:\/\/simonjersey.eu\/lv\/produkts\/viriesu-krekls-ar-rakstu\/#primaryimage\"},\"image\":{\"@id\":\"https:\/\/simonjersey.eu\/lv\/produkts\/viriesu-krekls-ar-rakstu\/#primaryimage\"},\"thumbnailUrl\":\"https:\/\/simonjersey.eu\/lv\/wp-content\/uploads\/sites\/2\/2019\/07\/MS1810-1.jpg\",\"datePublished\":\"2019-07-11T16:09:28+00:00\",\"dateModified\":\"2024-12-16T13:57:33+00:00\",\"description\":\"V\u012brie\u0161u krekls ar rakstu.Ie\u0161\u016bts p\u0113c auguma apris\u0113m. Divas ieloces mugurpus\u0113. Materi\u0101ls: 65% poliesters, 35% kokvilna. 110g\/m\u00b2.\",\"breadcrumb\":{\"@id\":\"https:\/\/simonjersey.eu\/lv\/produkts\/viriesu-krekls-ar-rakstu\/#breadcrumb\"},\"inLanguage\":\"lv-LV\",\"potentialAction\":[{\"@type\":\"ReadAction\",\"target\":[\"https:\/\/simonjersey.eu\/lv\/produkts\/viriesu-krekls-ar-rakstu\/\"]}]},{\"@type\":\"ImageObject\",\"inLanguage\":\"lv-LV\",\"@id\":\"https:\/\/simonjersey.eu\/lv\/produkts\/viriesu-krekls-ar-rakstu\/#primaryimage\",\"url\":\"https:\/\/simonjersey.eu\/lv\/wp-content\/uploads\/sites\/2\/2019\/07\/MS1810-1.jpg\",\"contentUrl\":\"https:\/\/simonjersey.eu\/lv\/wp-content\/uploads\/sites\/2\/2019\/07\/MS1810-1.jpg\",\"width\":1000,\"height\":1500},{\"@type\":\"BreadcrumbList\",\"@id\":\"https:\/\/simonjersey.eu\/lv\/produkts\/viriesu-krekls-ar-rakstu\/#breadcrumb\",\"itemListElement\":[{\"@type\":\"ListItem\",\"position\":1,\"name\":\"Home\",\"item\":\"https:\/\/simonjersey.eu\/lv\/\"},{\"@type\":\"ListItem\",\"position\":2,\"name\":\"E-veikals\",\"item\":\"https:\/\/simonjersey.eu\/lv\/e-veikals\/\"},{\"@type\":\"ListItem\",\"position\":3,\"name\":\"V\u012brie\u0161u krekls ar rakstu\"}]},{\"@type\":\"WebSite\",\"@id\":\"https:\/\/simonjersey.eu\/lv\/#website\",\"url\":\"https:\/\/simonjersey.eu\/lv\/\",\"name\":\"Simon Jersey Latvija\",\"description\":\"Kvalitat\u012bvi un iztur\u012bgi darba ap\u0123\u0113rbi\",\"potentialAction\":[{\"@type\":\"SearchAction\",\"target\":{\"@type\":\"EntryPoint\",\"urlTemplate\":\"https:\/\/simonjersey.eu\/lv\/?s={search_term_string}\"},\"query-input\":{\"@type\":\"PropertyValueSpecification\",\"valueRequired\":true,\"valueName\":\"search_term_string\"}}],\"inLanguage\":\"lv-LV\"}]}<\/script>\n<!-- \/ Yoast SEO plugin. -->","yoast_head_json":{"title":"Uniformas restor\u0101niem, viesm\u012b\u013cu unifromas - Simon Jersey Latvija","description":"V\u012brie\u0161u krekls ar rakstu.Ie\u0161\u016bts p\u0113c auguma apris\u0113m. Divas ieloces mugurpus\u0113. Materi\u0101ls: 65% poliesters, 35% kokvilna. 110g\/m\u00b2.","robots":{"index":"index","follow":"follow","max-snippet":"max-snippet:-1","max-image-preview":"max-image-preview:large","max-video-preview":"max-video-preview:-1"},"canonical":"https:\/\/simonjersey.eu\/lv\/produkts\/viriesu-krekls-ar-rakstu\/","og_locale":"lv_LV","og_type":"article","og_title":"Uniformas restor\u0101niem, viesm\u012b\u013cu unifromas - Simon Jersey Latvija","og_description":"V\u012brie\u0161u krekls ar rakstu.Ie\u0161\u016bts p\u0113c auguma apris\u0113m. Divas ieloces mugurpus\u0113. Materi\u0101ls: 65% poliesters, 35% kokvilna. 110g\/m\u00b2.","og_url":"https:\/\/simonjersey.eu\/lv\/produkts\/viriesu-krekls-ar-rakstu\/","og_site_name":"Simon Jersey Latvija","article_modified_time":"2024-12-16T13:57:33+00:00","og_image":[{"width":1000,"height":1500,"url":"https:\/\/simonjersey.eu\/lv\/wp-content\/uploads\/sites\/2\/2019\/07\/MS1810-1.jpg","type":"image\/jpeg"}],"twitter_card":"summary_large_image","twitter_misc":{"Est. reading time":"1 min\u016bte"},"schema":{"@context":"https:\/\/schema.org","@graph":[{"@type":"WebPage","@id":"https:\/\/simonjersey.eu\/lv\/produkts\/viriesu-krekls-ar-rakstu\/","url":"https:\/\/simonjersey.eu\/lv\/produkts\/viriesu-krekls-ar-rakstu\/","name":"Uniformas restor\u0101niem, viesm\u012b\u013cu unifromas - Simon Jersey Latvija","isPartOf":{"@id":"https:\/\/simonjersey.eu\/lv\/#website"},"primaryImageOfPage":{"@id":"https:\/\/simonjersey.eu\/lv\/produkts\/viriesu-krekls-ar-rakstu\/#primaryimage"},"image":{"@id":"https:\/\/simonjersey.eu\/lv\/produkts\/viriesu-krekls-ar-rakstu\/#primaryimage"},"thumbnailUrl":"https:\/\/simonjersey.eu\/lv\/wp-content\/uploads\/sites\/2\/2019\/07\/MS1810-1.jpg","datePublished":"2019-07-11T16:09:28+00:00","dateModified":"2024-12-16T13:57:33+00:00","description":"V\u012brie\u0161u krekls ar rakstu.Ie\u0161\u016bts p\u0113c auguma apris\u0113m. Divas ieloces mugurpus\u0113. Materi\u0101ls: 65% poliesters, 35% kokvilna. 110g\/m\u00b2.","breadcrumb":{"@id":"https:\/\/simonjersey.eu\/lv\/produkts\/viriesu-krekls-ar-rakstu\/#breadcrumb"},"inLanguage":"lv-LV","potentialAction":[{"@type":"ReadAction","target":["https:\/\/simonjersey.eu\/lv\/produkts\/viriesu-krekls-ar-rakstu\/"]}]},{"@type":"ImageObject","inLanguage":"lv-LV","@id":"https:\/\/simonjersey.eu\/lv\/produkts\/viriesu-krekls-ar-rakstu\/#primaryimage","url":"https:\/\/simonjersey.eu\/lv\/wp-content\/uploads\/sites\/2\/2019\/07\/MS1810-1.jpg","contentUrl":"https:\/\/simonjersey.eu\/lv\/wp-content\/uploads\/sites\/2\/2019\/07\/MS1810-1.jpg","width":1000,"height":1500},{"@type":"BreadcrumbList","@id":"https:\/\/simonjersey.eu\/lv\/produkts\/viriesu-krekls-ar-rakstu\/#breadcrumb","itemListElement":[{"@type":"ListItem","position":1,"name":"Home","item":"https:\/\/simonjersey.eu\/lv\/"},{"@type":"ListItem","position":2,"name":"E-veikals","item":"https:\/\/simonjersey.eu\/lv\/e-veikals\/"},{"@type":"ListItem","position":3,"name":"V\u012brie\u0161u krekls ar rakstu"}]},{"@type":"WebSite","@id":"https:\/\/simonjersey.eu\/lv\/#website","url":"https:\/\/simonjersey.eu\/lv\/","name":"Simon Jersey Latvija","description":"Kvalitat\u012bvi un iztur\u012bgi darba ap\u0123\u0113rbi","potentialAction":[{"@type":"SearchAction","target":{"@type":"EntryPoint","urlTemplate":"https:\/\/simonjersey.eu\/lv\/?s={search_term_string}"},"query-input":{"@type":"PropertyValueSpecification","valueRequired":true,"valueName":"search_term_string"}}],"inLanguage":"lv-LV"}]}},"_links":{"self":[{"href":"https:\/\/simonjersey.eu\/lv\/wp-json\/wp\/v2\/product\/2376","targetHints":{"allow":["GET"]}}],"collection":[{"href":"https:\/\/simonjersey.eu\/lv\/wp-json\/wp\/v2\/product"}],"about":[{"href":"https:\/\/simonjersey.eu\/lv\/wp-json\/wp\/v2\/types\/product"}],"wp:featuredmedia":[{"embeddable":true,"href":"https:\/\/simonjersey.eu\/lv\/wp-json\/wp\/v2\/media\/2385"}],"wp:attachment":[{"href":"https:\/\/simonjersey.eu\/lv\/wp-json\/wp\/v2\/media?parent=2376"}],"wp:term":[{"taxonomy":"product_brand","embeddable":true,"href":"https:\/\/simonjersey.eu\/lv\/wp-json\/wp\/v2\/product_brand?post=2376"},{"taxonomy":"product_cat","embeddable":true,"href":"https:\/\/simonjersey.eu\/lv\/wp-json\/wp\/v2\/product_cat?post=2376"},{"taxonomy":"product_tag","embeddable":true,"href":"https:\/\/simonjersey.eu\/lv\/wp-json\/wp\/v2\/product_tag?post=2376"}],"curies":[{"name":"wp","href":"https:\/\/api.w.org\/{rel}","templated":true}]}}