{"id":2491,"date":"2019-07-12T14:00:00","date_gmt":"2019-07-12T11:00:00","guid":{"rendered":"https:\/\/simonjersey.eu\/lv\/?post_type=product&#038;p=2491"},"modified":"2019-10-02T10:31:06","modified_gmt":"2019-10-02T07:31:06","slug":"viriesu-kontrasta-apkakles-krekls","status":"publish","type":"product","link":"https:\/\/simonjersey.eu\/lv\/produkts\/viriesu-kontrasta-apkakles-krekls\/","title":{"rendered":"V\u012brie\u0161u kontrasta apkakles krekls"},"content":{"rendered":"","protected":false},"excerpt":{"rendered":"<p>\u0160is v\u012brie\u0161u krekls b\u016bs praktisks un \u0113rts jebkuras nozares darbiniekam un \u013caus izcelties ar kontrast\u0113jo\u0161o apkakl\u012bti.<\/p>\n<p>Materi\u0101ls: 71% poliesteris, 29% kokvilna.<br \/>\nKop\u0161ana: 30 \u00b0 mazg\u0101\u0161ana ve\u013cas ma\u0161\u012bn\u0101, viegli kopjams, nepiecie\u0161ama minim\u0101la gludin\u0101\u0161ana.<br \/>\nIzm\u0113ri (UK): 14,5 -19.<\/p>\n<p><a href=\"https:\/\/simonjersey.eu\/lv\/produkts\/kontrastejosas-apkaklites-sieviesu-bluze-2\/\">Sievie\u0161u dizaini \u0161eit!<\/a><\/p>\n","protected":false},"featured_media":2499,"template":"","meta":[],"product_brand":[],"product_cat":[22,23,31,25,40,51,68,106],"product_tag":[297,289,277],"class_list":{"0":"post-2491","1":"product","2":"type-product","3":"status-publish","4":"has-post-thumbnail","6":"product_cat-restorani","7":"product_cat-iedvesma","8":"product_cat-stilizets","9":"product_cat-viriesiem","10":"product_cat-krekli","11":"product_cat-viriesiem-viesmiliba","12":"product_cat-krekli-viriesiem-viesmiliba","13":"product_cat-viriesu-krekli","14":"product_tag-krekls-ar-garam-piedurknem","15":"product_tag-modernas-uniformas","16":"product_tag-viriesu-krekli","18":"first","19":"instock","20":"taxable","21":"shipping-taxable","22":"purchasable","23":"product-type-variable","24":"has-default-attributes"},"yoast_head":"<!-- This site is optimized with the Yoast SEO plugin v27.2 - https:\/\/yoast.com\/product\/yoast-seo-wordpress\/ -->\n<title>Stil\u012bgs ap\u0123\u0113rbs kafejn\u012bc\u0101m - Simon Jersey Latvija<\/title>\n<meta name=\"description\" content=\"\u0160is v\u012brie\u0161u krekls b\u016bs praktisks un \u0113rts jebkuras nozares darbiniekam un \u013caus izcelties ar kontrast\u0113jo\u0161o apkakl\u012bti. Viegli kopjams,\" \/>\n<meta name=\"robots\" content=\"index, follow, max-snippet:-1, max-image-preview:large, max-video-preview:-1\" \/>\n<link rel=\"canonical\" href=\"https:\/\/simonjersey.eu\/lv\/produkts\/viriesu-kontrasta-apkakles-krekls\/\" \/>\n<meta property=\"og:locale\" content=\"lv_LV\" \/>\n<meta property=\"og:type\" content=\"article\" \/>\n<meta property=\"og:title\" content=\"Stil\u012bgs ap\u0123\u0113rbs kafejn\u012bc\u0101m - Simon Jersey Latvija\" \/>\n<meta property=\"og:description\" content=\"\u0160is v\u012brie\u0161u krekls b\u016bs praktisks un \u0113rts jebkuras nozares darbiniekam un \u013caus izcelties ar kontrast\u0113jo\u0161o apkakl\u012bti. Viegli kopjams,\" \/>\n<meta property=\"og:url\" content=\"https:\/\/simonjersey.eu\/lv\/produkts\/viriesu-kontrasta-apkakles-krekls\/\" \/>\n<meta property=\"og:site_name\" content=\"Simon Jersey Latvija\" \/>\n<meta property=\"article:modified_time\" content=\"2019-10-02T07:31:06+00:00\" \/>\n<meta property=\"og:image\" content=\"https:\/\/simonjersey.eu\/lv\/wp-content\/uploads\/sites\/2\/2019\/07\/MS2710-1.jpg\" \/>\n\t<meta property=\"og:image:width\" content=\"1000\" \/>\n\t<meta property=\"og:image:height\" content=\"1500\" \/>\n\t<meta property=\"og:image:type\" content=\"image\/jpeg\" \/>\n<meta name=\"twitter:card\" content=\"summary_large_image\" \/>\n<script type=\"application\/ld+json\" class=\"yoast-schema-graph\">{\"@context\":\"https:\/\/schema.org\",\"@graph\":[{\"@type\":\"WebPage\",\"@id\":\"https:\/\/simonjersey.eu\/lv\/produkts\/viriesu-kontrasta-apkakles-krekls\/\",\"url\":\"https:\/\/simonjersey.eu\/lv\/produkts\/viriesu-kontrasta-apkakles-krekls\/\",\"name\":\"Stil\u012bgs ap\u0123\u0113rbs kafejn\u012bc\u0101m - Simon Jersey Latvija\",\"isPartOf\":{\"@id\":\"https:\/\/simonjersey.eu\/lv\/#website\"},\"primaryImageOfPage\":{\"@id\":\"https:\/\/simonjersey.eu\/lv\/produkts\/viriesu-kontrasta-apkakles-krekls\/#primaryimage\"},\"image\":{\"@id\":\"https:\/\/simonjersey.eu\/lv\/produkts\/viriesu-kontrasta-apkakles-krekls\/#primaryimage\"},\"thumbnailUrl\":\"https:\/\/simonjersey.eu\/lv\/wp-content\/uploads\/sites\/2\/2019\/07\/MS2710-1.jpg\",\"datePublished\":\"2019-07-12T11:00:00+00:00\",\"dateModified\":\"2019-10-02T07:31:06+00:00\",\"description\":\"\u0160is v\u012brie\u0161u krekls b\u016bs praktisks un \u0113rts jebkuras nozares darbiniekam un \u013caus izcelties ar kontrast\u0113jo\u0161o apkakl\u012bti. Viegli kopjams,\",\"breadcrumb\":{\"@id\":\"https:\/\/simonjersey.eu\/lv\/produkts\/viriesu-kontrasta-apkakles-krekls\/#breadcrumb\"},\"inLanguage\":\"lv-LV\",\"potentialAction\":[{\"@type\":\"ReadAction\",\"target\":[\"https:\/\/simonjersey.eu\/lv\/produkts\/viriesu-kontrasta-apkakles-krekls\/\"]}]},{\"@type\":\"ImageObject\",\"inLanguage\":\"lv-LV\",\"@id\":\"https:\/\/simonjersey.eu\/lv\/produkts\/viriesu-kontrasta-apkakles-krekls\/#primaryimage\",\"url\":\"https:\/\/simonjersey.eu\/lv\/wp-content\/uploads\/sites\/2\/2019\/07\/MS2710-1.jpg\",\"contentUrl\":\"https:\/\/simonjersey.eu\/lv\/wp-content\/uploads\/sites\/2\/2019\/07\/MS2710-1.jpg\",\"width\":1000,\"height\":1500},{\"@type\":\"BreadcrumbList\",\"@id\":\"https:\/\/simonjersey.eu\/lv\/produkts\/viriesu-kontrasta-apkakles-krekls\/#breadcrumb\",\"itemListElement\":[{\"@type\":\"ListItem\",\"position\":1,\"name\":\"Home\",\"item\":\"https:\/\/simonjersey.eu\/lv\/\"},{\"@type\":\"ListItem\",\"position\":2,\"name\":\"E-veikals\",\"item\":\"https:\/\/simonjersey.eu\/lv\/e-veikals\/\"},{\"@type\":\"ListItem\",\"position\":3,\"name\":\"V\u012brie\u0161u kontrasta apkakles krekls\"}]},{\"@type\":\"WebSite\",\"@id\":\"https:\/\/simonjersey.eu\/lv\/#website\",\"url\":\"https:\/\/simonjersey.eu\/lv\/\",\"name\":\"Simon Jersey Latvija\",\"description\":\"Kvalitat\u012bvi un iztur\u012bgi darba ap\u0123\u0113rbi\",\"potentialAction\":[{\"@type\":\"SearchAction\",\"target\":{\"@type\":\"EntryPoint\",\"urlTemplate\":\"https:\/\/simonjersey.eu\/lv\/?s={search_term_string}\"},\"query-input\":{\"@type\":\"PropertyValueSpecification\",\"valueRequired\":true,\"valueName\":\"search_term_string\"}}],\"inLanguage\":\"lv-LV\"}]}<\/script>\n<!-- \/ Yoast SEO plugin. -->","yoast_head_json":{"title":"Stil\u012bgs ap\u0123\u0113rbs kafejn\u012bc\u0101m - Simon Jersey Latvija","description":"\u0160is v\u012brie\u0161u krekls b\u016bs praktisks un \u0113rts jebkuras nozares darbiniekam un \u013caus izcelties ar kontrast\u0113jo\u0161o apkakl\u012bti. Viegli kopjams,","robots":{"index":"index","follow":"follow","max-snippet":"max-snippet:-1","max-image-preview":"max-image-preview:large","max-video-preview":"max-video-preview:-1"},"canonical":"https:\/\/simonjersey.eu\/lv\/produkts\/viriesu-kontrasta-apkakles-krekls\/","og_locale":"lv_LV","og_type":"article","og_title":"Stil\u012bgs ap\u0123\u0113rbs kafejn\u012bc\u0101m - Simon Jersey Latvija","og_description":"\u0160is v\u012brie\u0161u krekls b\u016bs praktisks un \u0113rts jebkuras nozares darbiniekam un \u013caus izcelties ar kontrast\u0113jo\u0161o apkakl\u012bti. Viegli kopjams,","og_url":"https:\/\/simonjersey.eu\/lv\/produkts\/viriesu-kontrasta-apkakles-krekls\/","og_site_name":"Simon Jersey Latvija","article_modified_time":"2019-10-02T07:31:06+00:00","og_image":[{"width":1000,"height":1500,"url":"https:\/\/simonjersey.eu\/lv\/wp-content\/uploads\/sites\/2\/2019\/07\/MS2710-1.jpg","type":"image\/jpeg"}],"twitter_card":"summary_large_image","schema":{"@context":"https:\/\/schema.org","@graph":[{"@type":"WebPage","@id":"https:\/\/simonjersey.eu\/lv\/produkts\/viriesu-kontrasta-apkakles-krekls\/","url":"https:\/\/simonjersey.eu\/lv\/produkts\/viriesu-kontrasta-apkakles-krekls\/","name":"Stil\u012bgs ap\u0123\u0113rbs kafejn\u012bc\u0101m - Simon Jersey Latvija","isPartOf":{"@id":"https:\/\/simonjersey.eu\/lv\/#website"},"primaryImageOfPage":{"@id":"https:\/\/simonjersey.eu\/lv\/produkts\/viriesu-kontrasta-apkakles-krekls\/#primaryimage"},"image":{"@id":"https:\/\/simonjersey.eu\/lv\/produkts\/viriesu-kontrasta-apkakles-krekls\/#primaryimage"},"thumbnailUrl":"https:\/\/simonjersey.eu\/lv\/wp-content\/uploads\/sites\/2\/2019\/07\/MS2710-1.jpg","datePublished":"2019-07-12T11:00:00+00:00","dateModified":"2019-10-02T07:31:06+00:00","description":"\u0160is v\u012brie\u0161u krekls b\u016bs praktisks un \u0113rts jebkuras nozares darbiniekam un \u013caus izcelties ar kontrast\u0113jo\u0161o apkakl\u012bti. Viegli kopjams,","breadcrumb":{"@id":"https:\/\/simonjersey.eu\/lv\/produkts\/viriesu-kontrasta-apkakles-krekls\/#breadcrumb"},"inLanguage":"lv-LV","potentialAction":[{"@type":"ReadAction","target":["https:\/\/simonjersey.eu\/lv\/produkts\/viriesu-kontrasta-apkakles-krekls\/"]}]},{"@type":"ImageObject","inLanguage":"lv-LV","@id":"https:\/\/simonjersey.eu\/lv\/produkts\/viriesu-kontrasta-apkakles-krekls\/#primaryimage","url":"https:\/\/simonjersey.eu\/lv\/wp-content\/uploads\/sites\/2\/2019\/07\/MS2710-1.jpg","contentUrl":"https:\/\/simonjersey.eu\/lv\/wp-content\/uploads\/sites\/2\/2019\/07\/MS2710-1.jpg","width":1000,"height":1500},{"@type":"BreadcrumbList","@id":"https:\/\/simonjersey.eu\/lv\/produkts\/viriesu-kontrasta-apkakles-krekls\/#breadcrumb","itemListElement":[{"@type":"ListItem","position":1,"name":"Home","item":"https:\/\/simonjersey.eu\/lv\/"},{"@type":"ListItem","position":2,"name":"E-veikals","item":"https:\/\/simonjersey.eu\/lv\/e-veikals\/"},{"@type":"ListItem","position":3,"name":"V\u012brie\u0161u kontrasta apkakles krekls"}]},{"@type":"WebSite","@id":"https:\/\/simonjersey.eu\/lv\/#website","url":"https:\/\/simonjersey.eu\/lv\/","name":"Simon Jersey Latvija","description":"Kvalitat\u012bvi un iztur\u012bgi darba ap\u0123\u0113rbi","potentialAction":[{"@type":"SearchAction","target":{"@type":"EntryPoint","urlTemplate":"https:\/\/simonjersey.eu\/lv\/?s={search_term_string}"},"query-input":{"@type":"PropertyValueSpecification","valueRequired":true,"valueName":"search_term_string"}}],"inLanguage":"lv-LV"}]}},"_links":{"self":[{"href":"https:\/\/simonjersey.eu\/lv\/wp-json\/wp\/v2\/product\/2491","targetHints":{"allow":["GET"]}}],"collection":[{"href":"https:\/\/simonjersey.eu\/lv\/wp-json\/wp\/v2\/product"}],"about":[{"href":"https:\/\/simonjersey.eu\/lv\/wp-json\/wp\/v2\/types\/product"}],"wp:featuredmedia":[{"embeddable":true,"href":"https:\/\/simonjersey.eu\/lv\/wp-json\/wp\/v2\/media\/2499"}],"wp:attachment":[{"href":"https:\/\/simonjersey.eu\/lv\/wp-json\/wp\/v2\/media?parent=2491"}],"wp:term":[{"taxonomy":"product_brand","embeddable":true,"href":"https:\/\/simonjersey.eu\/lv\/wp-json\/wp\/v2\/product_brand?post=2491"},{"taxonomy":"product_cat","embeddable":true,"href":"https:\/\/simonjersey.eu\/lv\/wp-json\/wp\/v2\/product_cat?post=2491"},{"taxonomy":"product_tag","embeddable":true,"href":"https:\/\/simonjersey.eu\/lv\/wp-json\/wp\/v2\/product_tag?post=2491"}],"curies":[{"name":"wp","href":"https:\/\/api.w.org\/{rel}","templated":true}]}}