{"id":2780,"date":"2019-07-13T15:13:52","date_gmt":"2019-07-13T12:13:52","guid":{"rendered":"https:\/\/simonjersey.eu\/lv\/?post_type=product&#038;p=2780"},"modified":"2025-01-02T16:22:11","modified_gmt":"2025-01-02T13:22:11","slug":"paceltu-uzplecu-bluze-ar-isam-piedurknem","status":"publish","type":"product","link":"https:\/\/simonjersey.eu\/lv\/produkts\/paceltu-uzplecu-bluze-ar-isam-piedurknem\/","title":{"rendered":"Paceltu uzple\u010du bl\u016bze ar \u012bs\u0101m piedurkn\u0113m"},"content":{"rendered":"","protected":false},"excerpt":{"rendered":"<p>Pat\u012bkams materi\u0101ls, stil\u012bgs piegriezums un pacelti uzple\u010di.<br \/>\n\u0160\u012b bl\u016bze b\u016bs lieliska j\u016bsu ikdienai biroj\u0101.<\/p>\n<p>Materi\u0101ls: 65% poliesters, 35 kokvilna.<br \/>\nKop\u0161ana: Mazg\u0101t 30\u00b0 ve\u013cas ma\u0161\u012bn\u0101, viegli kopjams<br \/>\nIzm\u0113ri (UK): 8-26.<\/p>\n","protected":false},"featured_media":7841,"template":"","meta":[],"product_brand":[],"product_cat":[22,23,32,24,34,50,62,105],"product_tag":[278,270,274],"class_list":{"0":"post-2780","1":"product","2":"type-product","3":"status-publish","4":"has-post-thumbnail","6":"product_cat-restorani","7":"product_cat-iedvesma","8":"product_cat-vienkass","9":"product_cat-sievietem","10":"product_cat-bluzes","11":"product_cat-sievietem-viesmiliba","12":"product_cat-bluzes-sievietem-viesmiliba","13":"product_cat-sieviesu-bluzes","14":"product_tag-apgerbi-kafejnicas-darbiniekiem","15":"product_tag-sieviesu-bluzes","16":"product_tag-sieviesu-darba-drebes","18":"first","19":"instock","20":"taxable","21":"shipping-taxable","22":"purchasable","23":"product-type-variable","24":"has-default-attributes"},"yoast_head":"<!-- This site is optimized with the Yoast SEO plugin v27.2 - https:\/\/yoast.com\/product\/yoast-seo-wordpress\/ -->\n<title>Uniformas restor\u0101niem, viesm\u012b\u013cu uniformas - Simon Jersey Latvija<\/title>\n<meta name=\"description\" content=\"Pat\u012bkams materi\u0101ls, stil\u012bgs piegriezums un pacelti uzple\u010di. \u0160\u012b bl\u016bze b\u016bs lieliska j\u016bsu ikdienai biroj\u0101. Ve\u013cas ma\u0161\u012bn\u0101, viegli kopjams\" \/>\n<meta name=\"robots\" content=\"index, follow, max-snippet:-1, max-image-preview:large, max-video-preview:-1\" \/>\n<link rel=\"canonical\" href=\"https:\/\/simonjersey.eu\/lv\/produkts\/paceltu-uzplecu-bluze-ar-isam-piedurknem\/\" \/>\n<meta property=\"og:locale\" content=\"lv_LV\" \/>\n<meta property=\"og:type\" content=\"article\" \/>\n<meta property=\"og:title\" content=\"Uniformas restor\u0101niem, viesm\u012b\u013cu uniformas - Simon Jersey Latvija\" \/>\n<meta property=\"og:description\" content=\"Pat\u012bkams materi\u0101ls, stil\u012bgs piegriezums un pacelti uzple\u010di. \u0160\u012b bl\u016bze b\u016bs lieliska j\u016bsu ikdienai biroj\u0101. Ve\u013cas ma\u0161\u012bn\u0101, viegli kopjams\" \/>\n<meta property=\"og:url\" content=\"https:\/\/simonjersey.eu\/lv\/produkts\/paceltu-uzplecu-bluze-ar-isam-piedurknem\/\" \/>\n<meta property=\"og:site_name\" content=\"Simon Jersey Latvija\" \/>\n<meta property=\"article:modified_time\" content=\"2025-01-02T13:22:11+00:00\" \/>\n<meta property=\"og:image\" content=\"https:\/\/simonjersey.eu\/lv\/wp-content\/uploads\/sites\/2\/2019\/07\/Mandarin-krea-ja-puff-varrukaga-pluus.jpg\" \/>\n\t<meta property=\"og:image:width\" content=\"1000\" \/>\n\t<meta property=\"og:image:height\" content=\"1500\" \/>\n\t<meta property=\"og:image:type\" content=\"image\/jpeg\" \/>\n<meta name=\"twitter:card\" content=\"summary_large_image\" \/>\n<meta name=\"twitter:label1\" content=\"Est. reading time\" \/>\n\t<meta name=\"twitter:data1\" content=\"1 min\u016bte\" \/>\n<script type=\"application\/ld+json\" class=\"yoast-schema-graph\">{\"@context\":\"https:\/\/schema.org\",\"@graph\":[{\"@type\":\"WebPage\",\"@id\":\"https:\/\/simonjersey.eu\/lv\/produkts\/paceltu-uzplecu-bluze-ar-isam-piedurknem\/\",\"url\":\"https:\/\/simonjersey.eu\/lv\/produkts\/paceltu-uzplecu-bluze-ar-isam-piedurknem\/\",\"name\":\"Uniformas restor\u0101niem, viesm\u012b\u013cu uniformas - Simon Jersey Latvija\",\"isPartOf\":{\"@id\":\"https:\/\/simonjersey.eu\/lv\/#website\"},\"primaryImageOfPage\":{\"@id\":\"https:\/\/simonjersey.eu\/lv\/produkts\/paceltu-uzplecu-bluze-ar-isam-piedurknem\/#primaryimage\"},\"image\":{\"@id\":\"https:\/\/simonjersey.eu\/lv\/produkts\/paceltu-uzplecu-bluze-ar-isam-piedurknem\/#primaryimage\"},\"thumbnailUrl\":\"https:\/\/simonjersey.eu\/lv\/wp-content\/uploads\/sites\/2\/2019\/07\/Mandarin-krea-ja-puff-varrukaga-pluus.jpg\",\"datePublished\":\"2019-07-13T12:13:52+00:00\",\"dateModified\":\"2025-01-02T13:22:11+00:00\",\"description\":\"Pat\u012bkams materi\u0101ls, stil\u012bgs piegriezums un pacelti uzple\u010di. \u0160\u012b bl\u016bze b\u016bs lieliska j\u016bsu ikdienai biroj\u0101. Ve\u013cas ma\u0161\u012bn\u0101, viegli kopjams\",\"breadcrumb\":{\"@id\":\"https:\/\/simonjersey.eu\/lv\/produkts\/paceltu-uzplecu-bluze-ar-isam-piedurknem\/#breadcrumb\"},\"inLanguage\":\"lv-LV\",\"potentialAction\":[{\"@type\":\"ReadAction\",\"target\":[\"https:\/\/simonjersey.eu\/lv\/produkts\/paceltu-uzplecu-bluze-ar-isam-piedurknem\/\"]}]},{\"@type\":\"ImageObject\",\"inLanguage\":\"lv-LV\",\"@id\":\"https:\/\/simonjersey.eu\/lv\/produkts\/paceltu-uzplecu-bluze-ar-isam-piedurknem\/#primaryimage\",\"url\":\"https:\/\/simonjersey.eu\/lv\/wp-content\/uploads\/sites\/2\/2019\/07\/Mandarin-krea-ja-puff-varrukaga-pluus.jpg\",\"contentUrl\":\"https:\/\/simonjersey.eu\/lv\/wp-content\/uploads\/sites\/2\/2019\/07\/Mandarin-krea-ja-puff-varrukaga-pluus.jpg\",\"width\":1000,\"height\":1500},{\"@type\":\"BreadcrumbList\",\"@id\":\"https:\/\/simonjersey.eu\/lv\/produkts\/paceltu-uzplecu-bluze-ar-isam-piedurknem\/#breadcrumb\",\"itemListElement\":[{\"@type\":\"ListItem\",\"position\":1,\"name\":\"Home\",\"item\":\"https:\/\/simonjersey.eu\/lv\/\"},{\"@type\":\"ListItem\",\"position\":2,\"name\":\"E-veikals\",\"item\":\"https:\/\/simonjersey.eu\/lv\/e-veikals\/\"},{\"@type\":\"ListItem\",\"position\":3,\"name\":\"Paceltu uzple\u010du bl\u016bze ar \u012bs\u0101m piedurkn\u0113m\"}]},{\"@type\":\"WebSite\",\"@id\":\"https:\/\/simonjersey.eu\/lv\/#website\",\"url\":\"https:\/\/simonjersey.eu\/lv\/\",\"name\":\"Simon Jersey Latvija\",\"description\":\"Kvalitat\u012bvi un iztur\u012bgi darba ap\u0123\u0113rbi\",\"potentialAction\":[{\"@type\":\"SearchAction\",\"target\":{\"@type\":\"EntryPoint\",\"urlTemplate\":\"https:\/\/simonjersey.eu\/lv\/?s={search_term_string}\"},\"query-input\":{\"@type\":\"PropertyValueSpecification\",\"valueRequired\":true,\"valueName\":\"search_term_string\"}}],\"inLanguage\":\"lv-LV\"}]}<\/script>\n<!-- \/ Yoast SEO plugin. -->","yoast_head_json":{"title":"Uniformas restor\u0101niem, viesm\u012b\u013cu uniformas - Simon Jersey Latvija","description":"Pat\u012bkams materi\u0101ls, stil\u012bgs piegriezums un pacelti uzple\u010di. \u0160\u012b bl\u016bze b\u016bs lieliska j\u016bsu ikdienai biroj\u0101. Ve\u013cas ma\u0161\u012bn\u0101, viegli kopjams","robots":{"index":"index","follow":"follow","max-snippet":"max-snippet:-1","max-image-preview":"max-image-preview:large","max-video-preview":"max-video-preview:-1"},"canonical":"https:\/\/simonjersey.eu\/lv\/produkts\/paceltu-uzplecu-bluze-ar-isam-piedurknem\/","og_locale":"lv_LV","og_type":"article","og_title":"Uniformas restor\u0101niem, viesm\u012b\u013cu uniformas - Simon Jersey Latvija","og_description":"Pat\u012bkams materi\u0101ls, stil\u012bgs piegriezums un pacelti uzple\u010di. \u0160\u012b bl\u016bze b\u016bs lieliska j\u016bsu ikdienai biroj\u0101. Ve\u013cas ma\u0161\u012bn\u0101, viegli kopjams","og_url":"https:\/\/simonjersey.eu\/lv\/produkts\/paceltu-uzplecu-bluze-ar-isam-piedurknem\/","og_site_name":"Simon Jersey Latvija","article_modified_time":"2025-01-02T13:22:11+00:00","og_image":[{"width":1000,"height":1500,"url":"https:\/\/simonjersey.eu\/lv\/wp-content\/uploads\/sites\/2\/2019\/07\/Mandarin-krea-ja-puff-varrukaga-pluus.jpg","type":"image\/jpeg"}],"twitter_card":"summary_large_image","twitter_misc":{"Est. reading time":"1 min\u016bte"},"schema":{"@context":"https:\/\/schema.org","@graph":[{"@type":"WebPage","@id":"https:\/\/simonjersey.eu\/lv\/produkts\/paceltu-uzplecu-bluze-ar-isam-piedurknem\/","url":"https:\/\/simonjersey.eu\/lv\/produkts\/paceltu-uzplecu-bluze-ar-isam-piedurknem\/","name":"Uniformas restor\u0101niem, viesm\u012b\u013cu uniformas - Simon Jersey Latvija","isPartOf":{"@id":"https:\/\/simonjersey.eu\/lv\/#website"},"primaryImageOfPage":{"@id":"https:\/\/simonjersey.eu\/lv\/produkts\/paceltu-uzplecu-bluze-ar-isam-piedurknem\/#primaryimage"},"image":{"@id":"https:\/\/simonjersey.eu\/lv\/produkts\/paceltu-uzplecu-bluze-ar-isam-piedurknem\/#primaryimage"},"thumbnailUrl":"https:\/\/simonjersey.eu\/lv\/wp-content\/uploads\/sites\/2\/2019\/07\/Mandarin-krea-ja-puff-varrukaga-pluus.jpg","datePublished":"2019-07-13T12:13:52+00:00","dateModified":"2025-01-02T13:22:11+00:00","description":"Pat\u012bkams materi\u0101ls, stil\u012bgs piegriezums un pacelti uzple\u010di. \u0160\u012b bl\u016bze b\u016bs lieliska j\u016bsu ikdienai biroj\u0101. Ve\u013cas ma\u0161\u012bn\u0101, viegli kopjams","breadcrumb":{"@id":"https:\/\/simonjersey.eu\/lv\/produkts\/paceltu-uzplecu-bluze-ar-isam-piedurknem\/#breadcrumb"},"inLanguage":"lv-LV","potentialAction":[{"@type":"ReadAction","target":["https:\/\/simonjersey.eu\/lv\/produkts\/paceltu-uzplecu-bluze-ar-isam-piedurknem\/"]}]},{"@type":"ImageObject","inLanguage":"lv-LV","@id":"https:\/\/simonjersey.eu\/lv\/produkts\/paceltu-uzplecu-bluze-ar-isam-piedurknem\/#primaryimage","url":"https:\/\/simonjersey.eu\/lv\/wp-content\/uploads\/sites\/2\/2019\/07\/Mandarin-krea-ja-puff-varrukaga-pluus.jpg","contentUrl":"https:\/\/simonjersey.eu\/lv\/wp-content\/uploads\/sites\/2\/2019\/07\/Mandarin-krea-ja-puff-varrukaga-pluus.jpg","width":1000,"height":1500},{"@type":"BreadcrumbList","@id":"https:\/\/simonjersey.eu\/lv\/produkts\/paceltu-uzplecu-bluze-ar-isam-piedurknem\/#breadcrumb","itemListElement":[{"@type":"ListItem","position":1,"name":"Home","item":"https:\/\/simonjersey.eu\/lv\/"},{"@type":"ListItem","position":2,"name":"E-veikals","item":"https:\/\/simonjersey.eu\/lv\/e-veikals\/"},{"@type":"ListItem","position":3,"name":"Paceltu uzple\u010du bl\u016bze ar \u012bs\u0101m piedurkn\u0113m"}]},{"@type":"WebSite","@id":"https:\/\/simonjersey.eu\/lv\/#website","url":"https:\/\/simonjersey.eu\/lv\/","name":"Simon Jersey Latvija","description":"Kvalitat\u012bvi un iztur\u012bgi darba ap\u0123\u0113rbi","potentialAction":[{"@type":"SearchAction","target":{"@type":"EntryPoint","urlTemplate":"https:\/\/simonjersey.eu\/lv\/?s={search_term_string}"},"query-input":{"@type":"PropertyValueSpecification","valueRequired":true,"valueName":"search_term_string"}}],"inLanguage":"lv-LV"}]}},"_links":{"self":[{"href":"https:\/\/simonjersey.eu\/lv\/wp-json\/wp\/v2\/product\/2780","targetHints":{"allow":["GET"]}}],"collection":[{"href":"https:\/\/simonjersey.eu\/lv\/wp-json\/wp\/v2\/product"}],"about":[{"href":"https:\/\/simonjersey.eu\/lv\/wp-json\/wp\/v2\/types\/product"}],"wp:featuredmedia":[{"embeddable":true,"href":"https:\/\/simonjersey.eu\/lv\/wp-json\/wp\/v2\/media\/7841"}],"wp:attachment":[{"href":"https:\/\/simonjersey.eu\/lv\/wp-json\/wp\/v2\/media?parent=2780"}],"wp:term":[{"taxonomy":"product_brand","embeddable":true,"href":"https:\/\/simonjersey.eu\/lv\/wp-json\/wp\/v2\/product_brand?post=2780"},{"taxonomy":"product_cat","embeddable":true,"href":"https:\/\/simonjersey.eu\/lv\/wp-json\/wp\/v2\/product_cat?post=2780"},{"taxonomy":"product_tag","embeddable":true,"href":"https:\/\/simonjersey.eu\/lv\/wp-json\/wp\/v2\/product_tag?post=2780"}],"curies":[{"name":"wp","href":"https:\/\/api.w.org\/{rel}","templated":true}]}}