{"id":2796,"date":"2019-07-13T15:22:34","date_gmt":"2019-07-13T12:22:34","guid":{"rendered":"https:\/\/simonjersey.eu\/lv\/?post_type=product&#038;p=2796"},"modified":"2024-12-16T16:52:30","modified_gmt":"2024-12-16T13:52:30","slug":"polycotton-sieviesu-bluze-ar-garam-piedurknem","status":"publish","type":"product","link":"https:\/\/simonjersey.eu\/lv\/produkts\/polycotton-sieviesu-bluze-ar-garam-piedurknem\/","title":{"rendered":"Polycotton sievie\u0161u bl\u016bze ar gar\u0101m piedurkn\u0113m"},"content":{"rendered":"","protected":false},"excerpt":{"rendered":"<p>Prakstiska un klasiska sievie\u0161u bl\u016bze meln\u0101 un balt\u0101 kr\u0101s\u0101. Apsl\u0113ptas priek\u0161\u0113j\u0101s pogas,<br \/>\nlai dotu sak\u0101rtot\u0101ku t\u0113lu.<\/p>\n<p>Materi\u0101ls: 65% poliesters, 35% kokvilna.<br \/>\nKop\u0161ana: Kop\u0161ana: Mazg\u0101t 30\u00b0 ve\u013cas ma\u0161\u012bn\u0101 ve\u013cas ma\u0161\u012bn\u0101, viegli kopjams, minim\u0101la gludin\u0101\u0161ana.<br \/>\nIzm\u0113ri (UK): 6-26.<\/p>\n","protected":false},"featured_media":2804,"template":"","meta":[],"product_brand":[],"product_cat":[22,23,33,24,34,50,62,105],"product_tag":[278,294,293],"class_list":{"0":"post-2796","1":"product","2":"type-product","3":"status-publish","4":"has-post-thumbnail","6":"product_cat-restorani","7":"product_cat-iedvesma","8":"product_cat-formals","9":"product_cat-sievietem","10":"product_cat-bluzes","11":"product_cat-sievietem-viesmiliba","12":"product_cat-bluzes-sievietem-viesmiliba","13":"product_cat-sieviesu-bluzes","14":"product_tag-apgerbi-kafejnicas-darbiniekiem","15":"product_tag-klientu-apkalposanas-uniformas","16":"product_tag-uniformas-restoraniem","18":"first","19":"instock","20":"taxable","21":"shipping-taxable","22":"purchasable","23":"product-type-variable","24":"has-default-attributes"},"yoast_head":"<!-- This site is optimized with the Yoast SEO plugin v27.2 - https:\/\/yoast.com\/product\/yoast-seo-wordpress\/ -->\n<title>Darba ap\u0123\u0113rbs viesn\u012bcu darbiniekiem - Simon Jersey Latvija<\/title>\n<meta name=\"description\" content=\"Prakstiska un klasiska sievie\u0161u bl\u016bze meln\u0101 un balt\u0101 kr\u0101s\u0101. Apsl\u0113ptas priek\u0161\u0113j\u0101s pogas, lai dotu sak\u0101rtot\u0101ku t\u0113lu.\" \/>\n<meta name=\"robots\" content=\"index, follow, max-snippet:-1, max-image-preview:large, max-video-preview:-1\" \/>\n<link rel=\"canonical\" href=\"https:\/\/simonjersey.eu\/lv\/produkts\/polycotton-sieviesu-bluze-ar-garam-piedurknem\/\" \/>\n<meta property=\"og:locale\" content=\"lv_LV\" \/>\n<meta property=\"og:type\" content=\"article\" \/>\n<meta property=\"og:title\" content=\"Darba ap\u0123\u0113rbs viesn\u012bcu darbiniekiem - Simon Jersey Latvija\" \/>\n<meta property=\"og:description\" content=\"Prakstiska un klasiska sievie\u0161u bl\u016bze meln\u0101 un balt\u0101 kr\u0101s\u0101. Apsl\u0113ptas priek\u0161\u0113j\u0101s pogas, lai dotu sak\u0101rtot\u0101ku t\u0113lu.\" \/>\n<meta property=\"og:url\" content=\"https:\/\/simonjersey.eu\/lv\/produkts\/polycotton-sieviesu-bluze-ar-garam-piedurknem\/\" \/>\n<meta property=\"og:site_name\" content=\"Simon Jersey Latvija\" \/>\n<meta property=\"article:modified_time\" content=\"2024-12-16T13:52:30+00:00\" \/>\n<meta property=\"og:image\" content=\"https:\/\/simonjersey.eu\/lv\/wp-content\/uploads\/sites\/2\/2019\/07\/FB0124-1.jpg\" \/>\n\t<meta property=\"og:image:width\" content=\"1000\" \/>\n\t<meta property=\"og:image:height\" content=\"1500\" \/>\n\t<meta property=\"og:image:type\" content=\"image\/jpeg\" \/>\n<meta name=\"twitter:card\" content=\"summary_large_image\" \/>\n<meta name=\"twitter:label1\" content=\"Est. reading time\" \/>\n\t<meta name=\"twitter:data1\" content=\"1 min\u016bte\" \/>\n<script type=\"application\/ld+json\" class=\"yoast-schema-graph\">{\"@context\":\"https:\/\/schema.org\",\"@graph\":[{\"@type\":\"WebPage\",\"@id\":\"https:\/\/simonjersey.eu\/lv\/produkts\/polycotton-sieviesu-bluze-ar-garam-piedurknem\/\",\"url\":\"https:\/\/simonjersey.eu\/lv\/produkts\/polycotton-sieviesu-bluze-ar-garam-piedurknem\/\",\"name\":\"Darba ap\u0123\u0113rbs viesn\u012bcu darbiniekiem - Simon Jersey Latvija\",\"isPartOf\":{\"@id\":\"https:\/\/simonjersey.eu\/lv\/#website\"},\"primaryImageOfPage\":{\"@id\":\"https:\/\/simonjersey.eu\/lv\/produkts\/polycotton-sieviesu-bluze-ar-garam-piedurknem\/#primaryimage\"},\"image\":{\"@id\":\"https:\/\/simonjersey.eu\/lv\/produkts\/polycotton-sieviesu-bluze-ar-garam-piedurknem\/#primaryimage\"},\"thumbnailUrl\":\"https:\/\/simonjersey.eu\/lv\/wp-content\/uploads\/sites\/2\/2019\/07\/FB0124-1.jpg\",\"datePublished\":\"2019-07-13T12:22:34+00:00\",\"dateModified\":\"2024-12-16T13:52:30+00:00\",\"description\":\"Prakstiska un klasiska sievie\u0161u bl\u016bze meln\u0101 un balt\u0101 kr\u0101s\u0101. Apsl\u0113ptas priek\u0161\u0113j\u0101s pogas, lai dotu sak\u0101rtot\u0101ku t\u0113lu.\",\"breadcrumb\":{\"@id\":\"https:\/\/simonjersey.eu\/lv\/produkts\/polycotton-sieviesu-bluze-ar-garam-piedurknem\/#breadcrumb\"},\"inLanguage\":\"lv-LV\",\"potentialAction\":[{\"@type\":\"ReadAction\",\"target\":[\"https:\/\/simonjersey.eu\/lv\/produkts\/polycotton-sieviesu-bluze-ar-garam-piedurknem\/\"]}]},{\"@type\":\"ImageObject\",\"inLanguage\":\"lv-LV\",\"@id\":\"https:\/\/simonjersey.eu\/lv\/produkts\/polycotton-sieviesu-bluze-ar-garam-piedurknem\/#primaryimage\",\"url\":\"https:\/\/simonjersey.eu\/lv\/wp-content\/uploads\/sites\/2\/2019\/07\/FB0124-1.jpg\",\"contentUrl\":\"https:\/\/simonjersey.eu\/lv\/wp-content\/uploads\/sites\/2\/2019\/07\/FB0124-1.jpg\",\"width\":1000,\"height\":1500},{\"@type\":\"BreadcrumbList\",\"@id\":\"https:\/\/simonjersey.eu\/lv\/produkts\/polycotton-sieviesu-bluze-ar-garam-piedurknem\/#breadcrumb\",\"itemListElement\":[{\"@type\":\"ListItem\",\"position\":1,\"name\":\"Home\",\"item\":\"https:\/\/simonjersey.eu\/lv\/\"},{\"@type\":\"ListItem\",\"position\":2,\"name\":\"E-veikals\",\"item\":\"https:\/\/simonjersey.eu\/lv\/e-veikals\/\"},{\"@type\":\"ListItem\",\"position\":3,\"name\":\"Polycotton sievie\u0161u bl\u016bze ar gar\u0101m piedurkn\u0113m\"}]},{\"@type\":\"WebSite\",\"@id\":\"https:\/\/simonjersey.eu\/lv\/#website\",\"url\":\"https:\/\/simonjersey.eu\/lv\/\",\"name\":\"Simon Jersey Latvija\",\"description\":\"Kvalitat\u012bvi un iztur\u012bgi darba ap\u0123\u0113rbi\",\"potentialAction\":[{\"@type\":\"SearchAction\",\"target\":{\"@type\":\"EntryPoint\",\"urlTemplate\":\"https:\/\/simonjersey.eu\/lv\/?s={search_term_string}\"},\"query-input\":{\"@type\":\"PropertyValueSpecification\",\"valueRequired\":true,\"valueName\":\"search_term_string\"}}],\"inLanguage\":\"lv-LV\"}]}<\/script>\n<!-- \/ Yoast SEO plugin. -->","yoast_head_json":{"title":"Darba ap\u0123\u0113rbs viesn\u012bcu darbiniekiem - Simon Jersey Latvija","description":"Prakstiska un klasiska sievie\u0161u bl\u016bze meln\u0101 un balt\u0101 kr\u0101s\u0101. Apsl\u0113ptas priek\u0161\u0113j\u0101s pogas, lai dotu sak\u0101rtot\u0101ku t\u0113lu.","robots":{"index":"index","follow":"follow","max-snippet":"max-snippet:-1","max-image-preview":"max-image-preview:large","max-video-preview":"max-video-preview:-1"},"canonical":"https:\/\/simonjersey.eu\/lv\/produkts\/polycotton-sieviesu-bluze-ar-garam-piedurknem\/","og_locale":"lv_LV","og_type":"article","og_title":"Darba ap\u0123\u0113rbs viesn\u012bcu darbiniekiem - Simon Jersey Latvija","og_description":"Prakstiska un klasiska sievie\u0161u bl\u016bze meln\u0101 un balt\u0101 kr\u0101s\u0101. Apsl\u0113ptas priek\u0161\u0113j\u0101s pogas, lai dotu sak\u0101rtot\u0101ku t\u0113lu.","og_url":"https:\/\/simonjersey.eu\/lv\/produkts\/polycotton-sieviesu-bluze-ar-garam-piedurknem\/","og_site_name":"Simon Jersey Latvija","article_modified_time":"2024-12-16T13:52:30+00:00","og_image":[{"width":1000,"height":1500,"url":"https:\/\/simonjersey.eu\/lv\/wp-content\/uploads\/sites\/2\/2019\/07\/FB0124-1.jpg","type":"image\/jpeg"}],"twitter_card":"summary_large_image","twitter_misc":{"Est. reading time":"1 min\u016bte"},"schema":{"@context":"https:\/\/schema.org","@graph":[{"@type":"WebPage","@id":"https:\/\/simonjersey.eu\/lv\/produkts\/polycotton-sieviesu-bluze-ar-garam-piedurknem\/","url":"https:\/\/simonjersey.eu\/lv\/produkts\/polycotton-sieviesu-bluze-ar-garam-piedurknem\/","name":"Darba ap\u0123\u0113rbs viesn\u012bcu darbiniekiem - Simon Jersey Latvija","isPartOf":{"@id":"https:\/\/simonjersey.eu\/lv\/#website"},"primaryImageOfPage":{"@id":"https:\/\/simonjersey.eu\/lv\/produkts\/polycotton-sieviesu-bluze-ar-garam-piedurknem\/#primaryimage"},"image":{"@id":"https:\/\/simonjersey.eu\/lv\/produkts\/polycotton-sieviesu-bluze-ar-garam-piedurknem\/#primaryimage"},"thumbnailUrl":"https:\/\/simonjersey.eu\/lv\/wp-content\/uploads\/sites\/2\/2019\/07\/FB0124-1.jpg","datePublished":"2019-07-13T12:22:34+00:00","dateModified":"2024-12-16T13:52:30+00:00","description":"Prakstiska un klasiska sievie\u0161u bl\u016bze meln\u0101 un balt\u0101 kr\u0101s\u0101. Apsl\u0113ptas priek\u0161\u0113j\u0101s pogas, lai dotu sak\u0101rtot\u0101ku t\u0113lu.","breadcrumb":{"@id":"https:\/\/simonjersey.eu\/lv\/produkts\/polycotton-sieviesu-bluze-ar-garam-piedurknem\/#breadcrumb"},"inLanguage":"lv-LV","potentialAction":[{"@type":"ReadAction","target":["https:\/\/simonjersey.eu\/lv\/produkts\/polycotton-sieviesu-bluze-ar-garam-piedurknem\/"]}]},{"@type":"ImageObject","inLanguage":"lv-LV","@id":"https:\/\/simonjersey.eu\/lv\/produkts\/polycotton-sieviesu-bluze-ar-garam-piedurknem\/#primaryimage","url":"https:\/\/simonjersey.eu\/lv\/wp-content\/uploads\/sites\/2\/2019\/07\/FB0124-1.jpg","contentUrl":"https:\/\/simonjersey.eu\/lv\/wp-content\/uploads\/sites\/2\/2019\/07\/FB0124-1.jpg","width":1000,"height":1500},{"@type":"BreadcrumbList","@id":"https:\/\/simonjersey.eu\/lv\/produkts\/polycotton-sieviesu-bluze-ar-garam-piedurknem\/#breadcrumb","itemListElement":[{"@type":"ListItem","position":1,"name":"Home","item":"https:\/\/simonjersey.eu\/lv\/"},{"@type":"ListItem","position":2,"name":"E-veikals","item":"https:\/\/simonjersey.eu\/lv\/e-veikals\/"},{"@type":"ListItem","position":3,"name":"Polycotton sievie\u0161u bl\u016bze ar gar\u0101m piedurkn\u0113m"}]},{"@type":"WebSite","@id":"https:\/\/simonjersey.eu\/lv\/#website","url":"https:\/\/simonjersey.eu\/lv\/","name":"Simon Jersey Latvija","description":"Kvalitat\u012bvi un iztur\u012bgi darba ap\u0123\u0113rbi","potentialAction":[{"@type":"SearchAction","target":{"@type":"EntryPoint","urlTemplate":"https:\/\/simonjersey.eu\/lv\/?s={search_term_string}"},"query-input":{"@type":"PropertyValueSpecification","valueRequired":true,"valueName":"search_term_string"}}],"inLanguage":"lv-LV"}]}},"_links":{"self":[{"href":"https:\/\/simonjersey.eu\/lv\/wp-json\/wp\/v2\/product\/2796","targetHints":{"allow":["GET"]}}],"collection":[{"href":"https:\/\/simonjersey.eu\/lv\/wp-json\/wp\/v2\/product"}],"about":[{"href":"https:\/\/simonjersey.eu\/lv\/wp-json\/wp\/v2\/types\/product"}],"wp:featuredmedia":[{"embeddable":true,"href":"https:\/\/simonjersey.eu\/lv\/wp-json\/wp\/v2\/media\/2804"}],"wp:attachment":[{"href":"https:\/\/simonjersey.eu\/lv\/wp-json\/wp\/v2\/media?parent=2796"}],"wp:term":[{"taxonomy":"product_brand","embeddable":true,"href":"https:\/\/simonjersey.eu\/lv\/wp-json\/wp\/v2\/product_brand?post=2796"},{"taxonomy":"product_cat","embeddable":true,"href":"https:\/\/simonjersey.eu\/lv\/wp-json\/wp\/v2\/product_cat?post=2796"},{"taxonomy":"product_tag","embeddable":true,"href":"https:\/\/simonjersey.eu\/lv\/wp-json\/wp\/v2\/product_tag?post=2796"}],"curies":[{"name":"wp","href":"https:\/\/api.w.org\/{rel}","templated":true}]}}