{"id":3288,"date":"2019-07-20T15:35:55","date_gmt":"2019-07-20T12:35:55","guid":{"rendered":"https:\/\/simonjersey.eu\/lv\/?post_type=product&#038;p=3288"},"modified":"2019-07-20T15:37:02","modified_gmt":"2019-07-20T12:37:02","slug":"dzinsa-isais-prieksauts","status":"publish","type":"product","link":"https:\/\/simonjersey.eu\/lv\/produkts\/dzinsa-isais-prieksauts\/","title":{"rendered":"D\u017einsa \u012asais Priek\u0161auts"},"content":{"rendered":"","protected":false},"excerpt":{"rendered":"<p>Stil\u012bgs un funkcion\u0101ls priek\u0161auts j\u016bsu viesm\u012bl\u012bbas komandai.<br \/>\nPriek\u0161\u0101 kabata un aizmugur\u0113 sasienama kontrast\u0113jo\u0161a josta.<\/p>\n<p>Ir pieejams ar\u012b <a href=\"https:\/\/simonjersey.eu\/lv\/produkts\/dzinsa-garais-prieksauts\/\">gar\u0161 priek\u0161auts<\/a>.<\/p>\n<p>Materi\u0101ls: 55kokvilna, 45% elast\u0101ns.<br \/>\nKop\u0161ana: 40\u00b0 mazg\u0101\u0161ana.<br \/>\nViens izm\u0113rs.<\/p>\n","protected":false},"featured_media":3292,"template":"","meta":[],"product_brand":[],"product_cat":[23,31,28,55,113],"product_tag":[415,387,389],"class_list":{"0":"post-3288","1":"product","2":"type-product","3":"status-publish","4":"has-post-thumbnail","6":"product_cat-iedvesma","7":"product_cat-stilizets","8":"product_cat-prieksauti","9":"product_cat-prieksauti-viesmiliba","10":"product_cat-prieksauti-2","11":"product_tag-dzinsa-prieksauts","12":"product_tag-prieksauti","13":"product_tag-prieksauti-kafejnicam","15":"first","16":"instock","17":"taxable","18":"shipping-taxable","19":"purchasable","20":"product-type-variable","21":"has-default-attributes"},"yoast_head":"<!-- This site is optimized with the Yoast SEO plugin v27.2 - https:\/\/yoast.com\/product\/yoast-seo-wordpress\/ -->\n<title>D\u017einsa \u012asais Priek\u0161auts - Simon Jersey Latvija<\/title>\n<meta name=\"description\" content=\"Stil\u012bgs un funkcion\u0101ls priek\u0161auts j\u016bsu viesm\u012bl\u012bbas komandai. Priek\u0161\u0101 kabata un aizmugur\u0113 sasienama kontrast\u0113jo\u0161a josta.\" \/>\n<meta name=\"robots\" content=\"index, follow, max-snippet:-1, max-image-preview:large, max-video-preview:-1\" \/>\n<link rel=\"canonical\" href=\"https:\/\/simonjersey.eu\/lv\/produkts\/dzinsa-isais-prieksauts\/\" \/>\n<meta property=\"og:locale\" content=\"lv_LV\" \/>\n<meta property=\"og:type\" content=\"article\" \/>\n<meta property=\"og:title\" content=\"D\u017einsa \u012asais Priek\u0161auts - Simon Jersey Latvija\" \/>\n<meta property=\"og:description\" content=\"Stil\u012bgs un funkcion\u0101ls priek\u0161auts j\u016bsu viesm\u012bl\u012bbas komandai. Priek\u0161\u0101 kabata un aizmugur\u0113 sasienama kontrast\u0113jo\u0161a josta.\" \/>\n<meta property=\"og:url\" content=\"https:\/\/simonjersey.eu\/lv\/produkts\/dzinsa-isais-prieksauts\/\" \/>\n<meta property=\"og:site_name\" content=\"Simon Jersey Latvija\" \/>\n<meta property=\"article:modified_time\" content=\"2019-07-20T12:37:02+00:00\" \/>\n<meta property=\"og:image\" content=\"https:\/\/simonjersey.eu\/lv\/wp-content\/uploads\/sites\/2\/2019\/07\/MP4390-1.jpg\" \/>\n\t<meta property=\"og:image:width\" content=\"1000\" \/>\n\t<meta property=\"og:image:height\" content=\"1500\" \/>\n\t<meta property=\"og:image:type\" content=\"image\/jpeg\" \/>\n<meta name=\"twitter:card\" content=\"summary_large_image\" \/>\n<script type=\"application\/ld+json\" class=\"yoast-schema-graph\">{\"@context\":\"https:\/\/schema.org\",\"@graph\":[{\"@type\":\"WebPage\",\"@id\":\"https:\/\/simonjersey.eu\/lv\/produkts\/dzinsa-isais-prieksauts\/\",\"url\":\"https:\/\/simonjersey.eu\/lv\/produkts\/dzinsa-isais-prieksauts\/\",\"name\":\"D\u017einsa \u012asais Priek\u0161auts - Simon Jersey Latvija\",\"isPartOf\":{\"@id\":\"https:\/\/simonjersey.eu\/lv\/#website\"},\"primaryImageOfPage\":{\"@id\":\"https:\/\/simonjersey.eu\/lv\/produkts\/dzinsa-isais-prieksauts\/#primaryimage\"},\"image\":{\"@id\":\"https:\/\/simonjersey.eu\/lv\/produkts\/dzinsa-isais-prieksauts\/#primaryimage\"},\"thumbnailUrl\":\"https:\/\/simonjersey.eu\/lv\/wp-content\/uploads\/sites\/2\/2019\/07\/MP4390-1.jpg\",\"datePublished\":\"2019-07-20T12:35:55+00:00\",\"dateModified\":\"2019-07-20T12:37:02+00:00\",\"description\":\"Stil\u012bgs un funkcion\u0101ls priek\u0161auts j\u016bsu viesm\u012bl\u012bbas komandai. Priek\u0161\u0101 kabata un aizmugur\u0113 sasienama kontrast\u0113jo\u0161a josta.\",\"breadcrumb\":{\"@id\":\"https:\/\/simonjersey.eu\/lv\/produkts\/dzinsa-isais-prieksauts\/#breadcrumb\"},\"inLanguage\":\"lv-LV\",\"potentialAction\":[{\"@type\":\"ReadAction\",\"target\":[\"https:\/\/simonjersey.eu\/lv\/produkts\/dzinsa-isais-prieksauts\/\"]}]},{\"@type\":\"ImageObject\",\"inLanguage\":\"lv-LV\",\"@id\":\"https:\/\/simonjersey.eu\/lv\/produkts\/dzinsa-isais-prieksauts\/#primaryimage\",\"url\":\"https:\/\/simonjersey.eu\/lv\/wp-content\/uploads\/sites\/2\/2019\/07\/MP4390-1.jpg\",\"contentUrl\":\"https:\/\/simonjersey.eu\/lv\/wp-content\/uploads\/sites\/2\/2019\/07\/MP4390-1.jpg\",\"width\":1000,\"height\":1500},{\"@type\":\"BreadcrumbList\",\"@id\":\"https:\/\/simonjersey.eu\/lv\/produkts\/dzinsa-isais-prieksauts\/#breadcrumb\",\"itemListElement\":[{\"@type\":\"ListItem\",\"position\":1,\"name\":\"Home\",\"item\":\"https:\/\/simonjersey.eu\/lv\/\"},{\"@type\":\"ListItem\",\"position\":2,\"name\":\"E-veikals\",\"item\":\"https:\/\/simonjersey.eu\/lv\/e-veikals\/\"},{\"@type\":\"ListItem\",\"position\":3,\"name\":\"D\u017einsa \u012asais Priek\u0161auts\"}]},{\"@type\":\"WebSite\",\"@id\":\"https:\/\/simonjersey.eu\/lv\/#website\",\"url\":\"https:\/\/simonjersey.eu\/lv\/\",\"name\":\"Simon Jersey Latvija\",\"description\":\"Kvalitat\u012bvi un iztur\u012bgi darba ap\u0123\u0113rbi\",\"potentialAction\":[{\"@type\":\"SearchAction\",\"target\":{\"@type\":\"EntryPoint\",\"urlTemplate\":\"https:\/\/simonjersey.eu\/lv\/?s={search_term_string}\"},\"query-input\":{\"@type\":\"PropertyValueSpecification\",\"valueRequired\":true,\"valueName\":\"search_term_string\"}}],\"inLanguage\":\"lv-LV\"}]}<\/script>\n<!-- \/ Yoast SEO plugin. -->","yoast_head_json":{"title":"D\u017einsa \u012asais Priek\u0161auts - Simon Jersey Latvija","description":"Stil\u012bgs un funkcion\u0101ls priek\u0161auts j\u016bsu viesm\u012bl\u012bbas komandai. Priek\u0161\u0101 kabata un aizmugur\u0113 sasienama kontrast\u0113jo\u0161a josta.","robots":{"index":"index","follow":"follow","max-snippet":"max-snippet:-1","max-image-preview":"max-image-preview:large","max-video-preview":"max-video-preview:-1"},"canonical":"https:\/\/simonjersey.eu\/lv\/produkts\/dzinsa-isais-prieksauts\/","og_locale":"lv_LV","og_type":"article","og_title":"D\u017einsa \u012asais Priek\u0161auts - Simon Jersey Latvija","og_description":"Stil\u012bgs un funkcion\u0101ls priek\u0161auts j\u016bsu viesm\u012bl\u012bbas komandai. Priek\u0161\u0101 kabata un aizmugur\u0113 sasienama kontrast\u0113jo\u0161a josta.","og_url":"https:\/\/simonjersey.eu\/lv\/produkts\/dzinsa-isais-prieksauts\/","og_site_name":"Simon Jersey Latvija","article_modified_time":"2019-07-20T12:37:02+00:00","og_image":[{"width":1000,"height":1500,"url":"https:\/\/simonjersey.eu\/lv\/wp-content\/uploads\/sites\/2\/2019\/07\/MP4390-1.jpg","type":"image\/jpeg"}],"twitter_card":"summary_large_image","schema":{"@context":"https:\/\/schema.org","@graph":[{"@type":"WebPage","@id":"https:\/\/simonjersey.eu\/lv\/produkts\/dzinsa-isais-prieksauts\/","url":"https:\/\/simonjersey.eu\/lv\/produkts\/dzinsa-isais-prieksauts\/","name":"D\u017einsa \u012asais Priek\u0161auts - Simon Jersey Latvija","isPartOf":{"@id":"https:\/\/simonjersey.eu\/lv\/#website"},"primaryImageOfPage":{"@id":"https:\/\/simonjersey.eu\/lv\/produkts\/dzinsa-isais-prieksauts\/#primaryimage"},"image":{"@id":"https:\/\/simonjersey.eu\/lv\/produkts\/dzinsa-isais-prieksauts\/#primaryimage"},"thumbnailUrl":"https:\/\/simonjersey.eu\/lv\/wp-content\/uploads\/sites\/2\/2019\/07\/MP4390-1.jpg","datePublished":"2019-07-20T12:35:55+00:00","dateModified":"2019-07-20T12:37:02+00:00","description":"Stil\u012bgs un funkcion\u0101ls priek\u0161auts j\u016bsu viesm\u012bl\u012bbas komandai. Priek\u0161\u0101 kabata un aizmugur\u0113 sasienama kontrast\u0113jo\u0161a josta.","breadcrumb":{"@id":"https:\/\/simonjersey.eu\/lv\/produkts\/dzinsa-isais-prieksauts\/#breadcrumb"},"inLanguage":"lv-LV","potentialAction":[{"@type":"ReadAction","target":["https:\/\/simonjersey.eu\/lv\/produkts\/dzinsa-isais-prieksauts\/"]}]},{"@type":"ImageObject","inLanguage":"lv-LV","@id":"https:\/\/simonjersey.eu\/lv\/produkts\/dzinsa-isais-prieksauts\/#primaryimage","url":"https:\/\/simonjersey.eu\/lv\/wp-content\/uploads\/sites\/2\/2019\/07\/MP4390-1.jpg","contentUrl":"https:\/\/simonjersey.eu\/lv\/wp-content\/uploads\/sites\/2\/2019\/07\/MP4390-1.jpg","width":1000,"height":1500},{"@type":"BreadcrumbList","@id":"https:\/\/simonjersey.eu\/lv\/produkts\/dzinsa-isais-prieksauts\/#breadcrumb","itemListElement":[{"@type":"ListItem","position":1,"name":"Home","item":"https:\/\/simonjersey.eu\/lv\/"},{"@type":"ListItem","position":2,"name":"E-veikals","item":"https:\/\/simonjersey.eu\/lv\/e-veikals\/"},{"@type":"ListItem","position":3,"name":"D\u017einsa \u012asais Priek\u0161auts"}]},{"@type":"WebSite","@id":"https:\/\/simonjersey.eu\/lv\/#website","url":"https:\/\/simonjersey.eu\/lv\/","name":"Simon Jersey Latvija","description":"Kvalitat\u012bvi un iztur\u012bgi darba ap\u0123\u0113rbi","potentialAction":[{"@type":"SearchAction","target":{"@type":"EntryPoint","urlTemplate":"https:\/\/simonjersey.eu\/lv\/?s={search_term_string}"},"query-input":{"@type":"PropertyValueSpecification","valueRequired":true,"valueName":"search_term_string"}}],"inLanguage":"lv-LV"}]}},"_links":{"self":[{"href":"https:\/\/simonjersey.eu\/lv\/wp-json\/wp\/v2\/product\/3288","targetHints":{"allow":["GET"]}}],"collection":[{"href":"https:\/\/simonjersey.eu\/lv\/wp-json\/wp\/v2\/product"}],"about":[{"href":"https:\/\/simonjersey.eu\/lv\/wp-json\/wp\/v2\/types\/product"}],"wp:featuredmedia":[{"embeddable":true,"href":"https:\/\/simonjersey.eu\/lv\/wp-json\/wp\/v2\/media\/3292"}],"wp:attachment":[{"href":"https:\/\/simonjersey.eu\/lv\/wp-json\/wp\/v2\/media?parent=3288"}],"wp:term":[{"taxonomy":"product_brand","embeddable":true,"href":"https:\/\/simonjersey.eu\/lv\/wp-json\/wp\/v2\/product_brand?post=3288"},{"taxonomy":"product_cat","embeddable":true,"href":"https:\/\/simonjersey.eu\/lv\/wp-json\/wp\/v2\/product_cat?post=3288"},{"taxonomy":"product_tag","embeddable":true,"href":"https:\/\/simonjersey.eu\/lv\/wp-json\/wp\/v2\/product_tag?post=3288"}],"curies":[{"name":"wp","href":"https:\/\/api.w.org\/{rel}","templated":true}]}}