{"id":3504,"date":"2019-07-21T15:53:38","date_gmt":"2019-07-21T12:53:38","guid":{"rendered":"https:\/\/simonjersey.eu\/lv\/?post_type=product&#038;p=3504"},"modified":"2022-05-10T15:04:06","modified_gmt":"2022-05-10T12:04:06","slug":"viriesu-slim-leg-bikses","status":"publish","type":"product","link":"https:\/\/simonjersey.eu\/lv\/produkts\/viriesu-slim-leg-bikses\/","title":{"rendered":"V\u012brie\u0161u Slim Leg Bikses"},"content":{"rendered":"","protected":false},"excerpt":{"rendered":"<p>\u0112rtas Slim Leg bikses, kas b\u016bs piegu\u013co\u0161as un \u0113rtas, jo pievienots elast\u0101ns, lai darbinieki justos \u0113rti visas dienas garum\u0101.<\/p>\n<p>Materi\u0101ls: 70% kokvilna, 27% poliesters, 3% elast\u0101ns.<br \/>\nKop\u0161ana: 30\u00b0 ve\u013cas ma\u0161\u012bn\u0101, viegli kopt.<br \/>\nIzm\u0113ri (UK): 30-38.<\/p>\n<p><a href=\"https:\/\/simonjersey.eu\/lv\/produkts\/sieviesu-slim-leg-stretch-bikses\/\">Sievie\u0161u dizaini \u0161eit!<\/a><\/p>\n","protected":false},"featured_media":3526,"template":"","meta":[],"product_brand":[],"product_cat":[90,101,23,31,25,41,51,69,108],"product_tag":[403,393,404,275],"class_list":{"0":"post-3504","1":"product","2":"type-product","3":"status-publish","4":"has-post-thumbnail","6":"product_cat-viriesiem-lietiskais-apgerbs","7":"product_cat-bikses-viriesiem-lietiskais-apgerbs","8":"product_cat-iedvesma","9":"product_cat-stilizets","10":"product_cat-viriesiem","11":"product_cat-bikses-viriesiem","12":"product_cat-viriesiem-viesmiliba","13":"product_cat-bikses-viriesiem-viesmiliba","14":"product_cat-viriesu-bikses","15":"product_tag-bikses-viriesiem","16":"product_tag-viesmilu-uniformas","17":"product_tag-viriesu-darba-bikses","18":"product_tag-viriesu-uniformas","20":"first","21":"instock","22":"taxable","23":"shipping-taxable","24":"purchasable","25":"product-type-variable","26":"has-default-attributes"},"yoast_head":"<!-- This site is optimized with the Yoast SEO plugin v27.2 - https:\/\/yoast.com\/product\/yoast-seo-wordpress\/ -->\n<title>V\u012brie\u0161u Slim Leg Bikses - Simon Jersey Latvija<\/title>\n<meta name=\"description\" content=\"\u0112rtas Slim Leg bikses, kas b\u016bs piegu\u013co\u0161as un \u0113rtas, jo pievienots elast\u0101ns, lai darbinieki justos \u0113rti visas dienas garum\u0101. Pieejamas \u010detr\u0101s kr\u0101s\u0101s.\" \/>\n<meta name=\"robots\" content=\"index, follow, max-snippet:-1, max-image-preview:large, max-video-preview:-1\" \/>\n<link rel=\"canonical\" href=\"https:\/\/simonjersey.eu\/lv\/produkts\/viriesu-slim-leg-bikses\/\" \/>\n<meta property=\"og:locale\" content=\"lv_LV\" \/>\n<meta property=\"og:type\" content=\"article\" \/>\n<meta property=\"og:title\" content=\"V\u012brie\u0161u Slim Leg Bikses - Simon Jersey Latvija\" \/>\n<meta property=\"og:description\" content=\"\u0112rtas Slim Leg bikses, kas b\u016bs piegu\u013co\u0161as un \u0113rtas, jo pievienots elast\u0101ns, lai darbinieki justos \u0113rti visas dienas garum\u0101. Pieejamas \u010detr\u0101s kr\u0101s\u0101s.\" \/>\n<meta property=\"og:url\" content=\"https:\/\/simonjersey.eu\/lv\/produkts\/viriesu-slim-leg-bikses\/\" \/>\n<meta property=\"og:site_name\" content=\"Simon Jersey Latvija\" \/>\n<meta property=\"article:modified_time\" content=\"2022-05-10T12:04:06+00:00\" \/>\n<meta property=\"og:image\" content=\"https:\/\/simonjersey.eu\/lv\/wp-content\/uploads\/sites\/2\/2019\/07\/MT1440-1.jpg\" \/>\n\t<meta property=\"og:image:width\" content=\"1000\" \/>\n\t<meta property=\"og:image:height\" content=\"1500\" \/>\n\t<meta property=\"og:image:type\" content=\"image\/jpeg\" \/>\n<meta name=\"twitter:card\" content=\"summary_large_image\" \/>\n<script type=\"application\/ld+json\" class=\"yoast-schema-graph\">{\"@context\":\"https:\/\/schema.org\",\"@graph\":[{\"@type\":\"WebPage\",\"@id\":\"https:\/\/simonjersey.eu\/lv\/produkts\/viriesu-slim-leg-bikses\/\",\"url\":\"https:\/\/simonjersey.eu\/lv\/produkts\/viriesu-slim-leg-bikses\/\",\"name\":\"V\u012brie\u0161u Slim Leg Bikses - Simon Jersey Latvija\",\"isPartOf\":{\"@id\":\"https:\/\/simonjersey.eu\/lv\/#website\"},\"primaryImageOfPage\":{\"@id\":\"https:\/\/simonjersey.eu\/lv\/produkts\/viriesu-slim-leg-bikses\/#primaryimage\"},\"image\":{\"@id\":\"https:\/\/simonjersey.eu\/lv\/produkts\/viriesu-slim-leg-bikses\/#primaryimage\"},\"thumbnailUrl\":\"https:\/\/simonjersey.eu\/lv\/wp-content\/uploads\/sites\/2\/2019\/07\/MT1440-1.jpg\",\"datePublished\":\"2019-07-21T12:53:38+00:00\",\"dateModified\":\"2022-05-10T12:04:06+00:00\",\"description\":\"\u0112rtas Slim Leg bikses, kas b\u016bs piegu\u013co\u0161as un \u0113rtas, jo pievienots elast\u0101ns, lai darbinieki justos \u0113rti visas dienas garum\u0101. Pieejamas \u010detr\u0101s kr\u0101s\u0101s.\",\"breadcrumb\":{\"@id\":\"https:\/\/simonjersey.eu\/lv\/produkts\/viriesu-slim-leg-bikses\/#breadcrumb\"},\"inLanguage\":\"lv-LV\",\"potentialAction\":[{\"@type\":\"ReadAction\",\"target\":[\"https:\/\/simonjersey.eu\/lv\/produkts\/viriesu-slim-leg-bikses\/\"]}]},{\"@type\":\"ImageObject\",\"inLanguage\":\"lv-LV\",\"@id\":\"https:\/\/simonjersey.eu\/lv\/produkts\/viriesu-slim-leg-bikses\/#primaryimage\",\"url\":\"https:\/\/simonjersey.eu\/lv\/wp-content\/uploads\/sites\/2\/2019\/07\/MT1440-1.jpg\",\"contentUrl\":\"https:\/\/simonjersey.eu\/lv\/wp-content\/uploads\/sites\/2\/2019\/07\/MT1440-1.jpg\",\"width\":1000,\"height\":1500},{\"@type\":\"BreadcrumbList\",\"@id\":\"https:\/\/simonjersey.eu\/lv\/produkts\/viriesu-slim-leg-bikses\/#breadcrumb\",\"itemListElement\":[{\"@type\":\"ListItem\",\"position\":1,\"name\":\"Home\",\"item\":\"https:\/\/simonjersey.eu\/lv\/\"},{\"@type\":\"ListItem\",\"position\":2,\"name\":\"E-veikals\",\"item\":\"https:\/\/simonjersey.eu\/lv\/e-veikals\/\"},{\"@type\":\"ListItem\",\"position\":3,\"name\":\"V\u012brie\u0161u Slim Leg Bikses\"}]},{\"@type\":\"WebSite\",\"@id\":\"https:\/\/simonjersey.eu\/lv\/#website\",\"url\":\"https:\/\/simonjersey.eu\/lv\/\",\"name\":\"Simon Jersey Latvija\",\"description\":\"Kvalitat\u012bvi un iztur\u012bgi darba ap\u0123\u0113rbi\",\"potentialAction\":[{\"@type\":\"SearchAction\",\"target\":{\"@type\":\"EntryPoint\",\"urlTemplate\":\"https:\/\/simonjersey.eu\/lv\/?s={search_term_string}\"},\"query-input\":{\"@type\":\"PropertyValueSpecification\",\"valueRequired\":true,\"valueName\":\"search_term_string\"}}],\"inLanguage\":\"lv-LV\"}]}<\/script>\n<!-- \/ Yoast SEO plugin. -->","yoast_head_json":{"title":"V\u012brie\u0161u Slim Leg Bikses - Simon Jersey Latvija","description":"\u0112rtas Slim Leg bikses, kas b\u016bs piegu\u013co\u0161as un \u0113rtas, jo pievienots elast\u0101ns, lai darbinieki justos \u0113rti visas dienas garum\u0101. Pieejamas \u010detr\u0101s kr\u0101s\u0101s.","robots":{"index":"index","follow":"follow","max-snippet":"max-snippet:-1","max-image-preview":"max-image-preview:large","max-video-preview":"max-video-preview:-1"},"canonical":"https:\/\/simonjersey.eu\/lv\/produkts\/viriesu-slim-leg-bikses\/","og_locale":"lv_LV","og_type":"article","og_title":"V\u012brie\u0161u Slim Leg Bikses - Simon Jersey Latvija","og_description":"\u0112rtas Slim Leg bikses, kas b\u016bs piegu\u013co\u0161as un \u0113rtas, jo pievienots elast\u0101ns, lai darbinieki justos \u0113rti visas dienas garum\u0101. Pieejamas \u010detr\u0101s kr\u0101s\u0101s.","og_url":"https:\/\/simonjersey.eu\/lv\/produkts\/viriesu-slim-leg-bikses\/","og_site_name":"Simon Jersey Latvija","article_modified_time":"2022-05-10T12:04:06+00:00","og_image":[{"width":1000,"height":1500,"url":"https:\/\/simonjersey.eu\/lv\/wp-content\/uploads\/sites\/2\/2019\/07\/MT1440-1.jpg","type":"image\/jpeg"}],"twitter_card":"summary_large_image","schema":{"@context":"https:\/\/schema.org","@graph":[{"@type":"WebPage","@id":"https:\/\/simonjersey.eu\/lv\/produkts\/viriesu-slim-leg-bikses\/","url":"https:\/\/simonjersey.eu\/lv\/produkts\/viriesu-slim-leg-bikses\/","name":"V\u012brie\u0161u Slim Leg Bikses - Simon Jersey Latvija","isPartOf":{"@id":"https:\/\/simonjersey.eu\/lv\/#website"},"primaryImageOfPage":{"@id":"https:\/\/simonjersey.eu\/lv\/produkts\/viriesu-slim-leg-bikses\/#primaryimage"},"image":{"@id":"https:\/\/simonjersey.eu\/lv\/produkts\/viriesu-slim-leg-bikses\/#primaryimage"},"thumbnailUrl":"https:\/\/simonjersey.eu\/lv\/wp-content\/uploads\/sites\/2\/2019\/07\/MT1440-1.jpg","datePublished":"2019-07-21T12:53:38+00:00","dateModified":"2022-05-10T12:04:06+00:00","description":"\u0112rtas Slim Leg bikses, kas b\u016bs piegu\u013co\u0161as un \u0113rtas, jo pievienots elast\u0101ns, lai darbinieki justos \u0113rti visas dienas garum\u0101. Pieejamas \u010detr\u0101s kr\u0101s\u0101s.","breadcrumb":{"@id":"https:\/\/simonjersey.eu\/lv\/produkts\/viriesu-slim-leg-bikses\/#breadcrumb"},"inLanguage":"lv-LV","potentialAction":[{"@type":"ReadAction","target":["https:\/\/simonjersey.eu\/lv\/produkts\/viriesu-slim-leg-bikses\/"]}]},{"@type":"ImageObject","inLanguage":"lv-LV","@id":"https:\/\/simonjersey.eu\/lv\/produkts\/viriesu-slim-leg-bikses\/#primaryimage","url":"https:\/\/simonjersey.eu\/lv\/wp-content\/uploads\/sites\/2\/2019\/07\/MT1440-1.jpg","contentUrl":"https:\/\/simonjersey.eu\/lv\/wp-content\/uploads\/sites\/2\/2019\/07\/MT1440-1.jpg","width":1000,"height":1500},{"@type":"BreadcrumbList","@id":"https:\/\/simonjersey.eu\/lv\/produkts\/viriesu-slim-leg-bikses\/#breadcrumb","itemListElement":[{"@type":"ListItem","position":1,"name":"Home","item":"https:\/\/simonjersey.eu\/lv\/"},{"@type":"ListItem","position":2,"name":"E-veikals","item":"https:\/\/simonjersey.eu\/lv\/e-veikals\/"},{"@type":"ListItem","position":3,"name":"V\u012brie\u0161u Slim Leg Bikses"}]},{"@type":"WebSite","@id":"https:\/\/simonjersey.eu\/lv\/#website","url":"https:\/\/simonjersey.eu\/lv\/","name":"Simon Jersey Latvija","description":"Kvalitat\u012bvi un iztur\u012bgi darba ap\u0123\u0113rbi","potentialAction":[{"@type":"SearchAction","target":{"@type":"EntryPoint","urlTemplate":"https:\/\/simonjersey.eu\/lv\/?s={search_term_string}"},"query-input":{"@type":"PropertyValueSpecification","valueRequired":true,"valueName":"search_term_string"}}],"inLanguage":"lv-LV"}]}},"_links":{"self":[{"href":"https:\/\/simonjersey.eu\/lv\/wp-json\/wp\/v2\/product\/3504","targetHints":{"allow":["GET"]}}],"collection":[{"href":"https:\/\/simonjersey.eu\/lv\/wp-json\/wp\/v2\/product"}],"about":[{"href":"https:\/\/simonjersey.eu\/lv\/wp-json\/wp\/v2\/types\/product"}],"wp:featuredmedia":[{"embeddable":true,"href":"https:\/\/simonjersey.eu\/lv\/wp-json\/wp\/v2\/media\/3526"}],"wp:attachment":[{"href":"https:\/\/simonjersey.eu\/lv\/wp-json\/wp\/v2\/media?parent=3504"}],"wp:term":[{"taxonomy":"product_brand","embeddable":true,"href":"https:\/\/simonjersey.eu\/lv\/wp-json\/wp\/v2\/product_brand?post=3504"},{"taxonomy":"product_cat","embeddable":true,"href":"https:\/\/simonjersey.eu\/lv\/wp-json\/wp\/v2\/product_cat?post=3504"},{"taxonomy":"product_tag","embeddable":true,"href":"https:\/\/simonjersey.eu\/lv\/wp-json\/wp\/v2\/product_tag?post=3504"}],"curies":[{"name":"wp","href":"https:\/\/api.w.org\/{rel}","templated":true}]}}