{"id":3550,"date":"2019-07-21T17:36:25","date_gmt":"2019-07-21T14:36:25","guid":{"rendered":"https:\/\/simonjersey.eu\/lv\/?post_type=product&#038;p=3550"},"modified":"2024-02-08T15:35:36","modified_gmt":"2024-02-08T12:35:36","slug":"contemporary-modern-fit-viriesu-bikses","status":"publish","type":"product","link":"https:\/\/simonjersey.eu\/lv\/produkts\/contemporary-modern-fit-viriesu-bikses\/","title":{"rendered":"Contemporary Modern Fit V\u012brie\u0161u Bikses"},"content":{"rendered":"","protected":false},"excerpt":{"rendered":"<p>Modern Fit v\u012brie\u0161u bikses rad\u012btas, lai piedotu piegu\u013co\u0161\u0101ku izskatu un modern\u0101ku izskatu klasiskaj\u0101m v\u012brie\u0161u biks\u0113m. T\u0101s lieliski izskat\u012bsies j\u016bsu darba vid\u0113, ja ikdien\u0101 nepiecie\u0161ams kvalitat\u012bvs un p\u0101rliecino\u0161s stils.<\/p>\n<p>Priek\u0161\u0101 r\u0101vj\u0113sl\u0113dz\u0113js, s\u0101nu kabatas, aizmugures kabatas, traipus necaurlaid\u012bgs materi\u0101ls Teflon\u00ae.<br \/>\nMateri\u0101ls: 66% poliesters, 33% viskoze, 1% Lycra, Teflon\u00ae. P\u0101rkl\u0101jums.<br \/>\nKop\u0161ana: 40\u00b0 ve\u013cas ma\u0161\u012bn\u0101, minim\u0101la gludin\u0101\u0161ana.<br \/>\nIzm\u0113ri(UK): 28-50.<\/p>\n","protected":false},"featured_media":6438,"template":"","meta":[],"product_brand":[],"product_cat":[90,101,25,41,49,60,51,69,108],"product_tag":[403,282,298],"class_list":{"0":"post-3550","1":"product","2":"type-product","3":"status-publish","4":"has-post-thumbnail","6":"product_cat-viriesiem-lietiskais-apgerbs","7":"product_cat-bikses-viriesiem-lietiskais-apgerbs","8":"product_cat-viriesiem","9":"product_cat-bikses-viriesiem","10":"product_cat-kolekcijas","11":"product_cat-stiligais-contemporary","12":"product_cat-viriesiem-viesmiliba","13":"product_cat-bikses-viriesiem-viesmiliba","14":"product_cat-viriesu-bikses","15":"product_tag-bikses-viriesiem","16":"product_tag-darba-apgerbs-viesnicu-darbiniekiem","17":"product_tag-lietiskais-apgerbs-viesnicam","19":"first","20":"instock","21":"taxable","22":"shipping-taxable","23":"purchasable","24":"product-type-variable","25":"has-default-attributes"},"yoast_head":"<!-- This site is optimized with the Yoast SEO plugin v27.2 - https:\/\/yoast.com\/product\/yoast-seo-wordpress\/ -->\n<title>Modern Fit v\u012brie\u0161u bikses rad\u012bta - Simon Jersey Latvija<\/title>\n<meta name=\"description\" content=\"Modern Fit v\u012brie\u0161u bikses rad\u012btas, lai piedotu piegu\u013co\u0161\u0101ku izskatu un modern\u0101ku izskatu klasiskaj\u0101m v\u012brie\u0161u biks\u0113m. T\u0101s lieliski izskat\u012bsies j\u016bsu darba vid\u0113\" \/>\n<meta name=\"robots\" content=\"index, follow, max-snippet:-1, max-image-preview:large, max-video-preview:-1\" \/>\n<link rel=\"canonical\" href=\"https:\/\/simonjersey.eu\/lv\/produkts\/contemporary-modern-fit-viriesu-bikses\/\" \/>\n<meta property=\"og:locale\" content=\"lv_LV\" \/>\n<meta property=\"og:type\" content=\"article\" \/>\n<meta property=\"og:title\" content=\"Modern Fit v\u012brie\u0161u bikses rad\u012bta - Simon Jersey Latvija\" \/>\n<meta property=\"og:description\" content=\"Modern Fit v\u012brie\u0161u bikses rad\u012btas, lai piedotu piegu\u013co\u0161\u0101ku izskatu un modern\u0101ku izskatu klasiskaj\u0101m v\u012brie\u0161u biks\u0113m. T\u0101s lieliski izskat\u012bsies j\u016bsu darba vid\u0113\" \/>\n<meta property=\"og:url\" content=\"https:\/\/simonjersey.eu\/lv\/produkts\/contemporary-modern-fit-viriesu-bikses\/\" \/>\n<meta property=\"og:site_name\" content=\"Simon Jersey Latvija\" \/>\n<meta property=\"article:modified_time\" content=\"2024-02-08T12:35:36+00:00\" \/>\n<meta property=\"og:image\" content=\"https:\/\/simonjersey.eu\/lv\/wp-content\/uploads\/sites\/2\/2019\/07\/MT1350.jpg\" \/>\n\t<meta property=\"og:image:width\" content=\"1000\" \/>\n\t<meta property=\"og:image:height\" content=\"1500\" \/>\n\t<meta property=\"og:image:type\" content=\"image\/jpeg\" \/>\n<meta name=\"twitter:card\" content=\"summary_large_image\" \/>\n<meta name=\"twitter:label1\" content=\"Est. reading time\" \/>\n\t<meta name=\"twitter:data1\" content=\"1 min\u016bte\" \/>\n<script type=\"application\/ld+json\" class=\"yoast-schema-graph\">{\"@context\":\"https:\/\/schema.org\",\"@graph\":[{\"@type\":\"WebPage\",\"@id\":\"https:\/\/simonjersey.eu\/lv\/produkts\/contemporary-modern-fit-viriesu-bikses\/\",\"url\":\"https:\/\/simonjersey.eu\/lv\/produkts\/contemporary-modern-fit-viriesu-bikses\/\",\"name\":\"Modern Fit v\u012brie\u0161u bikses rad\u012bta - Simon Jersey Latvija\",\"isPartOf\":{\"@id\":\"https:\/\/simonjersey.eu\/lv\/#website\"},\"primaryImageOfPage\":{\"@id\":\"https:\/\/simonjersey.eu\/lv\/produkts\/contemporary-modern-fit-viriesu-bikses\/#primaryimage\"},\"image\":{\"@id\":\"https:\/\/simonjersey.eu\/lv\/produkts\/contemporary-modern-fit-viriesu-bikses\/#primaryimage\"},\"thumbnailUrl\":\"https:\/\/simonjersey.eu\/lv\/wp-content\/uploads\/sites\/2\/2019\/07\/MT1350.jpg\",\"datePublished\":\"2019-07-21T14:36:25+00:00\",\"dateModified\":\"2024-02-08T12:35:36+00:00\",\"description\":\"Modern Fit v\u012brie\u0161u bikses rad\u012btas, lai piedotu piegu\u013co\u0161\u0101ku izskatu un modern\u0101ku izskatu klasiskaj\u0101m v\u012brie\u0161u biks\u0113m. T\u0101s lieliski izskat\u012bsies j\u016bsu darba vid\u0113\",\"breadcrumb\":{\"@id\":\"https:\/\/simonjersey.eu\/lv\/produkts\/contemporary-modern-fit-viriesu-bikses\/#breadcrumb\"},\"inLanguage\":\"lv-LV\",\"potentialAction\":[{\"@type\":\"ReadAction\",\"target\":[\"https:\/\/simonjersey.eu\/lv\/produkts\/contemporary-modern-fit-viriesu-bikses\/\"]}]},{\"@type\":\"ImageObject\",\"inLanguage\":\"lv-LV\",\"@id\":\"https:\/\/simonjersey.eu\/lv\/produkts\/contemporary-modern-fit-viriesu-bikses\/#primaryimage\",\"url\":\"https:\/\/simonjersey.eu\/lv\/wp-content\/uploads\/sites\/2\/2019\/07\/MT1350.jpg\",\"contentUrl\":\"https:\/\/simonjersey.eu\/lv\/wp-content\/uploads\/sites\/2\/2019\/07\/MT1350.jpg\",\"width\":1000,\"height\":1500},{\"@type\":\"BreadcrumbList\",\"@id\":\"https:\/\/simonjersey.eu\/lv\/produkts\/contemporary-modern-fit-viriesu-bikses\/#breadcrumb\",\"itemListElement\":[{\"@type\":\"ListItem\",\"position\":1,\"name\":\"Home\",\"item\":\"https:\/\/simonjersey.eu\/lv\/\"},{\"@type\":\"ListItem\",\"position\":2,\"name\":\"E-veikals\",\"item\":\"https:\/\/simonjersey.eu\/lv\/e-veikals\/\"},{\"@type\":\"ListItem\",\"position\":3,\"name\":\"Contemporary Modern Fit V\u012brie\u0161u Bikses\"}]},{\"@type\":\"WebSite\",\"@id\":\"https:\/\/simonjersey.eu\/lv\/#website\",\"url\":\"https:\/\/simonjersey.eu\/lv\/\",\"name\":\"Simon Jersey Latvija\",\"description\":\"Kvalitat\u012bvi un iztur\u012bgi darba ap\u0123\u0113rbi\",\"potentialAction\":[{\"@type\":\"SearchAction\",\"target\":{\"@type\":\"EntryPoint\",\"urlTemplate\":\"https:\/\/simonjersey.eu\/lv\/?s={search_term_string}\"},\"query-input\":{\"@type\":\"PropertyValueSpecification\",\"valueRequired\":true,\"valueName\":\"search_term_string\"}}],\"inLanguage\":\"lv-LV\"}]}<\/script>\n<!-- \/ Yoast SEO plugin. -->","yoast_head_json":{"title":"Modern Fit v\u012brie\u0161u bikses rad\u012bta - Simon Jersey Latvija","description":"Modern Fit v\u012brie\u0161u bikses rad\u012btas, lai piedotu piegu\u013co\u0161\u0101ku izskatu un modern\u0101ku izskatu klasiskaj\u0101m v\u012brie\u0161u biks\u0113m. T\u0101s lieliski izskat\u012bsies j\u016bsu darba vid\u0113","robots":{"index":"index","follow":"follow","max-snippet":"max-snippet:-1","max-image-preview":"max-image-preview:large","max-video-preview":"max-video-preview:-1"},"canonical":"https:\/\/simonjersey.eu\/lv\/produkts\/contemporary-modern-fit-viriesu-bikses\/","og_locale":"lv_LV","og_type":"article","og_title":"Modern Fit v\u012brie\u0161u bikses rad\u012bta - Simon Jersey Latvija","og_description":"Modern Fit v\u012brie\u0161u bikses rad\u012btas, lai piedotu piegu\u013co\u0161\u0101ku izskatu un modern\u0101ku izskatu klasiskaj\u0101m v\u012brie\u0161u biks\u0113m. T\u0101s lieliski izskat\u012bsies j\u016bsu darba vid\u0113","og_url":"https:\/\/simonjersey.eu\/lv\/produkts\/contemporary-modern-fit-viriesu-bikses\/","og_site_name":"Simon Jersey Latvija","article_modified_time":"2024-02-08T12:35:36+00:00","og_image":[{"width":1000,"height":1500,"url":"https:\/\/simonjersey.eu\/lv\/wp-content\/uploads\/sites\/2\/2019\/07\/MT1350.jpg","type":"image\/jpeg"}],"twitter_card":"summary_large_image","twitter_misc":{"Est. reading time":"1 min\u016bte"},"schema":{"@context":"https:\/\/schema.org","@graph":[{"@type":"WebPage","@id":"https:\/\/simonjersey.eu\/lv\/produkts\/contemporary-modern-fit-viriesu-bikses\/","url":"https:\/\/simonjersey.eu\/lv\/produkts\/contemporary-modern-fit-viriesu-bikses\/","name":"Modern Fit v\u012brie\u0161u bikses rad\u012bta - Simon Jersey Latvija","isPartOf":{"@id":"https:\/\/simonjersey.eu\/lv\/#website"},"primaryImageOfPage":{"@id":"https:\/\/simonjersey.eu\/lv\/produkts\/contemporary-modern-fit-viriesu-bikses\/#primaryimage"},"image":{"@id":"https:\/\/simonjersey.eu\/lv\/produkts\/contemporary-modern-fit-viriesu-bikses\/#primaryimage"},"thumbnailUrl":"https:\/\/simonjersey.eu\/lv\/wp-content\/uploads\/sites\/2\/2019\/07\/MT1350.jpg","datePublished":"2019-07-21T14:36:25+00:00","dateModified":"2024-02-08T12:35:36+00:00","description":"Modern Fit v\u012brie\u0161u bikses rad\u012btas, lai piedotu piegu\u013co\u0161\u0101ku izskatu un modern\u0101ku izskatu klasiskaj\u0101m v\u012brie\u0161u biks\u0113m. T\u0101s lieliski izskat\u012bsies j\u016bsu darba vid\u0113","breadcrumb":{"@id":"https:\/\/simonjersey.eu\/lv\/produkts\/contemporary-modern-fit-viriesu-bikses\/#breadcrumb"},"inLanguage":"lv-LV","potentialAction":[{"@type":"ReadAction","target":["https:\/\/simonjersey.eu\/lv\/produkts\/contemporary-modern-fit-viriesu-bikses\/"]}]},{"@type":"ImageObject","inLanguage":"lv-LV","@id":"https:\/\/simonjersey.eu\/lv\/produkts\/contemporary-modern-fit-viriesu-bikses\/#primaryimage","url":"https:\/\/simonjersey.eu\/lv\/wp-content\/uploads\/sites\/2\/2019\/07\/MT1350.jpg","contentUrl":"https:\/\/simonjersey.eu\/lv\/wp-content\/uploads\/sites\/2\/2019\/07\/MT1350.jpg","width":1000,"height":1500},{"@type":"BreadcrumbList","@id":"https:\/\/simonjersey.eu\/lv\/produkts\/contemporary-modern-fit-viriesu-bikses\/#breadcrumb","itemListElement":[{"@type":"ListItem","position":1,"name":"Home","item":"https:\/\/simonjersey.eu\/lv\/"},{"@type":"ListItem","position":2,"name":"E-veikals","item":"https:\/\/simonjersey.eu\/lv\/e-veikals\/"},{"@type":"ListItem","position":3,"name":"Contemporary Modern Fit V\u012brie\u0161u Bikses"}]},{"@type":"WebSite","@id":"https:\/\/simonjersey.eu\/lv\/#website","url":"https:\/\/simonjersey.eu\/lv\/","name":"Simon Jersey Latvija","description":"Kvalitat\u012bvi un iztur\u012bgi darba ap\u0123\u0113rbi","potentialAction":[{"@type":"SearchAction","target":{"@type":"EntryPoint","urlTemplate":"https:\/\/simonjersey.eu\/lv\/?s={search_term_string}"},"query-input":{"@type":"PropertyValueSpecification","valueRequired":true,"valueName":"search_term_string"}}],"inLanguage":"lv-LV"}]}},"_links":{"self":[{"href":"https:\/\/simonjersey.eu\/lv\/wp-json\/wp\/v2\/product\/3550","targetHints":{"allow":["GET"]}}],"collection":[{"href":"https:\/\/simonjersey.eu\/lv\/wp-json\/wp\/v2\/product"}],"about":[{"href":"https:\/\/simonjersey.eu\/lv\/wp-json\/wp\/v2\/types\/product"}],"wp:featuredmedia":[{"embeddable":true,"href":"https:\/\/simonjersey.eu\/lv\/wp-json\/wp\/v2\/media\/6438"}],"wp:attachment":[{"href":"https:\/\/simonjersey.eu\/lv\/wp-json\/wp\/v2\/media?parent=3550"}],"wp:term":[{"taxonomy":"product_brand","embeddable":true,"href":"https:\/\/simonjersey.eu\/lv\/wp-json\/wp\/v2\/product_brand?post=3550"},{"taxonomy":"product_cat","embeddable":true,"href":"https:\/\/simonjersey.eu\/lv\/wp-json\/wp\/v2\/product_cat?post=3550"},{"taxonomy":"product_tag","embeddable":true,"href":"https:\/\/simonjersey.eu\/lv\/wp-json\/wp\/v2\/product_tag?post=3550"}],"curies":[{"name":"wp","href":"https:\/\/api.w.org\/{rel}","templated":true}]}}