{"id":3690,"date":"2019-07-22T21:21:28","date_gmt":"2019-07-22T18:21:28","guid":{"rendered":"https:\/\/simonjersey.eu\/lv\/?post_type=product&#038;p=3690"},"modified":"2025-01-16T16:32:17","modified_gmt":"2025-01-16T13:32:17","slug":"isais-prieksauts-bez-kabatas-kosas-krasas","status":"publish","type":"product","link":"https:\/\/simonjersey.eu\/lv\/produkts\/isais-prieksauts-bez-kabatas-kosas-krasas\/","title":{"rendered":"\u012asais priek\u0161auts bez kabatas, ko\u0161as kr\u0101sas"},"content":{"rendered":"","protected":false},"excerpt":{"rendered":"<p>Atsvaidzini darbinieku uniformas ar \u0161o \u012bso priek\u0161autu, kas pieejams daudz skaist\u0101s<br \/>\nun ko\u0161\u0101s un klasisk\u0101s kr\u0101s\u0101s. Bez kabatas, sasienams aizmugur\u0113.<\/p>\n<p>Garums: 46cm\/18in.<br \/>\nPlatums: 91cm\/36in.<br \/>\nMateri\u0101ls: 63% poliesters, 35% kokvilna.<br \/>\nKop\u0161ana: 60\u00b0 mazg\u0101\u0161ana.<br \/>\nViens izm\u0113rs.<\/p>\n","protected":false},"featured_media":3707,"template":"","meta":[],"product_brand":[],"product_cat":[28,55,113],"product_tag":[387,389],"class_list":{"0":"post-3690","1":"product","2":"type-product","3":"status-publish","4":"has-post-thumbnail","6":"product_cat-prieksauti","7":"product_cat-prieksauti-viesmiliba","8":"product_cat-prieksauti-2","9":"product_tag-prieksauti","10":"product_tag-prieksauti-kafejnicam","12":"first","13":"instock","14":"taxable","15":"shipping-taxable","16":"purchasable","17":"product-type-variable"},"yoast_head":"<!-- This site is optimized with the Yoast SEO plugin v27.2 - https:\/\/yoast.com\/product\/yoast-seo-wordpress\/ -->\n<title>\u012asais priek\u0161auts bez kabatas, ko\u0161as kr\u0101sas - Simon Jersey Latvija<\/title>\n<meta name=\"description\" content=\"Atsvaidzini darbinieku uniformas ar \u0161o \u012bso priek\u0161autu, kas pieejams daudz skaist\u0101s un ko\u0161\u0101s un klasisk\u0101s kr\u0101s\u0101s. Bez kabatas, sasienams aizmugur\u0113.\" \/>\n<meta name=\"robots\" content=\"index, follow, max-snippet:-1, max-image-preview:large, max-video-preview:-1\" \/>\n<link rel=\"canonical\" href=\"https:\/\/simonjersey.eu\/lv\/produkts\/isais-prieksauts-bez-kabatas-kosas-krasas\/\" \/>\n<meta property=\"og:locale\" content=\"lv_LV\" \/>\n<meta property=\"og:type\" content=\"article\" \/>\n<meta property=\"og:title\" content=\"\u012asais priek\u0161auts bez kabatas, ko\u0161as kr\u0101sas - Simon Jersey Latvija\" \/>\n<meta property=\"og:description\" content=\"Atsvaidzini darbinieku uniformas ar \u0161o \u012bso priek\u0161autu, kas pieejams daudz skaist\u0101s un ko\u0161\u0101s un klasisk\u0101s kr\u0101s\u0101s. Bez kabatas, sasienams aizmugur\u0113.\" \/>\n<meta property=\"og:url\" content=\"https:\/\/simonjersey.eu\/lv\/produkts\/isais-prieksauts-bez-kabatas-kosas-krasas\/\" \/>\n<meta property=\"og:site_name\" content=\"Simon Jersey Latvija\" \/>\n<meta property=\"article:modified_time\" content=\"2025-01-16T13:32:17+00:00\" \/>\n<meta property=\"og:image\" content=\"https:\/\/simonjersey.eu\/lv\/wp-content\/uploads\/sites\/2\/2019\/07\/MP1760-3.jpg\" \/>\n\t<meta property=\"og:image:width\" content=\"1000\" \/>\n\t<meta property=\"og:image:height\" content=\"1500\" \/>\n\t<meta property=\"og:image:type\" content=\"image\/jpeg\" \/>\n<meta name=\"twitter:card\" content=\"summary_large_image\" \/>\n<meta name=\"twitter:label1\" content=\"Est. reading time\" \/>\n\t<meta name=\"twitter:data1\" content=\"1 min\u016bte\" \/>\n<script type=\"application\/ld+json\" class=\"yoast-schema-graph\">{\"@context\":\"https:\/\/schema.org\",\"@graph\":[{\"@type\":\"WebPage\",\"@id\":\"https:\/\/simonjersey.eu\/lv\/produkts\/isais-prieksauts-bez-kabatas-kosas-krasas\/\",\"url\":\"https:\/\/simonjersey.eu\/lv\/produkts\/isais-prieksauts-bez-kabatas-kosas-krasas\/\",\"name\":\"\u012asais priek\u0161auts bez kabatas, ko\u0161as kr\u0101sas - Simon Jersey Latvija\",\"isPartOf\":{\"@id\":\"https:\/\/simonjersey.eu\/lv\/#website\"},\"primaryImageOfPage\":{\"@id\":\"https:\/\/simonjersey.eu\/lv\/produkts\/isais-prieksauts-bez-kabatas-kosas-krasas\/#primaryimage\"},\"image\":{\"@id\":\"https:\/\/simonjersey.eu\/lv\/produkts\/isais-prieksauts-bez-kabatas-kosas-krasas\/#primaryimage\"},\"thumbnailUrl\":\"https:\/\/simonjersey.eu\/lv\/wp-content\/uploads\/sites\/2\/2019\/07\/MP1760-3.jpg\",\"datePublished\":\"2019-07-22T18:21:28+00:00\",\"dateModified\":\"2025-01-16T13:32:17+00:00\",\"description\":\"Atsvaidzini darbinieku uniformas ar \u0161o \u012bso priek\u0161autu, kas pieejams daudz skaist\u0101s un ko\u0161\u0101s un klasisk\u0101s kr\u0101s\u0101s. Bez kabatas, sasienams aizmugur\u0113.\",\"breadcrumb\":{\"@id\":\"https:\/\/simonjersey.eu\/lv\/produkts\/isais-prieksauts-bez-kabatas-kosas-krasas\/#breadcrumb\"},\"inLanguage\":\"lv-LV\",\"potentialAction\":[{\"@type\":\"ReadAction\",\"target\":[\"https:\/\/simonjersey.eu\/lv\/produkts\/isais-prieksauts-bez-kabatas-kosas-krasas\/\"]}]},{\"@type\":\"ImageObject\",\"inLanguage\":\"lv-LV\",\"@id\":\"https:\/\/simonjersey.eu\/lv\/produkts\/isais-prieksauts-bez-kabatas-kosas-krasas\/#primaryimage\",\"url\":\"https:\/\/simonjersey.eu\/lv\/wp-content\/uploads\/sites\/2\/2019\/07\/MP1760-3.jpg\",\"contentUrl\":\"https:\/\/simonjersey.eu\/lv\/wp-content\/uploads\/sites\/2\/2019\/07\/MP1760-3.jpg\",\"width\":1000,\"height\":1500},{\"@type\":\"BreadcrumbList\",\"@id\":\"https:\/\/simonjersey.eu\/lv\/produkts\/isais-prieksauts-bez-kabatas-kosas-krasas\/#breadcrumb\",\"itemListElement\":[{\"@type\":\"ListItem\",\"position\":1,\"name\":\"Home\",\"item\":\"https:\/\/simonjersey.eu\/lv\/\"},{\"@type\":\"ListItem\",\"position\":2,\"name\":\"E-veikals\",\"item\":\"https:\/\/simonjersey.eu\/lv\/e-veikals\/\"},{\"@type\":\"ListItem\",\"position\":3,\"name\":\"\u012asais priek\u0161auts bez kabatas, ko\u0161as kr\u0101sas\"}]},{\"@type\":\"WebSite\",\"@id\":\"https:\/\/simonjersey.eu\/lv\/#website\",\"url\":\"https:\/\/simonjersey.eu\/lv\/\",\"name\":\"Simon Jersey Latvija\",\"description\":\"Kvalitat\u012bvi un iztur\u012bgi darba ap\u0123\u0113rbi\",\"potentialAction\":[{\"@type\":\"SearchAction\",\"target\":{\"@type\":\"EntryPoint\",\"urlTemplate\":\"https:\/\/simonjersey.eu\/lv\/?s={search_term_string}\"},\"query-input\":{\"@type\":\"PropertyValueSpecification\",\"valueRequired\":true,\"valueName\":\"search_term_string\"}}],\"inLanguage\":\"lv-LV\"}]}<\/script>\n<!-- \/ Yoast SEO plugin. -->","yoast_head_json":{"title":"\u012asais priek\u0161auts bez kabatas, ko\u0161as kr\u0101sas - Simon Jersey Latvija","description":"Atsvaidzini darbinieku uniformas ar \u0161o \u012bso priek\u0161autu, kas pieejams daudz skaist\u0101s un ko\u0161\u0101s un klasisk\u0101s kr\u0101s\u0101s. Bez kabatas, sasienams aizmugur\u0113.","robots":{"index":"index","follow":"follow","max-snippet":"max-snippet:-1","max-image-preview":"max-image-preview:large","max-video-preview":"max-video-preview:-1"},"canonical":"https:\/\/simonjersey.eu\/lv\/produkts\/isais-prieksauts-bez-kabatas-kosas-krasas\/","og_locale":"lv_LV","og_type":"article","og_title":"\u012asais priek\u0161auts bez kabatas, ko\u0161as kr\u0101sas - Simon Jersey Latvija","og_description":"Atsvaidzini darbinieku uniformas ar \u0161o \u012bso priek\u0161autu, kas pieejams daudz skaist\u0101s un ko\u0161\u0101s un klasisk\u0101s kr\u0101s\u0101s. Bez kabatas, sasienams aizmugur\u0113.","og_url":"https:\/\/simonjersey.eu\/lv\/produkts\/isais-prieksauts-bez-kabatas-kosas-krasas\/","og_site_name":"Simon Jersey Latvija","article_modified_time":"2025-01-16T13:32:17+00:00","og_image":[{"width":1000,"height":1500,"url":"https:\/\/simonjersey.eu\/lv\/wp-content\/uploads\/sites\/2\/2019\/07\/MP1760-3.jpg","type":"image\/jpeg"}],"twitter_card":"summary_large_image","twitter_misc":{"Est. reading time":"1 min\u016bte"},"schema":{"@context":"https:\/\/schema.org","@graph":[{"@type":"WebPage","@id":"https:\/\/simonjersey.eu\/lv\/produkts\/isais-prieksauts-bez-kabatas-kosas-krasas\/","url":"https:\/\/simonjersey.eu\/lv\/produkts\/isais-prieksauts-bez-kabatas-kosas-krasas\/","name":"\u012asais priek\u0161auts bez kabatas, ko\u0161as kr\u0101sas - Simon Jersey Latvija","isPartOf":{"@id":"https:\/\/simonjersey.eu\/lv\/#website"},"primaryImageOfPage":{"@id":"https:\/\/simonjersey.eu\/lv\/produkts\/isais-prieksauts-bez-kabatas-kosas-krasas\/#primaryimage"},"image":{"@id":"https:\/\/simonjersey.eu\/lv\/produkts\/isais-prieksauts-bez-kabatas-kosas-krasas\/#primaryimage"},"thumbnailUrl":"https:\/\/simonjersey.eu\/lv\/wp-content\/uploads\/sites\/2\/2019\/07\/MP1760-3.jpg","datePublished":"2019-07-22T18:21:28+00:00","dateModified":"2025-01-16T13:32:17+00:00","description":"Atsvaidzini darbinieku uniformas ar \u0161o \u012bso priek\u0161autu, kas pieejams daudz skaist\u0101s un ko\u0161\u0101s un klasisk\u0101s kr\u0101s\u0101s. Bez kabatas, sasienams aizmugur\u0113.","breadcrumb":{"@id":"https:\/\/simonjersey.eu\/lv\/produkts\/isais-prieksauts-bez-kabatas-kosas-krasas\/#breadcrumb"},"inLanguage":"lv-LV","potentialAction":[{"@type":"ReadAction","target":["https:\/\/simonjersey.eu\/lv\/produkts\/isais-prieksauts-bez-kabatas-kosas-krasas\/"]}]},{"@type":"ImageObject","inLanguage":"lv-LV","@id":"https:\/\/simonjersey.eu\/lv\/produkts\/isais-prieksauts-bez-kabatas-kosas-krasas\/#primaryimage","url":"https:\/\/simonjersey.eu\/lv\/wp-content\/uploads\/sites\/2\/2019\/07\/MP1760-3.jpg","contentUrl":"https:\/\/simonjersey.eu\/lv\/wp-content\/uploads\/sites\/2\/2019\/07\/MP1760-3.jpg","width":1000,"height":1500},{"@type":"BreadcrumbList","@id":"https:\/\/simonjersey.eu\/lv\/produkts\/isais-prieksauts-bez-kabatas-kosas-krasas\/#breadcrumb","itemListElement":[{"@type":"ListItem","position":1,"name":"Home","item":"https:\/\/simonjersey.eu\/lv\/"},{"@type":"ListItem","position":2,"name":"E-veikals","item":"https:\/\/simonjersey.eu\/lv\/e-veikals\/"},{"@type":"ListItem","position":3,"name":"\u012asais priek\u0161auts bez kabatas, ko\u0161as kr\u0101sas"}]},{"@type":"WebSite","@id":"https:\/\/simonjersey.eu\/lv\/#website","url":"https:\/\/simonjersey.eu\/lv\/","name":"Simon Jersey Latvija","description":"Kvalitat\u012bvi un iztur\u012bgi darba ap\u0123\u0113rbi","potentialAction":[{"@type":"SearchAction","target":{"@type":"EntryPoint","urlTemplate":"https:\/\/simonjersey.eu\/lv\/?s={search_term_string}"},"query-input":{"@type":"PropertyValueSpecification","valueRequired":true,"valueName":"search_term_string"}}],"inLanguage":"lv-LV"}]}},"_links":{"self":[{"href":"https:\/\/simonjersey.eu\/lv\/wp-json\/wp\/v2\/product\/3690","targetHints":{"allow":["GET"]}}],"collection":[{"href":"https:\/\/simonjersey.eu\/lv\/wp-json\/wp\/v2\/product"}],"about":[{"href":"https:\/\/simonjersey.eu\/lv\/wp-json\/wp\/v2\/types\/product"}],"wp:featuredmedia":[{"embeddable":true,"href":"https:\/\/simonjersey.eu\/lv\/wp-json\/wp\/v2\/media\/3707"}],"wp:attachment":[{"href":"https:\/\/simonjersey.eu\/lv\/wp-json\/wp\/v2\/media?parent=3690"}],"wp:term":[{"taxonomy":"product_brand","embeddable":true,"href":"https:\/\/simonjersey.eu\/lv\/wp-json\/wp\/v2\/product_brand?post=3690"},{"taxonomy":"product_cat","embeddable":true,"href":"https:\/\/simonjersey.eu\/lv\/wp-json\/wp\/v2\/product_cat?post=3690"},{"taxonomy":"product_tag","embeddable":true,"href":"https:\/\/simonjersey.eu\/lv\/wp-json\/wp\/v2\/product_tag?post=3690"}],"curies":[{"name":"wp","href":"https:\/\/api.w.org\/{rel}","templated":true}]}}