{"id":3839,"date":"2019-07-27T14:24:23","date_gmt":"2019-07-27T11:24:23","guid":{"rendered":"https:\/\/simonjersey.eu\/lv\/?post_type=product&#038;p=3839"},"modified":"2024-10-22T12:19:14","modified_gmt":"2024-10-22T09:19:14","slug":"pavaru-cepure","status":"publish","type":"product","link":"https:\/\/simonjersey.eu\/lv\/produkts\/pavaru-cepure\/","title":{"rendered":"Pav\u0101ru cepure"},"content":{"rendered":"","protected":false},"excerpt":{"rendered":"<p>M\u016bsu klasisk\u0101 Simon Jersey pav\u0101ru cepure, pieejama tr\u012bs izm\u0113ros. Iztur\u012bgs materi\u0101ls,<br \/>\nkas satur 35% kokvilnu un 65% poliesteri.<\/p>\n<p>Izm\u0113ri S, M, L.<br \/>\nS(57cm\/22.5in).<br \/>\nM(59.5cm\/23.5in).<br \/>\nL(62cm\/24.5in).<\/p>\n<p>Kop\u0161ana: 60\u00ba mazg\u0101\u0161ana.<\/p>\n","protected":false},"featured_media":3843,"template":"","meta":[],"product_brand":[],"product_cat":[30,26,47,57,52],"product_tag":[391],"class_list":{"0":"post-3839","1":"product","2":"type-product","3":"status-publish","4":"has-post-thumbnail","6":"product_cat-aksesuari","7":"product_cat-pavariem","8":"product_cat-apavi-un-cepures","9":"product_cat-aksesuari-viesmiliba","10":"product_cat-pavaru-apgerbs","11":"product_tag-pavaru-darba-apgerbs","13":"first","14":"instock","15":"taxable","16":"shipping-taxable","17":"purchasable","18":"product-type-variable","19":"has-default-attributes"},"yoast_head":"<!-- This site is optimized with the Yoast SEO plugin v27.2 - https:\/\/yoast.com\/product\/yoast-seo-wordpress\/ -->\n<title>Pav\u0101ru cepure - Simon Jersey Latvija<\/title>\n<meta name=\"description\" content=\"M\u016bsu klasisk\u0101 Simon Jersey pav\u0101ru cepure, pieejama tr\u012bs izm\u0113ros. Iztur\u012bgs materi\u0101ls, kas satur 35% kokvilnu un 65% poliesteri.\" \/>\n<meta name=\"robots\" content=\"index, follow, max-snippet:-1, max-image-preview:large, max-video-preview:-1\" \/>\n<link rel=\"canonical\" href=\"https:\/\/simonjersey.eu\/lv\/produkts\/pavaru-cepure\/\" \/>\n<meta property=\"og:locale\" content=\"lv_LV\" \/>\n<meta property=\"og:type\" content=\"article\" \/>\n<meta property=\"og:title\" content=\"Pav\u0101ru cepure - Simon Jersey Latvija\" \/>\n<meta property=\"og:description\" content=\"M\u016bsu klasisk\u0101 Simon Jersey pav\u0101ru cepure, pieejama tr\u012bs izm\u0113ros. Iztur\u012bgs materi\u0101ls, kas satur 35% kokvilnu un 65% poliesteri.\" \/>\n<meta property=\"og:url\" content=\"https:\/\/simonjersey.eu\/lv\/produkts\/pavaru-cepure\/\" \/>\n<meta property=\"og:site_name\" content=\"Simon Jersey Latvija\" \/>\n<meta property=\"article:modified_time\" content=\"2024-10-22T09:19:14+00:00\" \/>\n<meta property=\"og:image\" content=\"https:\/\/simonjersey.eu\/lv\/wp-content\/uploads\/sites\/2\/2019\/07\/CA0090-1.jpg\" \/>\n\t<meta property=\"og:image:width\" content=\"1000\" \/>\n\t<meta property=\"og:image:height\" content=\"1500\" \/>\n\t<meta property=\"og:image:type\" content=\"image\/jpeg\" \/>\n<meta name=\"twitter:card\" content=\"summary_large_image\" \/>\n<script type=\"application\/ld+json\" class=\"yoast-schema-graph\">{\"@context\":\"https:\/\/schema.org\",\"@graph\":[{\"@type\":\"WebPage\",\"@id\":\"https:\/\/simonjersey.eu\/lv\/produkts\/pavaru-cepure\/\",\"url\":\"https:\/\/simonjersey.eu\/lv\/produkts\/pavaru-cepure\/\",\"name\":\"Pav\u0101ru cepure - Simon Jersey Latvija\",\"isPartOf\":{\"@id\":\"https:\/\/simonjersey.eu\/lv\/#website\"},\"primaryImageOfPage\":{\"@id\":\"https:\/\/simonjersey.eu\/lv\/produkts\/pavaru-cepure\/#primaryimage\"},\"image\":{\"@id\":\"https:\/\/simonjersey.eu\/lv\/produkts\/pavaru-cepure\/#primaryimage\"},\"thumbnailUrl\":\"https:\/\/simonjersey.eu\/lv\/wp-content\/uploads\/sites\/2\/2019\/07\/CA0090-1.jpg\",\"datePublished\":\"2019-07-27T11:24:23+00:00\",\"dateModified\":\"2024-10-22T09:19:14+00:00\",\"description\":\"M\u016bsu klasisk\u0101 Simon Jersey pav\u0101ru cepure, pieejama tr\u012bs izm\u0113ros. Iztur\u012bgs materi\u0101ls, kas satur 35% kokvilnu un 65% poliesteri.\",\"breadcrumb\":{\"@id\":\"https:\/\/simonjersey.eu\/lv\/produkts\/pavaru-cepure\/#breadcrumb\"},\"inLanguage\":\"lv-LV\",\"potentialAction\":[{\"@type\":\"ReadAction\",\"target\":[\"https:\/\/simonjersey.eu\/lv\/produkts\/pavaru-cepure\/\"]}]},{\"@type\":\"ImageObject\",\"inLanguage\":\"lv-LV\",\"@id\":\"https:\/\/simonjersey.eu\/lv\/produkts\/pavaru-cepure\/#primaryimage\",\"url\":\"https:\/\/simonjersey.eu\/lv\/wp-content\/uploads\/sites\/2\/2019\/07\/CA0090-1.jpg\",\"contentUrl\":\"https:\/\/simonjersey.eu\/lv\/wp-content\/uploads\/sites\/2\/2019\/07\/CA0090-1.jpg\",\"width\":1000,\"height\":1500},{\"@type\":\"BreadcrumbList\",\"@id\":\"https:\/\/simonjersey.eu\/lv\/produkts\/pavaru-cepure\/#breadcrumb\",\"itemListElement\":[{\"@type\":\"ListItem\",\"position\":1,\"name\":\"Home\",\"item\":\"https:\/\/simonjersey.eu\/lv\/\"},{\"@type\":\"ListItem\",\"position\":2,\"name\":\"E-veikals\",\"item\":\"https:\/\/simonjersey.eu\/lv\/e-veikals\/\"},{\"@type\":\"ListItem\",\"position\":3,\"name\":\"Pav\u0101ru cepure\"}]},{\"@type\":\"WebSite\",\"@id\":\"https:\/\/simonjersey.eu\/lv\/#website\",\"url\":\"https:\/\/simonjersey.eu\/lv\/\",\"name\":\"Simon Jersey Latvija\",\"description\":\"Kvalitat\u012bvi un iztur\u012bgi darba ap\u0123\u0113rbi\",\"potentialAction\":[{\"@type\":\"SearchAction\",\"target\":{\"@type\":\"EntryPoint\",\"urlTemplate\":\"https:\/\/simonjersey.eu\/lv\/?s={search_term_string}\"},\"query-input\":{\"@type\":\"PropertyValueSpecification\",\"valueRequired\":true,\"valueName\":\"search_term_string\"}}],\"inLanguage\":\"lv-LV\"}]}<\/script>\n<!-- \/ Yoast SEO plugin. -->","yoast_head_json":{"title":"Pav\u0101ru cepure - Simon Jersey Latvija","description":"M\u016bsu klasisk\u0101 Simon Jersey pav\u0101ru cepure, pieejama tr\u012bs izm\u0113ros. Iztur\u012bgs materi\u0101ls, kas satur 35% kokvilnu un 65% poliesteri.","robots":{"index":"index","follow":"follow","max-snippet":"max-snippet:-1","max-image-preview":"max-image-preview:large","max-video-preview":"max-video-preview:-1"},"canonical":"https:\/\/simonjersey.eu\/lv\/produkts\/pavaru-cepure\/","og_locale":"lv_LV","og_type":"article","og_title":"Pav\u0101ru cepure - Simon Jersey Latvija","og_description":"M\u016bsu klasisk\u0101 Simon Jersey pav\u0101ru cepure, pieejama tr\u012bs izm\u0113ros. Iztur\u012bgs materi\u0101ls, kas satur 35% kokvilnu un 65% poliesteri.","og_url":"https:\/\/simonjersey.eu\/lv\/produkts\/pavaru-cepure\/","og_site_name":"Simon Jersey Latvija","article_modified_time":"2024-10-22T09:19:14+00:00","og_image":[{"width":1000,"height":1500,"url":"https:\/\/simonjersey.eu\/lv\/wp-content\/uploads\/sites\/2\/2019\/07\/CA0090-1.jpg","type":"image\/jpeg"}],"twitter_card":"summary_large_image","schema":{"@context":"https:\/\/schema.org","@graph":[{"@type":"WebPage","@id":"https:\/\/simonjersey.eu\/lv\/produkts\/pavaru-cepure\/","url":"https:\/\/simonjersey.eu\/lv\/produkts\/pavaru-cepure\/","name":"Pav\u0101ru cepure - Simon Jersey Latvija","isPartOf":{"@id":"https:\/\/simonjersey.eu\/lv\/#website"},"primaryImageOfPage":{"@id":"https:\/\/simonjersey.eu\/lv\/produkts\/pavaru-cepure\/#primaryimage"},"image":{"@id":"https:\/\/simonjersey.eu\/lv\/produkts\/pavaru-cepure\/#primaryimage"},"thumbnailUrl":"https:\/\/simonjersey.eu\/lv\/wp-content\/uploads\/sites\/2\/2019\/07\/CA0090-1.jpg","datePublished":"2019-07-27T11:24:23+00:00","dateModified":"2024-10-22T09:19:14+00:00","description":"M\u016bsu klasisk\u0101 Simon Jersey pav\u0101ru cepure, pieejama tr\u012bs izm\u0113ros. Iztur\u012bgs materi\u0101ls, kas satur 35% kokvilnu un 65% poliesteri.","breadcrumb":{"@id":"https:\/\/simonjersey.eu\/lv\/produkts\/pavaru-cepure\/#breadcrumb"},"inLanguage":"lv-LV","potentialAction":[{"@type":"ReadAction","target":["https:\/\/simonjersey.eu\/lv\/produkts\/pavaru-cepure\/"]}]},{"@type":"ImageObject","inLanguage":"lv-LV","@id":"https:\/\/simonjersey.eu\/lv\/produkts\/pavaru-cepure\/#primaryimage","url":"https:\/\/simonjersey.eu\/lv\/wp-content\/uploads\/sites\/2\/2019\/07\/CA0090-1.jpg","contentUrl":"https:\/\/simonjersey.eu\/lv\/wp-content\/uploads\/sites\/2\/2019\/07\/CA0090-1.jpg","width":1000,"height":1500},{"@type":"BreadcrumbList","@id":"https:\/\/simonjersey.eu\/lv\/produkts\/pavaru-cepure\/#breadcrumb","itemListElement":[{"@type":"ListItem","position":1,"name":"Home","item":"https:\/\/simonjersey.eu\/lv\/"},{"@type":"ListItem","position":2,"name":"E-veikals","item":"https:\/\/simonjersey.eu\/lv\/e-veikals\/"},{"@type":"ListItem","position":3,"name":"Pav\u0101ru cepure"}]},{"@type":"WebSite","@id":"https:\/\/simonjersey.eu\/lv\/#website","url":"https:\/\/simonjersey.eu\/lv\/","name":"Simon Jersey Latvija","description":"Kvalitat\u012bvi un iztur\u012bgi darba ap\u0123\u0113rbi","potentialAction":[{"@type":"SearchAction","target":{"@type":"EntryPoint","urlTemplate":"https:\/\/simonjersey.eu\/lv\/?s={search_term_string}"},"query-input":{"@type":"PropertyValueSpecification","valueRequired":true,"valueName":"search_term_string"}}],"inLanguage":"lv-LV"}]}},"_links":{"self":[{"href":"https:\/\/simonjersey.eu\/lv\/wp-json\/wp\/v2\/product\/3839","targetHints":{"allow":["GET"]}}],"collection":[{"href":"https:\/\/simonjersey.eu\/lv\/wp-json\/wp\/v2\/product"}],"about":[{"href":"https:\/\/simonjersey.eu\/lv\/wp-json\/wp\/v2\/types\/product"}],"wp:featuredmedia":[{"embeddable":true,"href":"https:\/\/simonjersey.eu\/lv\/wp-json\/wp\/v2\/media\/3843"}],"wp:attachment":[{"href":"https:\/\/simonjersey.eu\/lv\/wp-json\/wp\/v2\/media?parent=3839"}],"wp:term":[{"taxonomy":"product_brand","embeddable":true,"href":"https:\/\/simonjersey.eu\/lv\/wp-json\/wp\/v2\/product_brand?post=3839"},{"taxonomy":"product_cat","embeddable":true,"href":"https:\/\/simonjersey.eu\/lv\/wp-json\/wp\/v2\/product_cat?post=3839"},{"taxonomy":"product_tag","embeddable":true,"href":"https:\/\/simonjersey.eu\/lv\/wp-json\/wp\/v2\/product_tag?post=3839"}],"curies":[{"name":"wp","href":"https:\/\/api.w.org\/{rel}","templated":true}]}}