{"id":4008,"date":"2019-08-01T15:10:57","date_gmt":"2019-08-01T12:10:57","guid":{"rendered":"https:\/\/simonjersey.eu\/lv\/?post_type=product&#038;p=4008"},"modified":"2019-08-01T15:11:38","modified_gmt":"2019-08-01T12:11:38","slug":"melnas-erta-dizaina-pavaru-bikses","status":"publish","type":"product","link":"https:\/\/simonjersey.eu\/lv\/produkts\/melnas-erta-dizaina-pavaru-bikses\/","title":{"rendered":"Melnas \u0113rta dizaina pav\u0101ru bikses"},"content":{"rendered":"","protected":false},"excerpt":{"rendered":"<p>\u0160\u012bs \u0113rt\u0101s pav\u0101ru bikses ne tikai labi izskat\u0101s, bet t\u0101s ir ar\u012b rad\u012btas, lai b\u016btu br\u012bvas un \u0113rtas.<br \/>\nLieliski piem\u0113rotas darbiniekiem virtuv\u0113, kombin\u0113jot ar pav\u0101ru kreklu. <\/p>\n<p>Neno\u0161\u016btu galu garums 89cm\/35in.<br \/>\nMateri\u0101ls: 65% poliesters, 35% kokvilna.<br \/>\nKop\u0161ana: Mazg\u0101t 40\u00ba, viegli kopt.<br \/>\nIzm\u0113ri: XS-XXL.<\/p>\n","protected":false},"featured_media":4012,"template":"","meta":[],"product_brand":[],"product_cat":[26,45,52],"product_tag":[358,391],"class_list":{"0":"post-4008","1":"product","2":"type-product","3":"status-publish","4":"has-post-thumbnail","6":"product_cat-pavariem","7":"product_cat-pavaru-bikses","8":"product_cat-pavaru-apgerbs","9":"product_tag-pavaru-bikses","10":"product_tag-pavaru-darba-apgerbs","12":"first","13":"instock","14":"taxable","15":"shipping-taxable","16":"purchasable","17":"product-type-variable","18":"has-default-attributes"},"yoast_head":"<!-- This site is optimized with the Yoast SEO plugin v27.2 - https:\/\/yoast.com\/product\/yoast-seo-wordpress\/ -->\n<title>Melnas \u0113rta dizaina pav\u0101ru bikses - Simon Jersey Latvija<\/title>\n<meta name=\"description\" content=\"\u0160\u012bs \u0113rt\u0101s pav\u0101ru bikses ne tikai labi izskat\u0101s, bet t\u0101s ir ar\u012b rad\u012btas, lai b\u016btu br\u012bvas un \u0113rtas. Lieliski piem\u0113rotas darbiniekiem virtuv\u0113.\" \/>\n<meta name=\"robots\" content=\"index, follow, max-snippet:-1, max-image-preview:large, max-video-preview:-1\" \/>\n<link rel=\"canonical\" href=\"https:\/\/simonjersey.eu\/lv\/produkts\/melnas-erta-dizaina-pavaru-bikses\/\" \/>\n<meta property=\"og:locale\" content=\"lv_LV\" \/>\n<meta property=\"og:type\" content=\"article\" \/>\n<meta property=\"og:title\" content=\"Melnas \u0113rta dizaina pav\u0101ru bikses - Simon Jersey Latvija\" \/>\n<meta property=\"og:description\" content=\"\u0160\u012bs \u0113rt\u0101s pav\u0101ru bikses ne tikai labi izskat\u0101s, bet t\u0101s ir ar\u012b rad\u012btas, lai b\u016btu br\u012bvas un \u0113rtas. Lieliski piem\u0113rotas darbiniekiem virtuv\u0113.\" \/>\n<meta property=\"og:url\" content=\"https:\/\/simonjersey.eu\/lv\/produkts\/melnas-erta-dizaina-pavaru-bikses\/\" \/>\n<meta property=\"og:site_name\" content=\"Simon Jersey Latvija\" \/>\n<meta property=\"article:modified_time\" content=\"2019-08-01T12:11:38+00:00\" \/>\n<meta property=\"og:image\" content=\"https:\/\/simonjersey.eu\/lv\/wp-content\/uploads\/sites\/2\/2019\/08\/CT0760-1.jpg\" \/>\n\t<meta property=\"og:image:width\" content=\"1000\" \/>\n\t<meta property=\"og:image:height\" content=\"1500\" \/>\n\t<meta property=\"og:image:type\" content=\"image\/jpeg\" \/>\n<meta name=\"twitter:card\" content=\"summary_large_image\" \/>\n<script type=\"application\/ld+json\" class=\"yoast-schema-graph\">{\"@context\":\"https:\/\/schema.org\",\"@graph\":[{\"@type\":\"WebPage\",\"@id\":\"https:\/\/simonjersey.eu\/lv\/produkts\/melnas-erta-dizaina-pavaru-bikses\/\",\"url\":\"https:\/\/simonjersey.eu\/lv\/produkts\/melnas-erta-dizaina-pavaru-bikses\/\",\"name\":\"Melnas \u0113rta dizaina pav\u0101ru bikses - Simon Jersey Latvija\",\"isPartOf\":{\"@id\":\"https:\/\/simonjersey.eu\/lv\/#website\"},\"primaryImageOfPage\":{\"@id\":\"https:\/\/simonjersey.eu\/lv\/produkts\/melnas-erta-dizaina-pavaru-bikses\/#primaryimage\"},\"image\":{\"@id\":\"https:\/\/simonjersey.eu\/lv\/produkts\/melnas-erta-dizaina-pavaru-bikses\/#primaryimage\"},\"thumbnailUrl\":\"https:\/\/simonjersey.eu\/lv\/wp-content\/uploads\/sites\/2\/2019\/08\/CT0760-1.jpg\",\"datePublished\":\"2019-08-01T12:10:57+00:00\",\"dateModified\":\"2019-08-01T12:11:38+00:00\",\"description\":\"\u0160\u012bs \u0113rt\u0101s pav\u0101ru bikses ne tikai labi izskat\u0101s, bet t\u0101s ir ar\u012b rad\u012btas, lai b\u016btu br\u012bvas un \u0113rtas. Lieliski piem\u0113rotas darbiniekiem virtuv\u0113.\",\"breadcrumb\":{\"@id\":\"https:\/\/simonjersey.eu\/lv\/produkts\/melnas-erta-dizaina-pavaru-bikses\/#breadcrumb\"},\"inLanguage\":\"lv-LV\",\"potentialAction\":[{\"@type\":\"ReadAction\",\"target\":[\"https:\/\/simonjersey.eu\/lv\/produkts\/melnas-erta-dizaina-pavaru-bikses\/\"]}]},{\"@type\":\"ImageObject\",\"inLanguage\":\"lv-LV\",\"@id\":\"https:\/\/simonjersey.eu\/lv\/produkts\/melnas-erta-dizaina-pavaru-bikses\/#primaryimage\",\"url\":\"https:\/\/simonjersey.eu\/lv\/wp-content\/uploads\/sites\/2\/2019\/08\/CT0760-1.jpg\",\"contentUrl\":\"https:\/\/simonjersey.eu\/lv\/wp-content\/uploads\/sites\/2\/2019\/08\/CT0760-1.jpg\",\"width\":1000,\"height\":1500},{\"@type\":\"BreadcrumbList\",\"@id\":\"https:\/\/simonjersey.eu\/lv\/produkts\/melnas-erta-dizaina-pavaru-bikses\/#breadcrumb\",\"itemListElement\":[{\"@type\":\"ListItem\",\"position\":1,\"name\":\"Home\",\"item\":\"https:\/\/simonjersey.eu\/lv\/\"},{\"@type\":\"ListItem\",\"position\":2,\"name\":\"E-veikals\",\"item\":\"https:\/\/simonjersey.eu\/lv\/e-veikals\/\"},{\"@type\":\"ListItem\",\"position\":3,\"name\":\"Melnas \u0113rta dizaina pav\u0101ru bikses\"}]},{\"@type\":\"WebSite\",\"@id\":\"https:\/\/simonjersey.eu\/lv\/#website\",\"url\":\"https:\/\/simonjersey.eu\/lv\/\",\"name\":\"Simon Jersey Latvija\",\"description\":\"Kvalitat\u012bvi un iztur\u012bgi darba ap\u0123\u0113rbi\",\"potentialAction\":[{\"@type\":\"SearchAction\",\"target\":{\"@type\":\"EntryPoint\",\"urlTemplate\":\"https:\/\/simonjersey.eu\/lv\/?s={search_term_string}\"},\"query-input\":{\"@type\":\"PropertyValueSpecification\",\"valueRequired\":true,\"valueName\":\"search_term_string\"}}],\"inLanguage\":\"lv-LV\"}]}<\/script>\n<!-- \/ Yoast SEO plugin. -->","yoast_head_json":{"title":"Melnas \u0113rta dizaina pav\u0101ru bikses - Simon Jersey Latvija","description":"\u0160\u012bs \u0113rt\u0101s pav\u0101ru bikses ne tikai labi izskat\u0101s, bet t\u0101s ir ar\u012b rad\u012btas, lai b\u016btu br\u012bvas un \u0113rtas. Lieliski piem\u0113rotas darbiniekiem virtuv\u0113.","robots":{"index":"index","follow":"follow","max-snippet":"max-snippet:-1","max-image-preview":"max-image-preview:large","max-video-preview":"max-video-preview:-1"},"canonical":"https:\/\/simonjersey.eu\/lv\/produkts\/melnas-erta-dizaina-pavaru-bikses\/","og_locale":"lv_LV","og_type":"article","og_title":"Melnas \u0113rta dizaina pav\u0101ru bikses - Simon Jersey Latvija","og_description":"\u0160\u012bs \u0113rt\u0101s pav\u0101ru bikses ne tikai labi izskat\u0101s, bet t\u0101s ir ar\u012b rad\u012btas, lai b\u016btu br\u012bvas un \u0113rtas. Lieliski piem\u0113rotas darbiniekiem virtuv\u0113.","og_url":"https:\/\/simonjersey.eu\/lv\/produkts\/melnas-erta-dizaina-pavaru-bikses\/","og_site_name":"Simon Jersey Latvija","article_modified_time":"2019-08-01T12:11:38+00:00","og_image":[{"width":1000,"height":1500,"url":"https:\/\/simonjersey.eu\/lv\/wp-content\/uploads\/sites\/2\/2019\/08\/CT0760-1.jpg","type":"image\/jpeg"}],"twitter_card":"summary_large_image","schema":{"@context":"https:\/\/schema.org","@graph":[{"@type":"WebPage","@id":"https:\/\/simonjersey.eu\/lv\/produkts\/melnas-erta-dizaina-pavaru-bikses\/","url":"https:\/\/simonjersey.eu\/lv\/produkts\/melnas-erta-dizaina-pavaru-bikses\/","name":"Melnas \u0113rta dizaina pav\u0101ru bikses - Simon Jersey Latvija","isPartOf":{"@id":"https:\/\/simonjersey.eu\/lv\/#website"},"primaryImageOfPage":{"@id":"https:\/\/simonjersey.eu\/lv\/produkts\/melnas-erta-dizaina-pavaru-bikses\/#primaryimage"},"image":{"@id":"https:\/\/simonjersey.eu\/lv\/produkts\/melnas-erta-dizaina-pavaru-bikses\/#primaryimage"},"thumbnailUrl":"https:\/\/simonjersey.eu\/lv\/wp-content\/uploads\/sites\/2\/2019\/08\/CT0760-1.jpg","datePublished":"2019-08-01T12:10:57+00:00","dateModified":"2019-08-01T12:11:38+00:00","description":"\u0160\u012bs \u0113rt\u0101s pav\u0101ru bikses ne tikai labi izskat\u0101s, bet t\u0101s ir ar\u012b rad\u012btas, lai b\u016btu br\u012bvas un \u0113rtas. Lieliski piem\u0113rotas darbiniekiem virtuv\u0113.","breadcrumb":{"@id":"https:\/\/simonjersey.eu\/lv\/produkts\/melnas-erta-dizaina-pavaru-bikses\/#breadcrumb"},"inLanguage":"lv-LV","potentialAction":[{"@type":"ReadAction","target":["https:\/\/simonjersey.eu\/lv\/produkts\/melnas-erta-dizaina-pavaru-bikses\/"]}]},{"@type":"ImageObject","inLanguage":"lv-LV","@id":"https:\/\/simonjersey.eu\/lv\/produkts\/melnas-erta-dizaina-pavaru-bikses\/#primaryimage","url":"https:\/\/simonjersey.eu\/lv\/wp-content\/uploads\/sites\/2\/2019\/08\/CT0760-1.jpg","contentUrl":"https:\/\/simonjersey.eu\/lv\/wp-content\/uploads\/sites\/2\/2019\/08\/CT0760-1.jpg","width":1000,"height":1500},{"@type":"BreadcrumbList","@id":"https:\/\/simonjersey.eu\/lv\/produkts\/melnas-erta-dizaina-pavaru-bikses\/#breadcrumb","itemListElement":[{"@type":"ListItem","position":1,"name":"Home","item":"https:\/\/simonjersey.eu\/lv\/"},{"@type":"ListItem","position":2,"name":"E-veikals","item":"https:\/\/simonjersey.eu\/lv\/e-veikals\/"},{"@type":"ListItem","position":3,"name":"Melnas \u0113rta dizaina pav\u0101ru bikses"}]},{"@type":"WebSite","@id":"https:\/\/simonjersey.eu\/lv\/#website","url":"https:\/\/simonjersey.eu\/lv\/","name":"Simon Jersey Latvija","description":"Kvalitat\u012bvi un iztur\u012bgi darba ap\u0123\u0113rbi","potentialAction":[{"@type":"SearchAction","target":{"@type":"EntryPoint","urlTemplate":"https:\/\/simonjersey.eu\/lv\/?s={search_term_string}"},"query-input":{"@type":"PropertyValueSpecification","valueRequired":true,"valueName":"search_term_string"}}],"inLanguage":"lv-LV"}]}},"_links":{"self":[{"href":"https:\/\/simonjersey.eu\/lv\/wp-json\/wp\/v2\/product\/4008","targetHints":{"allow":["GET"]}}],"collection":[{"href":"https:\/\/simonjersey.eu\/lv\/wp-json\/wp\/v2\/product"}],"about":[{"href":"https:\/\/simonjersey.eu\/lv\/wp-json\/wp\/v2\/types\/product"}],"wp:featuredmedia":[{"embeddable":true,"href":"https:\/\/simonjersey.eu\/lv\/wp-json\/wp\/v2\/media\/4012"}],"wp:attachment":[{"href":"https:\/\/simonjersey.eu\/lv\/wp-json\/wp\/v2\/media?parent=4008"}],"wp:term":[{"taxonomy":"product_brand","embeddable":true,"href":"https:\/\/simonjersey.eu\/lv\/wp-json\/wp\/v2\/product_brand?post=4008"},{"taxonomy":"product_cat","embeddable":true,"href":"https:\/\/simonjersey.eu\/lv\/wp-json\/wp\/v2\/product_cat?post=4008"},{"taxonomy":"product_tag","embeddable":true,"href":"https:\/\/simonjersey.eu\/lv\/wp-json\/wp\/v2\/product_tag?post=4008"}],"curies":[{"name":"wp","href":"https:\/\/api.w.org\/{rel}","templated":true}]}}