{"id":4013,"date":"2019-08-01T17:17:06","date_gmt":"2019-08-01T14:17:06","guid":{"rendered":"https:\/\/simonjersey.eu\/lv\/?post_type=product&#038;p=4013"},"modified":"2019-10-04T11:50:39","modified_gmt":"2019-10-04T08:50:39","slug":"trilbija-cepure","status":"publish","type":"product","link":"https:\/\/simonjersey.eu\/lv\/produkts\/trilbija-cepure\/","title":{"rendered":"Trilbija Cepure"},"content":{"rendered":"","protected":false},"excerpt":{"rendered":"<p>\u0160\u012b Trilbija cepure ir vis\u0113rt\u0101k\u0101 cepure, ko varam pied\u0101v\u0101t viesm\u012bl\u012bbas nozar\u0113.<br \/>\nElpojo\u0161a cepure, pieejama balt\u0101 kr\u0101s\u0101.<\/p>\n<p>Materi\u0101ls: 100% Neilons.<\/p>\n<p>Pieejama \u010detros izm\u0113ros:<br \/>\nS(57cm\/22in).<br \/>\nM(59.5cm\/23in).<br \/>\nL(62cm\/24in).<br \/>\nXL(64cm\/25in).<\/p>\n","protected":false},"featured_media":4015,"template":"","meta":[],"product_brand":[],"product_cat":[30,26,47,57,52],"product_tag":[391],"class_list":{"0":"post-4013","1":"product","2":"type-product","3":"status-publish","4":"has-post-thumbnail","6":"product_cat-aksesuari","7":"product_cat-pavariem","8":"product_cat-apavi-un-cepures","9":"product_cat-aksesuari-viesmiliba","10":"product_cat-pavaru-apgerbs","11":"product_tag-pavaru-darba-apgerbs","13":"first","14":"instock","15":"taxable","16":"shipping-taxable","17":"purchasable","18":"product-type-variable","19":"has-default-attributes"},"yoast_head":"<!-- This site is optimized with the Yoast SEO plugin v27.2 - https:\/\/yoast.com\/product\/yoast-seo-wordpress\/ -->\n<title>pav\u0101ru ap\u0123\u0113rbs v\u012brie\u0161iem, pav\u0101ru ap\u0123\u0113rbs sieviet\u0113m - Simon Jersey Latvija<\/title>\n<meta name=\"description\" content=\"\u0160\u012b Trilbija cepure ir vis\u0113rt\u0101k\u0101 cepure, ko varam pied\u0101v\u0101t viesm\u012bl\u012bbas nozar\u0113. Elpojo\u0161a cepure, pieejama balt\u0101 kr\u0101s\u0101.\" \/>\n<meta name=\"robots\" content=\"index, follow, max-snippet:-1, max-image-preview:large, max-video-preview:-1\" \/>\n<link rel=\"canonical\" href=\"https:\/\/simonjersey.eu\/lv\/produkts\/trilbija-cepure\/\" \/>\n<meta property=\"og:locale\" content=\"lv_LV\" \/>\n<meta property=\"og:type\" content=\"article\" \/>\n<meta property=\"og:title\" content=\"pav\u0101ru ap\u0123\u0113rbs v\u012brie\u0161iem, pav\u0101ru ap\u0123\u0113rbs sieviet\u0113m - Simon Jersey Latvija\" \/>\n<meta property=\"og:description\" content=\"\u0160\u012b Trilbija cepure ir vis\u0113rt\u0101k\u0101 cepure, ko varam pied\u0101v\u0101t viesm\u012bl\u012bbas nozar\u0113. Elpojo\u0161a cepure, pieejama balt\u0101 kr\u0101s\u0101.\" \/>\n<meta property=\"og:url\" content=\"https:\/\/simonjersey.eu\/lv\/produkts\/trilbija-cepure\/\" \/>\n<meta property=\"og:site_name\" content=\"Simon Jersey Latvija\" \/>\n<meta property=\"article:modified_time\" content=\"2019-10-04T08:50:39+00:00\" \/>\n<meta property=\"og:image\" content=\"https:\/\/simonjersey.eu\/lv\/wp-content\/uploads\/sites\/2\/2019\/08\/CA0400-2.jpg\" \/>\n\t<meta property=\"og:image:width\" content=\"1000\" \/>\n\t<meta property=\"og:image:height\" content=\"1500\" \/>\n\t<meta property=\"og:image:type\" content=\"image\/jpeg\" \/>\n<meta name=\"twitter:card\" content=\"summary_large_image\" \/>\n<script type=\"application\/ld+json\" class=\"yoast-schema-graph\">{\"@context\":\"https:\/\/schema.org\",\"@graph\":[{\"@type\":\"WebPage\",\"@id\":\"https:\/\/simonjersey.eu\/lv\/produkts\/trilbija-cepure\/\",\"url\":\"https:\/\/simonjersey.eu\/lv\/produkts\/trilbija-cepure\/\",\"name\":\"pav\u0101ru ap\u0123\u0113rbs v\u012brie\u0161iem, pav\u0101ru ap\u0123\u0113rbs sieviet\u0113m - Simon Jersey Latvija\",\"isPartOf\":{\"@id\":\"https:\/\/simonjersey.eu\/lv\/#website\"},\"primaryImageOfPage\":{\"@id\":\"https:\/\/simonjersey.eu\/lv\/produkts\/trilbija-cepure\/#primaryimage\"},\"image\":{\"@id\":\"https:\/\/simonjersey.eu\/lv\/produkts\/trilbija-cepure\/#primaryimage\"},\"thumbnailUrl\":\"https:\/\/simonjersey.eu\/lv\/wp-content\/uploads\/sites\/2\/2019\/08\/CA0400-2.jpg\",\"datePublished\":\"2019-08-01T14:17:06+00:00\",\"dateModified\":\"2019-10-04T08:50:39+00:00\",\"description\":\"\u0160\u012b Trilbija cepure ir vis\u0113rt\u0101k\u0101 cepure, ko varam pied\u0101v\u0101t viesm\u012bl\u012bbas nozar\u0113. Elpojo\u0161a cepure, pieejama balt\u0101 kr\u0101s\u0101.\",\"breadcrumb\":{\"@id\":\"https:\/\/simonjersey.eu\/lv\/produkts\/trilbija-cepure\/#breadcrumb\"},\"inLanguage\":\"lv-LV\",\"potentialAction\":[{\"@type\":\"ReadAction\",\"target\":[\"https:\/\/simonjersey.eu\/lv\/produkts\/trilbija-cepure\/\"]}]},{\"@type\":\"ImageObject\",\"inLanguage\":\"lv-LV\",\"@id\":\"https:\/\/simonjersey.eu\/lv\/produkts\/trilbija-cepure\/#primaryimage\",\"url\":\"https:\/\/simonjersey.eu\/lv\/wp-content\/uploads\/sites\/2\/2019\/08\/CA0400-2.jpg\",\"contentUrl\":\"https:\/\/simonjersey.eu\/lv\/wp-content\/uploads\/sites\/2\/2019\/08\/CA0400-2.jpg\",\"width\":1000,\"height\":1500},{\"@type\":\"BreadcrumbList\",\"@id\":\"https:\/\/simonjersey.eu\/lv\/produkts\/trilbija-cepure\/#breadcrumb\",\"itemListElement\":[{\"@type\":\"ListItem\",\"position\":1,\"name\":\"Home\",\"item\":\"https:\/\/simonjersey.eu\/lv\/\"},{\"@type\":\"ListItem\",\"position\":2,\"name\":\"E-veikals\",\"item\":\"https:\/\/simonjersey.eu\/lv\/e-veikals\/\"},{\"@type\":\"ListItem\",\"position\":3,\"name\":\"Trilbija Cepure\"}]},{\"@type\":\"WebSite\",\"@id\":\"https:\/\/simonjersey.eu\/lv\/#website\",\"url\":\"https:\/\/simonjersey.eu\/lv\/\",\"name\":\"Simon Jersey Latvija\",\"description\":\"Kvalitat\u012bvi un iztur\u012bgi darba ap\u0123\u0113rbi\",\"potentialAction\":[{\"@type\":\"SearchAction\",\"target\":{\"@type\":\"EntryPoint\",\"urlTemplate\":\"https:\/\/simonjersey.eu\/lv\/?s={search_term_string}\"},\"query-input\":{\"@type\":\"PropertyValueSpecification\",\"valueRequired\":true,\"valueName\":\"search_term_string\"}}],\"inLanguage\":\"lv-LV\"}]}<\/script>\n<!-- \/ Yoast SEO plugin. -->","yoast_head_json":{"title":"pav\u0101ru ap\u0123\u0113rbs v\u012brie\u0161iem, pav\u0101ru ap\u0123\u0113rbs sieviet\u0113m - Simon Jersey Latvija","description":"\u0160\u012b Trilbija cepure ir vis\u0113rt\u0101k\u0101 cepure, ko varam pied\u0101v\u0101t viesm\u012bl\u012bbas nozar\u0113. Elpojo\u0161a cepure, pieejama balt\u0101 kr\u0101s\u0101.","robots":{"index":"index","follow":"follow","max-snippet":"max-snippet:-1","max-image-preview":"max-image-preview:large","max-video-preview":"max-video-preview:-1"},"canonical":"https:\/\/simonjersey.eu\/lv\/produkts\/trilbija-cepure\/","og_locale":"lv_LV","og_type":"article","og_title":"pav\u0101ru ap\u0123\u0113rbs v\u012brie\u0161iem, pav\u0101ru ap\u0123\u0113rbs sieviet\u0113m - Simon Jersey Latvija","og_description":"\u0160\u012b Trilbija cepure ir vis\u0113rt\u0101k\u0101 cepure, ko varam pied\u0101v\u0101t viesm\u012bl\u012bbas nozar\u0113. Elpojo\u0161a cepure, pieejama balt\u0101 kr\u0101s\u0101.","og_url":"https:\/\/simonjersey.eu\/lv\/produkts\/trilbija-cepure\/","og_site_name":"Simon Jersey Latvija","article_modified_time":"2019-10-04T08:50:39+00:00","og_image":[{"width":1000,"height":1500,"url":"https:\/\/simonjersey.eu\/lv\/wp-content\/uploads\/sites\/2\/2019\/08\/CA0400-2.jpg","type":"image\/jpeg"}],"twitter_card":"summary_large_image","schema":{"@context":"https:\/\/schema.org","@graph":[{"@type":"WebPage","@id":"https:\/\/simonjersey.eu\/lv\/produkts\/trilbija-cepure\/","url":"https:\/\/simonjersey.eu\/lv\/produkts\/trilbija-cepure\/","name":"pav\u0101ru ap\u0123\u0113rbs v\u012brie\u0161iem, pav\u0101ru ap\u0123\u0113rbs sieviet\u0113m - Simon Jersey Latvija","isPartOf":{"@id":"https:\/\/simonjersey.eu\/lv\/#website"},"primaryImageOfPage":{"@id":"https:\/\/simonjersey.eu\/lv\/produkts\/trilbija-cepure\/#primaryimage"},"image":{"@id":"https:\/\/simonjersey.eu\/lv\/produkts\/trilbija-cepure\/#primaryimage"},"thumbnailUrl":"https:\/\/simonjersey.eu\/lv\/wp-content\/uploads\/sites\/2\/2019\/08\/CA0400-2.jpg","datePublished":"2019-08-01T14:17:06+00:00","dateModified":"2019-10-04T08:50:39+00:00","description":"\u0160\u012b Trilbija cepure ir vis\u0113rt\u0101k\u0101 cepure, ko varam pied\u0101v\u0101t viesm\u012bl\u012bbas nozar\u0113. Elpojo\u0161a cepure, pieejama balt\u0101 kr\u0101s\u0101.","breadcrumb":{"@id":"https:\/\/simonjersey.eu\/lv\/produkts\/trilbija-cepure\/#breadcrumb"},"inLanguage":"lv-LV","potentialAction":[{"@type":"ReadAction","target":["https:\/\/simonjersey.eu\/lv\/produkts\/trilbija-cepure\/"]}]},{"@type":"ImageObject","inLanguage":"lv-LV","@id":"https:\/\/simonjersey.eu\/lv\/produkts\/trilbija-cepure\/#primaryimage","url":"https:\/\/simonjersey.eu\/lv\/wp-content\/uploads\/sites\/2\/2019\/08\/CA0400-2.jpg","contentUrl":"https:\/\/simonjersey.eu\/lv\/wp-content\/uploads\/sites\/2\/2019\/08\/CA0400-2.jpg","width":1000,"height":1500},{"@type":"BreadcrumbList","@id":"https:\/\/simonjersey.eu\/lv\/produkts\/trilbija-cepure\/#breadcrumb","itemListElement":[{"@type":"ListItem","position":1,"name":"Home","item":"https:\/\/simonjersey.eu\/lv\/"},{"@type":"ListItem","position":2,"name":"E-veikals","item":"https:\/\/simonjersey.eu\/lv\/e-veikals\/"},{"@type":"ListItem","position":3,"name":"Trilbija Cepure"}]},{"@type":"WebSite","@id":"https:\/\/simonjersey.eu\/lv\/#website","url":"https:\/\/simonjersey.eu\/lv\/","name":"Simon Jersey Latvija","description":"Kvalitat\u012bvi un iztur\u012bgi darba ap\u0123\u0113rbi","potentialAction":[{"@type":"SearchAction","target":{"@type":"EntryPoint","urlTemplate":"https:\/\/simonjersey.eu\/lv\/?s={search_term_string}"},"query-input":{"@type":"PropertyValueSpecification","valueRequired":true,"valueName":"search_term_string"}}],"inLanguage":"lv-LV"}]}},"_links":{"self":[{"href":"https:\/\/simonjersey.eu\/lv\/wp-json\/wp\/v2\/product\/4013","targetHints":{"allow":["GET"]}}],"collection":[{"href":"https:\/\/simonjersey.eu\/lv\/wp-json\/wp\/v2\/product"}],"about":[{"href":"https:\/\/simonjersey.eu\/lv\/wp-json\/wp\/v2\/types\/product"}],"wp:featuredmedia":[{"embeddable":true,"href":"https:\/\/simonjersey.eu\/lv\/wp-json\/wp\/v2\/media\/4015"}],"wp:attachment":[{"href":"https:\/\/simonjersey.eu\/lv\/wp-json\/wp\/v2\/media?parent=4013"}],"wp:term":[{"taxonomy":"product_brand","embeddable":true,"href":"https:\/\/simonjersey.eu\/lv\/wp-json\/wp\/v2\/product_brand?post=4013"},{"taxonomy":"product_cat","embeddable":true,"href":"https:\/\/simonjersey.eu\/lv\/wp-json\/wp\/v2\/product_cat?post=4013"},{"taxonomy":"product_tag","embeddable":true,"href":"https:\/\/simonjersey.eu\/lv\/wp-json\/wp\/v2\/product_tag?post=4013"}],"curies":[{"name":"wp","href":"https:\/\/api.w.org\/{rel}","templated":true}]}}