{"id":4032,"date":"2019-08-02T10:59:28","date_gmt":"2019-08-02T07:59:28","guid":{"rendered":"https:\/\/simonjersey.eu\/lv\/?post_type=product&#038;p=4032"},"modified":"2023-06-26T12:13:21","modified_gmt":"2023-06-26T09:13:21","slug":"tunika-ar-ravejsledzi-un-kabatam","status":"publish","type":"product","link":"https:\/\/simonjersey.eu\/lv\/produkts\/tunika-ar-ravejsledzi-un-kabatam\/","title":{"rendered":"Tunika ar r\u0101v\u0113jsl\u0113dzi un kabat\u0101m"},"content":{"rendered":"","protected":false},"excerpt":{"rendered":"<p>\u0160\u012b tunika ar r\u0101v\u0113jsl\u0113dzi un kabat\u0101m ieder\u0113sies jebkur\u0101 skaistumkop\u0161anas darbinieces darba garderoob\u0113. Priek\u0161\u0113jais r\u0101v\u0113jsl\u0113dz\u0113js dod stil\u012bgu izskatu, k\u0101 ar\u012b tunikas dizains izstr\u0101d\u0101ts,<br \/>\nlai b\u016btu ne tikai moderns, bet ar\u012b \u0113rts visas dienas garum\u0101.<\/p>\n<p>Priek\u0161\u0101 r\u0101v\u0113jsl\u0113dzis, diivas kabatas, s\u0101na \u0161\u0137\u0113lumi, isas piedurknes, V-veida kakla izgriezums.<\/p>\n<p>Materi\u0101ls: 100% poliesters<br \/>\nKop\u0161ana: Iesak\u0101m mazg\u0101t 40\u00b0, nav nepiecie\u0161ama gludin\u0101\u0161ana<br \/>\nIzm\u0113ri (UK): 6-26.<\/p>\n<p>&nbsp;<\/p>\n","protected":false},"featured_media":4042,"template":"","meta":[],"product_brand":[],"product_cat":[17,18,72,73,74,53,54,112],"product_tag":[148,150,288],"class_list":{"0":"post-4032","1":"product","2":"type-product","3":"status-publish","4":"has-post-thumbnail","6":"product_cat-skaistumkopsana","7":"product_cat-tunikas","8":"product_cat-veselibas-aprupe","9":"product_cat-arsti-un-medmasas","10":"product_cat-sieviesu-tunikas","11":"product_cat-apkalposana-numurina","12":"product_cat-uzkopsanas-personals","13":"product_cat-tunikas-2","14":"product_tag-tunikas-skaistumkopsanas-darbiniekiem","15":"product_tag-tunikas-spa-darbiniekiem","16":"product_tag-uzkopsanas-darbinieku-uniformas","18":"first","19":"instock","20":"featured","21":"taxable","22":"shipping-taxable","23":"purchasable","24":"product-type-variable","25":"has-default-attributes"},"yoast_head":"<!-- This site is optimized with the Yoast SEO plugin v27.2 - https:\/\/yoast.com\/product\/yoast-seo-wordpress\/ -->\n<title>Tunika ar r\u0101v\u0113jsl\u0113dzi un kabat\u0101m - Simon Jersey Latvija<\/title>\n<meta name=\"description\" content=\"\u0160\u012b tunika ar r\u0101v\u0113jsl\u0113dzi un kabat\u0101m ieder\u0113sies jebkur\u0101 skaistumkop\u0161anas darbinieces darba garderoob\u0113. Priek\u0161\u0113jais r\u0101v\u0113jsl\u0113dz\u0113js dod stil\u012bgu izskatu.\" \/>\n<meta name=\"robots\" content=\"index, follow, max-snippet:-1, max-image-preview:large, max-video-preview:-1\" \/>\n<link rel=\"canonical\" href=\"https:\/\/simonjersey.eu\/lv\/produkts\/tunika-ar-ravejsledzi-un-kabatam\/\" \/>\n<meta property=\"og:locale\" content=\"lv_LV\" \/>\n<meta property=\"og:type\" content=\"article\" \/>\n<meta property=\"og:title\" content=\"Tunika ar r\u0101v\u0113jsl\u0113dzi un kabat\u0101m - Simon Jersey Latvija\" \/>\n<meta property=\"og:description\" content=\"\u0160\u012b tunika ar r\u0101v\u0113jsl\u0113dzi un kabat\u0101m ieder\u0113sies jebkur\u0101 skaistumkop\u0161anas darbinieces darba garderoob\u0113. Priek\u0161\u0113jais r\u0101v\u0113jsl\u0113dz\u0113js dod stil\u012bgu izskatu.\" \/>\n<meta property=\"og:url\" content=\"https:\/\/simonjersey.eu\/lv\/produkts\/tunika-ar-ravejsledzi-un-kabatam\/\" \/>\n<meta property=\"og:site_name\" content=\"Simon Jersey Latvija\" \/>\n<meta property=\"article:modified_time\" content=\"2023-06-26T09:13:21+00:00\" \/>\n<meta property=\"og:image\" content=\"https:\/\/simonjersey.eu\/lv\/wp-content\/uploads\/sites\/2\/2019\/08\/FD4230-1.jpg\" \/>\n\t<meta property=\"og:image:width\" content=\"1000\" \/>\n\t<meta property=\"og:image:height\" content=\"1500\" \/>\n\t<meta property=\"og:image:type\" content=\"image\/jpeg\" \/>\n<meta name=\"twitter:card\" content=\"summary_large_image\" \/>\n<script type=\"application\/ld+json\" class=\"yoast-schema-graph\">{\"@context\":\"https:\/\/schema.org\",\"@graph\":[{\"@type\":\"WebPage\",\"@id\":\"https:\/\/simonjersey.eu\/lv\/produkts\/tunika-ar-ravejsledzi-un-kabatam\/\",\"url\":\"https:\/\/simonjersey.eu\/lv\/produkts\/tunika-ar-ravejsledzi-un-kabatam\/\",\"name\":\"Tunika ar r\u0101v\u0113jsl\u0113dzi un kabat\u0101m - Simon Jersey Latvija\",\"isPartOf\":{\"@id\":\"https:\/\/simonjersey.eu\/lv\/#website\"},\"primaryImageOfPage\":{\"@id\":\"https:\/\/simonjersey.eu\/lv\/produkts\/tunika-ar-ravejsledzi-un-kabatam\/#primaryimage\"},\"image\":{\"@id\":\"https:\/\/simonjersey.eu\/lv\/produkts\/tunika-ar-ravejsledzi-un-kabatam\/#primaryimage\"},\"thumbnailUrl\":\"https:\/\/simonjersey.eu\/lv\/wp-content\/uploads\/sites\/2\/2019\/08\/FD4230-1.jpg\",\"datePublished\":\"2019-08-02T07:59:28+00:00\",\"dateModified\":\"2023-06-26T09:13:21+00:00\",\"description\":\"\u0160\u012b tunika ar r\u0101v\u0113jsl\u0113dzi un kabat\u0101m ieder\u0113sies jebkur\u0101 skaistumkop\u0161anas darbinieces darba garderoob\u0113. Priek\u0161\u0113jais r\u0101v\u0113jsl\u0113dz\u0113js dod stil\u012bgu izskatu.\",\"breadcrumb\":{\"@id\":\"https:\/\/simonjersey.eu\/lv\/produkts\/tunika-ar-ravejsledzi-un-kabatam\/#breadcrumb\"},\"inLanguage\":\"lv-LV\",\"potentialAction\":[{\"@type\":\"ReadAction\",\"target\":[\"https:\/\/simonjersey.eu\/lv\/produkts\/tunika-ar-ravejsledzi-un-kabatam\/\"]}]},{\"@type\":\"ImageObject\",\"inLanguage\":\"lv-LV\",\"@id\":\"https:\/\/simonjersey.eu\/lv\/produkts\/tunika-ar-ravejsledzi-un-kabatam\/#primaryimage\",\"url\":\"https:\/\/simonjersey.eu\/lv\/wp-content\/uploads\/sites\/2\/2019\/08\/FD4230-1.jpg\",\"contentUrl\":\"https:\/\/simonjersey.eu\/lv\/wp-content\/uploads\/sites\/2\/2019\/08\/FD4230-1.jpg\",\"width\":1000,\"height\":1500},{\"@type\":\"BreadcrumbList\",\"@id\":\"https:\/\/simonjersey.eu\/lv\/produkts\/tunika-ar-ravejsledzi-un-kabatam\/#breadcrumb\",\"itemListElement\":[{\"@type\":\"ListItem\",\"position\":1,\"name\":\"Home\",\"item\":\"https:\/\/simonjersey.eu\/lv\/\"},{\"@type\":\"ListItem\",\"position\":2,\"name\":\"E-veikals\",\"item\":\"https:\/\/simonjersey.eu\/lv\/e-veikals\/\"},{\"@type\":\"ListItem\",\"position\":3,\"name\":\"Tunika ar r\u0101v\u0113jsl\u0113dzi un kabat\u0101m\"}]},{\"@type\":\"WebSite\",\"@id\":\"https:\/\/simonjersey.eu\/lv\/#website\",\"url\":\"https:\/\/simonjersey.eu\/lv\/\",\"name\":\"Simon Jersey Latvija\",\"description\":\"Kvalitat\u012bvi un iztur\u012bgi darba ap\u0123\u0113rbi\",\"potentialAction\":[{\"@type\":\"SearchAction\",\"target\":{\"@type\":\"EntryPoint\",\"urlTemplate\":\"https:\/\/simonjersey.eu\/lv\/?s={search_term_string}\"},\"query-input\":{\"@type\":\"PropertyValueSpecification\",\"valueRequired\":true,\"valueName\":\"search_term_string\"}}],\"inLanguage\":\"lv-LV\"}]}<\/script>\n<!-- \/ Yoast SEO plugin. -->","yoast_head_json":{"title":"Tunika ar r\u0101v\u0113jsl\u0113dzi un kabat\u0101m - Simon Jersey Latvija","description":"\u0160\u012b tunika ar r\u0101v\u0113jsl\u0113dzi un kabat\u0101m ieder\u0113sies jebkur\u0101 skaistumkop\u0161anas darbinieces darba garderoob\u0113. Priek\u0161\u0113jais r\u0101v\u0113jsl\u0113dz\u0113js dod stil\u012bgu izskatu.","robots":{"index":"index","follow":"follow","max-snippet":"max-snippet:-1","max-image-preview":"max-image-preview:large","max-video-preview":"max-video-preview:-1"},"canonical":"https:\/\/simonjersey.eu\/lv\/produkts\/tunika-ar-ravejsledzi-un-kabatam\/","og_locale":"lv_LV","og_type":"article","og_title":"Tunika ar r\u0101v\u0113jsl\u0113dzi un kabat\u0101m - Simon Jersey Latvija","og_description":"\u0160\u012b tunika ar r\u0101v\u0113jsl\u0113dzi un kabat\u0101m ieder\u0113sies jebkur\u0101 skaistumkop\u0161anas darbinieces darba garderoob\u0113. Priek\u0161\u0113jais r\u0101v\u0113jsl\u0113dz\u0113js dod stil\u012bgu izskatu.","og_url":"https:\/\/simonjersey.eu\/lv\/produkts\/tunika-ar-ravejsledzi-un-kabatam\/","og_site_name":"Simon Jersey Latvija","article_modified_time":"2023-06-26T09:13:21+00:00","og_image":[{"width":1000,"height":1500,"url":"https:\/\/simonjersey.eu\/lv\/wp-content\/uploads\/sites\/2\/2019\/08\/FD4230-1.jpg","type":"image\/jpeg"}],"twitter_card":"summary_large_image","schema":{"@context":"https:\/\/schema.org","@graph":[{"@type":"WebPage","@id":"https:\/\/simonjersey.eu\/lv\/produkts\/tunika-ar-ravejsledzi-un-kabatam\/","url":"https:\/\/simonjersey.eu\/lv\/produkts\/tunika-ar-ravejsledzi-un-kabatam\/","name":"Tunika ar r\u0101v\u0113jsl\u0113dzi un kabat\u0101m - Simon Jersey Latvija","isPartOf":{"@id":"https:\/\/simonjersey.eu\/lv\/#website"},"primaryImageOfPage":{"@id":"https:\/\/simonjersey.eu\/lv\/produkts\/tunika-ar-ravejsledzi-un-kabatam\/#primaryimage"},"image":{"@id":"https:\/\/simonjersey.eu\/lv\/produkts\/tunika-ar-ravejsledzi-un-kabatam\/#primaryimage"},"thumbnailUrl":"https:\/\/simonjersey.eu\/lv\/wp-content\/uploads\/sites\/2\/2019\/08\/FD4230-1.jpg","datePublished":"2019-08-02T07:59:28+00:00","dateModified":"2023-06-26T09:13:21+00:00","description":"\u0160\u012b tunika ar r\u0101v\u0113jsl\u0113dzi un kabat\u0101m ieder\u0113sies jebkur\u0101 skaistumkop\u0161anas darbinieces darba garderoob\u0113. Priek\u0161\u0113jais r\u0101v\u0113jsl\u0113dz\u0113js dod stil\u012bgu izskatu.","breadcrumb":{"@id":"https:\/\/simonjersey.eu\/lv\/produkts\/tunika-ar-ravejsledzi-un-kabatam\/#breadcrumb"},"inLanguage":"lv-LV","potentialAction":[{"@type":"ReadAction","target":["https:\/\/simonjersey.eu\/lv\/produkts\/tunika-ar-ravejsledzi-un-kabatam\/"]}]},{"@type":"ImageObject","inLanguage":"lv-LV","@id":"https:\/\/simonjersey.eu\/lv\/produkts\/tunika-ar-ravejsledzi-un-kabatam\/#primaryimage","url":"https:\/\/simonjersey.eu\/lv\/wp-content\/uploads\/sites\/2\/2019\/08\/FD4230-1.jpg","contentUrl":"https:\/\/simonjersey.eu\/lv\/wp-content\/uploads\/sites\/2\/2019\/08\/FD4230-1.jpg","width":1000,"height":1500},{"@type":"BreadcrumbList","@id":"https:\/\/simonjersey.eu\/lv\/produkts\/tunika-ar-ravejsledzi-un-kabatam\/#breadcrumb","itemListElement":[{"@type":"ListItem","position":1,"name":"Home","item":"https:\/\/simonjersey.eu\/lv\/"},{"@type":"ListItem","position":2,"name":"E-veikals","item":"https:\/\/simonjersey.eu\/lv\/e-veikals\/"},{"@type":"ListItem","position":3,"name":"Tunika ar r\u0101v\u0113jsl\u0113dzi un kabat\u0101m"}]},{"@type":"WebSite","@id":"https:\/\/simonjersey.eu\/lv\/#website","url":"https:\/\/simonjersey.eu\/lv\/","name":"Simon Jersey Latvija","description":"Kvalitat\u012bvi un iztur\u012bgi darba ap\u0123\u0113rbi","potentialAction":[{"@type":"SearchAction","target":{"@type":"EntryPoint","urlTemplate":"https:\/\/simonjersey.eu\/lv\/?s={search_term_string}"},"query-input":{"@type":"PropertyValueSpecification","valueRequired":true,"valueName":"search_term_string"}}],"inLanguage":"lv-LV"}]}},"_links":{"self":[{"href":"https:\/\/simonjersey.eu\/lv\/wp-json\/wp\/v2\/product\/4032","targetHints":{"allow":["GET"]}}],"collection":[{"href":"https:\/\/simonjersey.eu\/lv\/wp-json\/wp\/v2\/product"}],"about":[{"href":"https:\/\/simonjersey.eu\/lv\/wp-json\/wp\/v2\/types\/product"}],"wp:featuredmedia":[{"embeddable":true,"href":"https:\/\/simonjersey.eu\/lv\/wp-json\/wp\/v2\/media\/4042"}],"wp:attachment":[{"href":"https:\/\/simonjersey.eu\/lv\/wp-json\/wp\/v2\/media?parent=4032"}],"wp:term":[{"taxonomy":"product_brand","embeddable":true,"href":"https:\/\/simonjersey.eu\/lv\/wp-json\/wp\/v2\/product_brand?post=4032"},{"taxonomy":"product_cat","embeddable":true,"href":"https:\/\/simonjersey.eu\/lv\/wp-json\/wp\/v2\/product_cat?post=4032"},{"taxonomy":"product_tag","embeddable":true,"href":"https:\/\/simonjersey.eu\/lv\/wp-json\/wp\/v2\/product_tag?post=4032"}],"curies":[{"name":"wp","href":"https:\/\/api.w.org\/{rel}","templated":true}]}}