{"id":4121,"date":"2019-08-02T17:16:12","date_gmt":"2019-08-02T14:16:12","guid":{"rendered":"https:\/\/simonjersey.eu\/lv\/?post_type=product&#038;p=4121"},"modified":"2024-09-26T12:18:04","modified_gmt":"2024-09-26T09:18:04","slug":"viriesu-krekls-ar-garam-piedurknem-regular-vai-slim-fit","status":"publish","type":"product","link":"https:\/\/simonjersey.eu\/lv\/produkts\/viriesu-krekls-ar-garam-piedurknem-regular-vai-slim-fit\/","title":{"rendered":"V\u012brie\u0161u Krekls ar gar\u0101m piedurkn\u0113m"},"content":{"rendered":"","protected":false},"excerpt":{"rendered":"<p>\u0160is krekls ar gar\u0101m piedurkn\u0113m ir nepiecie\u0161am\u012bba darba ap\u0123\u0113rbu garderoob\u0113.<br \/>\nTas ir klasisks un izskat\u012bsies lieliski gan biroju darbiniekiem, gan viesu apkalpes profesion\u0101\u013ciem.<\/p>\n<p>\u0160is stil\u012bgais krekls pieejams \u010detr\u0101s kr\u0101s\u0101s un tas ir iztur\u012bgs un no augstas kvalit\u0101tes materi\u0101la.<br \/>\nPieejams \u2013 Regular Fit un Fitted. Pieejams ar\u012b <a href=\"https:\/\/simonjersey.eu\/lv\/produkts\/viriesu-krekls-ar-isam-piedurknem-regular-vai-slim-fit\/\">ar \u012bs\u0101m piedurkn\u0113m<\/a>.<\/p>\n<p>Materi\u0101ls: 65% poliesters, 35% kokvilna.<br \/>\nKop\u0161ana: Mazg\u0101t 40\u00b0, viegli kopt.<br \/>\nIzm\u0113ri (UK): 6-26.<\/p>\n<p><a href=\"https:\/\/simonjersey.eu\/lv\/produkts\/sieviesu-bluze-ar-garam-piedurknem-regular-vai-slim-fit\/\">Sievie\u0161u dizains \u0161eit!<\/a><\/p>\n","protected":false},"featured_media":7951,"template":"","meta":[],"product_brand":[],"product_cat":[90,100,23,33,25,40,51,68,106],"product_tag":[307,297,276,293],"class_list":{"0":"post-4121","1":"product","2":"type-product","3":"status-publish","4":"has-post-thumbnail","6":"product_cat-viriesiem-lietiskais-apgerbs","7":"product_cat-krekli-viriesiem-lietiskais-apgerbs","8":"product_cat-iedvesma","9":"product_cat-formals","10":"product_cat-viriesiem","11":"product_cat-krekli","12":"product_cat-viriesiem-viesmiliba","13":"product_cat-krekli-viriesiem-viesmiliba","14":"product_cat-viriesu-krekli","15":"product_tag-edinasanas-apgerbs","16":"product_tag-krekls-ar-garam-piedurknem","17":"product_tag-lietiskie-krekli","18":"product_tag-uniformas-restoraniem","20":"first","21":"instock","22":"featured","23":"taxable","24":"shipping-taxable","25":"purchasable","26":"product-type-variable","27":"has-default-attributes"},"yoast_head":"<!-- This site is optimized with the Yoast SEO plugin v27.2 - https:\/\/yoast.com\/product\/yoast-seo-wordpress\/ -->\n<title>V\u012brie\u0161u Krekls ar gar\u0101m piedurkn\u0113m - Simon Jersey Latvija<\/title>\n<meta name=\"robots\" content=\"index, follow, max-snippet:-1, max-image-preview:large, max-video-preview:-1\" \/>\n<link rel=\"canonical\" href=\"https:\/\/simonjersey.eu\/lv\/produkts\/viriesu-krekls-ar-garam-piedurknem-regular-vai-slim-fit\/\" \/>\n<meta property=\"og:locale\" content=\"lv_LV\" \/>\n<meta property=\"og:type\" content=\"article\" \/>\n<meta property=\"og:title\" content=\"V\u012brie\u0161u Krekls ar gar\u0101m piedurkn\u0113m - Simon Jersey Latvija\" \/>\n<meta property=\"og:description\" content=\"\u0160is krekls ar gar\u0101m piedurkn\u0113m ir nepiecie\u0161am\u012bba darba ap\u0123\u0113rbu garderoob\u0113. Tas ir klasisks un izskat\u012bsies lieliski gan biroju darbiniekiem, gan viesu apkalpes profesion\u0101\u013ciem.  \u0160is stil\u012bgais krekls pieejams \u010detr\u0101s kr\u0101s\u0101s un tas ir iztur\u012bgs un no augstas kvalit\u0101tes materi\u0101la. Pieejams \u2013 Regular Fit un Fitted. Pieejams ar\u012b ar \u012bs\u0101m piedurkn\u0113m.  Materi\u0101ls: 65% poliesters, 35% kokvilna. Kop\u0161ana: Mazg\u0101t 40\u00b0, viegli kopt. Izm\u0113ri (UK): 6-26.  Sievie\u0161u dizains \u0161eit!\" \/>\n<meta property=\"og:url\" content=\"https:\/\/simonjersey.eu\/lv\/produkts\/viriesu-krekls-ar-garam-piedurknem-regular-vai-slim-fit\/\" \/>\n<meta property=\"og:site_name\" content=\"Simon Jersey Latvija\" \/>\n<meta property=\"article:modified_time\" content=\"2024-09-26T09:18:04+00:00\" \/>\n<meta property=\"og:image\" content=\"https:\/\/simonjersey.eu\/lv\/wp-content\/uploads\/sites\/2\/2019\/08\/MS3030.jpg\" \/>\n\t<meta property=\"og:image:width\" content=\"1000\" \/>\n\t<meta property=\"og:image:height\" content=\"1500\" \/>\n\t<meta property=\"og:image:type\" content=\"image\/jpeg\" \/>\n<meta name=\"twitter:card\" content=\"summary_large_image\" \/>\n<meta name=\"twitter:label1\" content=\"Est. reading time\" \/>\n\t<meta name=\"twitter:data1\" content=\"1 min\u016bte\" \/>\n<script type=\"application\/ld+json\" class=\"yoast-schema-graph\">{\"@context\":\"https:\/\/schema.org\",\"@graph\":[{\"@type\":\"WebPage\",\"@id\":\"https:\/\/simonjersey.eu\/lv\/produkts\/viriesu-krekls-ar-garam-piedurknem-regular-vai-slim-fit\/\",\"url\":\"https:\/\/simonjersey.eu\/lv\/produkts\/viriesu-krekls-ar-garam-piedurknem-regular-vai-slim-fit\/\",\"name\":\"V\u012brie\u0161u Krekls ar gar\u0101m piedurkn\u0113m - Simon Jersey Latvija\",\"isPartOf\":{\"@id\":\"https:\/\/simonjersey.eu\/lv\/#website\"},\"primaryImageOfPage\":{\"@id\":\"https:\/\/simonjersey.eu\/lv\/produkts\/viriesu-krekls-ar-garam-piedurknem-regular-vai-slim-fit\/#primaryimage\"},\"image\":{\"@id\":\"https:\/\/simonjersey.eu\/lv\/produkts\/viriesu-krekls-ar-garam-piedurknem-regular-vai-slim-fit\/#primaryimage\"},\"thumbnailUrl\":\"https:\/\/simonjersey.eu\/lv\/wp-content\/uploads\/sites\/2\/2019\/08\/MS3030.jpg\",\"datePublished\":\"2019-08-02T14:16:12+00:00\",\"dateModified\":\"2024-09-26T09:18:04+00:00\",\"breadcrumb\":{\"@id\":\"https:\/\/simonjersey.eu\/lv\/produkts\/viriesu-krekls-ar-garam-piedurknem-regular-vai-slim-fit\/#breadcrumb\"},\"inLanguage\":\"lv-LV\",\"potentialAction\":[{\"@type\":\"ReadAction\",\"target\":[\"https:\/\/simonjersey.eu\/lv\/produkts\/viriesu-krekls-ar-garam-piedurknem-regular-vai-slim-fit\/\"]}]},{\"@type\":\"ImageObject\",\"inLanguage\":\"lv-LV\",\"@id\":\"https:\/\/simonjersey.eu\/lv\/produkts\/viriesu-krekls-ar-garam-piedurknem-regular-vai-slim-fit\/#primaryimage\",\"url\":\"https:\/\/simonjersey.eu\/lv\/wp-content\/uploads\/sites\/2\/2019\/08\/MS3030.jpg\",\"contentUrl\":\"https:\/\/simonjersey.eu\/lv\/wp-content\/uploads\/sites\/2\/2019\/08\/MS3030.jpg\",\"width\":1000,\"height\":1500},{\"@type\":\"BreadcrumbList\",\"@id\":\"https:\/\/simonjersey.eu\/lv\/produkts\/viriesu-krekls-ar-garam-piedurknem-regular-vai-slim-fit\/#breadcrumb\",\"itemListElement\":[{\"@type\":\"ListItem\",\"position\":1,\"name\":\"Home\",\"item\":\"https:\/\/simonjersey.eu\/lv\/\"},{\"@type\":\"ListItem\",\"position\":2,\"name\":\"E-veikals\",\"item\":\"https:\/\/simonjersey.eu\/lv\/e-veikals\/\"},{\"@type\":\"ListItem\",\"position\":3,\"name\":\"V\u012brie\u0161u Krekls ar gar\u0101m piedurkn\u0113m\"}]},{\"@type\":\"WebSite\",\"@id\":\"https:\/\/simonjersey.eu\/lv\/#website\",\"url\":\"https:\/\/simonjersey.eu\/lv\/\",\"name\":\"Simon Jersey Latvija\",\"description\":\"Kvalitat\u012bvi un iztur\u012bgi darba ap\u0123\u0113rbi\",\"potentialAction\":[{\"@type\":\"SearchAction\",\"target\":{\"@type\":\"EntryPoint\",\"urlTemplate\":\"https:\/\/simonjersey.eu\/lv\/?s={search_term_string}\"},\"query-input\":{\"@type\":\"PropertyValueSpecification\",\"valueRequired\":true,\"valueName\":\"search_term_string\"}}],\"inLanguage\":\"lv-LV\"}]}<\/script>\n<!-- \/ Yoast SEO plugin. -->","yoast_head_json":{"title":"V\u012brie\u0161u Krekls ar gar\u0101m piedurkn\u0113m - Simon Jersey Latvija","robots":{"index":"index","follow":"follow","max-snippet":"max-snippet:-1","max-image-preview":"max-image-preview:large","max-video-preview":"max-video-preview:-1"},"canonical":"https:\/\/simonjersey.eu\/lv\/produkts\/viriesu-krekls-ar-garam-piedurknem-regular-vai-slim-fit\/","og_locale":"lv_LV","og_type":"article","og_title":"V\u012brie\u0161u Krekls ar gar\u0101m piedurkn\u0113m - Simon Jersey Latvija","og_description":"\u0160is krekls ar gar\u0101m piedurkn\u0113m ir nepiecie\u0161am\u012bba darba ap\u0123\u0113rbu garderoob\u0113. Tas ir klasisks un izskat\u012bsies lieliski gan biroju darbiniekiem, gan viesu apkalpes profesion\u0101\u013ciem.  \u0160is stil\u012bgais krekls pieejams \u010detr\u0101s kr\u0101s\u0101s un tas ir iztur\u012bgs un no augstas kvalit\u0101tes materi\u0101la. Pieejams \u2013 Regular Fit un Fitted. Pieejams ar\u012b ar \u012bs\u0101m piedurkn\u0113m.  Materi\u0101ls: 65% poliesters, 35% kokvilna. Kop\u0161ana: Mazg\u0101t 40\u00b0, viegli kopt. Izm\u0113ri (UK): 6-26.  Sievie\u0161u dizains \u0161eit!","og_url":"https:\/\/simonjersey.eu\/lv\/produkts\/viriesu-krekls-ar-garam-piedurknem-regular-vai-slim-fit\/","og_site_name":"Simon Jersey Latvija","article_modified_time":"2024-09-26T09:18:04+00:00","og_image":[{"width":1000,"height":1500,"url":"https:\/\/simonjersey.eu\/lv\/wp-content\/uploads\/sites\/2\/2019\/08\/MS3030.jpg","type":"image\/jpeg"}],"twitter_card":"summary_large_image","twitter_misc":{"Est. reading time":"1 min\u016bte"},"schema":{"@context":"https:\/\/schema.org","@graph":[{"@type":"WebPage","@id":"https:\/\/simonjersey.eu\/lv\/produkts\/viriesu-krekls-ar-garam-piedurknem-regular-vai-slim-fit\/","url":"https:\/\/simonjersey.eu\/lv\/produkts\/viriesu-krekls-ar-garam-piedurknem-regular-vai-slim-fit\/","name":"V\u012brie\u0161u Krekls ar gar\u0101m piedurkn\u0113m - Simon Jersey Latvija","isPartOf":{"@id":"https:\/\/simonjersey.eu\/lv\/#website"},"primaryImageOfPage":{"@id":"https:\/\/simonjersey.eu\/lv\/produkts\/viriesu-krekls-ar-garam-piedurknem-regular-vai-slim-fit\/#primaryimage"},"image":{"@id":"https:\/\/simonjersey.eu\/lv\/produkts\/viriesu-krekls-ar-garam-piedurknem-regular-vai-slim-fit\/#primaryimage"},"thumbnailUrl":"https:\/\/simonjersey.eu\/lv\/wp-content\/uploads\/sites\/2\/2019\/08\/MS3030.jpg","datePublished":"2019-08-02T14:16:12+00:00","dateModified":"2024-09-26T09:18:04+00:00","breadcrumb":{"@id":"https:\/\/simonjersey.eu\/lv\/produkts\/viriesu-krekls-ar-garam-piedurknem-regular-vai-slim-fit\/#breadcrumb"},"inLanguage":"lv-LV","potentialAction":[{"@type":"ReadAction","target":["https:\/\/simonjersey.eu\/lv\/produkts\/viriesu-krekls-ar-garam-piedurknem-regular-vai-slim-fit\/"]}]},{"@type":"ImageObject","inLanguage":"lv-LV","@id":"https:\/\/simonjersey.eu\/lv\/produkts\/viriesu-krekls-ar-garam-piedurknem-regular-vai-slim-fit\/#primaryimage","url":"https:\/\/simonjersey.eu\/lv\/wp-content\/uploads\/sites\/2\/2019\/08\/MS3030.jpg","contentUrl":"https:\/\/simonjersey.eu\/lv\/wp-content\/uploads\/sites\/2\/2019\/08\/MS3030.jpg","width":1000,"height":1500},{"@type":"BreadcrumbList","@id":"https:\/\/simonjersey.eu\/lv\/produkts\/viriesu-krekls-ar-garam-piedurknem-regular-vai-slim-fit\/#breadcrumb","itemListElement":[{"@type":"ListItem","position":1,"name":"Home","item":"https:\/\/simonjersey.eu\/lv\/"},{"@type":"ListItem","position":2,"name":"E-veikals","item":"https:\/\/simonjersey.eu\/lv\/e-veikals\/"},{"@type":"ListItem","position":3,"name":"V\u012brie\u0161u Krekls ar gar\u0101m piedurkn\u0113m"}]},{"@type":"WebSite","@id":"https:\/\/simonjersey.eu\/lv\/#website","url":"https:\/\/simonjersey.eu\/lv\/","name":"Simon Jersey Latvija","description":"Kvalitat\u012bvi un iztur\u012bgi darba ap\u0123\u0113rbi","potentialAction":[{"@type":"SearchAction","target":{"@type":"EntryPoint","urlTemplate":"https:\/\/simonjersey.eu\/lv\/?s={search_term_string}"},"query-input":{"@type":"PropertyValueSpecification","valueRequired":true,"valueName":"search_term_string"}}],"inLanguage":"lv-LV"}]}},"_links":{"self":[{"href":"https:\/\/simonjersey.eu\/lv\/wp-json\/wp\/v2\/product\/4121","targetHints":{"allow":["GET"]}}],"collection":[{"href":"https:\/\/simonjersey.eu\/lv\/wp-json\/wp\/v2\/product"}],"about":[{"href":"https:\/\/simonjersey.eu\/lv\/wp-json\/wp\/v2\/types\/product"}],"wp:featuredmedia":[{"embeddable":true,"href":"https:\/\/simonjersey.eu\/lv\/wp-json\/wp\/v2\/media\/7951"}],"wp:attachment":[{"href":"https:\/\/simonjersey.eu\/lv\/wp-json\/wp\/v2\/media?parent=4121"}],"wp:term":[{"taxonomy":"product_brand","embeddable":true,"href":"https:\/\/simonjersey.eu\/lv\/wp-json\/wp\/v2\/product_brand?post=4121"},{"taxonomy":"product_cat","embeddable":true,"href":"https:\/\/simonjersey.eu\/lv\/wp-json\/wp\/v2\/product_cat?post=4121"},{"taxonomy":"product_tag","embeddable":true,"href":"https:\/\/simonjersey.eu\/lv\/wp-json\/wp\/v2\/product_tag?post=4121"}],"curies":[{"name":"wp","href":"https:\/\/api.w.org\/{rel}","templated":true}]}}