{"id":4331,"date":"2019-08-11T14:12:07","date_gmt":"2019-08-11T11:12:07","guid":{"rendered":"https:\/\/simonjersey.eu\/lv\/?post_type=product&#038;p=4331"},"modified":"2024-11-29T13:18:59","modified_gmt":"2024-11-29T10:18:59","slug":"klasiska-sieviesu-medicinas-tunika-ar-dazadam-svitru-krasam","status":"publish","type":"product","link":"https:\/\/simonjersey.eu\/lv\/produkts\/klasiska-sieviesu-medicinas-tunika-ar-dazadam-svitru-krasam\/","title":{"rendered":"Klasiska sievie\u0161u medic\u012bnas tunika ar da\u017e\u0101d\u0101m sv\u012btru kr\u0101s\u0101m"},"content":{"rendered":"","protected":false},"excerpt":{"rendered":"<p>Klasiska sievie\u0161u medic\u012bnas tunika, kas ra\u017eota no 100% infekcijas kontroles materi\u0101la. Tunikai ir pieejamas da\u017e\u0101das sv\u012btru kr\u0101su vari\u0101cijas, lai piel\u0101gotu to j\u016bsu uz\u0146\u0113muma imid\u017eam. Perfekti rad\u012bta, lai str\u0101d\u0101tu vesel\u012bbas apr\u016bpes jom\u0101. Tunikai ir vair\u0101kas kabatas, lai darbiniekiem b\u016btu \u0113rti str\u0101d\u0101t.<\/p>\n<p>Garums: 80 cm.<br \/>\nMateri\u0101ls: 65% poliesters, 35% kokvilna, (195g\/m2).<br \/>\nKop\u0161ana: 60\u00b0 mazg\u0101\u0161ana ve\u013cas ma\u0161\u012bn\u0101, viegli kopt.<br \/>\nIzm\u0113ri (UK) 6-32.<\/p>\n<p><a href=\"https:\/\/simonjersey.eu\/lv\/produkts\/viriesu-klasisks-medicinas-krekls-zils\/\">V\u012brie\u0161u dizaini \u0161eit!<\/a><\/p>\n<p>M\u0113s iesak\u0101m pas\u016bt\u012bt vienu izm\u0113ru maz\u0101ku nek\u0101 ierasts!<\/p>\n","protected":false},"featured_media":4342,"template":"","meta":[],"product_brand":[],"product_cat":[73,74,112],"product_tag":[429,364,170],"class_list":{"0":"post-4331","1":"product","2":"type-product","3":"status-publish","4":"has-post-thumbnail","6":"product_cat-arsti-un-medmasas","7":"product_cat-sieviesu-tunikas","8":"product_cat-tunikas-2","9":"product_tag-darba-apgerbs-medikiem","10":"product_tag-infekciju-kontroles-apgerbs","11":"product_tag-tunikas-sievietem","13":"first","14":"instock","15":"taxable","16":"shipping-taxable","17":"purchasable","18":"product-type-variable","19":"has-default-attributes"},"yoast_head":"<!-- This site is optimized with the Yoast SEO plugin v27.2 - https:\/\/yoast.com\/product\/yoast-seo-wordpress\/ -->\n<title>Klasiska sievie\u0161u medic\u012bnas tunika - Simon Jersey Latvija<\/title>\n<meta name=\"description\" content=\"Klasiska sievie\u0161u medic\u012bnas tunika, kas ra\u017eota no 100% infekcijas kontroles materi\u0101la. Tunikai ir pieejamas da\u017e\u0101das sv\u012btru kr\u0101su vari\u0101cijas, lai piel\u0101gotu.\" \/>\n<meta name=\"robots\" content=\"index, follow, max-snippet:-1, max-image-preview:large, max-video-preview:-1\" \/>\n<link rel=\"canonical\" href=\"https:\/\/simonjersey.eu\/lv\/produkts\/klasiska-sieviesu-medicinas-tunika-ar-dazadam-svitru-krasam\/\" \/>\n<meta property=\"og:locale\" content=\"lv_LV\" \/>\n<meta property=\"og:type\" content=\"article\" \/>\n<meta property=\"og:title\" content=\"Klasiska sievie\u0161u medic\u012bnas tunika - Simon Jersey Latvija\" \/>\n<meta property=\"og:description\" content=\"Klasiska sievie\u0161u medic\u012bnas tunika, kas ra\u017eota no 100% infekcijas kontroles materi\u0101la. Tunikai ir pieejamas da\u017e\u0101das sv\u012btru kr\u0101su vari\u0101cijas, lai piel\u0101gotu.\" \/>\n<meta property=\"og:url\" content=\"https:\/\/simonjersey.eu\/lv\/produkts\/klasiska-sieviesu-medicinas-tunika-ar-dazadam-svitru-krasam\/\" \/>\n<meta property=\"og:site_name\" content=\"Simon Jersey Latvija\" \/>\n<meta property=\"article:modified_time\" content=\"2024-11-29T10:18:59+00:00\" \/>\n<meta property=\"og:image\" content=\"https:\/\/simonjersey.eu\/lv\/wp-content\/uploads\/sites\/2\/2019\/08\/FM1910-1.jpg\" \/>\n\t<meta property=\"og:image:width\" content=\"1000\" \/>\n\t<meta property=\"og:image:height\" content=\"1500\" \/>\n\t<meta property=\"og:image:type\" content=\"image\/jpeg\" \/>\n<meta name=\"twitter:card\" content=\"summary_large_image\" \/>\n<meta name=\"twitter:label1\" content=\"Est. reading time\" \/>\n\t<meta name=\"twitter:data1\" content=\"1 min\u016bte\" \/>\n<script type=\"application\/ld+json\" class=\"yoast-schema-graph\">{\"@context\":\"https:\/\/schema.org\",\"@graph\":[{\"@type\":\"WebPage\",\"@id\":\"https:\/\/simonjersey.eu\/lv\/produkts\/klasiska-sieviesu-medicinas-tunika-ar-dazadam-svitru-krasam\/\",\"url\":\"https:\/\/simonjersey.eu\/lv\/produkts\/klasiska-sieviesu-medicinas-tunika-ar-dazadam-svitru-krasam\/\",\"name\":\"Klasiska sievie\u0161u medic\u012bnas tunika - Simon Jersey Latvija\",\"isPartOf\":{\"@id\":\"https:\/\/simonjersey.eu\/lv\/#website\"},\"primaryImageOfPage\":{\"@id\":\"https:\/\/simonjersey.eu\/lv\/produkts\/klasiska-sieviesu-medicinas-tunika-ar-dazadam-svitru-krasam\/#primaryimage\"},\"image\":{\"@id\":\"https:\/\/simonjersey.eu\/lv\/produkts\/klasiska-sieviesu-medicinas-tunika-ar-dazadam-svitru-krasam\/#primaryimage\"},\"thumbnailUrl\":\"https:\/\/simonjersey.eu\/lv\/wp-content\/uploads\/sites\/2\/2019\/08\/FM1910-1.jpg\",\"datePublished\":\"2019-08-11T11:12:07+00:00\",\"dateModified\":\"2024-11-29T10:18:59+00:00\",\"description\":\"Klasiska sievie\u0161u medic\u012bnas tunika, kas ra\u017eota no 100% infekcijas kontroles materi\u0101la. Tunikai ir pieejamas da\u017e\u0101das sv\u012btru kr\u0101su vari\u0101cijas, lai piel\u0101gotu.\",\"breadcrumb\":{\"@id\":\"https:\/\/simonjersey.eu\/lv\/produkts\/klasiska-sieviesu-medicinas-tunika-ar-dazadam-svitru-krasam\/#breadcrumb\"},\"inLanguage\":\"lv-LV\",\"potentialAction\":[{\"@type\":\"ReadAction\",\"target\":[\"https:\/\/simonjersey.eu\/lv\/produkts\/klasiska-sieviesu-medicinas-tunika-ar-dazadam-svitru-krasam\/\"]}]},{\"@type\":\"ImageObject\",\"inLanguage\":\"lv-LV\",\"@id\":\"https:\/\/simonjersey.eu\/lv\/produkts\/klasiska-sieviesu-medicinas-tunika-ar-dazadam-svitru-krasam\/#primaryimage\",\"url\":\"https:\/\/simonjersey.eu\/lv\/wp-content\/uploads\/sites\/2\/2019\/08\/FM1910-1.jpg\",\"contentUrl\":\"https:\/\/simonjersey.eu\/lv\/wp-content\/uploads\/sites\/2\/2019\/08\/FM1910-1.jpg\",\"width\":1000,\"height\":1500},{\"@type\":\"BreadcrumbList\",\"@id\":\"https:\/\/simonjersey.eu\/lv\/produkts\/klasiska-sieviesu-medicinas-tunika-ar-dazadam-svitru-krasam\/#breadcrumb\",\"itemListElement\":[{\"@type\":\"ListItem\",\"position\":1,\"name\":\"Home\",\"item\":\"https:\/\/simonjersey.eu\/lv\/\"},{\"@type\":\"ListItem\",\"position\":2,\"name\":\"E-veikals\",\"item\":\"https:\/\/simonjersey.eu\/lv\/e-veikals\/\"},{\"@type\":\"ListItem\",\"position\":3,\"name\":\"Klasiska sievie\u0161u medic\u012bnas tunika ar da\u017e\u0101d\u0101m sv\u012btru kr\u0101s\u0101m\"}]},{\"@type\":\"WebSite\",\"@id\":\"https:\/\/simonjersey.eu\/lv\/#website\",\"url\":\"https:\/\/simonjersey.eu\/lv\/\",\"name\":\"Simon Jersey Latvija\",\"description\":\"Kvalitat\u012bvi un iztur\u012bgi darba ap\u0123\u0113rbi\",\"potentialAction\":[{\"@type\":\"SearchAction\",\"target\":{\"@type\":\"EntryPoint\",\"urlTemplate\":\"https:\/\/simonjersey.eu\/lv\/?s={search_term_string}\"},\"query-input\":{\"@type\":\"PropertyValueSpecification\",\"valueRequired\":true,\"valueName\":\"search_term_string\"}}],\"inLanguage\":\"lv-LV\"}]}<\/script>\n<!-- \/ Yoast SEO plugin. -->","yoast_head_json":{"title":"Klasiska sievie\u0161u medic\u012bnas tunika - Simon Jersey Latvija","description":"Klasiska sievie\u0161u medic\u012bnas tunika, kas ra\u017eota no 100% infekcijas kontroles materi\u0101la. Tunikai ir pieejamas da\u017e\u0101das sv\u012btru kr\u0101su vari\u0101cijas, lai piel\u0101gotu.","robots":{"index":"index","follow":"follow","max-snippet":"max-snippet:-1","max-image-preview":"max-image-preview:large","max-video-preview":"max-video-preview:-1"},"canonical":"https:\/\/simonjersey.eu\/lv\/produkts\/klasiska-sieviesu-medicinas-tunika-ar-dazadam-svitru-krasam\/","og_locale":"lv_LV","og_type":"article","og_title":"Klasiska sievie\u0161u medic\u012bnas tunika - Simon Jersey Latvija","og_description":"Klasiska sievie\u0161u medic\u012bnas tunika, kas ra\u017eota no 100% infekcijas kontroles materi\u0101la. Tunikai ir pieejamas da\u017e\u0101das sv\u012btru kr\u0101su vari\u0101cijas, lai piel\u0101gotu.","og_url":"https:\/\/simonjersey.eu\/lv\/produkts\/klasiska-sieviesu-medicinas-tunika-ar-dazadam-svitru-krasam\/","og_site_name":"Simon Jersey Latvija","article_modified_time":"2024-11-29T10:18:59+00:00","og_image":[{"width":1000,"height":1500,"url":"https:\/\/simonjersey.eu\/lv\/wp-content\/uploads\/sites\/2\/2019\/08\/FM1910-1.jpg","type":"image\/jpeg"}],"twitter_card":"summary_large_image","twitter_misc":{"Est. reading time":"1 min\u016bte"},"schema":{"@context":"https:\/\/schema.org","@graph":[{"@type":"WebPage","@id":"https:\/\/simonjersey.eu\/lv\/produkts\/klasiska-sieviesu-medicinas-tunika-ar-dazadam-svitru-krasam\/","url":"https:\/\/simonjersey.eu\/lv\/produkts\/klasiska-sieviesu-medicinas-tunika-ar-dazadam-svitru-krasam\/","name":"Klasiska sievie\u0161u medic\u012bnas tunika - Simon Jersey Latvija","isPartOf":{"@id":"https:\/\/simonjersey.eu\/lv\/#website"},"primaryImageOfPage":{"@id":"https:\/\/simonjersey.eu\/lv\/produkts\/klasiska-sieviesu-medicinas-tunika-ar-dazadam-svitru-krasam\/#primaryimage"},"image":{"@id":"https:\/\/simonjersey.eu\/lv\/produkts\/klasiska-sieviesu-medicinas-tunika-ar-dazadam-svitru-krasam\/#primaryimage"},"thumbnailUrl":"https:\/\/simonjersey.eu\/lv\/wp-content\/uploads\/sites\/2\/2019\/08\/FM1910-1.jpg","datePublished":"2019-08-11T11:12:07+00:00","dateModified":"2024-11-29T10:18:59+00:00","description":"Klasiska sievie\u0161u medic\u012bnas tunika, kas ra\u017eota no 100% infekcijas kontroles materi\u0101la. Tunikai ir pieejamas da\u017e\u0101das sv\u012btru kr\u0101su vari\u0101cijas, lai piel\u0101gotu.","breadcrumb":{"@id":"https:\/\/simonjersey.eu\/lv\/produkts\/klasiska-sieviesu-medicinas-tunika-ar-dazadam-svitru-krasam\/#breadcrumb"},"inLanguage":"lv-LV","potentialAction":[{"@type":"ReadAction","target":["https:\/\/simonjersey.eu\/lv\/produkts\/klasiska-sieviesu-medicinas-tunika-ar-dazadam-svitru-krasam\/"]}]},{"@type":"ImageObject","inLanguage":"lv-LV","@id":"https:\/\/simonjersey.eu\/lv\/produkts\/klasiska-sieviesu-medicinas-tunika-ar-dazadam-svitru-krasam\/#primaryimage","url":"https:\/\/simonjersey.eu\/lv\/wp-content\/uploads\/sites\/2\/2019\/08\/FM1910-1.jpg","contentUrl":"https:\/\/simonjersey.eu\/lv\/wp-content\/uploads\/sites\/2\/2019\/08\/FM1910-1.jpg","width":1000,"height":1500},{"@type":"BreadcrumbList","@id":"https:\/\/simonjersey.eu\/lv\/produkts\/klasiska-sieviesu-medicinas-tunika-ar-dazadam-svitru-krasam\/#breadcrumb","itemListElement":[{"@type":"ListItem","position":1,"name":"Home","item":"https:\/\/simonjersey.eu\/lv\/"},{"@type":"ListItem","position":2,"name":"E-veikals","item":"https:\/\/simonjersey.eu\/lv\/e-veikals\/"},{"@type":"ListItem","position":3,"name":"Klasiska sievie\u0161u medic\u012bnas tunika ar da\u017e\u0101d\u0101m sv\u012btru kr\u0101s\u0101m"}]},{"@type":"WebSite","@id":"https:\/\/simonjersey.eu\/lv\/#website","url":"https:\/\/simonjersey.eu\/lv\/","name":"Simon Jersey Latvija","description":"Kvalitat\u012bvi un iztur\u012bgi darba ap\u0123\u0113rbi","potentialAction":[{"@type":"SearchAction","target":{"@type":"EntryPoint","urlTemplate":"https:\/\/simonjersey.eu\/lv\/?s={search_term_string}"},"query-input":{"@type":"PropertyValueSpecification","valueRequired":true,"valueName":"search_term_string"}}],"inLanguage":"lv-LV"}]}},"_links":{"self":[{"href":"https:\/\/simonjersey.eu\/lv\/wp-json\/wp\/v2\/product\/4331","targetHints":{"allow":["GET"]}}],"collection":[{"href":"https:\/\/simonjersey.eu\/lv\/wp-json\/wp\/v2\/product"}],"about":[{"href":"https:\/\/simonjersey.eu\/lv\/wp-json\/wp\/v2\/types\/product"}],"wp:featuredmedia":[{"embeddable":true,"href":"https:\/\/simonjersey.eu\/lv\/wp-json\/wp\/v2\/media\/4342"}],"wp:attachment":[{"href":"https:\/\/simonjersey.eu\/lv\/wp-json\/wp\/v2\/media?parent=4331"}],"wp:term":[{"taxonomy":"product_brand","embeddable":true,"href":"https:\/\/simonjersey.eu\/lv\/wp-json\/wp\/v2\/product_brand?post=4331"},{"taxonomy":"product_cat","embeddable":true,"href":"https:\/\/simonjersey.eu\/lv\/wp-json\/wp\/v2\/product_cat?post=4331"},{"taxonomy":"product_tag","embeddable":true,"href":"https:\/\/simonjersey.eu\/lv\/wp-json\/wp\/v2\/product_tag?post=4331"}],"curies":[{"name":"wp","href":"https:\/\/api.w.org\/{rel}","templated":true}]}}