{"id":447,"date":"2019-06-29T09:09:15","date_gmt":"2019-06-29T06:09:15","guid":{"rendered":"https:\/\/simonjersey.eu\/lv\/?post_type=product&#038;p=447"},"modified":"2026-03-09T15:13:45","modified_gmt":"2026-03-09T12:13:45","slug":"asimetriska-tunika","status":"publish","type":"product","link":"https:\/\/simonjersey.eu\/lv\/produkts\/asimetriska-tunika\/","title":{"rendered":"Asimetriska tunika"},"content":{"rendered":"","protected":false},"excerpt":{"rendered":"<p>Klasiska stila tunika, kas b\u016bs piem\u0113rota k\u0101 skaistumkop\u0161anas salonos, t\u0101 cit\u0101s nozar\u0113s, kur\u0101s nepiecie\u0161ams justies br\u012bvi un \u0113rti.<\/p>\n<p>Garums: 75cm.<br \/>\nMateri\u0101ls: 100% Poliesters, 180\/m2 elast\u012bgs materi\u0101ls<br \/>\nViegli kopjams materi\u0101ls.<br \/>\nKop\u0161ana: Mazg\u0101t 40\u00ba ve\u013cas ma\u0161\u012bn\u0101<br \/>\nIzm\u0113ri (UK) 6-26.<\/p>\n<p><a href=\"https:\/\/simonjersey.eu\/lv\/produkts\/piegulosas-sieviesu-tunika-bikses\/\"><strong>Bikses atrad\u012bsi \u0161eit!!<\/strong><\/a><\/p>\n","protected":false},"featured_media":9074,"template":"","meta":[],"product_brand":[],"product_cat":[17,18,53,54,112],"product_tag":[170,148],"class_list":{"0":"post-447","1":"product","2":"type-product","3":"status-publish","4":"has-post-thumbnail","6":"product_cat-skaistumkopsana","7":"product_cat-tunikas","8":"product_cat-apkalposana-numurina","9":"product_cat-uzkopsanas-personals","10":"product_cat-tunikas-2","11":"product_tag-tunikas-sievietem","12":"product_tag-tunikas-skaistumkopsanas-darbiniekiem","14":"first","15":"instock","16":"taxable","17":"shipping-taxable","18":"purchasable","19":"product-type-variable","20":"has-default-attributes"},"yoast_head":"<!-- This site is optimized with the Yoast SEO plugin v27.2 - https:\/\/yoast.com\/product\/yoast-seo-wordpress\/ -->\n<title>Klasiska stila tunika - Simon Jersey Latvija<\/title>\n<meta name=\"description\" content=\"Klasiska stila tunika, kas b\u016bs piem\u0113rota k\u0101 skaistumkop\u0161anas salonos, t\u0101 cit\u0101s nozar\u0113s, kur\u0101s nepiecie\u0161ams justies br\u012bvi un \u0113rti.\" \/>\n<meta name=\"robots\" content=\"index, follow, max-snippet:-1, max-image-preview:large, max-video-preview:-1\" \/>\n<link rel=\"canonical\" href=\"https:\/\/simonjersey.eu\/lv\/produkts\/asimetriska-tunika\/\" \/>\n<meta property=\"og:locale\" content=\"lv_LV\" \/>\n<meta property=\"og:type\" content=\"article\" \/>\n<meta property=\"og:title\" content=\"Klasiska stila tunika - Simon Jersey Latvija\" \/>\n<meta property=\"og:description\" content=\"Klasiska stila tunika, kas b\u016bs piem\u0113rota k\u0101 skaistumkop\u0161anas salonos, t\u0101 cit\u0101s nozar\u0113s, kur\u0101s nepiecie\u0161ams justies br\u012bvi un \u0113rti.\" \/>\n<meta property=\"og:url\" content=\"https:\/\/simonjersey.eu\/lv\/produkts\/asimetriska-tunika\/\" \/>\n<meta property=\"og:site_name\" content=\"Simon Jersey Latvija\" \/>\n<meta property=\"article:modified_time\" content=\"2026-03-09T12:13:45+00:00\" \/>\n<meta property=\"og:image\" content=\"https:\/\/simonjersey.eu\/lv\/wp-content\/uploads\/sites\/2\/2019\/06\/FD3320-asymmeetriline-tuunika-tumesinine.jpg\" \/>\n\t<meta property=\"og:image:width\" content=\"1000\" \/>\n\t<meta property=\"og:image:height\" content=\"1500\" \/>\n\t<meta property=\"og:image:type\" content=\"image\/jpeg\" \/>\n<meta name=\"twitter:card\" content=\"summary_large_image\" \/>\n<meta name=\"twitter:label1\" content=\"Est. reading time\" \/>\n\t<meta name=\"twitter:data1\" content=\"1 min\u016bte\" \/>\n<script type=\"application\/ld+json\" class=\"yoast-schema-graph\">{\"@context\":\"https:\/\/schema.org\",\"@graph\":[{\"@type\":\"WebPage\",\"@id\":\"https:\/\/simonjersey.eu\/lv\/produkts\/asimetriska-tunika\/\",\"url\":\"https:\/\/simonjersey.eu\/lv\/produkts\/asimetriska-tunika\/\",\"name\":\"Klasiska stila tunika - Simon Jersey Latvija\",\"isPartOf\":{\"@id\":\"https:\/\/simonjersey.eu\/lv\/#website\"},\"primaryImageOfPage\":{\"@id\":\"https:\/\/simonjersey.eu\/lv\/produkts\/asimetriska-tunika\/#primaryimage\"},\"image\":{\"@id\":\"https:\/\/simonjersey.eu\/lv\/produkts\/asimetriska-tunika\/#primaryimage\"},\"thumbnailUrl\":\"https:\/\/simonjersey.eu\/lv\/wp-content\/uploads\/sites\/2\/2019\/06\/FD3320-asymmeetriline-tuunika-tumesinine.jpg\",\"datePublished\":\"2019-06-29T06:09:15+00:00\",\"dateModified\":\"2026-03-09T12:13:45+00:00\",\"description\":\"Klasiska stila tunika, kas b\u016bs piem\u0113rota k\u0101 skaistumkop\u0161anas salonos, t\u0101 cit\u0101s nozar\u0113s, kur\u0101s nepiecie\u0161ams justies br\u012bvi un \u0113rti.\",\"breadcrumb\":{\"@id\":\"https:\/\/simonjersey.eu\/lv\/produkts\/asimetriska-tunika\/#breadcrumb\"},\"inLanguage\":\"lv-LV\",\"potentialAction\":[{\"@type\":\"ReadAction\",\"target\":[\"https:\/\/simonjersey.eu\/lv\/produkts\/asimetriska-tunika\/\"]}]},{\"@type\":\"ImageObject\",\"inLanguage\":\"lv-LV\",\"@id\":\"https:\/\/simonjersey.eu\/lv\/produkts\/asimetriska-tunika\/#primaryimage\",\"url\":\"https:\/\/simonjersey.eu\/lv\/wp-content\/uploads\/sites\/2\/2019\/06\/FD3320-asymmeetriline-tuunika-tumesinine.jpg\",\"contentUrl\":\"https:\/\/simonjersey.eu\/lv\/wp-content\/uploads\/sites\/2\/2019\/06\/FD3320-asymmeetriline-tuunika-tumesinine.jpg\",\"width\":1000,\"height\":1500},{\"@type\":\"BreadcrumbList\",\"@id\":\"https:\/\/simonjersey.eu\/lv\/produkts\/asimetriska-tunika\/#breadcrumb\",\"itemListElement\":[{\"@type\":\"ListItem\",\"position\":1,\"name\":\"Home\",\"item\":\"https:\/\/simonjersey.eu\/lv\/\"},{\"@type\":\"ListItem\",\"position\":2,\"name\":\"E-veikals\",\"item\":\"https:\/\/simonjersey.eu\/lv\/e-veikals\/\"},{\"@type\":\"ListItem\",\"position\":3,\"name\":\"Asimetriska tunika\"}]},{\"@type\":\"WebSite\",\"@id\":\"https:\/\/simonjersey.eu\/lv\/#website\",\"url\":\"https:\/\/simonjersey.eu\/lv\/\",\"name\":\"Simon Jersey Latvija\",\"description\":\"Kvalitat\u012bvi un iztur\u012bgi darba ap\u0123\u0113rbi\",\"potentialAction\":[{\"@type\":\"SearchAction\",\"target\":{\"@type\":\"EntryPoint\",\"urlTemplate\":\"https:\/\/simonjersey.eu\/lv\/?s={search_term_string}\"},\"query-input\":{\"@type\":\"PropertyValueSpecification\",\"valueRequired\":true,\"valueName\":\"search_term_string\"}}],\"inLanguage\":\"lv-LV\"}]}<\/script>\n<!-- \/ Yoast SEO plugin. -->","yoast_head_json":{"title":"Klasiska stila tunika - Simon Jersey Latvija","description":"Klasiska stila tunika, kas b\u016bs piem\u0113rota k\u0101 skaistumkop\u0161anas salonos, t\u0101 cit\u0101s nozar\u0113s, kur\u0101s nepiecie\u0161ams justies br\u012bvi un \u0113rti.","robots":{"index":"index","follow":"follow","max-snippet":"max-snippet:-1","max-image-preview":"max-image-preview:large","max-video-preview":"max-video-preview:-1"},"canonical":"https:\/\/simonjersey.eu\/lv\/produkts\/asimetriska-tunika\/","og_locale":"lv_LV","og_type":"article","og_title":"Klasiska stila tunika - Simon Jersey Latvija","og_description":"Klasiska stila tunika, kas b\u016bs piem\u0113rota k\u0101 skaistumkop\u0161anas salonos, t\u0101 cit\u0101s nozar\u0113s, kur\u0101s nepiecie\u0161ams justies br\u012bvi un \u0113rti.","og_url":"https:\/\/simonjersey.eu\/lv\/produkts\/asimetriska-tunika\/","og_site_name":"Simon Jersey Latvija","article_modified_time":"2026-03-09T12:13:45+00:00","og_image":[{"width":1000,"height":1500,"url":"https:\/\/simonjersey.eu\/lv\/wp-content\/uploads\/sites\/2\/2019\/06\/FD3320-asymmeetriline-tuunika-tumesinine.jpg","type":"image\/jpeg"}],"twitter_card":"summary_large_image","twitter_misc":{"Est. reading time":"1 min\u016bte"},"schema":{"@context":"https:\/\/schema.org","@graph":[{"@type":"WebPage","@id":"https:\/\/simonjersey.eu\/lv\/produkts\/asimetriska-tunika\/","url":"https:\/\/simonjersey.eu\/lv\/produkts\/asimetriska-tunika\/","name":"Klasiska stila tunika - Simon Jersey Latvija","isPartOf":{"@id":"https:\/\/simonjersey.eu\/lv\/#website"},"primaryImageOfPage":{"@id":"https:\/\/simonjersey.eu\/lv\/produkts\/asimetriska-tunika\/#primaryimage"},"image":{"@id":"https:\/\/simonjersey.eu\/lv\/produkts\/asimetriska-tunika\/#primaryimage"},"thumbnailUrl":"https:\/\/simonjersey.eu\/lv\/wp-content\/uploads\/sites\/2\/2019\/06\/FD3320-asymmeetriline-tuunika-tumesinine.jpg","datePublished":"2019-06-29T06:09:15+00:00","dateModified":"2026-03-09T12:13:45+00:00","description":"Klasiska stila tunika, kas b\u016bs piem\u0113rota k\u0101 skaistumkop\u0161anas salonos, t\u0101 cit\u0101s nozar\u0113s, kur\u0101s nepiecie\u0161ams justies br\u012bvi un \u0113rti.","breadcrumb":{"@id":"https:\/\/simonjersey.eu\/lv\/produkts\/asimetriska-tunika\/#breadcrumb"},"inLanguage":"lv-LV","potentialAction":[{"@type":"ReadAction","target":["https:\/\/simonjersey.eu\/lv\/produkts\/asimetriska-tunika\/"]}]},{"@type":"ImageObject","inLanguage":"lv-LV","@id":"https:\/\/simonjersey.eu\/lv\/produkts\/asimetriska-tunika\/#primaryimage","url":"https:\/\/simonjersey.eu\/lv\/wp-content\/uploads\/sites\/2\/2019\/06\/FD3320-asymmeetriline-tuunika-tumesinine.jpg","contentUrl":"https:\/\/simonjersey.eu\/lv\/wp-content\/uploads\/sites\/2\/2019\/06\/FD3320-asymmeetriline-tuunika-tumesinine.jpg","width":1000,"height":1500},{"@type":"BreadcrumbList","@id":"https:\/\/simonjersey.eu\/lv\/produkts\/asimetriska-tunika\/#breadcrumb","itemListElement":[{"@type":"ListItem","position":1,"name":"Home","item":"https:\/\/simonjersey.eu\/lv\/"},{"@type":"ListItem","position":2,"name":"E-veikals","item":"https:\/\/simonjersey.eu\/lv\/e-veikals\/"},{"@type":"ListItem","position":3,"name":"Asimetriska tunika"}]},{"@type":"WebSite","@id":"https:\/\/simonjersey.eu\/lv\/#website","url":"https:\/\/simonjersey.eu\/lv\/","name":"Simon Jersey Latvija","description":"Kvalitat\u012bvi un iztur\u012bgi darba ap\u0123\u0113rbi","potentialAction":[{"@type":"SearchAction","target":{"@type":"EntryPoint","urlTemplate":"https:\/\/simonjersey.eu\/lv\/?s={search_term_string}"},"query-input":{"@type":"PropertyValueSpecification","valueRequired":true,"valueName":"search_term_string"}}],"inLanguage":"lv-LV"}]}},"_links":{"self":[{"href":"https:\/\/simonjersey.eu\/lv\/wp-json\/wp\/v2\/product\/447","targetHints":{"allow":["GET"]}}],"collection":[{"href":"https:\/\/simonjersey.eu\/lv\/wp-json\/wp\/v2\/product"}],"about":[{"href":"https:\/\/simonjersey.eu\/lv\/wp-json\/wp\/v2\/types\/product"}],"wp:featuredmedia":[{"embeddable":true,"href":"https:\/\/simonjersey.eu\/lv\/wp-json\/wp\/v2\/media\/9074"}],"wp:attachment":[{"href":"https:\/\/simonjersey.eu\/lv\/wp-json\/wp\/v2\/media?parent=447"}],"wp:term":[{"taxonomy":"product_brand","embeddable":true,"href":"https:\/\/simonjersey.eu\/lv\/wp-json\/wp\/v2\/product_brand?post=447"},{"taxonomy":"product_cat","embeddable":true,"href":"https:\/\/simonjersey.eu\/lv\/wp-json\/wp\/v2\/product_cat?post=447"},{"taxonomy":"product_tag","embeddable":true,"href":"https:\/\/simonjersey.eu\/lv\/wp-json\/wp\/v2\/product_tag?post=447"}],"curies":[{"name":"wp","href":"https:\/\/api.w.org\/{rel}","templated":true}]}}