{"id":4783,"date":"2019-09-05T13:06:47","date_gmt":"2019-09-05T10:06:47","guid":{"rendered":"https:\/\/simonjersey.eu\/lv\/?post_type=product&#038;p=4783"},"modified":"2024-02-08T15:31:19","modified_gmt":"2024-02-08T12:31:19","slug":"contemporary-kleita","status":"publish","type":"product","link":"https:\/\/simonjersey.eu\/lv\/produkts\/contemporary-kleita\/","title":{"rendered":"Contemporary kleita"},"content":{"rendered":"","protected":false},"excerpt":{"rendered":"<p>Ra\u017eota no m\u016bsu jaun\u0101k\u0101 materi\u0101la, kas ir poliestera, viskozes un Lycra kombin\u0101cij\u0101 ar traipu necaurlaid\u012bgu Teflon\u00ae materi\u0101lu.<\/p>\n<p>\u0160\u012b kleita lieliski papildin\u0101s j\u016bsu darba uniformu, lai ikdien\u0101 justos skaisti un \u0113rti. Klasiska kleita,<br \/>\nar ilgnotur\u012bgu un viegli kopjamu materi\u0101lu, kas pieejami da\u017e\u0101d\u0101s kr\u0101s\u0101s, piel\u0101gojot tos j\u016bsu uz\u0146\u0113muma vajadz\u012bgajam t\u0113lam.<\/p>\n<p>Garums: 100cm\/39.4in.<br \/>\nMateri\u0101ls: 66% poliesters, 33% viskoze, 1% Lycra.<br \/>\nKop\u0161ana: Mazg\u0101t 40 \u00b0 ve\u013cas ma\u0161\u012bn\u0101, minim\u0101la gludin\u0101\u0161ana.<br \/>\nIzm\u0113ri (UK): 6-26.<\/p>\n","protected":false},"featured_media":6157,"template":"","meta":[],"product_brand":[],"product_cat":[89,36,48,49,60,50,64,109],"product_tag":[286,339,346],"class_list":{"0":"post-4783","1":"product","2":"type-product","3":"status-publish","4":"has-post-thumbnail","6":"product_cat-sievietem-lietiskais-apgerbs","7":"product_cat-kleitas-sievietem","8":"product_cat-viesmiliba","9":"product_cat-kolekcijas","10":"product_cat-stiligais-contemporary","11":"product_cat-sievietem-viesmiliba","12":"product_cat-kleitas-sievietem-viesmiliba","13":"product_cat-svarki-un-kleitas","14":"product_tag-klasisks-lietiskais-apgerbs","15":"product_tag-moderna-kleita","16":"product_tag-sieviesu-formala-kleita","18":"first","19":"instock","20":"taxable","21":"shipping-taxable","22":"purchasable","23":"product-type-variable","24":"has-default-attributes"},"yoast_head":"<!-- This site is optimized with the Yoast SEO plugin v27.2 - https:\/\/yoast.com\/product\/yoast-seo-wordpress\/ -->\n<title>Darba ap\u0123\u0113rbs viesn\u012bcu darbiniekiem - Simon Jersey Latvija<\/title>\n<meta name=\"description\" content=\"\u0160\u012b kleita lieliski papildin\u0101s j\u016bsu darba uniformu, lai ikdien\u0101 justos skaisti un \u0113rti. Klasiska kleita,ar ilgnotur\u012bgu un viegli kopjamu materi\u0101lu.\" \/>\n<meta name=\"robots\" content=\"index, follow, max-snippet:-1, max-image-preview:large, max-video-preview:-1\" \/>\n<link rel=\"canonical\" href=\"https:\/\/simonjersey.eu\/lv\/produkts\/contemporary-kleita\/\" \/>\n<meta property=\"og:locale\" content=\"lv_LV\" \/>\n<meta property=\"og:type\" content=\"article\" \/>\n<meta property=\"og:title\" content=\"Darba ap\u0123\u0113rbs viesn\u012bcu darbiniekiem - Simon Jersey Latvija\" \/>\n<meta property=\"og:description\" content=\"\u0160\u012b kleita lieliski papildin\u0101s j\u016bsu darba uniformu, lai ikdien\u0101 justos skaisti un \u0113rti. Klasiska kleita,ar ilgnotur\u012bgu un viegli kopjamu materi\u0101lu.\" \/>\n<meta property=\"og:url\" content=\"https:\/\/simonjersey.eu\/lv\/produkts\/contemporary-kleita\/\" \/>\n<meta property=\"og:site_name\" content=\"Simon Jersey Latvija\" \/>\n<meta property=\"article:modified_time\" content=\"2024-02-08T12:31:19+00:00\" \/>\n<meta property=\"og:image\" content=\"https:\/\/simonjersey.eu\/lv\/wp-content\/uploads\/sites\/2\/2019\/09\/FD4460.jpg\" \/>\n\t<meta property=\"og:image:width\" content=\"1000\" \/>\n\t<meta property=\"og:image:height\" content=\"1500\" \/>\n\t<meta property=\"og:image:type\" content=\"image\/jpeg\" \/>\n<meta name=\"twitter:card\" content=\"summary_large_image\" \/>\n<meta name=\"twitter:label1\" content=\"Est. reading time\" \/>\n\t<meta name=\"twitter:data1\" content=\"1 min\u016bte\" \/>\n<script type=\"application\/ld+json\" class=\"yoast-schema-graph\">{\"@context\":\"https:\/\/schema.org\",\"@graph\":[{\"@type\":\"WebPage\",\"@id\":\"https:\/\/simonjersey.eu\/lv\/produkts\/contemporary-kleita\/\",\"url\":\"https:\/\/simonjersey.eu\/lv\/produkts\/contemporary-kleita\/\",\"name\":\"Darba ap\u0123\u0113rbs viesn\u012bcu darbiniekiem - Simon Jersey Latvija\",\"isPartOf\":{\"@id\":\"https:\/\/simonjersey.eu\/lv\/#website\"},\"primaryImageOfPage\":{\"@id\":\"https:\/\/simonjersey.eu\/lv\/produkts\/contemporary-kleita\/#primaryimage\"},\"image\":{\"@id\":\"https:\/\/simonjersey.eu\/lv\/produkts\/contemporary-kleita\/#primaryimage\"},\"thumbnailUrl\":\"https:\/\/simonjersey.eu\/lv\/wp-content\/uploads\/sites\/2\/2019\/09\/FD4460.jpg\",\"datePublished\":\"2019-09-05T10:06:47+00:00\",\"dateModified\":\"2024-02-08T12:31:19+00:00\",\"description\":\"\u0160\u012b kleita lieliski papildin\u0101s j\u016bsu darba uniformu, lai ikdien\u0101 justos skaisti un \u0113rti. Klasiska kleita,ar ilgnotur\u012bgu un viegli kopjamu materi\u0101lu.\",\"breadcrumb\":{\"@id\":\"https:\/\/simonjersey.eu\/lv\/produkts\/contemporary-kleita\/#breadcrumb\"},\"inLanguage\":\"lv-LV\",\"potentialAction\":[{\"@type\":\"ReadAction\",\"target\":[\"https:\/\/simonjersey.eu\/lv\/produkts\/contemporary-kleita\/\"]}]},{\"@type\":\"ImageObject\",\"inLanguage\":\"lv-LV\",\"@id\":\"https:\/\/simonjersey.eu\/lv\/produkts\/contemporary-kleita\/#primaryimage\",\"url\":\"https:\/\/simonjersey.eu\/lv\/wp-content\/uploads\/sites\/2\/2019\/09\/FD4460.jpg\",\"contentUrl\":\"https:\/\/simonjersey.eu\/lv\/wp-content\/uploads\/sites\/2\/2019\/09\/FD4460.jpg\",\"width\":1000,\"height\":1500},{\"@type\":\"BreadcrumbList\",\"@id\":\"https:\/\/simonjersey.eu\/lv\/produkts\/contemporary-kleita\/#breadcrumb\",\"itemListElement\":[{\"@type\":\"ListItem\",\"position\":1,\"name\":\"Home\",\"item\":\"https:\/\/simonjersey.eu\/lv\/\"},{\"@type\":\"ListItem\",\"position\":2,\"name\":\"E-veikals\",\"item\":\"https:\/\/simonjersey.eu\/lv\/e-veikals\/\"},{\"@type\":\"ListItem\",\"position\":3,\"name\":\"Contemporary kleita\"}]},{\"@type\":\"WebSite\",\"@id\":\"https:\/\/simonjersey.eu\/lv\/#website\",\"url\":\"https:\/\/simonjersey.eu\/lv\/\",\"name\":\"Simon Jersey Latvija\",\"description\":\"Kvalitat\u012bvi un iztur\u012bgi darba ap\u0123\u0113rbi\",\"potentialAction\":[{\"@type\":\"SearchAction\",\"target\":{\"@type\":\"EntryPoint\",\"urlTemplate\":\"https:\/\/simonjersey.eu\/lv\/?s={search_term_string}\"},\"query-input\":{\"@type\":\"PropertyValueSpecification\",\"valueRequired\":true,\"valueName\":\"search_term_string\"}}],\"inLanguage\":\"lv-LV\"}]}<\/script>\n<!-- \/ Yoast SEO plugin. -->","yoast_head_json":{"title":"Darba ap\u0123\u0113rbs viesn\u012bcu darbiniekiem - Simon Jersey Latvija","description":"\u0160\u012b kleita lieliski papildin\u0101s j\u016bsu darba uniformu, lai ikdien\u0101 justos skaisti un \u0113rti. Klasiska kleita,ar ilgnotur\u012bgu un viegli kopjamu materi\u0101lu.","robots":{"index":"index","follow":"follow","max-snippet":"max-snippet:-1","max-image-preview":"max-image-preview:large","max-video-preview":"max-video-preview:-1"},"canonical":"https:\/\/simonjersey.eu\/lv\/produkts\/contemporary-kleita\/","og_locale":"lv_LV","og_type":"article","og_title":"Darba ap\u0123\u0113rbs viesn\u012bcu darbiniekiem - Simon Jersey Latvija","og_description":"\u0160\u012b kleita lieliski papildin\u0101s j\u016bsu darba uniformu, lai ikdien\u0101 justos skaisti un \u0113rti. Klasiska kleita,ar ilgnotur\u012bgu un viegli kopjamu materi\u0101lu.","og_url":"https:\/\/simonjersey.eu\/lv\/produkts\/contemporary-kleita\/","og_site_name":"Simon Jersey Latvija","article_modified_time":"2024-02-08T12:31:19+00:00","og_image":[{"width":1000,"height":1500,"url":"https:\/\/simonjersey.eu\/lv\/wp-content\/uploads\/sites\/2\/2019\/09\/FD4460.jpg","type":"image\/jpeg"}],"twitter_card":"summary_large_image","twitter_misc":{"Est. reading time":"1 min\u016bte"},"schema":{"@context":"https:\/\/schema.org","@graph":[{"@type":"WebPage","@id":"https:\/\/simonjersey.eu\/lv\/produkts\/contemporary-kleita\/","url":"https:\/\/simonjersey.eu\/lv\/produkts\/contemporary-kleita\/","name":"Darba ap\u0123\u0113rbs viesn\u012bcu darbiniekiem - Simon Jersey Latvija","isPartOf":{"@id":"https:\/\/simonjersey.eu\/lv\/#website"},"primaryImageOfPage":{"@id":"https:\/\/simonjersey.eu\/lv\/produkts\/contemporary-kleita\/#primaryimage"},"image":{"@id":"https:\/\/simonjersey.eu\/lv\/produkts\/contemporary-kleita\/#primaryimage"},"thumbnailUrl":"https:\/\/simonjersey.eu\/lv\/wp-content\/uploads\/sites\/2\/2019\/09\/FD4460.jpg","datePublished":"2019-09-05T10:06:47+00:00","dateModified":"2024-02-08T12:31:19+00:00","description":"\u0160\u012b kleita lieliski papildin\u0101s j\u016bsu darba uniformu, lai ikdien\u0101 justos skaisti un \u0113rti. Klasiska kleita,ar ilgnotur\u012bgu un viegli kopjamu materi\u0101lu.","breadcrumb":{"@id":"https:\/\/simonjersey.eu\/lv\/produkts\/contemporary-kleita\/#breadcrumb"},"inLanguage":"lv-LV","potentialAction":[{"@type":"ReadAction","target":["https:\/\/simonjersey.eu\/lv\/produkts\/contemporary-kleita\/"]}]},{"@type":"ImageObject","inLanguage":"lv-LV","@id":"https:\/\/simonjersey.eu\/lv\/produkts\/contemporary-kleita\/#primaryimage","url":"https:\/\/simonjersey.eu\/lv\/wp-content\/uploads\/sites\/2\/2019\/09\/FD4460.jpg","contentUrl":"https:\/\/simonjersey.eu\/lv\/wp-content\/uploads\/sites\/2\/2019\/09\/FD4460.jpg","width":1000,"height":1500},{"@type":"BreadcrumbList","@id":"https:\/\/simonjersey.eu\/lv\/produkts\/contemporary-kleita\/#breadcrumb","itemListElement":[{"@type":"ListItem","position":1,"name":"Home","item":"https:\/\/simonjersey.eu\/lv\/"},{"@type":"ListItem","position":2,"name":"E-veikals","item":"https:\/\/simonjersey.eu\/lv\/e-veikals\/"},{"@type":"ListItem","position":3,"name":"Contemporary kleita"}]},{"@type":"WebSite","@id":"https:\/\/simonjersey.eu\/lv\/#website","url":"https:\/\/simonjersey.eu\/lv\/","name":"Simon Jersey Latvija","description":"Kvalitat\u012bvi un iztur\u012bgi darba ap\u0123\u0113rbi","potentialAction":[{"@type":"SearchAction","target":{"@type":"EntryPoint","urlTemplate":"https:\/\/simonjersey.eu\/lv\/?s={search_term_string}"},"query-input":{"@type":"PropertyValueSpecification","valueRequired":true,"valueName":"search_term_string"}}],"inLanguage":"lv-LV"}]}},"_links":{"self":[{"href":"https:\/\/simonjersey.eu\/lv\/wp-json\/wp\/v2\/product\/4783","targetHints":{"allow":["GET"]}}],"collection":[{"href":"https:\/\/simonjersey.eu\/lv\/wp-json\/wp\/v2\/product"}],"about":[{"href":"https:\/\/simonjersey.eu\/lv\/wp-json\/wp\/v2\/types\/product"}],"wp:featuredmedia":[{"embeddable":true,"href":"https:\/\/simonjersey.eu\/lv\/wp-json\/wp\/v2\/media\/6157"}],"wp:attachment":[{"href":"https:\/\/simonjersey.eu\/lv\/wp-json\/wp\/v2\/media?parent=4783"}],"wp:term":[{"taxonomy":"product_brand","embeddable":true,"href":"https:\/\/simonjersey.eu\/lv\/wp-json\/wp\/v2\/product_brand?post=4783"},{"taxonomy":"product_cat","embeddable":true,"href":"https:\/\/simonjersey.eu\/lv\/wp-json\/wp\/v2\/product_cat?post=4783"},{"taxonomy":"product_tag","embeddable":true,"href":"https:\/\/simonjersey.eu\/lv\/wp-json\/wp\/v2\/product_tag?post=4783"}],"curies":[{"name":"wp","href":"https:\/\/api.w.org\/{rel}","templated":true}]}}