{"id":4817,"date":"2019-09-16T09:45:59","date_gmt":"2019-09-16T06:45:59","guid":{"rendered":"https:\/\/simonjersey.eu\/lv\/?post_type=product&#038;p=4817"},"modified":"2019-12-12T12:26:39","modified_gmt":"2019-12-12T09:26:39","slug":"premier-vienkrasains-lakats","status":"publish","type":"product","link":"https:\/\/simonjersey.eu\/lv\/produkts\/premier-vienkrasains-lakats\/","title":{"rendered":"Premier vienkr\u0101sains lakats"},"content":{"rendered":"","protected":false},"excerpt":{"rendered":"<p>Jaunais Premier lakats ir ide\u0101li piem\u0113rots, lai dotu unik\u0101lu akcentu j\u016bsu darbinieku uniform\u0101m.<br \/>\nPieejams da\u017e\u0101dos skaistos to\u0146os. Lielisks aksesu\u0101rs, lai veidotu skaistu komandas kopt\u0113lu. <\/p>\n<p>\u0160is vieglais un gais\u012bgais lakats b\u016bs ide\u0101li piem\u0113rots da\u017e\u0101d\u0101m profesij\u0101m.<br \/>\nPlatums 16,5cm, garums 98cm<br \/>\nMateri\u0101ls: 100% poliesters, \u0161ifons<br \/>\nKop\u0161ana: 30\u00b0 ve\u013cas ma\u0161\u012bn\u0101, viegli kopt<br \/>\nViens izm\u0113rs.<\/p>\n","protected":false},"featured_media":4831,"template":"","meta":[],"product_brand":[],"product_cat":[93,30,85,57],"product_tag":[],"class_list":{"0":"post-4817","1":"product","2":"type-product","3":"status-publish","4":"has-post-thumbnail","6":"product_cat-aksesuari-lietiskais-apgerbs","7":"product_cat-aksesuari","8":"product_cat-aksesuari-recepcija","9":"product_cat-aksesuari-viesmiliba","11":"first","12":"instock","13":"taxable","14":"shipping-taxable","15":"purchasable","16":"product-type-variable"},"yoast_head":"<!-- This site is optimized with the Yoast SEO plugin v27.2 - https:\/\/yoast.com\/product\/yoast-seo-wordpress\/ -->\n<title>Premier vienkr\u0101sains lakats - Simon Jersey Latvija<\/title>\n<meta name=\"description\" content=\"Jaunais Premier lakats ir ide\u0101li piem\u0113rots, lai dotu unik\u0101lu akcentu j\u016bsu darbinieku uniform\u0101m. Pieejams da\u017e\u0101dos skaistos to\u0146os.\" \/>\n<meta name=\"robots\" content=\"index, follow, max-snippet:-1, max-image-preview:large, max-video-preview:-1\" \/>\n<link rel=\"canonical\" href=\"https:\/\/simonjersey.eu\/lv\/produkts\/premier-vienkrasains-lakats\/\" \/>\n<meta property=\"og:locale\" content=\"lv_LV\" \/>\n<meta property=\"og:type\" content=\"article\" \/>\n<meta property=\"og:title\" content=\"Premier vienkr\u0101sains lakats - Simon Jersey Latvija\" \/>\n<meta property=\"og:description\" content=\"Jaunais Premier lakats ir ide\u0101li piem\u0113rots, lai dotu unik\u0101lu akcentu j\u016bsu darbinieku uniform\u0101m. Pieejams da\u017e\u0101dos skaistos to\u0146os.\" \/>\n<meta property=\"og:url\" content=\"https:\/\/simonjersey.eu\/lv\/produkts\/premier-vienkrasains-lakats\/\" \/>\n<meta property=\"og:site_name\" content=\"Simon Jersey Latvija\" \/>\n<meta property=\"article:modified_time\" content=\"2019-12-12T09:26:39+00:00\" \/>\n<meta property=\"og:image\" content=\"https:\/\/simonjersey.eu\/lv\/wp-content\/uploads\/sites\/2\/2019\/09\/SC0760-3.jpg\" \/>\n\t<meta property=\"og:image:width\" content=\"1000\" \/>\n\t<meta property=\"og:image:height\" content=\"1500\" \/>\n\t<meta property=\"og:image:type\" content=\"image\/jpeg\" \/>\n<meta name=\"twitter:card\" content=\"summary_large_image\" \/>\n<script type=\"application\/ld+json\" class=\"yoast-schema-graph\">{\"@context\":\"https:\/\/schema.org\",\"@graph\":[{\"@type\":\"WebPage\",\"@id\":\"https:\/\/simonjersey.eu\/lv\/produkts\/premier-vienkrasains-lakats\/\",\"url\":\"https:\/\/simonjersey.eu\/lv\/produkts\/premier-vienkrasains-lakats\/\",\"name\":\"Premier vienkr\u0101sains lakats - Simon Jersey Latvija\",\"isPartOf\":{\"@id\":\"https:\/\/simonjersey.eu\/lv\/#website\"},\"primaryImageOfPage\":{\"@id\":\"https:\/\/simonjersey.eu\/lv\/produkts\/premier-vienkrasains-lakats\/#primaryimage\"},\"image\":{\"@id\":\"https:\/\/simonjersey.eu\/lv\/produkts\/premier-vienkrasains-lakats\/#primaryimage\"},\"thumbnailUrl\":\"https:\/\/simonjersey.eu\/lv\/wp-content\/uploads\/sites\/2\/2019\/09\/SC0760-3.jpg\",\"datePublished\":\"2019-09-16T06:45:59+00:00\",\"dateModified\":\"2019-12-12T09:26:39+00:00\",\"description\":\"Jaunais Premier lakats ir ide\u0101li piem\u0113rots, lai dotu unik\u0101lu akcentu j\u016bsu darbinieku uniform\u0101m. Pieejams da\u017e\u0101dos skaistos to\u0146os.\",\"breadcrumb\":{\"@id\":\"https:\/\/simonjersey.eu\/lv\/produkts\/premier-vienkrasains-lakats\/#breadcrumb\"},\"inLanguage\":\"lv-LV\",\"potentialAction\":[{\"@type\":\"ReadAction\",\"target\":[\"https:\/\/simonjersey.eu\/lv\/produkts\/premier-vienkrasains-lakats\/\"]}]},{\"@type\":\"ImageObject\",\"inLanguage\":\"lv-LV\",\"@id\":\"https:\/\/simonjersey.eu\/lv\/produkts\/premier-vienkrasains-lakats\/#primaryimage\",\"url\":\"https:\/\/simonjersey.eu\/lv\/wp-content\/uploads\/sites\/2\/2019\/09\/SC0760-3.jpg\",\"contentUrl\":\"https:\/\/simonjersey.eu\/lv\/wp-content\/uploads\/sites\/2\/2019\/09\/SC0760-3.jpg\",\"width\":1000,\"height\":1500},{\"@type\":\"BreadcrumbList\",\"@id\":\"https:\/\/simonjersey.eu\/lv\/produkts\/premier-vienkrasains-lakats\/#breadcrumb\",\"itemListElement\":[{\"@type\":\"ListItem\",\"position\":1,\"name\":\"Home\",\"item\":\"https:\/\/simonjersey.eu\/lv\/\"},{\"@type\":\"ListItem\",\"position\":2,\"name\":\"E-veikals\",\"item\":\"https:\/\/simonjersey.eu\/lv\/e-veikals\/\"},{\"@type\":\"ListItem\",\"position\":3,\"name\":\"Premier vienkr\u0101sains lakats\"}]},{\"@type\":\"WebSite\",\"@id\":\"https:\/\/simonjersey.eu\/lv\/#website\",\"url\":\"https:\/\/simonjersey.eu\/lv\/\",\"name\":\"Simon Jersey Latvija\",\"description\":\"Kvalitat\u012bvi un iztur\u012bgi darba ap\u0123\u0113rbi\",\"potentialAction\":[{\"@type\":\"SearchAction\",\"target\":{\"@type\":\"EntryPoint\",\"urlTemplate\":\"https:\/\/simonjersey.eu\/lv\/?s={search_term_string}\"},\"query-input\":{\"@type\":\"PropertyValueSpecification\",\"valueRequired\":true,\"valueName\":\"search_term_string\"}}],\"inLanguage\":\"lv-LV\"}]}<\/script>\n<!-- \/ Yoast SEO plugin. -->","yoast_head_json":{"title":"Premier vienkr\u0101sains lakats - Simon Jersey Latvija","description":"Jaunais Premier lakats ir ide\u0101li piem\u0113rots, lai dotu unik\u0101lu akcentu j\u016bsu darbinieku uniform\u0101m. Pieejams da\u017e\u0101dos skaistos to\u0146os.","robots":{"index":"index","follow":"follow","max-snippet":"max-snippet:-1","max-image-preview":"max-image-preview:large","max-video-preview":"max-video-preview:-1"},"canonical":"https:\/\/simonjersey.eu\/lv\/produkts\/premier-vienkrasains-lakats\/","og_locale":"lv_LV","og_type":"article","og_title":"Premier vienkr\u0101sains lakats - Simon Jersey Latvija","og_description":"Jaunais Premier lakats ir ide\u0101li piem\u0113rots, lai dotu unik\u0101lu akcentu j\u016bsu darbinieku uniform\u0101m. Pieejams da\u017e\u0101dos skaistos to\u0146os.","og_url":"https:\/\/simonjersey.eu\/lv\/produkts\/premier-vienkrasains-lakats\/","og_site_name":"Simon Jersey Latvija","article_modified_time":"2019-12-12T09:26:39+00:00","og_image":[{"width":1000,"height":1500,"url":"https:\/\/simonjersey.eu\/lv\/wp-content\/uploads\/sites\/2\/2019\/09\/SC0760-3.jpg","type":"image\/jpeg"}],"twitter_card":"summary_large_image","schema":{"@context":"https:\/\/schema.org","@graph":[{"@type":"WebPage","@id":"https:\/\/simonjersey.eu\/lv\/produkts\/premier-vienkrasains-lakats\/","url":"https:\/\/simonjersey.eu\/lv\/produkts\/premier-vienkrasains-lakats\/","name":"Premier vienkr\u0101sains lakats - Simon Jersey Latvija","isPartOf":{"@id":"https:\/\/simonjersey.eu\/lv\/#website"},"primaryImageOfPage":{"@id":"https:\/\/simonjersey.eu\/lv\/produkts\/premier-vienkrasains-lakats\/#primaryimage"},"image":{"@id":"https:\/\/simonjersey.eu\/lv\/produkts\/premier-vienkrasains-lakats\/#primaryimage"},"thumbnailUrl":"https:\/\/simonjersey.eu\/lv\/wp-content\/uploads\/sites\/2\/2019\/09\/SC0760-3.jpg","datePublished":"2019-09-16T06:45:59+00:00","dateModified":"2019-12-12T09:26:39+00:00","description":"Jaunais Premier lakats ir ide\u0101li piem\u0113rots, lai dotu unik\u0101lu akcentu j\u016bsu darbinieku uniform\u0101m. Pieejams da\u017e\u0101dos skaistos to\u0146os.","breadcrumb":{"@id":"https:\/\/simonjersey.eu\/lv\/produkts\/premier-vienkrasains-lakats\/#breadcrumb"},"inLanguage":"lv-LV","potentialAction":[{"@type":"ReadAction","target":["https:\/\/simonjersey.eu\/lv\/produkts\/premier-vienkrasains-lakats\/"]}]},{"@type":"ImageObject","inLanguage":"lv-LV","@id":"https:\/\/simonjersey.eu\/lv\/produkts\/premier-vienkrasains-lakats\/#primaryimage","url":"https:\/\/simonjersey.eu\/lv\/wp-content\/uploads\/sites\/2\/2019\/09\/SC0760-3.jpg","contentUrl":"https:\/\/simonjersey.eu\/lv\/wp-content\/uploads\/sites\/2\/2019\/09\/SC0760-3.jpg","width":1000,"height":1500},{"@type":"BreadcrumbList","@id":"https:\/\/simonjersey.eu\/lv\/produkts\/premier-vienkrasains-lakats\/#breadcrumb","itemListElement":[{"@type":"ListItem","position":1,"name":"Home","item":"https:\/\/simonjersey.eu\/lv\/"},{"@type":"ListItem","position":2,"name":"E-veikals","item":"https:\/\/simonjersey.eu\/lv\/e-veikals\/"},{"@type":"ListItem","position":3,"name":"Premier vienkr\u0101sains lakats"}]},{"@type":"WebSite","@id":"https:\/\/simonjersey.eu\/lv\/#website","url":"https:\/\/simonjersey.eu\/lv\/","name":"Simon Jersey Latvija","description":"Kvalitat\u012bvi un iztur\u012bgi darba ap\u0123\u0113rbi","potentialAction":[{"@type":"SearchAction","target":{"@type":"EntryPoint","urlTemplate":"https:\/\/simonjersey.eu\/lv\/?s={search_term_string}"},"query-input":{"@type":"PropertyValueSpecification","valueRequired":true,"valueName":"search_term_string"}}],"inLanguage":"lv-LV"}]}},"_links":{"self":[{"href":"https:\/\/simonjersey.eu\/lv\/wp-json\/wp\/v2\/product\/4817","targetHints":{"allow":["GET"]}}],"collection":[{"href":"https:\/\/simonjersey.eu\/lv\/wp-json\/wp\/v2\/product"}],"about":[{"href":"https:\/\/simonjersey.eu\/lv\/wp-json\/wp\/v2\/types\/product"}],"wp:featuredmedia":[{"embeddable":true,"href":"https:\/\/simonjersey.eu\/lv\/wp-json\/wp\/v2\/media\/4831"}],"wp:attachment":[{"href":"https:\/\/simonjersey.eu\/lv\/wp-json\/wp\/v2\/media?parent=4817"}],"wp:term":[{"taxonomy":"product_brand","embeddable":true,"href":"https:\/\/simonjersey.eu\/lv\/wp-json\/wp\/v2\/product_brand?post=4817"},{"taxonomy":"product_cat","embeddable":true,"href":"https:\/\/simonjersey.eu\/lv\/wp-json\/wp\/v2\/product_cat?post=4817"},{"taxonomy":"product_tag","embeddable":true,"href":"https:\/\/simonjersey.eu\/lv\/wp-json\/wp\/v2\/product_tag?post=4817"}],"curies":[{"name":"wp","href":"https:\/\/api.w.org\/{rel}","templated":true}]}}