{"id":492,"date":"2019-06-29T10:50:32","date_gmt":"2019-06-29T07:50:32","guid":{"rendered":"https:\/\/simonjersey.eu\/lv\/?post_type=product&#038;p=492"},"modified":"2026-03-09T15:09:52","modified_gmt":"2026-03-09T12:09:52","slug":"tunika-ar-vienu-pogu","status":"publish","type":"product","link":"https:\/\/simonjersey.eu\/lv\/produkts\/tunika-ar-vienu-pogu\/","title":{"rendered":"Tunika ar vienu pogu"},"content":{"rendered":"","protected":false},"excerpt":{"rendered":"<p>Viena no m\u016bsu piepras\u012bt\u0101kajiem dizainiem ir tunika ar vienu pogu, ko var vari\u0113t da\u017e\u0101d\u0101s kr\u0101s\u0101s, veidojot unik\u0101lu t\u0113lu savam uz\u0146\u0113mumam.<\/p>\n<p>Garums: 75cm.<br \/>\nMateri\u0101ls: 100% Poliesters, 180\/m2 elast\u012bgs materi\u0101ls.<br \/>\nViegli kopjams materi\u0101ls.<br \/>\nKop\u0161ana: Mazg\u0101t 40\u00ba ve\u013cas ma\u0161\u012bn\u0101.<br \/>\nIzm\u0113ri (UK) 6-26.<\/p>\n<p><a href=\"https:\/\/simonjersey.eu\/lv\/produkts\/piegulosas-sieviesu-tunika-bikses\/\"><strong>Bikses atrad\u012bsi \u0161eit!!<\/strong><\/a><\/p>\n","protected":false},"featured_media":6852,"template":"","meta":[],"product_brand":[],"product_cat":[17,18,73,74,53,54,112],"product_tag":[239,151,150],"class_list":{"0":"post-492","1":"product","2":"type-product","3":"status-publish","4":"has-post-thumbnail","6":"product_cat-skaistumkopsana","7":"product_cat-tunikas","8":"product_cat-arsti-un-medmasas","9":"product_cat-sieviesu-tunikas","10":"product_cat-apkalposana-numurina","11":"product_cat-uzkopsanas-personals","12":"product_cat-tunikas-2","13":"product_tag-darba-uniformas","14":"product_tag-tunikas-frizieriem","15":"product_tag-tunikas-spa-darbiniekiem","17":"first","18":"instock","19":"taxable","20":"shipping-taxable","21":"purchasable","22":"product-type-variable","23":"has-default-attributes"},"yoast_head":"<!-- This site is optimized with the Yoast SEO plugin v27.2 - https:\/\/yoast.com\/product\/yoast-seo-wordpress\/ -->\n<title>Darba ap\u0123\u0113rbs skaistumkop\u0161anas salonam - Simon Jersey Latvija<\/title>\n<meta name=\"description\" content=\"Viena no m\u016bsu piepras\u012bt\u0101kajiem dizainiem ir tunika ar vienu pogu, ko var vari\u0113t da\u017e\u0101d\u0101s kr\u0101s\u0101s, veidojot unik\u0101lu t\u0113lu savam uz\u0146\u0113mumam.\" \/>\n<meta name=\"robots\" content=\"index, follow, max-snippet:-1, max-image-preview:large, max-video-preview:-1\" \/>\n<link rel=\"canonical\" href=\"https:\/\/simonjersey.eu\/lv\/produkts\/tunika-ar-vienu-pogu\/\" \/>\n<meta property=\"og:locale\" content=\"lv_LV\" \/>\n<meta property=\"og:type\" content=\"article\" \/>\n<meta property=\"og:title\" content=\"Darba ap\u0123\u0113rbs skaistumkop\u0161anas salonam - Simon Jersey Latvija\" \/>\n<meta property=\"og:description\" content=\"Viena no m\u016bsu piepras\u012bt\u0101kajiem dizainiem ir tunika ar vienu pogu, ko var vari\u0113t da\u017e\u0101d\u0101s kr\u0101s\u0101s, veidojot unik\u0101lu t\u0113lu savam uz\u0146\u0113mumam.\" \/>\n<meta property=\"og:url\" content=\"https:\/\/simonjersey.eu\/lv\/produkts\/tunika-ar-vienu-pogu\/\" \/>\n<meta property=\"og:site_name\" content=\"Simon Jersey Latvija\" \/>\n<meta property=\"article:modified_time\" content=\"2026-03-09T12:09:52+00:00\" \/>\n<meta property=\"og:image\" content=\"https:\/\/simonjersey.eu\/lv\/wp-content\/uploads\/sites\/2\/2019\/06\/Fd3130-must-tuunika.jpg\" \/>\n\t<meta property=\"og:image:width\" content=\"1000\" \/>\n\t<meta property=\"og:image:height\" content=\"1500\" \/>\n\t<meta property=\"og:image:type\" content=\"image\/jpeg\" \/>\n<meta name=\"twitter:card\" content=\"summary_large_image\" \/>\n<meta name=\"twitter:label1\" content=\"Est. reading time\" \/>\n\t<meta name=\"twitter:data1\" content=\"1 min\u016bte\" \/>\n<script type=\"application\/ld+json\" class=\"yoast-schema-graph\">{\"@context\":\"https:\/\/schema.org\",\"@graph\":[{\"@type\":\"WebPage\",\"@id\":\"https:\/\/simonjersey.eu\/lv\/produkts\/tunika-ar-vienu-pogu\/\",\"url\":\"https:\/\/simonjersey.eu\/lv\/produkts\/tunika-ar-vienu-pogu\/\",\"name\":\"Darba ap\u0123\u0113rbs skaistumkop\u0161anas salonam - Simon Jersey Latvija\",\"isPartOf\":{\"@id\":\"https:\/\/simonjersey.eu\/lv\/#website\"},\"primaryImageOfPage\":{\"@id\":\"https:\/\/simonjersey.eu\/lv\/produkts\/tunika-ar-vienu-pogu\/#primaryimage\"},\"image\":{\"@id\":\"https:\/\/simonjersey.eu\/lv\/produkts\/tunika-ar-vienu-pogu\/#primaryimage\"},\"thumbnailUrl\":\"https:\/\/simonjersey.eu\/lv\/wp-content\/uploads\/sites\/2\/2019\/06\/Fd3130-must-tuunika.jpg\",\"datePublished\":\"2019-06-29T07:50:32+00:00\",\"dateModified\":\"2026-03-09T12:09:52+00:00\",\"description\":\"Viena no m\u016bsu piepras\u012bt\u0101kajiem dizainiem ir tunika ar vienu pogu, ko var vari\u0113t da\u017e\u0101d\u0101s kr\u0101s\u0101s, veidojot unik\u0101lu t\u0113lu savam uz\u0146\u0113mumam.\",\"breadcrumb\":{\"@id\":\"https:\/\/simonjersey.eu\/lv\/produkts\/tunika-ar-vienu-pogu\/#breadcrumb\"},\"inLanguage\":\"lv-LV\",\"potentialAction\":[{\"@type\":\"ReadAction\",\"target\":[\"https:\/\/simonjersey.eu\/lv\/produkts\/tunika-ar-vienu-pogu\/\"]}]},{\"@type\":\"ImageObject\",\"inLanguage\":\"lv-LV\",\"@id\":\"https:\/\/simonjersey.eu\/lv\/produkts\/tunika-ar-vienu-pogu\/#primaryimage\",\"url\":\"https:\/\/simonjersey.eu\/lv\/wp-content\/uploads\/sites\/2\/2019\/06\/Fd3130-must-tuunika.jpg\",\"contentUrl\":\"https:\/\/simonjersey.eu\/lv\/wp-content\/uploads\/sites\/2\/2019\/06\/Fd3130-must-tuunika.jpg\",\"width\":1000,\"height\":1500},{\"@type\":\"BreadcrumbList\",\"@id\":\"https:\/\/simonjersey.eu\/lv\/produkts\/tunika-ar-vienu-pogu\/#breadcrumb\",\"itemListElement\":[{\"@type\":\"ListItem\",\"position\":1,\"name\":\"Home\",\"item\":\"https:\/\/simonjersey.eu\/lv\/\"},{\"@type\":\"ListItem\",\"position\":2,\"name\":\"E-veikals\",\"item\":\"https:\/\/simonjersey.eu\/lv\/e-veikals\/\"},{\"@type\":\"ListItem\",\"position\":3,\"name\":\"Tunika ar vienu pogu\"}]},{\"@type\":\"WebSite\",\"@id\":\"https:\/\/simonjersey.eu\/lv\/#website\",\"url\":\"https:\/\/simonjersey.eu\/lv\/\",\"name\":\"Simon Jersey Latvija\",\"description\":\"Kvalitat\u012bvi un iztur\u012bgi darba ap\u0123\u0113rbi\",\"potentialAction\":[{\"@type\":\"SearchAction\",\"target\":{\"@type\":\"EntryPoint\",\"urlTemplate\":\"https:\/\/simonjersey.eu\/lv\/?s={search_term_string}\"},\"query-input\":{\"@type\":\"PropertyValueSpecification\",\"valueRequired\":true,\"valueName\":\"search_term_string\"}}],\"inLanguage\":\"lv-LV\"}]}<\/script>\n<!-- \/ Yoast SEO plugin. -->","yoast_head_json":{"title":"Darba ap\u0123\u0113rbs skaistumkop\u0161anas salonam - Simon Jersey Latvija","description":"Viena no m\u016bsu piepras\u012bt\u0101kajiem dizainiem ir tunika ar vienu pogu, ko var vari\u0113t da\u017e\u0101d\u0101s kr\u0101s\u0101s, veidojot unik\u0101lu t\u0113lu savam uz\u0146\u0113mumam.","robots":{"index":"index","follow":"follow","max-snippet":"max-snippet:-1","max-image-preview":"max-image-preview:large","max-video-preview":"max-video-preview:-1"},"canonical":"https:\/\/simonjersey.eu\/lv\/produkts\/tunika-ar-vienu-pogu\/","og_locale":"lv_LV","og_type":"article","og_title":"Darba ap\u0123\u0113rbs skaistumkop\u0161anas salonam - Simon Jersey Latvija","og_description":"Viena no m\u016bsu piepras\u012bt\u0101kajiem dizainiem ir tunika ar vienu pogu, ko var vari\u0113t da\u017e\u0101d\u0101s kr\u0101s\u0101s, veidojot unik\u0101lu t\u0113lu savam uz\u0146\u0113mumam.","og_url":"https:\/\/simonjersey.eu\/lv\/produkts\/tunika-ar-vienu-pogu\/","og_site_name":"Simon Jersey Latvija","article_modified_time":"2026-03-09T12:09:52+00:00","og_image":[{"width":1000,"height":1500,"url":"https:\/\/simonjersey.eu\/lv\/wp-content\/uploads\/sites\/2\/2019\/06\/Fd3130-must-tuunika.jpg","type":"image\/jpeg"}],"twitter_card":"summary_large_image","twitter_misc":{"Est. reading time":"1 min\u016bte"},"schema":{"@context":"https:\/\/schema.org","@graph":[{"@type":"WebPage","@id":"https:\/\/simonjersey.eu\/lv\/produkts\/tunika-ar-vienu-pogu\/","url":"https:\/\/simonjersey.eu\/lv\/produkts\/tunika-ar-vienu-pogu\/","name":"Darba ap\u0123\u0113rbs skaistumkop\u0161anas salonam - Simon Jersey Latvija","isPartOf":{"@id":"https:\/\/simonjersey.eu\/lv\/#website"},"primaryImageOfPage":{"@id":"https:\/\/simonjersey.eu\/lv\/produkts\/tunika-ar-vienu-pogu\/#primaryimage"},"image":{"@id":"https:\/\/simonjersey.eu\/lv\/produkts\/tunika-ar-vienu-pogu\/#primaryimage"},"thumbnailUrl":"https:\/\/simonjersey.eu\/lv\/wp-content\/uploads\/sites\/2\/2019\/06\/Fd3130-must-tuunika.jpg","datePublished":"2019-06-29T07:50:32+00:00","dateModified":"2026-03-09T12:09:52+00:00","description":"Viena no m\u016bsu piepras\u012bt\u0101kajiem dizainiem ir tunika ar vienu pogu, ko var vari\u0113t da\u017e\u0101d\u0101s kr\u0101s\u0101s, veidojot unik\u0101lu t\u0113lu savam uz\u0146\u0113mumam.","breadcrumb":{"@id":"https:\/\/simonjersey.eu\/lv\/produkts\/tunika-ar-vienu-pogu\/#breadcrumb"},"inLanguage":"lv-LV","potentialAction":[{"@type":"ReadAction","target":["https:\/\/simonjersey.eu\/lv\/produkts\/tunika-ar-vienu-pogu\/"]}]},{"@type":"ImageObject","inLanguage":"lv-LV","@id":"https:\/\/simonjersey.eu\/lv\/produkts\/tunika-ar-vienu-pogu\/#primaryimage","url":"https:\/\/simonjersey.eu\/lv\/wp-content\/uploads\/sites\/2\/2019\/06\/Fd3130-must-tuunika.jpg","contentUrl":"https:\/\/simonjersey.eu\/lv\/wp-content\/uploads\/sites\/2\/2019\/06\/Fd3130-must-tuunika.jpg","width":1000,"height":1500},{"@type":"BreadcrumbList","@id":"https:\/\/simonjersey.eu\/lv\/produkts\/tunika-ar-vienu-pogu\/#breadcrumb","itemListElement":[{"@type":"ListItem","position":1,"name":"Home","item":"https:\/\/simonjersey.eu\/lv\/"},{"@type":"ListItem","position":2,"name":"E-veikals","item":"https:\/\/simonjersey.eu\/lv\/e-veikals\/"},{"@type":"ListItem","position":3,"name":"Tunika ar vienu pogu"}]},{"@type":"WebSite","@id":"https:\/\/simonjersey.eu\/lv\/#website","url":"https:\/\/simonjersey.eu\/lv\/","name":"Simon Jersey Latvija","description":"Kvalitat\u012bvi un iztur\u012bgi darba ap\u0123\u0113rbi","potentialAction":[{"@type":"SearchAction","target":{"@type":"EntryPoint","urlTemplate":"https:\/\/simonjersey.eu\/lv\/?s={search_term_string}"},"query-input":{"@type":"PropertyValueSpecification","valueRequired":true,"valueName":"search_term_string"}}],"inLanguage":"lv-LV"}]}},"_links":{"self":[{"href":"https:\/\/simonjersey.eu\/lv\/wp-json\/wp\/v2\/product\/492","targetHints":{"allow":["GET"]}}],"collection":[{"href":"https:\/\/simonjersey.eu\/lv\/wp-json\/wp\/v2\/product"}],"about":[{"href":"https:\/\/simonjersey.eu\/lv\/wp-json\/wp\/v2\/types\/product"}],"wp:featuredmedia":[{"embeddable":true,"href":"https:\/\/simonjersey.eu\/lv\/wp-json\/wp\/v2\/media\/6852"}],"wp:attachment":[{"href":"https:\/\/simonjersey.eu\/lv\/wp-json\/wp\/v2\/media?parent=492"}],"wp:term":[{"taxonomy":"product_brand","embeddable":true,"href":"https:\/\/simonjersey.eu\/lv\/wp-json\/wp\/v2\/product_brand?post=492"},{"taxonomy":"product_cat","embeddable":true,"href":"https:\/\/simonjersey.eu\/lv\/wp-json\/wp\/v2\/product_cat?post=492"},{"taxonomy":"product_tag","embeddable":true,"href":"https:\/\/simonjersey.eu\/lv\/wp-json\/wp\/v2\/product_tag?post=492"}],"curies":[{"name":"wp","href":"https:\/\/api.w.org\/{rel}","templated":true}]}}