{"id":5171,"date":"2019-11-04T15:00:27","date_gmt":"2019-11-04T12:00:27","guid":{"rendered":"https:\/\/simonjersey.eu\/lv\/?post_type=product&#038;p=5171"},"modified":"2025-01-02T16:23:18","modified_gmt":"2025-01-02T13:23:18","slug":"aplveida-kakla-izgriezuma-bluze-ar-dazadu-rakstu","status":"publish","type":"product","link":"https:\/\/simonjersey.eu\/lv\/produkts\/aplveida-kakla-izgriezuma-bluze-ar-dazadu-rakstu\/","title":{"rendered":"Bl\u016bze ar \u012bs\u0101m piedurkn\u0113m un rakstiem"},"content":{"rendered":"","protected":false},"excerpt":{"rendered":"<p>Atjauno savu darba garderobi ar \u0161o bl\u016bzi ar \u012bs\u0101m piedurkn\u0113m, kas tagad pieejama jaun\u0101s kr\u0101s\u0101s.<br \/>\nT\u0101 ir viegla, \u0113rta un taj\u0101 pa\u0161\u0101 laik\u0101 izskat\u0101s klasiski un profesion\u0101li.<\/p>\n<p>\u0160o bl\u016bzi \u0113rti uztur\u0113t, t\u0101 prasa minim\u0101lu gludin\u0101\u0161anu un to ir \u0113rti t\u012br\u012bt.<br \/>\nGarums: 63cm\/24.8in<\/p>\n<p>Materi\u0101ls: 100% poliesters. 100g\/m2<br \/>\nKop\u0161ana: Mazg\u0101t ve\u013cas ma\u0161\u012bn\u0101 30 gr\u0101dos, viegli kopjama, pieprasa minim\u0101lu gludin\u0101\u0161anu.<br \/>\nIzm\u0113ri (UK): 6-26.<\/p>\n","protected":false},"featured_media":5182,"template":"","meta":[],"product_brand":[],"product_cat":[89,94,24,34,50,62,105],"product_tag":[],"class_list":{"0":"post-5171","1":"product","2":"type-product","3":"status-publish","4":"has-post-thumbnail","6":"product_cat-sievietem-lietiskais-apgerbs","7":"product_cat-bluzes-sievietem-lietiskais-apgerbs","8":"product_cat-sievietem","9":"product_cat-bluzes","10":"product_cat-sievietem-viesmiliba","11":"product_cat-bluzes-sievietem-viesmiliba","12":"product_cat-sieviesu-bluzes","14":"first","15":"instock","16":"taxable","17":"shipping-taxable","18":"purchasable","19":"product-type-variable","20":"has-default-attributes"},"yoast_head":"<!-- This site is optimized with the Yoast SEO plugin v27.2 - https:\/\/yoast.com\/product\/yoast-seo-wordpress\/ -->\n<title>Bl\u016bze ar \u012bs\u0101m piedurkn\u0113m un rakstiem - Simon Jersey Latvija<\/title>\n<meta name=\"robots\" content=\"index, follow, max-snippet:-1, max-image-preview:large, max-video-preview:-1\" \/>\n<link rel=\"canonical\" href=\"https:\/\/simonjersey.eu\/lv\/produkts\/aplveida-kakla-izgriezuma-bluze-ar-dazadu-rakstu\/\" \/>\n<meta property=\"og:locale\" content=\"lv_LV\" \/>\n<meta property=\"og:type\" content=\"article\" \/>\n<meta property=\"og:title\" content=\"Bl\u016bze ar \u012bs\u0101m piedurkn\u0113m un rakstiem - Simon Jersey Latvija\" \/>\n<meta property=\"og:description\" content=\"Atjauno savu darba garderobi ar \u0161o bl\u016bzi ar \u012bs\u0101m piedurkn\u0113m, kas tagad pieejama jaun\u0101s kr\u0101s\u0101s. T\u0101 ir viegla, \u0113rta un taj\u0101 pa\u0161\u0101 laik\u0101 izskat\u0101s klasiski un profesion\u0101li.  \u0160o bl\u016bzi \u0113rti uztur\u0113t, t\u0101 prasa minim\u0101lu gludin\u0101\u0161anu un to ir \u0113rti t\u012br\u012bt. Garums: 63cm\/24.8in  Materi\u0101ls: 100% poliesters. 100g\/m2 Kop\u0161ana: Mazg\u0101t ve\u013cas ma\u0161\u012bn\u0101 30 gr\u0101dos, viegli kopjama, pieprasa minim\u0101lu gludin\u0101\u0161anu. Izm\u0113ri (UK): 6-26.\" \/>\n<meta property=\"og:url\" content=\"https:\/\/simonjersey.eu\/lv\/produkts\/aplveida-kakla-izgriezuma-bluze-ar-dazadu-rakstu\/\" \/>\n<meta property=\"og:site_name\" content=\"Simon Jersey Latvija\" \/>\n<meta property=\"article:modified_time\" content=\"2025-01-02T13:23:18+00:00\" \/>\n<meta property=\"og:image\" content=\"https:\/\/simonjersey.eu\/lv\/wp-content\/uploads\/sites\/2\/2019\/11\/FB0581-1.jpg\" \/>\n\t<meta property=\"og:image:width\" content=\"1000\" \/>\n\t<meta property=\"og:image:height\" content=\"1500\" \/>\n\t<meta property=\"og:image:type\" content=\"image\/jpeg\" \/>\n<meta name=\"twitter:card\" content=\"summary_large_image\" \/>\n<script type=\"application\/ld+json\" class=\"yoast-schema-graph\">{\"@context\":\"https:\/\/schema.org\",\"@graph\":[{\"@type\":\"WebPage\",\"@id\":\"https:\/\/simonjersey.eu\/lv\/produkts\/aplveida-kakla-izgriezuma-bluze-ar-dazadu-rakstu\/\",\"url\":\"https:\/\/simonjersey.eu\/lv\/produkts\/aplveida-kakla-izgriezuma-bluze-ar-dazadu-rakstu\/\",\"name\":\"Bl\u016bze ar \u012bs\u0101m piedurkn\u0113m un rakstiem - Simon Jersey Latvija\",\"isPartOf\":{\"@id\":\"https:\/\/simonjersey.eu\/lv\/#website\"},\"primaryImageOfPage\":{\"@id\":\"https:\/\/simonjersey.eu\/lv\/produkts\/aplveida-kakla-izgriezuma-bluze-ar-dazadu-rakstu\/#primaryimage\"},\"image\":{\"@id\":\"https:\/\/simonjersey.eu\/lv\/produkts\/aplveida-kakla-izgriezuma-bluze-ar-dazadu-rakstu\/#primaryimage\"},\"thumbnailUrl\":\"https:\/\/simonjersey.eu\/lv\/wp-content\/uploads\/sites\/2\/2019\/11\/FB0581-1.jpg\",\"datePublished\":\"2019-11-04T12:00:27+00:00\",\"dateModified\":\"2025-01-02T13:23:18+00:00\",\"breadcrumb\":{\"@id\":\"https:\/\/simonjersey.eu\/lv\/produkts\/aplveida-kakla-izgriezuma-bluze-ar-dazadu-rakstu\/#breadcrumb\"},\"inLanguage\":\"lv-LV\",\"potentialAction\":[{\"@type\":\"ReadAction\",\"target\":[\"https:\/\/simonjersey.eu\/lv\/produkts\/aplveida-kakla-izgriezuma-bluze-ar-dazadu-rakstu\/\"]}]},{\"@type\":\"ImageObject\",\"inLanguage\":\"lv-LV\",\"@id\":\"https:\/\/simonjersey.eu\/lv\/produkts\/aplveida-kakla-izgriezuma-bluze-ar-dazadu-rakstu\/#primaryimage\",\"url\":\"https:\/\/simonjersey.eu\/lv\/wp-content\/uploads\/sites\/2\/2019\/11\/FB0581-1.jpg\",\"contentUrl\":\"https:\/\/simonjersey.eu\/lv\/wp-content\/uploads\/sites\/2\/2019\/11\/FB0581-1.jpg\",\"width\":1000,\"height\":1500},{\"@type\":\"BreadcrumbList\",\"@id\":\"https:\/\/simonjersey.eu\/lv\/produkts\/aplveida-kakla-izgriezuma-bluze-ar-dazadu-rakstu\/#breadcrumb\",\"itemListElement\":[{\"@type\":\"ListItem\",\"position\":1,\"name\":\"Home\",\"item\":\"https:\/\/simonjersey.eu\/lv\/\"},{\"@type\":\"ListItem\",\"position\":2,\"name\":\"E-veikals\",\"item\":\"https:\/\/simonjersey.eu\/lv\/e-veikals\/\"},{\"@type\":\"ListItem\",\"position\":3,\"name\":\"Bl\u016bze ar \u012bs\u0101m piedurkn\u0113m un rakstiem\"}]},{\"@type\":\"WebSite\",\"@id\":\"https:\/\/simonjersey.eu\/lv\/#website\",\"url\":\"https:\/\/simonjersey.eu\/lv\/\",\"name\":\"Simon Jersey Latvija\",\"description\":\"Kvalitat\u012bvi un iztur\u012bgi darba ap\u0123\u0113rbi\",\"potentialAction\":[{\"@type\":\"SearchAction\",\"target\":{\"@type\":\"EntryPoint\",\"urlTemplate\":\"https:\/\/simonjersey.eu\/lv\/?s={search_term_string}\"},\"query-input\":{\"@type\":\"PropertyValueSpecification\",\"valueRequired\":true,\"valueName\":\"search_term_string\"}}],\"inLanguage\":\"lv-LV\"}]}<\/script>\n<!-- \/ Yoast SEO plugin. -->","yoast_head_json":{"title":"Bl\u016bze ar \u012bs\u0101m piedurkn\u0113m un rakstiem - Simon Jersey Latvija","robots":{"index":"index","follow":"follow","max-snippet":"max-snippet:-1","max-image-preview":"max-image-preview:large","max-video-preview":"max-video-preview:-1"},"canonical":"https:\/\/simonjersey.eu\/lv\/produkts\/aplveida-kakla-izgriezuma-bluze-ar-dazadu-rakstu\/","og_locale":"lv_LV","og_type":"article","og_title":"Bl\u016bze ar \u012bs\u0101m piedurkn\u0113m un rakstiem - Simon Jersey Latvija","og_description":"Atjauno savu darba garderobi ar \u0161o bl\u016bzi ar \u012bs\u0101m piedurkn\u0113m, kas tagad pieejama jaun\u0101s kr\u0101s\u0101s. T\u0101 ir viegla, \u0113rta un taj\u0101 pa\u0161\u0101 laik\u0101 izskat\u0101s klasiski un profesion\u0101li.  \u0160o bl\u016bzi \u0113rti uztur\u0113t, t\u0101 prasa minim\u0101lu gludin\u0101\u0161anu un to ir \u0113rti t\u012br\u012bt. Garums: 63cm\/24.8in  Materi\u0101ls: 100% poliesters. 100g\/m2 Kop\u0161ana: Mazg\u0101t ve\u013cas ma\u0161\u012bn\u0101 30 gr\u0101dos, viegli kopjama, pieprasa minim\u0101lu gludin\u0101\u0161anu. Izm\u0113ri (UK): 6-26.","og_url":"https:\/\/simonjersey.eu\/lv\/produkts\/aplveida-kakla-izgriezuma-bluze-ar-dazadu-rakstu\/","og_site_name":"Simon Jersey Latvija","article_modified_time":"2025-01-02T13:23:18+00:00","og_image":[{"width":1000,"height":1500,"url":"https:\/\/simonjersey.eu\/lv\/wp-content\/uploads\/sites\/2\/2019\/11\/FB0581-1.jpg","type":"image\/jpeg"}],"twitter_card":"summary_large_image","schema":{"@context":"https:\/\/schema.org","@graph":[{"@type":"WebPage","@id":"https:\/\/simonjersey.eu\/lv\/produkts\/aplveida-kakla-izgriezuma-bluze-ar-dazadu-rakstu\/","url":"https:\/\/simonjersey.eu\/lv\/produkts\/aplveida-kakla-izgriezuma-bluze-ar-dazadu-rakstu\/","name":"Bl\u016bze ar \u012bs\u0101m piedurkn\u0113m un rakstiem - Simon Jersey Latvija","isPartOf":{"@id":"https:\/\/simonjersey.eu\/lv\/#website"},"primaryImageOfPage":{"@id":"https:\/\/simonjersey.eu\/lv\/produkts\/aplveida-kakla-izgriezuma-bluze-ar-dazadu-rakstu\/#primaryimage"},"image":{"@id":"https:\/\/simonjersey.eu\/lv\/produkts\/aplveida-kakla-izgriezuma-bluze-ar-dazadu-rakstu\/#primaryimage"},"thumbnailUrl":"https:\/\/simonjersey.eu\/lv\/wp-content\/uploads\/sites\/2\/2019\/11\/FB0581-1.jpg","datePublished":"2019-11-04T12:00:27+00:00","dateModified":"2025-01-02T13:23:18+00:00","breadcrumb":{"@id":"https:\/\/simonjersey.eu\/lv\/produkts\/aplveida-kakla-izgriezuma-bluze-ar-dazadu-rakstu\/#breadcrumb"},"inLanguage":"lv-LV","potentialAction":[{"@type":"ReadAction","target":["https:\/\/simonjersey.eu\/lv\/produkts\/aplveida-kakla-izgriezuma-bluze-ar-dazadu-rakstu\/"]}]},{"@type":"ImageObject","inLanguage":"lv-LV","@id":"https:\/\/simonjersey.eu\/lv\/produkts\/aplveida-kakla-izgriezuma-bluze-ar-dazadu-rakstu\/#primaryimage","url":"https:\/\/simonjersey.eu\/lv\/wp-content\/uploads\/sites\/2\/2019\/11\/FB0581-1.jpg","contentUrl":"https:\/\/simonjersey.eu\/lv\/wp-content\/uploads\/sites\/2\/2019\/11\/FB0581-1.jpg","width":1000,"height":1500},{"@type":"BreadcrumbList","@id":"https:\/\/simonjersey.eu\/lv\/produkts\/aplveida-kakla-izgriezuma-bluze-ar-dazadu-rakstu\/#breadcrumb","itemListElement":[{"@type":"ListItem","position":1,"name":"Home","item":"https:\/\/simonjersey.eu\/lv\/"},{"@type":"ListItem","position":2,"name":"E-veikals","item":"https:\/\/simonjersey.eu\/lv\/e-veikals\/"},{"@type":"ListItem","position":3,"name":"Bl\u016bze ar \u012bs\u0101m piedurkn\u0113m un rakstiem"}]},{"@type":"WebSite","@id":"https:\/\/simonjersey.eu\/lv\/#website","url":"https:\/\/simonjersey.eu\/lv\/","name":"Simon Jersey Latvija","description":"Kvalitat\u012bvi un iztur\u012bgi darba ap\u0123\u0113rbi","potentialAction":[{"@type":"SearchAction","target":{"@type":"EntryPoint","urlTemplate":"https:\/\/simonjersey.eu\/lv\/?s={search_term_string}"},"query-input":{"@type":"PropertyValueSpecification","valueRequired":true,"valueName":"search_term_string"}}],"inLanguage":"lv-LV"}]}},"_links":{"self":[{"href":"https:\/\/simonjersey.eu\/lv\/wp-json\/wp\/v2\/product\/5171","targetHints":{"allow":["GET"]}}],"collection":[{"href":"https:\/\/simonjersey.eu\/lv\/wp-json\/wp\/v2\/product"}],"about":[{"href":"https:\/\/simonjersey.eu\/lv\/wp-json\/wp\/v2\/types\/product"}],"wp:featuredmedia":[{"embeddable":true,"href":"https:\/\/simonjersey.eu\/lv\/wp-json\/wp\/v2\/media\/5182"}],"wp:attachment":[{"href":"https:\/\/simonjersey.eu\/lv\/wp-json\/wp\/v2\/media?parent=5171"}],"wp:term":[{"taxonomy":"product_brand","embeddable":true,"href":"https:\/\/simonjersey.eu\/lv\/wp-json\/wp\/v2\/product_brand?post=5171"},{"taxonomy":"product_cat","embeddable":true,"href":"https:\/\/simonjersey.eu\/lv\/wp-json\/wp\/v2\/product_cat?post=5171"},{"taxonomy":"product_tag","embeddable":true,"href":"https:\/\/simonjersey.eu\/lv\/wp-json\/wp\/v2\/product_tag?post=5171"}],"curies":[{"name":"wp","href":"https:\/\/api.w.org\/{rel}","templated":true}]}}