{"id":5258,"date":"2019-11-12T12:52:41","date_gmt":"2019-11-12T09:52:41","guid":{"rendered":"https:\/\/simonjersey.eu\/lv\/?post_type=product&#038;p=5258"},"modified":"2019-11-29T11:55:48","modified_gmt":"2019-11-29T08:55:48","slug":"front-seam-canvas-garuma-prieksauts","status":"publish","type":"product","link":"https:\/\/simonjersey.eu\/lv\/produkts\/front-seam-canvas-garuma-prieksauts\/","title":{"rendered":"Priek\u0161\u0113j\u0101s kabatas vid\u0113js priek\u0161auts"},"content":{"rendered":"","protected":false},"excerpt":{"rendered":"<p>\u0160is Simon Jersey priek\u0161\u0113j\u0101s kabatas vid\u0113js priek\u0161auts dos j\u016bsu komandai sav\u0101ktu un vienotu t\u0113lu.<br \/>\nLiela centra kabata, kontrast\u0113jo\u0161i iz\u0161uvumi un sasienams k\u0101 priek\u0161\u0101, t\u0101 aizmugur\u0113.  <\/p>\n<p>\u0160is priek\u0161auts rad\u012bts, lai b\u016btu iztur\u012bgs un ide\u0101li kalpotu viesm\u012bl\u012bbas nozar\u0113.<br \/>\nMet\u0101la deta\u013ca, liela centra kabata, kontrast\u0113jo\u0161i diegi.<\/p>\n<p>Materi\u0101ls: 60% kokvilna, 40% poliesters, 325gsm.<br \/>\nViens izm\u0113rs.<\/p>\n","protected":false},"featured_media":5262,"template":"","meta":[],"product_brand":[],"product_cat":[23,31,28,55,113],"product_tag":[],"class_list":{"0":"post-5258","1":"product","2":"type-product","3":"status-publish","4":"has-post-thumbnail","6":"product_cat-iedvesma","7":"product_cat-stilizets","8":"product_cat-prieksauti","9":"product_cat-prieksauti-viesmiliba","10":"product_cat-prieksauti-2","12":"first","13":"instock","14":"taxable","15":"shipping-taxable","16":"purchasable","17":"product-type-variable"},"yoast_head":"<!-- This site is optimized with the Yoast SEO plugin v27.2 - https:\/\/yoast.com\/product\/yoast-seo-wordpress\/ -->\n<title>Priek\u0161\u0113j\u0101s kabatas vid\u0113js priek\u0161auts - Simon Jersey Latvija<\/title>\n<meta name=\"robots\" content=\"index, follow, max-snippet:-1, max-image-preview:large, max-video-preview:-1\" \/>\n<link rel=\"canonical\" href=\"https:\/\/simonjersey.eu\/lv\/produkts\/front-seam-canvas-garuma-prieksauts\/\" \/>\n<meta property=\"og:locale\" content=\"lv_LV\" \/>\n<meta property=\"og:type\" content=\"article\" \/>\n<meta property=\"og:title\" content=\"Priek\u0161\u0113j\u0101s kabatas vid\u0113js priek\u0161auts - Simon Jersey Latvija\" \/>\n<meta property=\"og:description\" content=\"\u0160is Simon Jersey priek\u0161\u0113j\u0101s kabatas vid\u0113js priek\u0161auts dos j\u016bsu komandai sav\u0101ktu un vienotu t\u0113lu. Liela centra kabata, kontrast\u0113jo\u0161i iz\u0161uvumi un sasienams k\u0101 priek\u0161\u0101, t\u0101 aizmugur\u0113.   \u0160is priek\u0161auts rad\u012bts, lai b\u016btu iztur\u012bgs un ide\u0101li kalpotu viesm\u012bl\u012bbas nozar\u0113. Met\u0101la deta\u013ca, liela centra kabata, kontrast\u0113jo\u0161i diegi.  Materi\u0101ls: 60% kokvilna, 40% poliesters, 325gsm. Viens izm\u0113rs.\" \/>\n<meta property=\"og:url\" content=\"https:\/\/simonjersey.eu\/lv\/produkts\/front-seam-canvas-garuma-prieksauts\/\" \/>\n<meta property=\"og:site_name\" content=\"Simon Jersey Latvija\" \/>\n<meta property=\"article:modified_time\" content=\"2019-11-29T08:55:48+00:00\" \/>\n<meta property=\"og:image\" content=\"https:\/\/simonjersey.eu\/lv\/wp-content\/uploads\/sites\/2\/2019\/11\/MP4790-1.jpg\" \/>\n\t<meta property=\"og:image:width\" content=\"1000\" \/>\n\t<meta property=\"og:image:height\" content=\"1500\" \/>\n\t<meta property=\"og:image:type\" content=\"image\/jpeg\" \/>\n<meta name=\"twitter:card\" content=\"summary_large_image\" \/>\n<script type=\"application\/ld+json\" class=\"yoast-schema-graph\">{\"@context\":\"https:\/\/schema.org\",\"@graph\":[{\"@type\":\"WebPage\",\"@id\":\"https:\/\/simonjersey.eu\/lv\/produkts\/front-seam-canvas-garuma-prieksauts\/\",\"url\":\"https:\/\/simonjersey.eu\/lv\/produkts\/front-seam-canvas-garuma-prieksauts\/\",\"name\":\"Priek\u0161\u0113j\u0101s kabatas vid\u0113js priek\u0161auts - Simon Jersey Latvija\",\"isPartOf\":{\"@id\":\"https:\/\/simonjersey.eu\/lv\/#website\"},\"primaryImageOfPage\":{\"@id\":\"https:\/\/simonjersey.eu\/lv\/produkts\/front-seam-canvas-garuma-prieksauts\/#primaryimage\"},\"image\":{\"@id\":\"https:\/\/simonjersey.eu\/lv\/produkts\/front-seam-canvas-garuma-prieksauts\/#primaryimage\"},\"thumbnailUrl\":\"https:\/\/simonjersey.eu\/lv\/wp-content\/uploads\/sites\/2\/2019\/11\/MP4790-1.jpg\",\"datePublished\":\"2019-11-12T09:52:41+00:00\",\"dateModified\":\"2019-11-29T08:55:48+00:00\",\"breadcrumb\":{\"@id\":\"https:\/\/simonjersey.eu\/lv\/produkts\/front-seam-canvas-garuma-prieksauts\/#breadcrumb\"},\"inLanguage\":\"lv-LV\",\"potentialAction\":[{\"@type\":\"ReadAction\",\"target\":[\"https:\/\/simonjersey.eu\/lv\/produkts\/front-seam-canvas-garuma-prieksauts\/\"]}]},{\"@type\":\"ImageObject\",\"inLanguage\":\"lv-LV\",\"@id\":\"https:\/\/simonjersey.eu\/lv\/produkts\/front-seam-canvas-garuma-prieksauts\/#primaryimage\",\"url\":\"https:\/\/simonjersey.eu\/lv\/wp-content\/uploads\/sites\/2\/2019\/11\/MP4790-1.jpg\",\"contentUrl\":\"https:\/\/simonjersey.eu\/lv\/wp-content\/uploads\/sites\/2\/2019\/11\/MP4790-1.jpg\",\"width\":1000,\"height\":1500},{\"@type\":\"BreadcrumbList\",\"@id\":\"https:\/\/simonjersey.eu\/lv\/produkts\/front-seam-canvas-garuma-prieksauts\/#breadcrumb\",\"itemListElement\":[{\"@type\":\"ListItem\",\"position\":1,\"name\":\"Home\",\"item\":\"https:\/\/simonjersey.eu\/lv\/\"},{\"@type\":\"ListItem\",\"position\":2,\"name\":\"E-veikals\",\"item\":\"https:\/\/simonjersey.eu\/lv\/e-veikals\/\"},{\"@type\":\"ListItem\",\"position\":3,\"name\":\"Priek\u0161\u0113j\u0101s kabatas vid\u0113js priek\u0161auts\"}]},{\"@type\":\"WebSite\",\"@id\":\"https:\/\/simonjersey.eu\/lv\/#website\",\"url\":\"https:\/\/simonjersey.eu\/lv\/\",\"name\":\"Simon Jersey Latvija\",\"description\":\"Kvalitat\u012bvi un iztur\u012bgi darba ap\u0123\u0113rbi\",\"potentialAction\":[{\"@type\":\"SearchAction\",\"target\":{\"@type\":\"EntryPoint\",\"urlTemplate\":\"https:\/\/simonjersey.eu\/lv\/?s={search_term_string}\"},\"query-input\":{\"@type\":\"PropertyValueSpecification\",\"valueRequired\":true,\"valueName\":\"search_term_string\"}}],\"inLanguage\":\"lv-LV\"}]}<\/script>\n<!-- \/ Yoast SEO plugin. -->","yoast_head_json":{"title":"Priek\u0161\u0113j\u0101s kabatas vid\u0113js priek\u0161auts - Simon Jersey Latvija","robots":{"index":"index","follow":"follow","max-snippet":"max-snippet:-1","max-image-preview":"max-image-preview:large","max-video-preview":"max-video-preview:-1"},"canonical":"https:\/\/simonjersey.eu\/lv\/produkts\/front-seam-canvas-garuma-prieksauts\/","og_locale":"lv_LV","og_type":"article","og_title":"Priek\u0161\u0113j\u0101s kabatas vid\u0113js priek\u0161auts - Simon Jersey Latvija","og_description":"\u0160is Simon Jersey priek\u0161\u0113j\u0101s kabatas vid\u0113js priek\u0161auts dos j\u016bsu komandai sav\u0101ktu un vienotu t\u0113lu. Liela centra kabata, kontrast\u0113jo\u0161i iz\u0161uvumi un sasienams k\u0101 priek\u0161\u0101, t\u0101 aizmugur\u0113.   \u0160is priek\u0161auts rad\u012bts, lai b\u016btu iztur\u012bgs un ide\u0101li kalpotu viesm\u012bl\u012bbas nozar\u0113. Met\u0101la deta\u013ca, liela centra kabata, kontrast\u0113jo\u0161i diegi.  Materi\u0101ls: 60% kokvilna, 40% poliesters, 325gsm. Viens izm\u0113rs.","og_url":"https:\/\/simonjersey.eu\/lv\/produkts\/front-seam-canvas-garuma-prieksauts\/","og_site_name":"Simon Jersey Latvija","article_modified_time":"2019-11-29T08:55:48+00:00","og_image":[{"width":1000,"height":1500,"url":"https:\/\/simonjersey.eu\/lv\/wp-content\/uploads\/sites\/2\/2019\/11\/MP4790-1.jpg","type":"image\/jpeg"}],"twitter_card":"summary_large_image","schema":{"@context":"https:\/\/schema.org","@graph":[{"@type":"WebPage","@id":"https:\/\/simonjersey.eu\/lv\/produkts\/front-seam-canvas-garuma-prieksauts\/","url":"https:\/\/simonjersey.eu\/lv\/produkts\/front-seam-canvas-garuma-prieksauts\/","name":"Priek\u0161\u0113j\u0101s kabatas vid\u0113js priek\u0161auts - Simon Jersey Latvija","isPartOf":{"@id":"https:\/\/simonjersey.eu\/lv\/#website"},"primaryImageOfPage":{"@id":"https:\/\/simonjersey.eu\/lv\/produkts\/front-seam-canvas-garuma-prieksauts\/#primaryimage"},"image":{"@id":"https:\/\/simonjersey.eu\/lv\/produkts\/front-seam-canvas-garuma-prieksauts\/#primaryimage"},"thumbnailUrl":"https:\/\/simonjersey.eu\/lv\/wp-content\/uploads\/sites\/2\/2019\/11\/MP4790-1.jpg","datePublished":"2019-11-12T09:52:41+00:00","dateModified":"2019-11-29T08:55:48+00:00","breadcrumb":{"@id":"https:\/\/simonjersey.eu\/lv\/produkts\/front-seam-canvas-garuma-prieksauts\/#breadcrumb"},"inLanguage":"lv-LV","potentialAction":[{"@type":"ReadAction","target":["https:\/\/simonjersey.eu\/lv\/produkts\/front-seam-canvas-garuma-prieksauts\/"]}]},{"@type":"ImageObject","inLanguage":"lv-LV","@id":"https:\/\/simonjersey.eu\/lv\/produkts\/front-seam-canvas-garuma-prieksauts\/#primaryimage","url":"https:\/\/simonjersey.eu\/lv\/wp-content\/uploads\/sites\/2\/2019\/11\/MP4790-1.jpg","contentUrl":"https:\/\/simonjersey.eu\/lv\/wp-content\/uploads\/sites\/2\/2019\/11\/MP4790-1.jpg","width":1000,"height":1500},{"@type":"BreadcrumbList","@id":"https:\/\/simonjersey.eu\/lv\/produkts\/front-seam-canvas-garuma-prieksauts\/#breadcrumb","itemListElement":[{"@type":"ListItem","position":1,"name":"Home","item":"https:\/\/simonjersey.eu\/lv\/"},{"@type":"ListItem","position":2,"name":"E-veikals","item":"https:\/\/simonjersey.eu\/lv\/e-veikals\/"},{"@type":"ListItem","position":3,"name":"Priek\u0161\u0113j\u0101s kabatas vid\u0113js priek\u0161auts"}]},{"@type":"WebSite","@id":"https:\/\/simonjersey.eu\/lv\/#website","url":"https:\/\/simonjersey.eu\/lv\/","name":"Simon Jersey Latvija","description":"Kvalitat\u012bvi un iztur\u012bgi darba ap\u0123\u0113rbi","potentialAction":[{"@type":"SearchAction","target":{"@type":"EntryPoint","urlTemplate":"https:\/\/simonjersey.eu\/lv\/?s={search_term_string}"},"query-input":{"@type":"PropertyValueSpecification","valueRequired":true,"valueName":"search_term_string"}}],"inLanguage":"lv-LV"}]}},"_links":{"self":[{"href":"https:\/\/simonjersey.eu\/lv\/wp-json\/wp\/v2\/product\/5258","targetHints":{"allow":["GET"]}}],"collection":[{"href":"https:\/\/simonjersey.eu\/lv\/wp-json\/wp\/v2\/product"}],"about":[{"href":"https:\/\/simonjersey.eu\/lv\/wp-json\/wp\/v2\/types\/product"}],"wp:featuredmedia":[{"embeddable":true,"href":"https:\/\/simonjersey.eu\/lv\/wp-json\/wp\/v2\/media\/5262"}],"wp:attachment":[{"href":"https:\/\/simonjersey.eu\/lv\/wp-json\/wp\/v2\/media?parent=5258"}],"wp:term":[{"taxonomy":"product_brand","embeddable":true,"href":"https:\/\/simonjersey.eu\/lv\/wp-json\/wp\/v2\/product_brand?post=5258"},{"taxonomy":"product_cat","embeddable":true,"href":"https:\/\/simonjersey.eu\/lv\/wp-json\/wp\/v2\/product_cat?post=5258"},{"taxonomy":"product_tag","embeddable":true,"href":"https:\/\/simonjersey.eu\/lv\/wp-json\/wp\/v2\/product_tag?post=5258"}],"curies":[{"name":"wp","href":"https:\/\/api.w.org\/{rel}","templated":true}]}}