{"id":5289,"date":"2019-11-15T15:26:07","date_gmt":"2019-11-15T12:26:07","guid":{"rendered":"https:\/\/simonjersey.eu\/lv\/?post_type=product&#038;p=5289"},"modified":"2025-10-07T12:23:44","modified_gmt":"2025-10-07T09:23:44","slug":"sieviesu-tunika-ar-ravejsledzi-un-kabatam","status":"publish","type":"product","link":"https:\/\/simonjersey.eu\/lv\/produkts\/sieviesu-tunika-ar-ravejsledzi-un-kabatam\/","title":{"rendered":"Sievie\u0161u tunika ar r\u0101v\u0113jsl\u0113dzi"},"content":{"rendered":"","protected":false},"excerpt":{"rendered":"<p>Veidota t\u0101, lai apvienotu stilu ar praktiskumu. M\u016bsu sievie\u0161u tunika lieliski izskat\u012bsies visas gar\u0101s dienas garum\u0101. T\u0101 ide\u0101li piem\u0113rota da\u017e\u0101d\u0101m vesel\u012bbas apr\u016bpes iest\u0101d\u0113m vai viesu uz\u0146\u0113m\u0161anas darbiniec\u0113m.<\/p>\n<p>Iesl\u0113pts r\u0101v\u0113jsl\u0113dz\u0113js, divas kabatas un divas kr\u016b\u0161u kabatas.<br \/>\nGarums 76\/cm\/30in.<\/p>\n<p>Materi\u0101ls: 65% poliesters, 35% kokvilna.<br \/>\nKop\u0161ana: mazg\u0101t 40\u00b0 ve\u013cas ma\u0161\u012bn\u0101, viegla kop\u0161ana.<br \/>\nIzm\u0113ri(UK): 8-26<\/p>\n","protected":false},"featured_media":6637,"template":"","meta":[],"product_brand":[],"product_cat":[18,73,74,53,54,112],"product_tag":[148,288],"class_list":{"0":"post-5289","1":"product","2":"type-product","3":"status-publish","4":"has-post-thumbnail","6":"product_cat-tunikas","7":"product_cat-arsti-un-medmasas","8":"product_cat-sieviesu-tunikas","9":"product_cat-apkalposana-numurina","10":"product_cat-uzkopsanas-personals","11":"product_cat-tunikas-2","12":"product_tag-tunikas-skaistumkopsanas-darbiniekiem","13":"product_tag-uzkopsanas-darbinieku-uniformas","15":"first","16":"instock","17":"taxable","18":"shipping-taxable","19":"purchasable","20":"product-type-variable"},"yoast_head":"<!-- This site is optimized with the Yoast SEO plugin v27.2 - https:\/\/yoast.com\/product\/yoast-seo-wordpress\/ -->\n<title>Sievie\u0161u tunika ar r\u0101v\u0113jsl\u0113dzi - Simon Jersey Latvija<\/title>\n<meta name=\"robots\" content=\"index, follow, max-snippet:-1, max-image-preview:large, max-video-preview:-1\" \/>\n<link rel=\"canonical\" href=\"https:\/\/simonjersey.eu\/lv\/produkts\/sieviesu-tunika-ar-ravejsledzi-un-kabatam\/\" \/>\n<meta property=\"og:locale\" content=\"lv_LV\" \/>\n<meta property=\"og:type\" content=\"article\" \/>\n<meta property=\"og:title\" content=\"Sievie\u0161u tunika ar r\u0101v\u0113jsl\u0113dzi - Simon Jersey Latvija\" \/>\n<meta property=\"og:description\" content=\"Veidota t\u0101, lai apvienotu stilu ar praktiskumu. M\u016bsu sievie\u0161u tunika lieliski izskat\u012bsies visas gar\u0101s dienas garum\u0101. T\u0101 ide\u0101li piem\u0113rota da\u017e\u0101d\u0101m vesel\u012bbas apr\u016bpes iest\u0101d\u0113m vai viesu uz\u0146\u0113m\u0161anas darbiniec\u0113m.  Iesl\u0113pts r\u0101v\u0113jsl\u0113dz\u0113js, divas kabatas un divas kr\u016b\u0161u kabatas. Garums 76\/cm\/30in.  Materi\u0101ls: 65% poliesters, 35% kokvilna. Kop\u0161ana: mazg\u0101t 40\u00b0 ve\u013cas ma\u0161\u012bn\u0101, viegla kop\u0161ana. Izm\u0113ri(UK): 8-26\" \/>\n<meta property=\"og:url\" content=\"https:\/\/simonjersey.eu\/lv\/produkts\/sieviesu-tunika-ar-ravejsledzi-un-kabatam\/\" \/>\n<meta property=\"og:site_name\" content=\"Simon Jersey Latvija\" \/>\n<meta property=\"article:modified_time\" content=\"2025-10-07T09:23:44+00:00\" \/>\n<meta property=\"og:image\" content=\"https:\/\/simonjersey.eu\/lv\/wp-content\/uploads\/sites\/2\/2019\/11\/FM0550-tuunika-ploom.jpg\" \/>\n\t<meta property=\"og:image:width\" content=\"1000\" \/>\n\t<meta property=\"og:image:height\" content=\"1500\" \/>\n\t<meta property=\"og:image:type\" content=\"image\/jpeg\" \/>\n<meta name=\"twitter:card\" content=\"summary_large_image\" \/>\n<meta name=\"twitter:label1\" content=\"Est. reading time\" \/>\n\t<meta name=\"twitter:data1\" content=\"1 min\u016bte\" \/>\n<script type=\"application\/ld+json\" class=\"yoast-schema-graph\">{\"@context\":\"https:\/\/schema.org\",\"@graph\":[{\"@type\":\"WebPage\",\"@id\":\"https:\/\/simonjersey.eu\/lv\/produkts\/sieviesu-tunika-ar-ravejsledzi-un-kabatam\/\",\"url\":\"https:\/\/simonjersey.eu\/lv\/produkts\/sieviesu-tunika-ar-ravejsledzi-un-kabatam\/\",\"name\":\"Sievie\u0161u tunika ar r\u0101v\u0113jsl\u0113dzi - Simon Jersey Latvija\",\"isPartOf\":{\"@id\":\"https:\/\/simonjersey.eu\/lv\/#website\"},\"primaryImageOfPage\":{\"@id\":\"https:\/\/simonjersey.eu\/lv\/produkts\/sieviesu-tunika-ar-ravejsledzi-un-kabatam\/#primaryimage\"},\"image\":{\"@id\":\"https:\/\/simonjersey.eu\/lv\/produkts\/sieviesu-tunika-ar-ravejsledzi-un-kabatam\/#primaryimage\"},\"thumbnailUrl\":\"https:\/\/simonjersey.eu\/lv\/wp-content\/uploads\/sites\/2\/2019\/11\/FM0550-tuunika-ploom.jpg\",\"datePublished\":\"2019-11-15T12:26:07+00:00\",\"dateModified\":\"2025-10-07T09:23:44+00:00\",\"breadcrumb\":{\"@id\":\"https:\/\/simonjersey.eu\/lv\/produkts\/sieviesu-tunika-ar-ravejsledzi-un-kabatam\/#breadcrumb\"},\"inLanguage\":\"lv-LV\",\"potentialAction\":[{\"@type\":\"ReadAction\",\"target\":[\"https:\/\/simonjersey.eu\/lv\/produkts\/sieviesu-tunika-ar-ravejsledzi-un-kabatam\/\"]}]},{\"@type\":\"ImageObject\",\"inLanguage\":\"lv-LV\",\"@id\":\"https:\/\/simonjersey.eu\/lv\/produkts\/sieviesu-tunika-ar-ravejsledzi-un-kabatam\/#primaryimage\",\"url\":\"https:\/\/simonjersey.eu\/lv\/wp-content\/uploads\/sites\/2\/2019\/11\/FM0550-tuunika-ploom.jpg\",\"contentUrl\":\"https:\/\/simonjersey.eu\/lv\/wp-content\/uploads\/sites\/2\/2019\/11\/FM0550-tuunika-ploom.jpg\",\"width\":1000,\"height\":1500},{\"@type\":\"BreadcrumbList\",\"@id\":\"https:\/\/simonjersey.eu\/lv\/produkts\/sieviesu-tunika-ar-ravejsledzi-un-kabatam\/#breadcrumb\",\"itemListElement\":[{\"@type\":\"ListItem\",\"position\":1,\"name\":\"Home\",\"item\":\"https:\/\/simonjersey.eu\/lv\/\"},{\"@type\":\"ListItem\",\"position\":2,\"name\":\"E-veikals\",\"item\":\"https:\/\/simonjersey.eu\/lv\/e-veikals\/\"},{\"@type\":\"ListItem\",\"position\":3,\"name\":\"Sievie\u0161u tunika ar r\u0101v\u0113jsl\u0113dzi\"}]},{\"@type\":\"WebSite\",\"@id\":\"https:\/\/simonjersey.eu\/lv\/#website\",\"url\":\"https:\/\/simonjersey.eu\/lv\/\",\"name\":\"Simon Jersey Latvija\",\"description\":\"Kvalitat\u012bvi un iztur\u012bgi darba ap\u0123\u0113rbi\",\"potentialAction\":[{\"@type\":\"SearchAction\",\"target\":{\"@type\":\"EntryPoint\",\"urlTemplate\":\"https:\/\/simonjersey.eu\/lv\/?s={search_term_string}\"},\"query-input\":{\"@type\":\"PropertyValueSpecification\",\"valueRequired\":true,\"valueName\":\"search_term_string\"}}],\"inLanguage\":\"lv-LV\"}]}<\/script>\n<!-- \/ Yoast SEO plugin. -->","yoast_head_json":{"title":"Sievie\u0161u tunika ar r\u0101v\u0113jsl\u0113dzi - Simon Jersey Latvija","robots":{"index":"index","follow":"follow","max-snippet":"max-snippet:-1","max-image-preview":"max-image-preview:large","max-video-preview":"max-video-preview:-1"},"canonical":"https:\/\/simonjersey.eu\/lv\/produkts\/sieviesu-tunika-ar-ravejsledzi-un-kabatam\/","og_locale":"lv_LV","og_type":"article","og_title":"Sievie\u0161u tunika ar r\u0101v\u0113jsl\u0113dzi - Simon Jersey Latvija","og_description":"Veidota t\u0101, lai apvienotu stilu ar praktiskumu. M\u016bsu sievie\u0161u tunika lieliski izskat\u012bsies visas gar\u0101s dienas garum\u0101. T\u0101 ide\u0101li piem\u0113rota da\u017e\u0101d\u0101m vesel\u012bbas apr\u016bpes iest\u0101d\u0113m vai viesu uz\u0146\u0113m\u0161anas darbiniec\u0113m.  Iesl\u0113pts r\u0101v\u0113jsl\u0113dz\u0113js, divas kabatas un divas kr\u016b\u0161u kabatas. Garums 76\/cm\/30in.  Materi\u0101ls: 65% poliesters, 35% kokvilna. Kop\u0161ana: mazg\u0101t 40\u00b0 ve\u013cas ma\u0161\u012bn\u0101, viegla kop\u0161ana. Izm\u0113ri(UK): 8-26","og_url":"https:\/\/simonjersey.eu\/lv\/produkts\/sieviesu-tunika-ar-ravejsledzi-un-kabatam\/","og_site_name":"Simon Jersey Latvija","article_modified_time":"2025-10-07T09:23:44+00:00","og_image":[{"width":1000,"height":1500,"url":"https:\/\/simonjersey.eu\/lv\/wp-content\/uploads\/sites\/2\/2019\/11\/FM0550-tuunika-ploom.jpg","type":"image\/jpeg"}],"twitter_card":"summary_large_image","twitter_misc":{"Est. reading time":"1 min\u016bte"},"schema":{"@context":"https:\/\/schema.org","@graph":[{"@type":"WebPage","@id":"https:\/\/simonjersey.eu\/lv\/produkts\/sieviesu-tunika-ar-ravejsledzi-un-kabatam\/","url":"https:\/\/simonjersey.eu\/lv\/produkts\/sieviesu-tunika-ar-ravejsledzi-un-kabatam\/","name":"Sievie\u0161u tunika ar r\u0101v\u0113jsl\u0113dzi - Simon Jersey Latvija","isPartOf":{"@id":"https:\/\/simonjersey.eu\/lv\/#website"},"primaryImageOfPage":{"@id":"https:\/\/simonjersey.eu\/lv\/produkts\/sieviesu-tunika-ar-ravejsledzi-un-kabatam\/#primaryimage"},"image":{"@id":"https:\/\/simonjersey.eu\/lv\/produkts\/sieviesu-tunika-ar-ravejsledzi-un-kabatam\/#primaryimage"},"thumbnailUrl":"https:\/\/simonjersey.eu\/lv\/wp-content\/uploads\/sites\/2\/2019\/11\/FM0550-tuunika-ploom.jpg","datePublished":"2019-11-15T12:26:07+00:00","dateModified":"2025-10-07T09:23:44+00:00","breadcrumb":{"@id":"https:\/\/simonjersey.eu\/lv\/produkts\/sieviesu-tunika-ar-ravejsledzi-un-kabatam\/#breadcrumb"},"inLanguage":"lv-LV","potentialAction":[{"@type":"ReadAction","target":["https:\/\/simonjersey.eu\/lv\/produkts\/sieviesu-tunika-ar-ravejsledzi-un-kabatam\/"]}]},{"@type":"ImageObject","inLanguage":"lv-LV","@id":"https:\/\/simonjersey.eu\/lv\/produkts\/sieviesu-tunika-ar-ravejsledzi-un-kabatam\/#primaryimage","url":"https:\/\/simonjersey.eu\/lv\/wp-content\/uploads\/sites\/2\/2019\/11\/FM0550-tuunika-ploom.jpg","contentUrl":"https:\/\/simonjersey.eu\/lv\/wp-content\/uploads\/sites\/2\/2019\/11\/FM0550-tuunika-ploom.jpg","width":1000,"height":1500},{"@type":"BreadcrumbList","@id":"https:\/\/simonjersey.eu\/lv\/produkts\/sieviesu-tunika-ar-ravejsledzi-un-kabatam\/#breadcrumb","itemListElement":[{"@type":"ListItem","position":1,"name":"Home","item":"https:\/\/simonjersey.eu\/lv\/"},{"@type":"ListItem","position":2,"name":"E-veikals","item":"https:\/\/simonjersey.eu\/lv\/e-veikals\/"},{"@type":"ListItem","position":3,"name":"Sievie\u0161u tunika ar r\u0101v\u0113jsl\u0113dzi"}]},{"@type":"WebSite","@id":"https:\/\/simonjersey.eu\/lv\/#website","url":"https:\/\/simonjersey.eu\/lv\/","name":"Simon Jersey Latvija","description":"Kvalitat\u012bvi un iztur\u012bgi darba ap\u0123\u0113rbi","potentialAction":[{"@type":"SearchAction","target":{"@type":"EntryPoint","urlTemplate":"https:\/\/simonjersey.eu\/lv\/?s={search_term_string}"},"query-input":{"@type":"PropertyValueSpecification","valueRequired":true,"valueName":"search_term_string"}}],"inLanguage":"lv-LV"}]}},"_links":{"self":[{"href":"https:\/\/simonjersey.eu\/lv\/wp-json\/wp\/v2\/product\/5289","targetHints":{"allow":["GET"]}}],"collection":[{"href":"https:\/\/simonjersey.eu\/lv\/wp-json\/wp\/v2\/product"}],"about":[{"href":"https:\/\/simonjersey.eu\/lv\/wp-json\/wp\/v2\/types\/product"}],"wp:featuredmedia":[{"embeddable":true,"href":"https:\/\/simonjersey.eu\/lv\/wp-json\/wp\/v2\/media\/6637"}],"wp:attachment":[{"href":"https:\/\/simonjersey.eu\/lv\/wp-json\/wp\/v2\/media?parent=5289"}],"wp:term":[{"taxonomy":"product_brand","embeddable":true,"href":"https:\/\/simonjersey.eu\/lv\/wp-json\/wp\/v2\/product_brand?post=5289"},{"taxonomy":"product_cat","embeddable":true,"href":"https:\/\/simonjersey.eu\/lv\/wp-json\/wp\/v2\/product_cat?post=5289"},{"taxonomy":"product_tag","embeddable":true,"href":"https:\/\/simonjersey.eu\/lv\/wp-json\/wp\/v2\/product_tag?post=5289"}],"curies":[{"name":"wp","href":"https:\/\/api.w.org\/{rel}","templated":true}]}}