{"id":5440,"date":"2019-11-21T10:37:25","date_gmt":"2019-11-21T07:37:25","guid":{"rendered":"https:\/\/simonjersey.eu\/lv\/?post_type=product&#038;p=5440"},"modified":"2019-11-29T14:02:36","modified_gmt":"2019-11-29T11:02:36","slug":"unisex-all-weather-jacket","status":"publish","type":"product","link":"https:\/\/simonjersey.eu\/lv\/produkts\/unisex-all-weather-jacket\/","title":{"rendered":"Unisex jaka visiem laikapst\u0101k\u013ciem"},"content":{"rendered":"","protected":false},"excerpt":{"rendered":"<p>Priek\u0161\u0101 r\u0101v\u0113jsl\u0113dzis, ietilp\u012bgas priek\u0161kabatas un kr\u016b\u0161kabatas, vien\u0101 pus\u0113 iek\u0161puses kr\u016b\u0161kabata un otr\u0101 pus\u0113 kabata telefonam ar caurumiem priek\u0161 austi\u0146\u0101m. Jakai ir ar\u012b kapuce, kas iesl\u0113pta jak\u0101.<\/p>\n<p>Materi\u0101ls: 100% poliesters.<br \/>\nKop\u0161ana: Mazg\u0101t 40\u00ba .<br \/>\nIzm\u0113ri: S-3XL.<\/p>\n","protected":false},"featured_media":5444,"template":"","meta":[],"product_brand":[],"product_cat":[143,86],"product_tag":[],"class_list":{"0":"post-5440","1":"product","2":"type-product","3":"status-publish","4":"has-post-thumbnail","6":"product_cat-heavy-duty-jakas","7":"product_cat-darba-apgerbs","9":"first","10":"instock","11":"taxable","12":"shipping-taxable","13":"purchasable","14":"product-type-variable","15":"has-default-attributes"},"yoast_head":"<!-- This site is optimized with the Yoast SEO plugin v27.2 - https:\/\/yoast.com\/product\/yoast-seo-wordpress\/ -->\n<title>Unisex jaka visiem laikapst\u0101k\u013ciem - Simon Jersey Latvija<\/title>\n<meta name=\"robots\" content=\"index, follow, max-snippet:-1, max-image-preview:large, max-video-preview:-1\" \/>\n<link rel=\"canonical\" href=\"https:\/\/simonjersey.eu\/lv\/produkts\/unisex-all-weather-jacket\/\" \/>\n<meta property=\"og:locale\" content=\"lv_LV\" \/>\n<meta property=\"og:type\" content=\"article\" \/>\n<meta property=\"og:title\" content=\"Unisex jaka visiem laikapst\u0101k\u013ciem - Simon Jersey Latvija\" \/>\n<meta property=\"og:description\" content=\"Priek\u0161\u0101 r\u0101v\u0113jsl\u0113dzis, ietilp\u012bgas priek\u0161kabatas un kr\u016b\u0161kabatas, vien\u0101 pus\u0113 iek\u0161puses kr\u016b\u0161kabata un otr\u0101 pus\u0113 kabata telefonam ar caurumiem priek\u0161 austi\u0146\u0101m. Jakai ir ar\u012b kapuce, kas iesl\u0113pta jak\u0101.  Materi\u0101ls: 100% poliesters. Kop\u0161ana: Mazg\u0101t 40\u00ba . Izm\u0113ri: S-3XL.\" \/>\n<meta property=\"og:url\" content=\"https:\/\/simonjersey.eu\/lv\/produkts\/unisex-all-weather-jacket\/\" \/>\n<meta property=\"og:site_name\" content=\"Simon Jersey Latvija\" \/>\n<meta property=\"article:modified_time\" content=\"2019-11-29T11:02:36+00:00\" \/>\n<meta property=\"og:image\" content=\"https:\/\/simonjersey.eu\/lv\/wp-content\/uploads\/sites\/2\/2019\/11\/uj0770-1.jpg\" \/>\n\t<meta property=\"og:image:width\" content=\"1000\" \/>\n\t<meta property=\"og:image:height\" content=\"1500\" \/>\n\t<meta property=\"og:image:type\" content=\"image\/jpeg\" \/>\n<meta name=\"twitter:card\" content=\"summary_large_image\" \/>\n<script type=\"application\/ld+json\" class=\"yoast-schema-graph\">{\"@context\":\"https:\/\/schema.org\",\"@graph\":[{\"@type\":\"WebPage\",\"@id\":\"https:\/\/simonjersey.eu\/lv\/produkts\/unisex-all-weather-jacket\/\",\"url\":\"https:\/\/simonjersey.eu\/lv\/produkts\/unisex-all-weather-jacket\/\",\"name\":\"Unisex jaka visiem laikapst\u0101k\u013ciem - Simon Jersey Latvija\",\"isPartOf\":{\"@id\":\"https:\/\/simonjersey.eu\/lv\/#website\"},\"primaryImageOfPage\":{\"@id\":\"https:\/\/simonjersey.eu\/lv\/produkts\/unisex-all-weather-jacket\/#primaryimage\"},\"image\":{\"@id\":\"https:\/\/simonjersey.eu\/lv\/produkts\/unisex-all-weather-jacket\/#primaryimage\"},\"thumbnailUrl\":\"https:\/\/simonjersey.eu\/lv\/wp-content\/uploads\/sites\/2\/2019\/11\/uj0770-1.jpg\",\"datePublished\":\"2019-11-21T07:37:25+00:00\",\"dateModified\":\"2019-11-29T11:02:36+00:00\",\"breadcrumb\":{\"@id\":\"https:\/\/simonjersey.eu\/lv\/produkts\/unisex-all-weather-jacket\/#breadcrumb\"},\"inLanguage\":\"lv-LV\",\"potentialAction\":[{\"@type\":\"ReadAction\",\"target\":[\"https:\/\/simonjersey.eu\/lv\/produkts\/unisex-all-weather-jacket\/\"]}]},{\"@type\":\"ImageObject\",\"inLanguage\":\"lv-LV\",\"@id\":\"https:\/\/simonjersey.eu\/lv\/produkts\/unisex-all-weather-jacket\/#primaryimage\",\"url\":\"https:\/\/simonjersey.eu\/lv\/wp-content\/uploads\/sites\/2\/2019\/11\/uj0770-1.jpg\",\"contentUrl\":\"https:\/\/simonjersey.eu\/lv\/wp-content\/uploads\/sites\/2\/2019\/11\/uj0770-1.jpg\",\"width\":1000,\"height\":1500},{\"@type\":\"BreadcrumbList\",\"@id\":\"https:\/\/simonjersey.eu\/lv\/produkts\/unisex-all-weather-jacket\/#breadcrumb\",\"itemListElement\":[{\"@type\":\"ListItem\",\"position\":1,\"name\":\"Home\",\"item\":\"https:\/\/simonjersey.eu\/lv\/\"},{\"@type\":\"ListItem\",\"position\":2,\"name\":\"E-veikals\",\"item\":\"https:\/\/simonjersey.eu\/lv\/e-veikals\/\"},{\"@type\":\"ListItem\",\"position\":3,\"name\":\"Unisex jaka visiem laikapst\u0101k\u013ciem\"}]},{\"@type\":\"WebSite\",\"@id\":\"https:\/\/simonjersey.eu\/lv\/#website\",\"url\":\"https:\/\/simonjersey.eu\/lv\/\",\"name\":\"Simon Jersey Latvija\",\"description\":\"Kvalitat\u012bvi un iztur\u012bgi darba ap\u0123\u0113rbi\",\"potentialAction\":[{\"@type\":\"SearchAction\",\"target\":{\"@type\":\"EntryPoint\",\"urlTemplate\":\"https:\/\/simonjersey.eu\/lv\/?s={search_term_string}\"},\"query-input\":{\"@type\":\"PropertyValueSpecification\",\"valueRequired\":true,\"valueName\":\"search_term_string\"}}],\"inLanguage\":\"lv-LV\"}]}<\/script>\n<!-- \/ Yoast SEO plugin. -->","yoast_head_json":{"title":"Unisex jaka visiem laikapst\u0101k\u013ciem - Simon Jersey Latvija","robots":{"index":"index","follow":"follow","max-snippet":"max-snippet:-1","max-image-preview":"max-image-preview:large","max-video-preview":"max-video-preview:-1"},"canonical":"https:\/\/simonjersey.eu\/lv\/produkts\/unisex-all-weather-jacket\/","og_locale":"lv_LV","og_type":"article","og_title":"Unisex jaka visiem laikapst\u0101k\u013ciem - Simon Jersey Latvija","og_description":"Priek\u0161\u0101 r\u0101v\u0113jsl\u0113dzis, ietilp\u012bgas priek\u0161kabatas un kr\u016b\u0161kabatas, vien\u0101 pus\u0113 iek\u0161puses kr\u016b\u0161kabata un otr\u0101 pus\u0113 kabata telefonam ar caurumiem priek\u0161 austi\u0146\u0101m. Jakai ir ar\u012b kapuce, kas iesl\u0113pta jak\u0101.  Materi\u0101ls: 100% poliesters. Kop\u0161ana: Mazg\u0101t 40\u00ba . Izm\u0113ri: S-3XL.","og_url":"https:\/\/simonjersey.eu\/lv\/produkts\/unisex-all-weather-jacket\/","og_site_name":"Simon Jersey Latvija","article_modified_time":"2019-11-29T11:02:36+00:00","og_image":[{"width":1000,"height":1500,"url":"https:\/\/simonjersey.eu\/lv\/wp-content\/uploads\/sites\/2\/2019\/11\/uj0770-1.jpg","type":"image\/jpeg"}],"twitter_card":"summary_large_image","schema":{"@context":"https:\/\/schema.org","@graph":[{"@type":"WebPage","@id":"https:\/\/simonjersey.eu\/lv\/produkts\/unisex-all-weather-jacket\/","url":"https:\/\/simonjersey.eu\/lv\/produkts\/unisex-all-weather-jacket\/","name":"Unisex jaka visiem laikapst\u0101k\u013ciem - Simon Jersey Latvija","isPartOf":{"@id":"https:\/\/simonjersey.eu\/lv\/#website"},"primaryImageOfPage":{"@id":"https:\/\/simonjersey.eu\/lv\/produkts\/unisex-all-weather-jacket\/#primaryimage"},"image":{"@id":"https:\/\/simonjersey.eu\/lv\/produkts\/unisex-all-weather-jacket\/#primaryimage"},"thumbnailUrl":"https:\/\/simonjersey.eu\/lv\/wp-content\/uploads\/sites\/2\/2019\/11\/uj0770-1.jpg","datePublished":"2019-11-21T07:37:25+00:00","dateModified":"2019-11-29T11:02:36+00:00","breadcrumb":{"@id":"https:\/\/simonjersey.eu\/lv\/produkts\/unisex-all-weather-jacket\/#breadcrumb"},"inLanguage":"lv-LV","potentialAction":[{"@type":"ReadAction","target":["https:\/\/simonjersey.eu\/lv\/produkts\/unisex-all-weather-jacket\/"]}]},{"@type":"ImageObject","inLanguage":"lv-LV","@id":"https:\/\/simonjersey.eu\/lv\/produkts\/unisex-all-weather-jacket\/#primaryimage","url":"https:\/\/simonjersey.eu\/lv\/wp-content\/uploads\/sites\/2\/2019\/11\/uj0770-1.jpg","contentUrl":"https:\/\/simonjersey.eu\/lv\/wp-content\/uploads\/sites\/2\/2019\/11\/uj0770-1.jpg","width":1000,"height":1500},{"@type":"BreadcrumbList","@id":"https:\/\/simonjersey.eu\/lv\/produkts\/unisex-all-weather-jacket\/#breadcrumb","itemListElement":[{"@type":"ListItem","position":1,"name":"Home","item":"https:\/\/simonjersey.eu\/lv\/"},{"@type":"ListItem","position":2,"name":"E-veikals","item":"https:\/\/simonjersey.eu\/lv\/e-veikals\/"},{"@type":"ListItem","position":3,"name":"Unisex jaka visiem laikapst\u0101k\u013ciem"}]},{"@type":"WebSite","@id":"https:\/\/simonjersey.eu\/lv\/#website","url":"https:\/\/simonjersey.eu\/lv\/","name":"Simon Jersey Latvija","description":"Kvalitat\u012bvi un iztur\u012bgi darba ap\u0123\u0113rbi","potentialAction":[{"@type":"SearchAction","target":{"@type":"EntryPoint","urlTemplate":"https:\/\/simonjersey.eu\/lv\/?s={search_term_string}"},"query-input":{"@type":"PropertyValueSpecification","valueRequired":true,"valueName":"search_term_string"}}],"inLanguage":"lv-LV"}]}},"_links":{"self":[{"href":"https:\/\/simonjersey.eu\/lv\/wp-json\/wp\/v2\/product\/5440","targetHints":{"allow":["GET"]}}],"collection":[{"href":"https:\/\/simonjersey.eu\/lv\/wp-json\/wp\/v2\/product"}],"about":[{"href":"https:\/\/simonjersey.eu\/lv\/wp-json\/wp\/v2\/types\/product"}],"wp:featuredmedia":[{"embeddable":true,"href":"https:\/\/simonjersey.eu\/lv\/wp-json\/wp\/v2\/media\/5444"}],"wp:attachment":[{"href":"https:\/\/simonjersey.eu\/lv\/wp-json\/wp\/v2\/media?parent=5440"}],"wp:term":[{"taxonomy":"product_brand","embeddable":true,"href":"https:\/\/simonjersey.eu\/lv\/wp-json\/wp\/v2\/product_brand?post=5440"},{"taxonomy":"product_cat","embeddable":true,"href":"https:\/\/simonjersey.eu\/lv\/wp-json\/wp\/v2\/product_cat?post=5440"},{"taxonomy":"product_tag","embeddable":true,"href":"https:\/\/simonjersey.eu\/lv\/wp-json\/wp\/v2\/product_tag?post=5440"}],"curies":[{"name":"wp","href":"https:\/\/api.w.org\/{rel}","templated":true}]}}