{"id":5446,"date":"2019-11-21T10:42:49","date_gmt":"2019-11-21T07:42:49","guid":{"rendered":"https:\/\/simonjersey.eu\/lv\/?post_type=product&#038;p=5446"},"modified":"2019-11-29T14:05:37","modified_gmt":"2019-11-29T11:05:37","slug":"regatta-womens-benson-ii-3in1-jacket","status":"publish","type":"product","link":"https:\/\/simonjersey.eu\/lv\/produkts\/regatta-womens-benson-ii-3in1-jacket\/","title":{"rendered":"Regatta sievie\u0161u 3in1 jaka"},"content":{"rendered":"","protected":false},"excerpt":{"rendered":"<p>\u016adens iztur\u012bga, lai pasarg\u0101tu darbiniekus no mitruma darba laik\u0101. Regatta Benson jaka ir ra\u017eota no Isotex materi\u0101la, \u013caujot \u0101dai elopt.<\/p>\n<p>Jaka rad\u012bta, lai ide\u0101li piegultu valk\u0101t\u0101ja augumam, taj\u0101 pa\u0161\u0101 laik\u0101 saglab\u0101jot \u0113rtumu.<br \/>\nIesl\u0113pta kapuce, ko var piel\u0101got katram valk\u0101t\u0101jam.<\/p>\n<p>Izm\u0113ri (UK): 10-20.<\/p>\n","protected":false},"featured_media":5450,"template":"","meta":[],"product_brand":[],"product_cat":[143,86],"product_tag":[],"class_list":{"0":"post-5446","1":"product","2":"type-product","3":"status-publish","4":"has-post-thumbnail","6":"product_cat-heavy-duty-jakas","7":"product_cat-darba-apgerbs","9":"first","10":"instock","11":"taxable","12":"shipping-taxable","13":"purchasable","14":"product-type-variable","15":"has-default-attributes"},"yoast_head":"<!-- This site is optimized with the Yoast SEO plugin v27.2 - https:\/\/yoast.com\/product\/yoast-seo-wordpress\/ -->\n<title>Regatta sievie\u0161u 3in1 jaka - Simon Jersey Latvija<\/title>\n<meta name=\"robots\" content=\"index, follow, max-snippet:-1, max-image-preview:large, max-video-preview:-1\" \/>\n<link rel=\"canonical\" href=\"https:\/\/simonjersey.eu\/lv\/produkts\/regatta-womens-benson-ii-3in1-jacket\/\" \/>\n<meta property=\"og:locale\" content=\"lv_LV\" \/>\n<meta property=\"og:type\" content=\"article\" \/>\n<meta property=\"og:title\" content=\"Regatta sievie\u0161u 3in1 jaka - Simon Jersey Latvija\" \/>\n<meta property=\"og:description\" content=\"\u016adens iztur\u012bga, lai pasarg\u0101tu darbiniekus no mitruma darba laik\u0101. Regatta Benson jaka ir ra\u017eota no Isotex materi\u0101la, \u013caujot \u0101dai elopt.  Jaka rad\u012bta, lai ide\u0101li piegultu valk\u0101t\u0101ja augumam, taj\u0101 pa\u0161\u0101 laik\u0101 saglab\u0101jot \u0113rtumu. Iesl\u0113pta kapuce, ko var piel\u0101got katram valk\u0101t\u0101jam.  Izm\u0113ri (UK): 10-20.\" \/>\n<meta property=\"og:url\" content=\"https:\/\/simonjersey.eu\/lv\/produkts\/regatta-womens-benson-ii-3in1-jacket\/\" \/>\n<meta property=\"og:site_name\" content=\"Simon Jersey Latvija\" \/>\n<meta property=\"article:modified_time\" content=\"2019-11-29T11:05:37+00:00\" \/>\n<meta property=\"og:image\" content=\"https:\/\/simonjersey.eu\/lv\/wp-content\/uploads\/sites\/2\/2019\/11\/FJ1730-1.jpg\" \/>\n\t<meta property=\"og:image:width\" content=\"1000\" \/>\n\t<meta property=\"og:image:height\" content=\"1500\" \/>\n\t<meta property=\"og:image:type\" content=\"image\/jpeg\" \/>\n<meta name=\"twitter:card\" content=\"summary_large_image\" \/>\n<script type=\"application\/ld+json\" class=\"yoast-schema-graph\">{\"@context\":\"https:\/\/schema.org\",\"@graph\":[{\"@type\":\"WebPage\",\"@id\":\"https:\/\/simonjersey.eu\/lv\/produkts\/regatta-womens-benson-ii-3in1-jacket\/\",\"url\":\"https:\/\/simonjersey.eu\/lv\/produkts\/regatta-womens-benson-ii-3in1-jacket\/\",\"name\":\"Regatta sievie\u0161u 3in1 jaka - Simon Jersey Latvija\",\"isPartOf\":{\"@id\":\"https:\/\/simonjersey.eu\/lv\/#website\"},\"primaryImageOfPage\":{\"@id\":\"https:\/\/simonjersey.eu\/lv\/produkts\/regatta-womens-benson-ii-3in1-jacket\/#primaryimage\"},\"image\":{\"@id\":\"https:\/\/simonjersey.eu\/lv\/produkts\/regatta-womens-benson-ii-3in1-jacket\/#primaryimage\"},\"thumbnailUrl\":\"https:\/\/simonjersey.eu\/lv\/wp-content\/uploads\/sites\/2\/2019\/11\/FJ1730-1.jpg\",\"datePublished\":\"2019-11-21T07:42:49+00:00\",\"dateModified\":\"2019-11-29T11:05:37+00:00\",\"breadcrumb\":{\"@id\":\"https:\/\/simonjersey.eu\/lv\/produkts\/regatta-womens-benson-ii-3in1-jacket\/#breadcrumb\"},\"inLanguage\":\"lv-LV\",\"potentialAction\":[{\"@type\":\"ReadAction\",\"target\":[\"https:\/\/simonjersey.eu\/lv\/produkts\/regatta-womens-benson-ii-3in1-jacket\/\"]}]},{\"@type\":\"ImageObject\",\"inLanguage\":\"lv-LV\",\"@id\":\"https:\/\/simonjersey.eu\/lv\/produkts\/regatta-womens-benson-ii-3in1-jacket\/#primaryimage\",\"url\":\"https:\/\/simonjersey.eu\/lv\/wp-content\/uploads\/sites\/2\/2019\/11\/FJ1730-1.jpg\",\"contentUrl\":\"https:\/\/simonjersey.eu\/lv\/wp-content\/uploads\/sites\/2\/2019\/11\/FJ1730-1.jpg\",\"width\":1000,\"height\":1500},{\"@type\":\"BreadcrumbList\",\"@id\":\"https:\/\/simonjersey.eu\/lv\/produkts\/regatta-womens-benson-ii-3in1-jacket\/#breadcrumb\",\"itemListElement\":[{\"@type\":\"ListItem\",\"position\":1,\"name\":\"Home\",\"item\":\"https:\/\/simonjersey.eu\/lv\/\"},{\"@type\":\"ListItem\",\"position\":2,\"name\":\"E-veikals\",\"item\":\"https:\/\/simonjersey.eu\/lv\/e-veikals\/\"},{\"@type\":\"ListItem\",\"position\":3,\"name\":\"Regatta sievie\u0161u 3in1 jaka\"}]},{\"@type\":\"WebSite\",\"@id\":\"https:\/\/simonjersey.eu\/lv\/#website\",\"url\":\"https:\/\/simonjersey.eu\/lv\/\",\"name\":\"Simon Jersey Latvija\",\"description\":\"Kvalitat\u012bvi un iztur\u012bgi darba ap\u0123\u0113rbi\",\"potentialAction\":[{\"@type\":\"SearchAction\",\"target\":{\"@type\":\"EntryPoint\",\"urlTemplate\":\"https:\/\/simonjersey.eu\/lv\/?s={search_term_string}\"},\"query-input\":{\"@type\":\"PropertyValueSpecification\",\"valueRequired\":true,\"valueName\":\"search_term_string\"}}],\"inLanguage\":\"lv-LV\"}]}<\/script>\n<!-- \/ Yoast SEO plugin. -->","yoast_head_json":{"title":"Regatta sievie\u0161u 3in1 jaka - Simon Jersey Latvija","robots":{"index":"index","follow":"follow","max-snippet":"max-snippet:-1","max-image-preview":"max-image-preview:large","max-video-preview":"max-video-preview:-1"},"canonical":"https:\/\/simonjersey.eu\/lv\/produkts\/regatta-womens-benson-ii-3in1-jacket\/","og_locale":"lv_LV","og_type":"article","og_title":"Regatta sievie\u0161u 3in1 jaka - Simon Jersey Latvija","og_description":"\u016adens iztur\u012bga, lai pasarg\u0101tu darbiniekus no mitruma darba laik\u0101. Regatta Benson jaka ir ra\u017eota no Isotex materi\u0101la, \u013caujot \u0101dai elopt.  Jaka rad\u012bta, lai ide\u0101li piegultu valk\u0101t\u0101ja augumam, taj\u0101 pa\u0161\u0101 laik\u0101 saglab\u0101jot \u0113rtumu. Iesl\u0113pta kapuce, ko var piel\u0101got katram valk\u0101t\u0101jam.  Izm\u0113ri (UK): 10-20.","og_url":"https:\/\/simonjersey.eu\/lv\/produkts\/regatta-womens-benson-ii-3in1-jacket\/","og_site_name":"Simon Jersey Latvija","article_modified_time":"2019-11-29T11:05:37+00:00","og_image":[{"width":1000,"height":1500,"url":"https:\/\/simonjersey.eu\/lv\/wp-content\/uploads\/sites\/2\/2019\/11\/FJ1730-1.jpg","type":"image\/jpeg"}],"twitter_card":"summary_large_image","schema":{"@context":"https:\/\/schema.org","@graph":[{"@type":"WebPage","@id":"https:\/\/simonjersey.eu\/lv\/produkts\/regatta-womens-benson-ii-3in1-jacket\/","url":"https:\/\/simonjersey.eu\/lv\/produkts\/regatta-womens-benson-ii-3in1-jacket\/","name":"Regatta sievie\u0161u 3in1 jaka - Simon Jersey Latvija","isPartOf":{"@id":"https:\/\/simonjersey.eu\/lv\/#website"},"primaryImageOfPage":{"@id":"https:\/\/simonjersey.eu\/lv\/produkts\/regatta-womens-benson-ii-3in1-jacket\/#primaryimage"},"image":{"@id":"https:\/\/simonjersey.eu\/lv\/produkts\/regatta-womens-benson-ii-3in1-jacket\/#primaryimage"},"thumbnailUrl":"https:\/\/simonjersey.eu\/lv\/wp-content\/uploads\/sites\/2\/2019\/11\/FJ1730-1.jpg","datePublished":"2019-11-21T07:42:49+00:00","dateModified":"2019-11-29T11:05:37+00:00","breadcrumb":{"@id":"https:\/\/simonjersey.eu\/lv\/produkts\/regatta-womens-benson-ii-3in1-jacket\/#breadcrumb"},"inLanguage":"lv-LV","potentialAction":[{"@type":"ReadAction","target":["https:\/\/simonjersey.eu\/lv\/produkts\/regatta-womens-benson-ii-3in1-jacket\/"]}]},{"@type":"ImageObject","inLanguage":"lv-LV","@id":"https:\/\/simonjersey.eu\/lv\/produkts\/regatta-womens-benson-ii-3in1-jacket\/#primaryimage","url":"https:\/\/simonjersey.eu\/lv\/wp-content\/uploads\/sites\/2\/2019\/11\/FJ1730-1.jpg","contentUrl":"https:\/\/simonjersey.eu\/lv\/wp-content\/uploads\/sites\/2\/2019\/11\/FJ1730-1.jpg","width":1000,"height":1500},{"@type":"BreadcrumbList","@id":"https:\/\/simonjersey.eu\/lv\/produkts\/regatta-womens-benson-ii-3in1-jacket\/#breadcrumb","itemListElement":[{"@type":"ListItem","position":1,"name":"Home","item":"https:\/\/simonjersey.eu\/lv\/"},{"@type":"ListItem","position":2,"name":"E-veikals","item":"https:\/\/simonjersey.eu\/lv\/e-veikals\/"},{"@type":"ListItem","position":3,"name":"Regatta sievie\u0161u 3in1 jaka"}]},{"@type":"WebSite","@id":"https:\/\/simonjersey.eu\/lv\/#website","url":"https:\/\/simonjersey.eu\/lv\/","name":"Simon Jersey Latvija","description":"Kvalitat\u012bvi un iztur\u012bgi darba ap\u0123\u0113rbi","potentialAction":[{"@type":"SearchAction","target":{"@type":"EntryPoint","urlTemplate":"https:\/\/simonjersey.eu\/lv\/?s={search_term_string}"},"query-input":{"@type":"PropertyValueSpecification","valueRequired":true,"valueName":"search_term_string"}}],"inLanguage":"lv-LV"}]}},"_links":{"self":[{"href":"https:\/\/simonjersey.eu\/lv\/wp-json\/wp\/v2\/product\/5446","targetHints":{"allow":["GET"]}}],"collection":[{"href":"https:\/\/simonjersey.eu\/lv\/wp-json\/wp\/v2\/product"}],"about":[{"href":"https:\/\/simonjersey.eu\/lv\/wp-json\/wp\/v2\/types\/product"}],"wp:featuredmedia":[{"embeddable":true,"href":"https:\/\/simonjersey.eu\/lv\/wp-json\/wp\/v2\/media\/5450"}],"wp:attachment":[{"href":"https:\/\/simonjersey.eu\/lv\/wp-json\/wp\/v2\/media?parent=5446"}],"wp:term":[{"taxonomy":"product_brand","embeddable":true,"href":"https:\/\/simonjersey.eu\/lv\/wp-json\/wp\/v2\/product_brand?post=5446"},{"taxonomy":"product_cat","embeddable":true,"href":"https:\/\/simonjersey.eu\/lv\/wp-json\/wp\/v2\/product_cat?post=5446"},{"taxonomy":"product_tag","embeddable":true,"href":"https:\/\/simonjersey.eu\/lv\/wp-json\/wp\/v2\/product_tag?post=5446"}],"curies":[{"name":"wp","href":"https:\/\/api.w.org\/{rel}","templated":true}]}}