{"id":6341,"date":"2021-10-06T15:47:12","date_gmt":"2021-10-06T12:47:12","guid":{"rendered":"https:\/\/simonjersey.eu\/lv\/?post_type=product&#038;p=6341"},"modified":"2026-01-12T14:00:15","modified_gmt":"2026-01-12T11:00:15","slug":"tailored-fit-viriesu-bikses-monaco","status":"publish","type":"product","link":"https:\/\/simonjersey.eu\/lv\/produkts\/tailored-fit-viriesu-bikses-monaco\/","title":{"rendered":"Tailored Fit v\u012brie\u0161u bikses Monaco"},"content":{"rendered":"","protected":false},"excerpt":{"rendered":"<p>M\u016bsu \u201eToday\u201c kolekcija pied\u0101v\u0101 komfortu un uzticamu kvalit\u0101ti. Produkti ir iztur\u012bgi un ilgsto\u0161i, un tiem nav nepiecie\u0161ama gludin\u0101\u0161ana!<\/p>\n<p>\u0160\u012bs bikses pieejamas \u012bsas, vid\u0113ja garuma un garas. Bikses rad\u012btas, lai izskat\u012btos labi visiem. Papildiniet kopt\u0113lu, pieska\u0146ojot t\u0101du pa\u0161u Dijon \u017eaketi.<\/p>\n<p>Materi\u0101ls: 63% poliesters, 34% viskoze, 3% elast\u0101ns.<br \/>\nKop\u0161ana: 40\u00b0 ve\u013cas ma\u0161\u012bn\u0101, nav nepiecie\u0161ama gludin\u0101\u0161ana.<br \/>\nIzm\u0113ri(UK): 28-50.<\/p>\n<p><a href=\"https:\/\/simonjersey.eu\/lv\/produkts\/slim-leg-sieviesu-bikses-paris\/\"><strong>Sievie\u0161u dizaini \u0161eit!<\/strong><\/a><\/p>\n<p>&nbsp;<\/p>\n","protected":false},"featured_media":6346,"template":"","meta":[],"product_brand":[],"product_cat":[90,101,22,25,41,78,80,48,49,59,51,69,108],"product_tag":[],"class_list":{"0":"post-6341","1":"product","2":"type-product","3":"status-publish","4":"has-post-thumbnail","6":"product_cat-viriesiem-lietiskais-apgerbs","7":"product_cat-bikses-viriesiem-lietiskais-apgerbs","8":"product_cat-restorani","9":"product_cat-viriesiem","10":"product_cat-bikses-viriesiem","11":"product_cat-recepcija","12":"product_cat-bikses-recepcija","13":"product_cat-viesmiliba","14":"product_cat-kolekcijas","15":"product_cat-vienkarsais-kendal","16":"product_cat-viriesiem-viesmiliba","17":"product_cat-bikses-viriesiem-viesmiliba","18":"product_cat-viriesu-bikses","20":"first","21":"instock","22":"taxable","23":"shipping-taxable","24":"purchasable","25":"product-type-variable","26":"has-default-attributes"},"yoast_head":"<!-- This site is optimized with the Yoast SEO plugin v27.2 - https:\/\/yoast.com\/product\/yoast-seo-wordpress\/ -->\n<title>Tailored Fit v\u012brie\u0161u bikses Monaco - Simon Jersey Latvija<\/title>\n<meta name=\"robots\" content=\"index, follow, max-snippet:-1, max-image-preview:large, max-video-preview:-1\" \/>\n<link rel=\"canonical\" href=\"https:\/\/simonjersey.eu\/lv\/produkts\/tailored-fit-viriesu-bikses-monaco\/\" \/>\n<meta property=\"og:locale\" content=\"lv_LV\" \/>\n<meta property=\"og:type\" content=\"article\" \/>\n<meta property=\"og:title\" content=\"Tailored Fit v\u012brie\u0161u bikses Monaco - Simon Jersey Latvija\" \/>\n<meta property=\"og:description\" content=\"M\u016bsu \u201eToday\u201c kolekcija pied\u0101v\u0101 komfortu un uzticamu kvalit\u0101ti. Produkti ir iztur\u012bgi un ilgsto\u0161i, un tiem nav nepiecie\u0161ama gludin\u0101\u0161ana!  \u0160\u012bs bikses pieejamas \u012bsas, vid\u0113ja garuma un garas. Bikses rad\u012btas, lai izskat\u012btos labi visiem. Papildiniet kopt\u0113lu, pieska\u0146ojot t\u0101du pa\u0161u Dijon \u017eaketi.  Materi\u0101ls: 63% poliesters, 34% viskoze, 3% elast\u0101ns. Kop\u0161ana: 40\u00b0 ve\u013cas ma\u0161\u012bn\u0101, nav nepiecie\u0161ama gludin\u0101\u0161ana. Izm\u0113ri(UK): 28-50.  Sievie\u0161u dizaini \u0161eit!  &nbsp;\" \/>\n<meta property=\"og:url\" content=\"https:\/\/simonjersey.eu\/lv\/produkts\/tailored-fit-viriesu-bikses-monaco\/\" \/>\n<meta property=\"og:site_name\" content=\"Simon Jersey Latvija\" \/>\n<meta property=\"article:modified_time\" content=\"2026-01-12T11:00:15+00:00\" \/>\n<meta property=\"og:image\" content=\"https:\/\/simonjersey.eu\/lv\/wp-content\/uploads\/sites\/2\/2021\/10\/Monaco-Trouser-Black-.jpg\" \/>\n\t<meta property=\"og:image:width\" content=\"814\" \/>\n\t<meta property=\"og:image:height\" content=\"1196\" \/>\n\t<meta property=\"og:image:type\" content=\"image\/jpeg\" \/>\n<meta name=\"twitter:card\" content=\"summary_large_image\" \/>\n<meta name=\"twitter:label1\" content=\"Est. reading time\" \/>\n\t<meta name=\"twitter:data1\" content=\"1 min\u016bte\" \/>\n<script type=\"application\/ld+json\" class=\"yoast-schema-graph\">{\"@context\":\"https:\/\/schema.org\",\"@graph\":[{\"@type\":\"WebPage\",\"@id\":\"https:\/\/simonjersey.eu\/lv\/produkts\/tailored-fit-viriesu-bikses-monaco\/\",\"url\":\"https:\/\/simonjersey.eu\/lv\/produkts\/tailored-fit-viriesu-bikses-monaco\/\",\"name\":\"Tailored Fit v\u012brie\u0161u bikses Monaco - Simon Jersey Latvija\",\"isPartOf\":{\"@id\":\"https:\/\/simonjersey.eu\/lv\/#website\"},\"primaryImageOfPage\":{\"@id\":\"https:\/\/simonjersey.eu\/lv\/produkts\/tailored-fit-viriesu-bikses-monaco\/#primaryimage\"},\"image\":{\"@id\":\"https:\/\/simonjersey.eu\/lv\/produkts\/tailored-fit-viriesu-bikses-monaco\/#primaryimage\"},\"thumbnailUrl\":\"https:\/\/simonjersey.eu\/lv\/wp-content\/uploads\/sites\/2\/2021\/10\/Monaco-Trouser-Black-.jpg\",\"datePublished\":\"2021-10-06T12:47:12+00:00\",\"dateModified\":\"2026-01-12T11:00:15+00:00\",\"breadcrumb\":{\"@id\":\"https:\/\/simonjersey.eu\/lv\/produkts\/tailored-fit-viriesu-bikses-monaco\/#breadcrumb\"},\"inLanguage\":\"lv-LV\",\"potentialAction\":[{\"@type\":\"ReadAction\",\"target\":[\"https:\/\/simonjersey.eu\/lv\/produkts\/tailored-fit-viriesu-bikses-monaco\/\"]}]},{\"@type\":\"ImageObject\",\"inLanguage\":\"lv-LV\",\"@id\":\"https:\/\/simonjersey.eu\/lv\/produkts\/tailored-fit-viriesu-bikses-monaco\/#primaryimage\",\"url\":\"https:\/\/simonjersey.eu\/lv\/wp-content\/uploads\/sites\/2\/2021\/10\/Monaco-Trouser-Black-.jpg\",\"contentUrl\":\"https:\/\/simonjersey.eu\/lv\/wp-content\/uploads\/sites\/2\/2021\/10\/Monaco-Trouser-Black-.jpg\",\"width\":814,\"height\":1196},{\"@type\":\"BreadcrumbList\",\"@id\":\"https:\/\/simonjersey.eu\/lv\/produkts\/tailored-fit-viriesu-bikses-monaco\/#breadcrumb\",\"itemListElement\":[{\"@type\":\"ListItem\",\"position\":1,\"name\":\"Home\",\"item\":\"https:\/\/simonjersey.eu\/lv\/\"},{\"@type\":\"ListItem\",\"position\":2,\"name\":\"E-veikals\",\"item\":\"https:\/\/simonjersey.eu\/lv\/e-veikals\/\"},{\"@type\":\"ListItem\",\"position\":3,\"name\":\"Tailored Fit v\u012brie\u0161u bikses Monaco\"}]},{\"@type\":\"WebSite\",\"@id\":\"https:\/\/simonjersey.eu\/lv\/#website\",\"url\":\"https:\/\/simonjersey.eu\/lv\/\",\"name\":\"Simon Jersey Latvija\",\"description\":\"Kvalitat\u012bvi un iztur\u012bgi darba ap\u0123\u0113rbi\",\"potentialAction\":[{\"@type\":\"SearchAction\",\"target\":{\"@type\":\"EntryPoint\",\"urlTemplate\":\"https:\/\/simonjersey.eu\/lv\/?s={search_term_string}\"},\"query-input\":{\"@type\":\"PropertyValueSpecification\",\"valueRequired\":true,\"valueName\":\"search_term_string\"}}],\"inLanguage\":\"lv-LV\"}]}<\/script>\n<!-- \/ Yoast SEO plugin. -->","yoast_head_json":{"title":"Tailored Fit v\u012brie\u0161u bikses Monaco - Simon Jersey Latvija","robots":{"index":"index","follow":"follow","max-snippet":"max-snippet:-1","max-image-preview":"max-image-preview:large","max-video-preview":"max-video-preview:-1"},"canonical":"https:\/\/simonjersey.eu\/lv\/produkts\/tailored-fit-viriesu-bikses-monaco\/","og_locale":"lv_LV","og_type":"article","og_title":"Tailored Fit v\u012brie\u0161u bikses Monaco - Simon Jersey Latvija","og_description":"M\u016bsu \u201eToday\u201c kolekcija pied\u0101v\u0101 komfortu un uzticamu kvalit\u0101ti. Produkti ir iztur\u012bgi un ilgsto\u0161i, un tiem nav nepiecie\u0161ama gludin\u0101\u0161ana!  \u0160\u012bs bikses pieejamas \u012bsas, vid\u0113ja garuma un garas. Bikses rad\u012btas, lai izskat\u012btos labi visiem. Papildiniet kopt\u0113lu, pieska\u0146ojot t\u0101du pa\u0161u Dijon \u017eaketi.  Materi\u0101ls: 63% poliesters, 34% viskoze, 3% elast\u0101ns. Kop\u0161ana: 40\u00b0 ve\u013cas ma\u0161\u012bn\u0101, nav nepiecie\u0161ama gludin\u0101\u0161ana. Izm\u0113ri(UK): 28-50.  Sievie\u0161u dizaini \u0161eit!  &nbsp;","og_url":"https:\/\/simonjersey.eu\/lv\/produkts\/tailored-fit-viriesu-bikses-monaco\/","og_site_name":"Simon Jersey Latvija","article_modified_time":"2026-01-12T11:00:15+00:00","og_image":[{"width":814,"height":1196,"url":"https:\/\/simonjersey.eu\/lv\/wp-content\/uploads\/sites\/2\/2021\/10\/Monaco-Trouser-Black-.jpg","type":"image\/jpeg"}],"twitter_card":"summary_large_image","twitter_misc":{"Est. reading time":"1 min\u016bte"},"schema":{"@context":"https:\/\/schema.org","@graph":[{"@type":"WebPage","@id":"https:\/\/simonjersey.eu\/lv\/produkts\/tailored-fit-viriesu-bikses-monaco\/","url":"https:\/\/simonjersey.eu\/lv\/produkts\/tailored-fit-viriesu-bikses-monaco\/","name":"Tailored Fit v\u012brie\u0161u bikses Monaco - Simon Jersey Latvija","isPartOf":{"@id":"https:\/\/simonjersey.eu\/lv\/#website"},"primaryImageOfPage":{"@id":"https:\/\/simonjersey.eu\/lv\/produkts\/tailored-fit-viriesu-bikses-monaco\/#primaryimage"},"image":{"@id":"https:\/\/simonjersey.eu\/lv\/produkts\/tailored-fit-viriesu-bikses-monaco\/#primaryimage"},"thumbnailUrl":"https:\/\/simonjersey.eu\/lv\/wp-content\/uploads\/sites\/2\/2021\/10\/Monaco-Trouser-Black-.jpg","datePublished":"2021-10-06T12:47:12+00:00","dateModified":"2026-01-12T11:00:15+00:00","breadcrumb":{"@id":"https:\/\/simonjersey.eu\/lv\/produkts\/tailored-fit-viriesu-bikses-monaco\/#breadcrumb"},"inLanguage":"lv-LV","potentialAction":[{"@type":"ReadAction","target":["https:\/\/simonjersey.eu\/lv\/produkts\/tailored-fit-viriesu-bikses-monaco\/"]}]},{"@type":"ImageObject","inLanguage":"lv-LV","@id":"https:\/\/simonjersey.eu\/lv\/produkts\/tailored-fit-viriesu-bikses-monaco\/#primaryimage","url":"https:\/\/simonjersey.eu\/lv\/wp-content\/uploads\/sites\/2\/2021\/10\/Monaco-Trouser-Black-.jpg","contentUrl":"https:\/\/simonjersey.eu\/lv\/wp-content\/uploads\/sites\/2\/2021\/10\/Monaco-Trouser-Black-.jpg","width":814,"height":1196},{"@type":"BreadcrumbList","@id":"https:\/\/simonjersey.eu\/lv\/produkts\/tailored-fit-viriesu-bikses-monaco\/#breadcrumb","itemListElement":[{"@type":"ListItem","position":1,"name":"Home","item":"https:\/\/simonjersey.eu\/lv\/"},{"@type":"ListItem","position":2,"name":"E-veikals","item":"https:\/\/simonjersey.eu\/lv\/e-veikals\/"},{"@type":"ListItem","position":3,"name":"Tailored Fit v\u012brie\u0161u bikses Monaco"}]},{"@type":"WebSite","@id":"https:\/\/simonjersey.eu\/lv\/#website","url":"https:\/\/simonjersey.eu\/lv\/","name":"Simon Jersey Latvija","description":"Kvalitat\u012bvi un iztur\u012bgi darba ap\u0123\u0113rbi","potentialAction":[{"@type":"SearchAction","target":{"@type":"EntryPoint","urlTemplate":"https:\/\/simonjersey.eu\/lv\/?s={search_term_string}"},"query-input":{"@type":"PropertyValueSpecification","valueRequired":true,"valueName":"search_term_string"}}],"inLanguage":"lv-LV"}]}},"_links":{"self":[{"href":"https:\/\/simonjersey.eu\/lv\/wp-json\/wp\/v2\/product\/6341","targetHints":{"allow":["GET"]}}],"collection":[{"href":"https:\/\/simonjersey.eu\/lv\/wp-json\/wp\/v2\/product"}],"about":[{"href":"https:\/\/simonjersey.eu\/lv\/wp-json\/wp\/v2\/types\/product"}],"wp:featuredmedia":[{"embeddable":true,"href":"https:\/\/simonjersey.eu\/lv\/wp-json\/wp\/v2\/media\/6346"}],"wp:attachment":[{"href":"https:\/\/simonjersey.eu\/lv\/wp-json\/wp\/v2\/media?parent=6341"}],"wp:term":[{"taxonomy":"product_brand","embeddable":true,"href":"https:\/\/simonjersey.eu\/lv\/wp-json\/wp\/v2\/product_brand?post=6341"},{"taxonomy":"product_cat","embeddable":true,"href":"https:\/\/simonjersey.eu\/lv\/wp-json\/wp\/v2\/product_cat?post=6341"},{"taxonomy":"product_tag","embeddable":true,"href":"https:\/\/simonjersey.eu\/lv\/wp-json\/wp\/v2\/product_tag?post=6341"}],"curies":[{"name":"wp","href":"https:\/\/api.w.org\/{rel}","templated":true}]}}