{"id":6356,"date":"2021-10-06T15:59:59","date_gmt":"2021-10-06T12:59:59","guid":{"rendered":"https:\/\/simonjersey.eu\/lv\/?post_type=product&#038;p=6356"},"modified":"2024-12-30T14:25:48","modified_gmt":"2024-12-30T11:25:48","slug":"slim-leg-sieviesu-bikses-paris","status":"publish","type":"product","link":"https:\/\/simonjersey.eu\/lv\/produkts\/slim-leg-sieviesu-bikses-paris\/","title":{"rendered":"Slim Leg sievie\u0161u bikses Paris"},"content":{"rendered":"","protected":false},"excerpt":{"rendered":"<p>M\u016bsu \u201eToday\u201c kolekcija pied\u0101v\u0101 komfortu un uzticamu kvalit\u0101ti. Produkti ir iztur\u012bgi un ilgsto\u0161i, un tiem nav nepiecie\u0161ama gludin\u0101\u0161ana!<\/p>\n<p>&nbsp;<\/p>\n<p>Sievie\u0161u bikses Paris lieliski piem\u0113rotas, lai rad\u012btu lieti\u0161\u0137u un klasisku stilu.<\/p>\n<p>T\u0101s izskat\u012bsies lieliski gan ar augstpap\u0113\u017eu kurp\u0113m, gan ar zemiem klasiskiem apaviem.<\/p>\n<p>\u0160\u012bs bikses pieejamas \u012bsas, vid\u0113ja garuma un garas.<\/p>\n<p>Materi\u0101ls: 63% poliesters, 34% viskoze, 3% elast\u0101ns.<br \/>\nKop\u0161ana: 40\u00b0 ve\u013cas ma\u0161\u012bn\u0101, nav nepiecie\u0161ama gludin\u0101\u0161ana.<br \/>\nIzm\u0113ri(UK):6-24.<\/p>\n<p><a href=\"https:\/\/simonjersey.eu\/lv\/produkts\/tailored-fit-viriesu-bikses-monaco\/\"><strong>V\u012brie\u0161u dizaini \u0161eit!<\/strong><\/a><\/p>\n","protected":false},"featured_media":6360,"template":"","meta":[],"product_brand":[],"product_cat":[95,22,24,35,17,20,78,80,48,49,59,50,63,107],"product_tag":[],"class_list":{"0":"post-6356","1":"product","2":"type-product","3":"status-publish","4":"has-post-thumbnail","6":"product_cat-bikses-sievietem-lietiskais-apgerbs","7":"product_cat-restorani","8":"product_cat-sievietem","9":"product_cat-bikses-sievietem","10":"product_cat-skaistumkopsana","11":"product_cat-bikses","12":"product_cat-recepcija","13":"product_cat-bikses-recepcija","14":"product_cat-viesmiliba","15":"product_cat-kolekcijas","16":"product_cat-vienkarsais-kendal","17":"product_cat-sievietem-viesmiliba","18":"product_cat-bikses-sievietem-viesmiliba","19":"product_cat-sieviesu-bikses","21":"first","22":"instock","23":"taxable","24":"shipping-taxable","25":"purchasable","26":"product-type-variable","27":"has-default-attributes"},"yoast_head":"<!-- This site is optimized with the Yoast SEO plugin v27.2 - https:\/\/yoast.com\/product\/yoast-seo-wordpress\/ -->\n<title>Slim Leg sievie\u0161u bikses Paris - Simon Jersey Latvija<\/title>\n<meta name=\"robots\" content=\"index, follow, max-snippet:-1, max-image-preview:large, max-video-preview:-1\" \/>\n<link rel=\"canonical\" href=\"https:\/\/simonjersey.eu\/lv\/produkts\/slim-leg-sieviesu-bikses-paris\/\" \/>\n<meta property=\"og:locale\" content=\"lv_LV\" \/>\n<meta property=\"og:type\" content=\"article\" \/>\n<meta property=\"og:title\" content=\"Slim Leg sievie\u0161u bikses Paris - Simon Jersey Latvija\" \/>\n<meta property=\"og:description\" content=\"M\u016bsu \u201eToday\u201c kolekcija pied\u0101v\u0101 komfortu un uzticamu kvalit\u0101ti. Produkti ir iztur\u012bgi un ilgsto\u0161i, un tiem nav nepiecie\u0161ama gludin\u0101\u0161ana!  &nbsp;  Sievie\u0161u bikses Paris lieliski piem\u0113rotas, lai rad\u012btu lieti\u0161\u0137u un klasisku stilu.  T\u0101s izskat\u012bsies lieliski gan ar augstpap\u0113\u017eu kurp\u0113m, gan ar zemiem klasiskiem apaviem.  \u0160\u012bs bikses pieejamas \u012bsas, vid\u0113ja garuma un garas.  Materi\u0101ls: 63% poliesters, 34% viskoze, 3% elast\u0101ns. Kop\u0161ana: 40\u00b0 ve\u013cas ma\u0161\u012bn\u0101, nav nepiecie\u0161ama gludin\u0101\u0161ana. Izm\u0113ri(UK):6-24.  V\u012brie\u0161u dizaini \u0161eit!\" \/>\n<meta property=\"og:url\" content=\"https:\/\/simonjersey.eu\/lv\/produkts\/slim-leg-sieviesu-bikses-paris\/\" \/>\n<meta property=\"og:site_name\" content=\"Simon Jersey Latvija\" \/>\n<meta property=\"article:modified_time\" content=\"2024-12-30T11:25:48+00:00\" \/>\n<meta property=\"og:image\" content=\"https:\/\/simonjersey.eu\/lv\/wp-content\/uploads\/sites\/2\/2021\/10\/Paris-Trouser-Black-.jpg\" \/>\n\t<meta property=\"og:image:width\" content=\"806\" \/>\n\t<meta property=\"og:image:height\" content=\"1206\" \/>\n\t<meta property=\"og:image:type\" content=\"image\/jpeg\" \/>\n<meta name=\"twitter:card\" content=\"summary_large_image\" \/>\n<meta name=\"twitter:label1\" content=\"Est. reading time\" \/>\n\t<meta name=\"twitter:data1\" content=\"1 min\u016bte\" \/>\n<script type=\"application\/ld+json\" class=\"yoast-schema-graph\">{\"@context\":\"https:\/\/schema.org\",\"@graph\":[{\"@type\":\"WebPage\",\"@id\":\"https:\/\/simonjersey.eu\/lv\/produkts\/slim-leg-sieviesu-bikses-paris\/\",\"url\":\"https:\/\/simonjersey.eu\/lv\/produkts\/slim-leg-sieviesu-bikses-paris\/\",\"name\":\"Slim Leg sievie\u0161u bikses Paris - Simon Jersey Latvija\",\"isPartOf\":{\"@id\":\"https:\/\/simonjersey.eu\/lv\/#website\"},\"primaryImageOfPage\":{\"@id\":\"https:\/\/simonjersey.eu\/lv\/produkts\/slim-leg-sieviesu-bikses-paris\/#primaryimage\"},\"image\":{\"@id\":\"https:\/\/simonjersey.eu\/lv\/produkts\/slim-leg-sieviesu-bikses-paris\/#primaryimage\"},\"thumbnailUrl\":\"https:\/\/simonjersey.eu\/lv\/wp-content\/uploads\/sites\/2\/2021\/10\/Paris-Trouser-Black-.jpg\",\"datePublished\":\"2021-10-06T12:59:59+00:00\",\"dateModified\":\"2024-12-30T11:25:48+00:00\",\"breadcrumb\":{\"@id\":\"https:\/\/simonjersey.eu\/lv\/produkts\/slim-leg-sieviesu-bikses-paris\/#breadcrumb\"},\"inLanguage\":\"lv-LV\",\"potentialAction\":[{\"@type\":\"ReadAction\",\"target\":[\"https:\/\/simonjersey.eu\/lv\/produkts\/slim-leg-sieviesu-bikses-paris\/\"]}]},{\"@type\":\"ImageObject\",\"inLanguage\":\"lv-LV\",\"@id\":\"https:\/\/simonjersey.eu\/lv\/produkts\/slim-leg-sieviesu-bikses-paris\/#primaryimage\",\"url\":\"https:\/\/simonjersey.eu\/lv\/wp-content\/uploads\/sites\/2\/2021\/10\/Paris-Trouser-Black-.jpg\",\"contentUrl\":\"https:\/\/simonjersey.eu\/lv\/wp-content\/uploads\/sites\/2\/2021\/10\/Paris-Trouser-Black-.jpg\",\"width\":806,\"height\":1206},{\"@type\":\"BreadcrumbList\",\"@id\":\"https:\/\/simonjersey.eu\/lv\/produkts\/slim-leg-sieviesu-bikses-paris\/#breadcrumb\",\"itemListElement\":[{\"@type\":\"ListItem\",\"position\":1,\"name\":\"Home\",\"item\":\"https:\/\/simonjersey.eu\/lv\/\"},{\"@type\":\"ListItem\",\"position\":2,\"name\":\"E-veikals\",\"item\":\"https:\/\/simonjersey.eu\/lv\/e-veikals\/\"},{\"@type\":\"ListItem\",\"position\":3,\"name\":\"Slim Leg sievie\u0161u bikses Paris\"}]},{\"@type\":\"WebSite\",\"@id\":\"https:\/\/simonjersey.eu\/lv\/#website\",\"url\":\"https:\/\/simonjersey.eu\/lv\/\",\"name\":\"Simon Jersey Latvija\",\"description\":\"Kvalitat\u012bvi un iztur\u012bgi darba ap\u0123\u0113rbi\",\"potentialAction\":[{\"@type\":\"SearchAction\",\"target\":{\"@type\":\"EntryPoint\",\"urlTemplate\":\"https:\/\/simonjersey.eu\/lv\/?s={search_term_string}\"},\"query-input\":{\"@type\":\"PropertyValueSpecification\",\"valueRequired\":true,\"valueName\":\"search_term_string\"}}],\"inLanguage\":\"lv-LV\"}]}<\/script>\n<!-- \/ Yoast SEO plugin. -->","yoast_head_json":{"title":"Slim Leg sievie\u0161u bikses Paris - Simon Jersey Latvija","robots":{"index":"index","follow":"follow","max-snippet":"max-snippet:-1","max-image-preview":"max-image-preview:large","max-video-preview":"max-video-preview:-1"},"canonical":"https:\/\/simonjersey.eu\/lv\/produkts\/slim-leg-sieviesu-bikses-paris\/","og_locale":"lv_LV","og_type":"article","og_title":"Slim Leg sievie\u0161u bikses Paris - Simon Jersey Latvija","og_description":"M\u016bsu \u201eToday\u201c kolekcija pied\u0101v\u0101 komfortu un uzticamu kvalit\u0101ti. Produkti ir iztur\u012bgi un ilgsto\u0161i, un tiem nav nepiecie\u0161ama gludin\u0101\u0161ana!  &nbsp;  Sievie\u0161u bikses Paris lieliski piem\u0113rotas, lai rad\u012btu lieti\u0161\u0137u un klasisku stilu.  T\u0101s izskat\u012bsies lieliski gan ar augstpap\u0113\u017eu kurp\u0113m, gan ar zemiem klasiskiem apaviem.  \u0160\u012bs bikses pieejamas \u012bsas, vid\u0113ja garuma un garas.  Materi\u0101ls: 63% poliesters, 34% viskoze, 3% elast\u0101ns. Kop\u0161ana: 40\u00b0 ve\u013cas ma\u0161\u012bn\u0101, nav nepiecie\u0161ama gludin\u0101\u0161ana. Izm\u0113ri(UK):6-24.  V\u012brie\u0161u dizaini \u0161eit!","og_url":"https:\/\/simonjersey.eu\/lv\/produkts\/slim-leg-sieviesu-bikses-paris\/","og_site_name":"Simon Jersey Latvija","article_modified_time":"2024-12-30T11:25:48+00:00","og_image":[{"width":806,"height":1206,"url":"https:\/\/simonjersey.eu\/lv\/wp-content\/uploads\/sites\/2\/2021\/10\/Paris-Trouser-Black-.jpg","type":"image\/jpeg"}],"twitter_card":"summary_large_image","twitter_misc":{"Est. reading time":"1 min\u016bte"},"schema":{"@context":"https:\/\/schema.org","@graph":[{"@type":"WebPage","@id":"https:\/\/simonjersey.eu\/lv\/produkts\/slim-leg-sieviesu-bikses-paris\/","url":"https:\/\/simonjersey.eu\/lv\/produkts\/slim-leg-sieviesu-bikses-paris\/","name":"Slim Leg sievie\u0161u bikses Paris - Simon Jersey Latvija","isPartOf":{"@id":"https:\/\/simonjersey.eu\/lv\/#website"},"primaryImageOfPage":{"@id":"https:\/\/simonjersey.eu\/lv\/produkts\/slim-leg-sieviesu-bikses-paris\/#primaryimage"},"image":{"@id":"https:\/\/simonjersey.eu\/lv\/produkts\/slim-leg-sieviesu-bikses-paris\/#primaryimage"},"thumbnailUrl":"https:\/\/simonjersey.eu\/lv\/wp-content\/uploads\/sites\/2\/2021\/10\/Paris-Trouser-Black-.jpg","datePublished":"2021-10-06T12:59:59+00:00","dateModified":"2024-12-30T11:25:48+00:00","breadcrumb":{"@id":"https:\/\/simonjersey.eu\/lv\/produkts\/slim-leg-sieviesu-bikses-paris\/#breadcrumb"},"inLanguage":"lv-LV","potentialAction":[{"@type":"ReadAction","target":["https:\/\/simonjersey.eu\/lv\/produkts\/slim-leg-sieviesu-bikses-paris\/"]}]},{"@type":"ImageObject","inLanguage":"lv-LV","@id":"https:\/\/simonjersey.eu\/lv\/produkts\/slim-leg-sieviesu-bikses-paris\/#primaryimage","url":"https:\/\/simonjersey.eu\/lv\/wp-content\/uploads\/sites\/2\/2021\/10\/Paris-Trouser-Black-.jpg","contentUrl":"https:\/\/simonjersey.eu\/lv\/wp-content\/uploads\/sites\/2\/2021\/10\/Paris-Trouser-Black-.jpg","width":806,"height":1206},{"@type":"BreadcrumbList","@id":"https:\/\/simonjersey.eu\/lv\/produkts\/slim-leg-sieviesu-bikses-paris\/#breadcrumb","itemListElement":[{"@type":"ListItem","position":1,"name":"Home","item":"https:\/\/simonjersey.eu\/lv\/"},{"@type":"ListItem","position":2,"name":"E-veikals","item":"https:\/\/simonjersey.eu\/lv\/e-veikals\/"},{"@type":"ListItem","position":3,"name":"Slim Leg sievie\u0161u bikses Paris"}]},{"@type":"WebSite","@id":"https:\/\/simonjersey.eu\/lv\/#website","url":"https:\/\/simonjersey.eu\/lv\/","name":"Simon Jersey Latvija","description":"Kvalitat\u012bvi un iztur\u012bgi darba ap\u0123\u0113rbi","potentialAction":[{"@type":"SearchAction","target":{"@type":"EntryPoint","urlTemplate":"https:\/\/simonjersey.eu\/lv\/?s={search_term_string}"},"query-input":{"@type":"PropertyValueSpecification","valueRequired":true,"valueName":"search_term_string"}}],"inLanguage":"lv-LV"}]}},"_links":{"self":[{"href":"https:\/\/simonjersey.eu\/lv\/wp-json\/wp\/v2\/product\/6356","targetHints":{"allow":["GET"]}}],"collection":[{"href":"https:\/\/simonjersey.eu\/lv\/wp-json\/wp\/v2\/product"}],"about":[{"href":"https:\/\/simonjersey.eu\/lv\/wp-json\/wp\/v2\/types\/product"}],"wp:featuredmedia":[{"embeddable":true,"href":"https:\/\/simonjersey.eu\/lv\/wp-json\/wp\/v2\/media\/6360"}],"wp:attachment":[{"href":"https:\/\/simonjersey.eu\/lv\/wp-json\/wp\/v2\/media?parent=6356"}],"wp:term":[{"taxonomy":"product_brand","embeddable":true,"href":"https:\/\/simonjersey.eu\/lv\/wp-json\/wp\/v2\/product_brand?post=6356"},{"taxonomy":"product_cat","embeddable":true,"href":"https:\/\/simonjersey.eu\/lv\/wp-json\/wp\/v2\/product_cat?post=6356"},{"taxonomy":"product_tag","embeddable":true,"href":"https:\/\/simonjersey.eu\/lv\/wp-json\/wp\/v2\/product_tag?post=6356"}],"curies":[{"name":"wp","href":"https:\/\/api.w.org\/{rel}","templated":true}]}}