{"id":6401,"date":"2021-10-28T11:13:07","date_gmt":"2021-10-28T08:13:07","guid":{"rendered":"https:\/\/simonjersey.eu\/lv\/?post_type=product&#038;p=6401"},"modified":"2021-10-28T11:36:14","modified_gmt":"2021-10-28T08:36:14","slug":"bordeaux-kleita","status":"publish","type":"product","link":"https:\/\/simonjersey.eu\/lv\/produkts\/bordeaux-kleita\/","title":{"rendered":"Bordeaux kleita"},"content":{"rendered":"","protected":false},"excerpt":{"rendered":"<p>\u0160\u012b &#8220;Today&#8221; kolekcijas \u017eakete ar vienu pogu ir lieliski piem\u0113rota darbiniekiem, kuriem darba viet\u0101 j\u0101izskat\u0101s lieti\u0161\u0137i.<\/p>\n<p>Tas ir pieejams tr\u012bs da\u017e\u0101dos to\u0146os. Pieejamas 2 garumos, lai piel\u0101gotu to j\u016bsu auguma vajadz\u012bb\u0101m.<\/p>\n<p>Kleitai ir izliekts kakla izgriezums, sat\u012bna sv\u012btru \u0161uves deta\u013ca, krokas, kas atvieglo p\u0101rvieto\u0161anos, princeses \u0161uves, centra atvere, r\u0101v\u0113jsl\u0113dz\u0113js aizmugur\u0113, \u012bsas piedurknes.<\/p>\n<p>Today&#8221; kolekcijas ap\u0123\u0113rbi ir izgatavoti no iztur\u012bga materi\u0101la un tos ir viegli uztur\u0113t un saglab\u0101t ilgsto\u0161i labu kvalit\u0101ti.<\/p>\n<p>Materi\u0101ls: 63% poliesters, 34% viskoze, 3% elast\u0101ns.<br \/>\nMazg\u0101t 40\u00b0 mazg\u0101t ve\u013cas ma\u0161\u012bn\u0101, nav nepiecie\u0161ama gludin\u0101\u0161ana.<br \/>\nIzm\u0113ri (UK) 6\u201324.<\/p>\n<p>Centra muguras garums 12R izm\u0113r\u0101 = 97 cm<\/p>\n","protected":false},"featured_media":6403,"template":"","meta":[],"product_brand":[],"product_cat":[89,96,22,24,36,17,19,78,81,48,49,59,50,64],"product_tag":[],"class_list":{"0":"post-6401","1":"product","2":"type-product","3":"status-publish","4":"has-post-thumbnail","6":"product_cat-sievietem-lietiskais-apgerbs","7":"product_cat-kleitas-sievietem-lietiskais-apgerbs","8":"product_cat-restorani","9":"product_cat-sievietem","10":"product_cat-kleitas-sievietem","11":"product_cat-skaistumkopsana","12":"product_cat-kleitas","13":"product_cat-recepcija","14":"product_cat-kleitas-recepcija","15":"product_cat-viesmiliba","16":"product_cat-kolekcijas","17":"product_cat-vienkarsais-kendal","18":"product_cat-sievietem-viesmiliba","19":"product_cat-kleitas-sievietem-viesmiliba","21":"first","22":"instock","23":"taxable","24":"shipping-taxable","25":"purchasable","26":"product-type-variable","27":"has-default-attributes"},"yoast_head":"<!-- This site is optimized with the Yoast SEO plugin v27.2 - https:\/\/yoast.com\/product\/yoast-seo-wordpress\/ -->\n<title>Bordeaux kleita - Simon Jersey Latvija<\/title>\n<meta name=\"robots\" content=\"index, follow, max-snippet:-1, max-image-preview:large, max-video-preview:-1\" \/>\n<link rel=\"canonical\" href=\"https:\/\/simonjersey.eu\/lv\/produkts\/bordeaux-kleita\/\" \/>\n<meta property=\"og:locale\" content=\"lv_LV\" \/>\n<meta property=\"og:type\" content=\"article\" \/>\n<meta property=\"og:title\" content=\"Bordeaux kleita - Simon Jersey Latvija\" \/>\n<meta property=\"og:description\" content=\"\u0160\u012b &quot;Today&quot; kolekcijas \u017eakete ar vienu pogu ir lieliski piem\u0113rota darbiniekiem, kuriem darba viet\u0101 j\u0101izskat\u0101s lieti\u0161\u0137i.  Tas ir pieejams tr\u012bs da\u017e\u0101dos to\u0146os. Pieejamas 2 garumos, lai piel\u0101gotu to j\u016bsu auguma vajadz\u012bb\u0101m.  Kleitai ir izliekts kakla izgriezums, sat\u012bna sv\u012btru \u0161uves deta\u013ca, krokas, kas atvieglo p\u0101rvieto\u0161anos, princeses \u0161uves, centra atvere, r\u0101v\u0113jsl\u0113dz\u0113js aizmugur\u0113, \u012bsas piedurknes.  Today&quot; kolekcijas ap\u0123\u0113rbi ir izgatavoti no iztur\u012bga materi\u0101la un tos ir viegli uztur\u0113t un saglab\u0101t ilgsto\u0161i labu kvalit\u0101ti.  Materi\u0101ls: 63% poliesters, 34% viskoze, 3% elast\u0101ns. Mazg\u0101t 40\u00b0 mazg\u0101t ve\u013cas ma\u0161\u012bn\u0101, nav nepiecie\u0161ama gludin\u0101\u0161ana. Izm\u0113ri (UK) 6\u201324.  Centra muguras garums 12R izm\u0113r\u0101 = 97 cm\" \/>\n<meta property=\"og:url\" content=\"https:\/\/simonjersey.eu\/lv\/produkts\/bordeaux-kleita\/\" \/>\n<meta property=\"og:site_name\" content=\"Simon Jersey Latvija\" \/>\n<meta property=\"article:modified_time\" content=\"2021-10-28T08:36:14+00:00\" \/>\n<meta property=\"og:image\" content=\"https:\/\/simonjersey.eu\/lv\/wp-content\/uploads\/sites\/2\/2021\/10\/Bordeaux-Dress-Navy-.jpg\" \/>\n\t<meta property=\"og:image:width\" content=\"801\" \/>\n\t<meta property=\"og:image:height\" content=\"1200\" \/>\n\t<meta property=\"og:image:type\" content=\"image\/jpeg\" \/>\n<meta name=\"twitter:card\" content=\"summary_large_image\" \/>\n<script type=\"application\/ld+json\" class=\"yoast-schema-graph\">{\"@context\":\"https:\/\/schema.org\",\"@graph\":[{\"@type\":\"WebPage\",\"@id\":\"https:\/\/simonjersey.eu\/lv\/produkts\/bordeaux-kleita\/\",\"url\":\"https:\/\/simonjersey.eu\/lv\/produkts\/bordeaux-kleita\/\",\"name\":\"Bordeaux kleita - Simon Jersey Latvija\",\"isPartOf\":{\"@id\":\"https:\/\/simonjersey.eu\/lv\/#website\"},\"primaryImageOfPage\":{\"@id\":\"https:\/\/simonjersey.eu\/lv\/produkts\/bordeaux-kleita\/#primaryimage\"},\"image\":{\"@id\":\"https:\/\/simonjersey.eu\/lv\/produkts\/bordeaux-kleita\/#primaryimage\"},\"thumbnailUrl\":\"https:\/\/simonjersey.eu\/lv\/wp-content\/uploads\/sites\/2\/2021\/10\/Bordeaux-Dress-Navy-.jpg\",\"datePublished\":\"2021-10-28T08:13:07+00:00\",\"dateModified\":\"2021-10-28T08:36:14+00:00\",\"breadcrumb\":{\"@id\":\"https:\/\/simonjersey.eu\/lv\/produkts\/bordeaux-kleita\/#breadcrumb\"},\"inLanguage\":\"lv-LV\",\"potentialAction\":[{\"@type\":\"ReadAction\",\"target\":[\"https:\/\/simonjersey.eu\/lv\/produkts\/bordeaux-kleita\/\"]}]},{\"@type\":\"ImageObject\",\"inLanguage\":\"lv-LV\",\"@id\":\"https:\/\/simonjersey.eu\/lv\/produkts\/bordeaux-kleita\/#primaryimage\",\"url\":\"https:\/\/simonjersey.eu\/lv\/wp-content\/uploads\/sites\/2\/2021\/10\/Bordeaux-Dress-Navy-.jpg\",\"contentUrl\":\"https:\/\/simonjersey.eu\/lv\/wp-content\/uploads\/sites\/2\/2021\/10\/Bordeaux-Dress-Navy-.jpg\",\"width\":801,\"height\":1200},{\"@type\":\"BreadcrumbList\",\"@id\":\"https:\/\/simonjersey.eu\/lv\/produkts\/bordeaux-kleita\/#breadcrumb\",\"itemListElement\":[{\"@type\":\"ListItem\",\"position\":1,\"name\":\"Home\",\"item\":\"https:\/\/simonjersey.eu\/lv\/\"},{\"@type\":\"ListItem\",\"position\":2,\"name\":\"E-veikals\",\"item\":\"https:\/\/simonjersey.eu\/lv\/e-veikals\/\"},{\"@type\":\"ListItem\",\"position\":3,\"name\":\"Bordeaux kleita\"}]},{\"@type\":\"WebSite\",\"@id\":\"https:\/\/simonjersey.eu\/lv\/#website\",\"url\":\"https:\/\/simonjersey.eu\/lv\/\",\"name\":\"Simon Jersey Latvija\",\"description\":\"Kvalitat\u012bvi un iztur\u012bgi darba ap\u0123\u0113rbi\",\"potentialAction\":[{\"@type\":\"SearchAction\",\"target\":{\"@type\":\"EntryPoint\",\"urlTemplate\":\"https:\/\/simonjersey.eu\/lv\/?s={search_term_string}\"},\"query-input\":{\"@type\":\"PropertyValueSpecification\",\"valueRequired\":true,\"valueName\":\"search_term_string\"}}],\"inLanguage\":\"lv-LV\"}]}<\/script>\n<!-- \/ Yoast SEO plugin. -->","yoast_head_json":{"title":"Bordeaux kleita - Simon Jersey Latvija","robots":{"index":"index","follow":"follow","max-snippet":"max-snippet:-1","max-image-preview":"max-image-preview:large","max-video-preview":"max-video-preview:-1"},"canonical":"https:\/\/simonjersey.eu\/lv\/produkts\/bordeaux-kleita\/","og_locale":"lv_LV","og_type":"article","og_title":"Bordeaux kleita - Simon Jersey Latvija","og_description":"\u0160\u012b \"Today\" kolekcijas \u017eakete ar vienu pogu ir lieliski piem\u0113rota darbiniekiem, kuriem darba viet\u0101 j\u0101izskat\u0101s lieti\u0161\u0137i.  Tas ir pieejams tr\u012bs da\u017e\u0101dos to\u0146os. Pieejamas 2 garumos, lai piel\u0101gotu to j\u016bsu auguma vajadz\u012bb\u0101m.  Kleitai ir izliekts kakla izgriezums, sat\u012bna sv\u012btru \u0161uves deta\u013ca, krokas, kas atvieglo p\u0101rvieto\u0161anos, princeses \u0161uves, centra atvere, r\u0101v\u0113jsl\u0113dz\u0113js aizmugur\u0113, \u012bsas piedurknes.  Today\" kolekcijas ap\u0123\u0113rbi ir izgatavoti no iztur\u012bga materi\u0101la un tos ir viegli uztur\u0113t un saglab\u0101t ilgsto\u0161i labu kvalit\u0101ti.  Materi\u0101ls: 63% poliesters, 34% viskoze, 3% elast\u0101ns. Mazg\u0101t 40\u00b0 mazg\u0101t ve\u013cas ma\u0161\u012bn\u0101, nav nepiecie\u0161ama gludin\u0101\u0161ana. Izm\u0113ri (UK) 6\u201324.  Centra muguras garums 12R izm\u0113r\u0101 = 97 cm","og_url":"https:\/\/simonjersey.eu\/lv\/produkts\/bordeaux-kleita\/","og_site_name":"Simon Jersey Latvija","article_modified_time":"2021-10-28T08:36:14+00:00","og_image":[{"width":801,"height":1200,"url":"https:\/\/simonjersey.eu\/lv\/wp-content\/uploads\/sites\/2\/2021\/10\/Bordeaux-Dress-Navy-.jpg","type":"image\/jpeg"}],"twitter_card":"summary_large_image","schema":{"@context":"https:\/\/schema.org","@graph":[{"@type":"WebPage","@id":"https:\/\/simonjersey.eu\/lv\/produkts\/bordeaux-kleita\/","url":"https:\/\/simonjersey.eu\/lv\/produkts\/bordeaux-kleita\/","name":"Bordeaux kleita - Simon Jersey Latvija","isPartOf":{"@id":"https:\/\/simonjersey.eu\/lv\/#website"},"primaryImageOfPage":{"@id":"https:\/\/simonjersey.eu\/lv\/produkts\/bordeaux-kleita\/#primaryimage"},"image":{"@id":"https:\/\/simonjersey.eu\/lv\/produkts\/bordeaux-kleita\/#primaryimage"},"thumbnailUrl":"https:\/\/simonjersey.eu\/lv\/wp-content\/uploads\/sites\/2\/2021\/10\/Bordeaux-Dress-Navy-.jpg","datePublished":"2021-10-28T08:13:07+00:00","dateModified":"2021-10-28T08:36:14+00:00","breadcrumb":{"@id":"https:\/\/simonjersey.eu\/lv\/produkts\/bordeaux-kleita\/#breadcrumb"},"inLanguage":"lv-LV","potentialAction":[{"@type":"ReadAction","target":["https:\/\/simonjersey.eu\/lv\/produkts\/bordeaux-kleita\/"]}]},{"@type":"ImageObject","inLanguage":"lv-LV","@id":"https:\/\/simonjersey.eu\/lv\/produkts\/bordeaux-kleita\/#primaryimage","url":"https:\/\/simonjersey.eu\/lv\/wp-content\/uploads\/sites\/2\/2021\/10\/Bordeaux-Dress-Navy-.jpg","contentUrl":"https:\/\/simonjersey.eu\/lv\/wp-content\/uploads\/sites\/2\/2021\/10\/Bordeaux-Dress-Navy-.jpg","width":801,"height":1200},{"@type":"BreadcrumbList","@id":"https:\/\/simonjersey.eu\/lv\/produkts\/bordeaux-kleita\/#breadcrumb","itemListElement":[{"@type":"ListItem","position":1,"name":"Home","item":"https:\/\/simonjersey.eu\/lv\/"},{"@type":"ListItem","position":2,"name":"E-veikals","item":"https:\/\/simonjersey.eu\/lv\/e-veikals\/"},{"@type":"ListItem","position":3,"name":"Bordeaux kleita"}]},{"@type":"WebSite","@id":"https:\/\/simonjersey.eu\/lv\/#website","url":"https:\/\/simonjersey.eu\/lv\/","name":"Simon Jersey Latvija","description":"Kvalitat\u012bvi un iztur\u012bgi darba ap\u0123\u0113rbi","potentialAction":[{"@type":"SearchAction","target":{"@type":"EntryPoint","urlTemplate":"https:\/\/simonjersey.eu\/lv\/?s={search_term_string}"},"query-input":{"@type":"PropertyValueSpecification","valueRequired":true,"valueName":"search_term_string"}}],"inLanguage":"lv-LV"}]}},"_links":{"self":[{"href":"https:\/\/simonjersey.eu\/lv\/wp-json\/wp\/v2\/product\/6401","targetHints":{"allow":["GET"]}}],"collection":[{"href":"https:\/\/simonjersey.eu\/lv\/wp-json\/wp\/v2\/product"}],"about":[{"href":"https:\/\/simonjersey.eu\/lv\/wp-json\/wp\/v2\/types\/product"}],"wp:featuredmedia":[{"embeddable":true,"href":"https:\/\/simonjersey.eu\/lv\/wp-json\/wp\/v2\/media\/6403"}],"wp:attachment":[{"href":"https:\/\/simonjersey.eu\/lv\/wp-json\/wp\/v2\/media?parent=6401"}],"wp:term":[{"taxonomy":"product_brand","embeddable":true,"href":"https:\/\/simonjersey.eu\/lv\/wp-json\/wp\/v2\/product_brand?post=6401"},{"taxonomy":"product_cat","embeddable":true,"href":"https:\/\/simonjersey.eu\/lv\/wp-json\/wp\/v2\/product_cat?post=6401"},{"taxonomy":"product_tag","embeddable":true,"href":"https:\/\/simonjersey.eu\/lv\/wp-json\/wp\/v2\/product_tag?post=6401"}],"curies":[{"name":"wp","href":"https:\/\/api.w.org\/{rel}","templated":true}]}}