{"id":6519,"date":"2022-02-10T11:50:14","date_gmt":"2022-02-10T08:50:14","guid":{"rendered":"https:\/\/simonjersey.eu\/lv\/?post_type=product&#038;p=6519"},"modified":"2024-11-04T15:39:55","modified_gmt":"2024-11-04T12:39:55","slug":"divu-krasu-prieksauts","status":"publish","type":"product","link":"https:\/\/simonjersey.eu\/lv\/produkts\/divu-krasu-prieksauts\/","title":{"rendered":"Divu kr\u0101su priek\u0161auts"},"content":{"rendered":"","protected":false},"excerpt":{"rendered":"<p>Divu kr\u0101su\u00a0 priek\u0161auts ir lielisks papildin\u0101jums j\u016bsu darbinieku uniformai.<\/p>\n<p>Ra\u017eots no kvalitat\u012bva materi\u0101la, kas izskat\u012bsies kvalitat\u012bvi un b\u016bs der\u012bgs ilgtermi\u0146\u0101.<\/p>\n<p>Priek\u0161autam ir divas lielas kabatas. Priek\u0161auts ar spr\u0101dzes aizdari.<\/p>\n<p>Materi\u0101ls: 60% kokvilna, 40% poliesters.( auduma biezums 325gsm)<\/p>\n<p>Kop\u0161ana: 60\u00b0 mazg\u0101\u0161ana.<\/p>\n<p>Viens izm\u0113rs.<\/p>\n<p><strong>Iev\u0113ro!<\/strong> \u0145emot v\u0113r\u0101 kanvas materi\u0101la specifiku, materi\u0101la biezums var nedaudz at\u0161\u0137irties da\u017e\u0101d\u0101m kr\u0101s\u0101m.<\/p>\n","protected":false},"featured_media":6520,"template":"","meta":[],"product_brand":[],"product_cat":[28,55,113],"product_tag":[],"class_list":{"0":"post-6519","1":"product","2":"type-product","3":"status-publish","4":"has-post-thumbnail","6":"product_cat-prieksauti","7":"product_cat-prieksauti-viesmiliba","8":"product_cat-prieksauti-2","10":"first","11":"instock","12":"taxable","13":"shipping-taxable","14":"purchasable","15":"product-type-variable"},"yoast_head":"<!-- This site is optimized with the Yoast SEO plugin v27.2 - https:\/\/yoast.com\/product\/yoast-seo-wordpress\/ -->\n<title>Divu kr\u0101su priek\u0161auts - Simon Jersey Latvija<\/title>\n<meta name=\"robots\" content=\"index, follow, max-snippet:-1, max-image-preview:large, max-video-preview:-1\" \/>\n<link rel=\"canonical\" href=\"https:\/\/simonjersey.eu\/lv\/produkts\/divu-krasu-prieksauts\/\" \/>\n<meta property=\"og:locale\" content=\"lv_LV\" \/>\n<meta property=\"og:type\" content=\"article\" \/>\n<meta property=\"og:title\" content=\"Divu kr\u0101su priek\u0161auts - Simon Jersey Latvija\" \/>\n<meta property=\"og:description\" content=\"Divu kr\u0101su\u00a0 priek\u0161auts ir lielisks papildin\u0101jums j\u016bsu darbinieku uniformai.  Ra\u017eots no kvalitat\u012bva materi\u0101la, kas izskat\u012bsies kvalitat\u012bvi un b\u016bs der\u012bgs ilgtermi\u0146\u0101.  Priek\u0161autam ir divas lielas kabatas. Priek\u0161auts ar spr\u0101dzes aizdari.  Materi\u0101ls: 60% kokvilna, 40% poliesters.( auduma biezums 325gsm)  Kop\u0161ana: 60\u00b0 mazg\u0101\u0161ana.  Viens izm\u0113rs.  Iev\u0113ro! \u0145emot v\u0113r\u0101 kanvas materi\u0101la specifiku, materi\u0101la biezums var nedaudz at\u0161\u0137irties da\u017e\u0101d\u0101m kr\u0101s\u0101m.\" \/>\n<meta property=\"og:url\" content=\"https:\/\/simonjersey.eu\/lv\/produkts\/divu-krasu-prieksauts\/\" \/>\n<meta property=\"og:site_name\" content=\"Simon Jersey Latvija\" \/>\n<meta property=\"article:modified_time\" content=\"2024-11-04T12:39:55+00:00\" \/>\n<meta property=\"og:image\" content=\"https:\/\/simonjersey.eu\/lv\/wp-content\/uploads\/sites\/2\/2022\/02\/MP0062.jpg\" \/>\n\t<meta property=\"og:image:width\" content=\"1000\" \/>\n\t<meta property=\"og:image:height\" content=\"1500\" \/>\n\t<meta property=\"og:image:type\" content=\"image\/jpeg\" \/>\n<meta name=\"twitter:card\" content=\"summary_large_image\" \/>\n<meta name=\"twitter:label1\" content=\"Est. reading time\" \/>\n\t<meta name=\"twitter:data1\" content=\"1 min\u016bte\" \/>\n<script type=\"application\/ld+json\" class=\"yoast-schema-graph\">{\"@context\":\"https:\/\/schema.org\",\"@graph\":[{\"@type\":\"WebPage\",\"@id\":\"https:\/\/simonjersey.eu\/lv\/produkts\/divu-krasu-prieksauts\/\",\"url\":\"https:\/\/simonjersey.eu\/lv\/produkts\/divu-krasu-prieksauts\/\",\"name\":\"Divu kr\u0101su priek\u0161auts - Simon Jersey Latvija\",\"isPartOf\":{\"@id\":\"https:\/\/simonjersey.eu\/lv\/#website\"},\"primaryImageOfPage\":{\"@id\":\"https:\/\/simonjersey.eu\/lv\/produkts\/divu-krasu-prieksauts\/#primaryimage\"},\"image\":{\"@id\":\"https:\/\/simonjersey.eu\/lv\/produkts\/divu-krasu-prieksauts\/#primaryimage\"},\"thumbnailUrl\":\"https:\/\/simonjersey.eu\/lv\/wp-content\/uploads\/sites\/2\/2022\/02\/MP0062.jpg\",\"datePublished\":\"2022-02-10T08:50:14+00:00\",\"dateModified\":\"2024-11-04T12:39:55+00:00\",\"breadcrumb\":{\"@id\":\"https:\/\/simonjersey.eu\/lv\/produkts\/divu-krasu-prieksauts\/#breadcrumb\"},\"inLanguage\":\"lv-LV\",\"potentialAction\":[{\"@type\":\"ReadAction\",\"target\":[\"https:\/\/simonjersey.eu\/lv\/produkts\/divu-krasu-prieksauts\/\"]}]},{\"@type\":\"ImageObject\",\"inLanguage\":\"lv-LV\",\"@id\":\"https:\/\/simonjersey.eu\/lv\/produkts\/divu-krasu-prieksauts\/#primaryimage\",\"url\":\"https:\/\/simonjersey.eu\/lv\/wp-content\/uploads\/sites\/2\/2022\/02\/MP0062.jpg\",\"contentUrl\":\"https:\/\/simonjersey.eu\/lv\/wp-content\/uploads\/sites\/2\/2022\/02\/MP0062.jpg\",\"width\":1000,\"height\":1500},{\"@type\":\"BreadcrumbList\",\"@id\":\"https:\/\/simonjersey.eu\/lv\/produkts\/divu-krasu-prieksauts\/#breadcrumb\",\"itemListElement\":[{\"@type\":\"ListItem\",\"position\":1,\"name\":\"Home\",\"item\":\"https:\/\/simonjersey.eu\/lv\/\"},{\"@type\":\"ListItem\",\"position\":2,\"name\":\"E-veikals\",\"item\":\"https:\/\/simonjersey.eu\/lv\/e-veikals\/\"},{\"@type\":\"ListItem\",\"position\":3,\"name\":\"Divu kr\u0101su priek\u0161auts\"}]},{\"@type\":\"WebSite\",\"@id\":\"https:\/\/simonjersey.eu\/lv\/#website\",\"url\":\"https:\/\/simonjersey.eu\/lv\/\",\"name\":\"Simon Jersey Latvija\",\"description\":\"Kvalitat\u012bvi un iztur\u012bgi darba ap\u0123\u0113rbi\",\"potentialAction\":[{\"@type\":\"SearchAction\",\"target\":{\"@type\":\"EntryPoint\",\"urlTemplate\":\"https:\/\/simonjersey.eu\/lv\/?s={search_term_string}\"},\"query-input\":{\"@type\":\"PropertyValueSpecification\",\"valueRequired\":true,\"valueName\":\"search_term_string\"}}],\"inLanguage\":\"lv-LV\"}]}<\/script>\n<!-- \/ Yoast SEO plugin. -->","yoast_head_json":{"title":"Divu kr\u0101su priek\u0161auts - Simon Jersey Latvija","robots":{"index":"index","follow":"follow","max-snippet":"max-snippet:-1","max-image-preview":"max-image-preview:large","max-video-preview":"max-video-preview:-1"},"canonical":"https:\/\/simonjersey.eu\/lv\/produkts\/divu-krasu-prieksauts\/","og_locale":"lv_LV","og_type":"article","og_title":"Divu kr\u0101su priek\u0161auts - Simon Jersey Latvija","og_description":"Divu kr\u0101su\u00a0 priek\u0161auts ir lielisks papildin\u0101jums j\u016bsu darbinieku uniformai.  Ra\u017eots no kvalitat\u012bva materi\u0101la, kas izskat\u012bsies kvalitat\u012bvi un b\u016bs der\u012bgs ilgtermi\u0146\u0101.  Priek\u0161autam ir divas lielas kabatas. Priek\u0161auts ar spr\u0101dzes aizdari.  Materi\u0101ls: 60% kokvilna, 40% poliesters.( auduma biezums 325gsm)  Kop\u0161ana: 60\u00b0 mazg\u0101\u0161ana.  Viens izm\u0113rs.  Iev\u0113ro! \u0145emot v\u0113r\u0101 kanvas materi\u0101la specifiku, materi\u0101la biezums var nedaudz at\u0161\u0137irties da\u017e\u0101d\u0101m kr\u0101s\u0101m.","og_url":"https:\/\/simonjersey.eu\/lv\/produkts\/divu-krasu-prieksauts\/","og_site_name":"Simon Jersey Latvija","article_modified_time":"2024-11-04T12:39:55+00:00","og_image":[{"width":1000,"height":1500,"url":"https:\/\/simonjersey.eu\/lv\/wp-content\/uploads\/sites\/2\/2022\/02\/MP0062.jpg","type":"image\/jpeg"}],"twitter_card":"summary_large_image","twitter_misc":{"Est. reading time":"1 min\u016bte"},"schema":{"@context":"https:\/\/schema.org","@graph":[{"@type":"WebPage","@id":"https:\/\/simonjersey.eu\/lv\/produkts\/divu-krasu-prieksauts\/","url":"https:\/\/simonjersey.eu\/lv\/produkts\/divu-krasu-prieksauts\/","name":"Divu kr\u0101su priek\u0161auts - Simon Jersey Latvija","isPartOf":{"@id":"https:\/\/simonjersey.eu\/lv\/#website"},"primaryImageOfPage":{"@id":"https:\/\/simonjersey.eu\/lv\/produkts\/divu-krasu-prieksauts\/#primaryimage"},"image":{"@id":"https:\/\/simonjersey.eu\/lv\/produkts\/divu-krasu-prieksauts\/#primaryimage"},"thumbnailUrl":"https:\/\/simonjersey.eu\/lv\/wp-content\/uploads\/sites\/2\/2022\/02\/MP0062.jpg","datePublished":"2022-02-10T08:50:14+00:00","dateModified":"2024-11-04T12:39:55+00:00","breadcrumb":{"@id":"https:\/\/simonjersey.eu\/lv\/produkts\/divu-krasu-prieksauts\/#breadcrumb"},"inLanguage":"lv-LV","potentialAction":[{"@type":"ReadAction","target":["https:\/\/simonjersey.eu\/lv\/produkts\/divu-krasu-prieksauts\/"]}]},{"@type":"ImageObject","inLanguage":"lv-LV","@id":"https:\/\/simonjersey.eu\/lv\/produkts\/divu-krasu-prieksauts\/#primaryimage","url":"https:\/\/simonjersey.eu\/lv\/wp-content\/uploads\/sites\/2\/2022\/02\/MP0062.jpg","contentUrl":"https:\/\/simonjersey.eu\/lv\/wp-content\/uploads\/sites\/2\/2022\/02\/MP0062.jpg","width":1000,"height":1500},{"@type":"BreadcrumbList","@id":"https:\/\/simonjersey.eu\/lv\/produkts\/divu-krasu-prieksauts\/#breadcrumb","itemListElement":[{"@type":"ListItem","position":1,"name":"Home","item":"https:\/\/simonjersey.eu\/lv\/"},{"@type":"ListItem","position":2,"name":"E-veikals","item":"https:\/\/simonjersey.eu\/lv\/e-veikals\/"},{"@type":"ListItem","position":3,"name":"Divu kr\u0101su priek\u0161auts"}]},{"@type":"WebSite","@id":"https:\/\/simonjersey.eu\/lv\/#website","url":"https:\/\/simonjersey.eu\/lv\/","name":"Simon Jersey Latvija","description":"Kvalitat\u012bvi un iztur\u012bgi darba ap\u0123\u0113rbi","potentialAction":[{"@type":"SearchAction","target":{"@type":"EntryPoint","urlTemplate":"https:\/\/simonjersey.eu\/lv\/?s={search_term_string}"},"query-input":{"@type":"PropertyValueSpecification","valueRequired":true,"valueName":"search_term_string"}}],"inLanguage":"lv-LV"}]}},"_links":{"self":[{"href":"https:\/\/simonjersey.eu\/lv\/wp-json\/wp\/v2\/product\/6519","targetHints":{"allow":["GET"]}}],"collection":[{"href":"https:\/\/simonjersey.eu\/lv\/wp-json\/wp\/v2\/product"}],"about":[{"href":"https:\/\/simonjersey.eu\/lv\/wp-json\/wp\/v2\/types\/product"}],"wp:featuredmedia":[{"embeddable":true,"href":"https:\/\/simonjersey.eu\/lv\/wp-json\/wp\/v2\/media\/6520"}],"wp:attachment":[{"href":"https:\/\/simonjersey.eu\/lv\/wp-json\/wp\/v2\/media?parent=6519"}],"wp:term":[{"taxonomy":"product_brand","embeddable":true,"href":"https:\/\/simonjersey.eu\/lv\/wp-json\/wp\/v2\/product_brand?post=6519"},{"taxonomy":"product_cat","embeddable":true,"href":"https:\/\/simonjersey.eu\/lv\/wp-json\/wp\/v2\/product_cat?post=6519"},{"taxonomy":"product_tag","embeddable":true,"href":"https:\/\/simonjersey.eu\/lv\/wp-json\/wp\/v2\/product_tag?post=6519"}],"curies":[{"name":"wp","href":"https:\/\/api.w.org\/{rel}","templated":true}]}}