{"id":6549,"date":"2022-03-29T14:49:49","date_gmt":"2022-03-29T11:49:49","guid":{"rendered":"https:\/\/simonjersey.eu\/lv\/?post_type=product&#038;p=6549"},"modified":"2023-01-16T15:18:50","modified_gmt":"2023-01-16T12:18:50","slug":"iss-prieksauts-ar-priekskabatu-2","status":"publish","type":"product","link":"https:\/\/simonjersey.eu\/lv\/produkts\/iss-prieksauts-ar-priekskabatu-2\/","title":{"rendered":"\u012ass priek\u0161auts ar priek\u0161kabatu"},"content":{"rendered":"","protected":false},"excerpt":{"rendered":"<p>\u0160is priek\u0161auts ir praktisks variants viesm\u012b\u013ciem, kuriem nepiecie\u0161ams moderns un \u0113rts priek\u0161auts ar ie\u0161\u016btu priek\u0161kabatu.<\/p>\n<p>Garums: 46cm\/18in. Platums: 92com\/36in.<br \/>\nMateri\u0101ls: 65% poliesters, 35% kokvilna<br \/>\nKop\u0161ana: M\u0113s rekomend\u0113jam mazg\u0101t 60\u00b0<br \/>\nViens izm\u0113rs.<\/p>\n","protected":false},"featured_media":3452,"template":"","meta":[],"product_brand":[],"product_cat":[22,26,46,28,55,113],"product_tag":[],"class_list":{"0":"post-6549","1":"product","2":"type-product","3":"status-publish","4":"has-post-thumbnail","6":"product_cat-restorani","7":"product_cat-pavariem","8":"product_cat-pavaru-prieksauti","9":"product_cat-prieksauti","10":"product_cat-prieksauti-viesmiliba","11":"product_cat-prieksauti-2","13":"first","14":"instock","15":"taxable","16":"shipping-taxable","17":"purchasable","18":"product-type-variable"},"yoast_head":"<!-- This site is optimized with the Yoast SEO plugin v27.2 - https:\/\/yoast.com\/product\/yoast-seo-wordpress\/ -->\n<title>\u012ass priek\u0161auts ar priek\u0161kabatu - Simon Jersey Latvija<\/title>\n<meta name=\"robots\" content=\"index, follow, max-snippet:-1, max-image-preview:large, max-video-preview:-1\" \/>\n<link rel=\"canonical\" href=\"https:\/\/simonjersey.eu\/lv\/produkts\/iss-prieksauts-ar-priekskabatu-2\/\" \/>\n<meta property=\"og:locale\" content=\"lv_LV\" \/>\n<meta property=\"og:type\" content=\"article\" \/>\n<meta property=\"og:title\" content=\"\u012ass priek\u0161auts ar priek\u0161kabatu - Simon Jersey Latvija\" \/>\n<meta property=\"og:description\" content=\"\u0160is priek\u0161auts ir praktisks variants viesm\u012b\u013ciem, kuriem nepiecie\u0161ams moderns un \u0113rts priek\u0161auts ar ie\u0161\u016btu priek\u0161kabatu.  Garums: 46cm\/18in. Platums: 92com\/36in. Materi\u0101ls: 65% poliesters, 35% kokvilna Kop\u0161ana: M\u0113s rekomend\u0113jam mazg\u0101t 60\u00b0 Viens izm\u0113rs.\" \/>\n<meta property=\"og:url\" content=\"https:\/\/simonjersey.eu\/lv\/produkts\/iss-prieksauts-ar-priekskabatu-2\/\" \/>\n<meta property=\"og:site_name\" content=\"Simon Jersey Latvija\" \/>\n<meta property=\"article:modified_time\" content=\"2023-01-16T12:18:50+00:00\" \/>\n<meta property=\"og:image\" content=\"https:\/\/simonjersey.eu\/lv\/wp-content\/uploads\/sites\/2\/2019\/07\/MP4110-1.jpg\" \/>\n\t<meta property=\"og:image:width\" content=\"665\" \/>\n\t<meta property=\"og:image:height\" content=\"998\" \/>\n\t<meta property=\"og:image:type\" content=\"image\/jpeg\" \/>\n<meta name=\"twitter:card\" content=\"summary_large_image\" \/>\n<script type=\"application\/ld+json\" class=\"yoast-schema-graph\">{\"@context\":\"https:\/\/schema.org\",\"@graph\":[{\"@type\":\"WebPage\",\"@id\":\"https:\/\/simonjersey.eu\/lv\/produkts\/iss-prieksauts-ar-priekskabatu-2\/\",\"url\":\"https:\/\/simonjersey.eu\/lv\/produkts\/iss-prieksauts-ar-priekskabatu-2\/\",\"name\":\"\u012ass priek\u0161auts ar priek\u0161kabatu - Simon Jersey Latvija\",\"isPartOf\":{\"@id\":\"https:\/\/simonjersey.eu\/lv\/#website\"},\"primaryImageOfPage\":{\"@id\":\"https:\/\/simonjersey.eu\/lv\/produkts\/iss-prieksauts-ar-priekskabatu-2\/#primaryimage\"},\"image\":{\"@id\":\"https:\/\/simonjersey.eu\/lv\/produkts\/iss-prieksauts-ar-priekskabatu-2\/#primaryimage\"},\"thumbnailUrl\":\"https:\/\/simonjersey.eu\/lv\/wp-content\/uploads\/sites\/2\/2019\/07\/MP4110-1.jpg\",\"datePublished\":\"2022-03-29T11:49:49+00:00\",\"dateModified\":\"2023-01-16T12:18:50+00:00\",\"breadcrumb\":{\"@id\":\"https:\/\/simonjersey.eu\/lv\/produkts\/iss-prieksauts-ar-priekskabatu-2\/#breadcrumb\"},\"inLanguage\":\"lv-LV\",\"potentialAction\":[{\"@type\":\"ReadAction\",\"target\":[\"https:\/\/simonjersey.eu\/lv\/produkts\/iss-prieksauts-ar-priekskabatu-2\/\"]}]},{\"@type\":\"ImageObject\",\"inLanguage\":\"lv-LV\",\"@id\":\"https:\/\/simonjersey.eu\/lv\/produkts\/iss-prieksauts-ar-priekskabatu-2\/#primaryimage\",\"url\":\"https:\/\/simonjersey.eu\/lv\/wp-content\/uploads\/sites\/2\/2019\/07\/MP4110-1.jpg\",\"contentUrl\":\"https:\/\/simonjersey.eu\/lv\/wp-content\/uploads\/sites\/2\/2019\/07\/MP4110-1.jpg\",\"width\":665,\"height\":998},{\"@type\":\"BreadcrumbList\",\"@id\":\"https:\/\/simonjersey.eu\/lv\/produkts\/iss-prieksauts-ar-priekskabatu-2\/#breadcrumb\",\"itemListElement\":[{\"@type\":\"ListItem\",\"position\":1,\"name\":\"Home\",\"item\":\"https:\/\/simonjersey.eu\/lv\/\"},{\"@type\":\"ListItem\",\"position\":2,\"name\":\"E-veikals\",\"item\":\"https:\/\/simonjersey.eu\/lv\/e-veikals\/\"},{\"@type\":\"ListItem\",\"position\":3,\"name\":\"\u012ass priek\u0161auts ar priek\u0161kabatu\"}]},{\"@type\":\"WebSite\",\"@id\":\"https:\/\/simonjersey.eu\/lv\/#website\",\"url\":\"https:\/\/simonjersey.eu\/lv\/\",\"name\":\"Simon Jersey Latvija\",\"description\":\"Kvalitat\u012bvi un iztur\u012bgi darba ap\u0123\u0113rbi\",\"potentialAction\":[{\"@type\":\"SearchAction\",\"target\":{\"@type\":\"EntryPoint\",\"urlTemplate\":\"https:\/\/simonjersey.eu\/lv\/?s={search_term_string}\"},\"query-input\":{\"@type\":\"PropertyValueSpecification\",\"valueRequired\":true,\"valueName\":\"search_term_string\"}}],\"inLanguage\":\"lv-LV\"}]}<\/script>\n<!-- \/ Yoast SEO plugin. -->","yoast_head_json":{"title":"\u012ass priek\u0161auts ar priek\u0161kabatu - Simon Jersey Latvija","robots":{"index":"index","follow":"follow","max-snippet":"max-snippet:-1","max-image-preview":"max-image-preview:large","max-video-preview":"max-video-preview:-1"},"canonical":"https:\/\/simonjersey.eu\/lv\/produkts\/iss-prieksauts-ar-priekskabatu-2\/","og_locale":"lv_LV","og_type":"article","og_title":"\u012ass priek\u0161auts ar priek\u0161kabatu - Simon Jersey Latvija","og_description":"\u0160is priek\u0161auts ir praktisks variants viesm\u012b\u013ciem, kuriem nepiecie\u0161ams moderns un \u0113rts priek\u0161auts ar ie\u0161\u016btu priek\u0161kabatu.  Garums: 46cm\/18in. Platums: 92com\/36in. Materi\u0101ls: 65% poliesters, 35% kokvilna Kop\u0161ana: M\u0113s rekomend\u0113jam mazg\u0101t 60\u00b0 Viens izm\u0113rs.","og_url":"https:\/\/simonjersey.eu\/lv\/produkts\/iss-prieksauts-ar-priekskabatu-2\/","og_site_name":"Simon Jersey Latvija","article_modified_time":"2023-01-16T12:18:50+00:00","og_image":[{"width":665,"height":998,"url":"https:\/\/simonjersey.eu\/lv\/wp-content\/uploads\/sites\/2\/2019\/07\/MP4110-1.jpg","type":"image\/jpeg"}],"twitter_card":"summary_large_image","schema":{"@context":"https:\/\/schema.org","@graph":[{"@type":"WebPage","@id":"https:\/\/simonjersey.eu\/lv\/produkts\/iss-prieksauts-ar-priekskabatu-2\/","url":"https:\/\/simonjersey.eu\/lv\/produkts\/iss-prieksauts-ar-priekskabatu-2\/","name":"\u012ass priek\u0161auts ar priek\u0161kabatu - Simon Jersey Latvija","isPartOf":{"@id":"https:\/\/simonjersey.eu\/lv\/#website"},"primaryImageOfPage":{"@id":"https:\/\/simonjersey.eu\/lv\/produkts\/iss-prieksauts-ar-priekskabatu-2\/#primaryimage"},"image":{"@id":"https:\/\/simonjersey.eu\/lv\/produkts\/iss-prieksauts-ar-priekskabatu-2\/#primaryimage"},"thumbnailUrl":"https:\/\/simonjersey.eu\/lv\/wp-content\/uploads\/sites\/2\/2019\/07\/MP4110-1.jpg","datePublished":"2022-03-29T11:49:49+00:00","dateModified":"2023-01-16T12:18:50+00:00","breadcrumb":{"@id":"https:\/\/simonjersey.eu\/lv\/produkts\/iss-prieksauts-ar-priekskabatu-2\/#breadcrumb"},"inLanguage":"lv-LV","potentialAction":[{"@type":"ReadAction","target":["https:\/\/simonjersey.eu\/lv\/produkts\/iss-prieksauts-ar-priekskabatu-2\/"]}]},{"@type":"ImageObject","inLanguage":"lv-LV","@id":"https:\/\/simonjersey.eu\/lv\/produkts\/iss-prieksauts-ar-priekskabatu-2\/#primaryimage","url":"https:\/\/simonjersey.eu\/lv\/wp-content\/uploads\/sites\/2\/2019\/07\/MP4110-1.jpg","contentUrl":"https:\/\/simonjersey.eu\/lv\/wp-content\/uploads\/sites\/2\/2019\/07\/MP4110-1.jpg","width":665,"height":998},{"@type":"BreadcrumbList","@id":"https:\/\/simonjersey.eu\/lv\/produkts\/iss-prieksauts-ar-priekskabatu-2\/#breadcrumb","itemListElement":[{"@type":"ListItem","position":1,"name":"Home","item":"https:\/\/simonjersey.eu\/lv\/"},{"@type":"ListItem","position":2,"name":"E-veikals","item":"https:\/\/simonjersey.eu\/lv\/e-veikals\/"},{"@type":"ListItem","position":3,"name":"\u012ass priek\u0161auts ar priek\u0161kabatu"}]},{"@type":"WebSite","@id":"https:\/\/simonjersey.eu\/lv\/#website","url":"https:\/\/simonjersey.eu\/lv\/","name":"Simon Jersey Latvija","description":"Kvalitat\u012bvi un iztur\u012bgi darba ap\u0123\u0113rbi","potentialAction":[{"@type":"SearchAction","target":{"@type":"EntryPoint","urlTemplate":"https:\/\/simonjersey.eu\/lv\/?s={search_term_string}"},"query-input":{"@type":"PropertyValueSpecification","valueRequired":true,"valueName":"search_term_string"}}],"inLanguage":"lv-LV"}]}},"_links":{"self":[{"href":"https:\/\/simonjersey.eu\/lv\/wp-json\/wp\/v2\/product\/6549","targetHints":{"allow":["GET"]}}],"collection":[{"href":"https:\/\/simonjersey.eu\/lv\/wp-json\/wp\/v2\/product"}],"about":[{"href":"https:\/\/simonjersey.eu\/lv\/wp-json\/wp\/v2\/types\/product"}],"wp:featuredmedia":[{"embeddable":true,"href":"https:\/\/simonjersey.eu\/lv\/wp-json\/wp\/v2\/media\/3452"}],"wp:attachment":[{"href":"https:\/\/simonjersey.eu\/lv\/wp-json\/wp\/v2\/media?parent=6549"}],"wp:term":[{"taxonomy":"product_brand","embeddable":true,"href":"https:\/\/simonjersey.eu\/lv\/wp-json\/wp\/v2\/product_brand?post=6549"},{"taxonomy":"product_cat","embeddable":true,"href":"https:\/\/simonjersey.eu\/lv\/wp-json\/wp\/v2\/product_cat?post=6549"},{"taxonomy":"product_tag","embeddable":true,"href":"https:\/\/simonjersey.eu\/lv\/wp-json\/wp\/v2\/product_tag?post=6549"}],"curies":[{"name":"wp","href":"https:\/\/api.w.org\/{rel}","templated":true}]}}