{"id":6608,"date":"2022-06-01T14:05:52","date_gmt":"2022-06-01T11:05:52","guid":{"rendered":"https:\/\/simonjersey.eu\/lv\/?post_type=product&#038;p=6608"},"modified":"2023-10-06T11:08:11","modified_gmt":"2023-10-06T08:08:11","slug":"cherokee-viriesu-medicinas-tunika","status":"publish","type":"product","link":"https:\/\/simonjersey.eu\/lv\/produkts\/cherokee-viriesu-medicinas-tunika\/","title":{"rendered":"Cherokee V\u012brie\u0161u medic\u012bnas tunika"},"content":{"rendered":"","protected":false},"excerpt":{"rendered":"<p>Slip into our softest, smoothest, most comfortable fabric ever. ( Revolution collection) This V-neck TOP provides ultimate comfort and flattering fits with functional design that is high performing and made to move with you. This range is blended with sporty features and details to fit all sizes and shapes.<\/p>\n<p>Cherokee Men&#8217;s V-neck top features a chest pocket with pencil stitch, two patch pockets,\u00a0a logo label with I.D. loop, back yoke and side vents.<\/p>\n<p>Men V-Neck Short Sleeve Top Length: 73,5 cm<\/p>\n<ul>\n<li>Chest Pocket, Patch Pockets<\/li>\n<li>Logo Label With Bungee Loop<\/li>\n<li>Bi-Stretch, Easy Care, Ultra Soft<\/li>\n<\/ul>\n<p>Material: 78 Poly\/20 Rayon\/ 2 Elastane Twill<br \/>\nCare: 70\u00ba wash. \u00a0Industrial Launder. Easy care garment.<\/p>\n<p>Sizes: XXS-3XL.<\/p>\n<p>NB! Please note sizes come up bigger than normal, we recommend ordering a size down.<\/p>\n<p><a href=\"https:\/\/simonjersey.eu\/lv\/produkts\/cherokee-viriesu-kravas-bikses\/\"><strong>Please find matching trousers <\/strong><strong>here!<\/strong><\/a><\/p>\n","protected":false},"featured_media":6609,"template":"","meta":[],"product_brand":[],"product_cat":[486,72,73,75,112],"product_tag":[],"class_list":{"0":"post-6608","1":"product","2":"type-product","3":"status-publish","4":"has-post-thumbnail","6":"product_cat-dickies-cherokee-darba-apgerbs","7":"product_cat-veselibas-aprupe","8":"product_cat-arsti-un-medmasas","9":"product_cat-viriesu-tunikas","10":"product_cat-tunikas-2","12":"first","13":"instock","14":"taxable","15":"shipping-taxable","16":"purchasable","17":"product-type-variable","18":"has-default-attributes"},"yoast_head":"<!-- This site is optimized with the Yoast SEO plugin v27.2 - https:\/\/yoast.com\/product\/yoast-seo-wordpress\/ -->\n<title>Cherokee V\u012brie\u0161u medic\u012bnas tunika - Simon Jersey Latvija<\/title>\n<meta name=\"robots\" content=\"index, follow, max-snippet:-1, max-image-preview:large, max-video-preview:-1\" \/>\n<link rel=\"canonical\" href=\"https:\/\/simonjersey.eu\/lv\/produkts\/cherokee-viriesu-medicinas-tunika\/\" \/>\n<meta property=\"og:locale\" content=\"lv_LV\" \/>\n<meta property=\"og:type\" content=\"article\" \/>\n<meta property=\"og:title\" content=\"Cherokee V\u012brie\u0161u medic\u012bnas tunika - Simon Jersey Latvija\" \/>\n<meta property=\"og:description\" content=\"Slip into our softest, smoothest, most comfortable fabric ever. ( Revolution collection) This V-neck TOP provides ultimate comfort and flattering fits with functional design that is high performing and made to move with you. This range is blended with sporty features and details to fit all sizes and shapes.  Cherokee Men&#039;s V-neck top features a chest pocket with pencil stitch, two patch pockets,\u00a0a logo label with I.D. loop, back yoke and side vents.  Men V-Neck Short Sleeve Top Length: 73,5 cm   Chest Pocket, Patch Pockets  Logo Label With Bungee Loop  Bi-Stretch, Easy Care, Ultra Soft  Material: 78 Poly\/20 Rayon\/ 2 Elastane Twill Care: 70\u00ba wash. \u00a0Industrial Launder. Easy care garment.  Sizes: XXS-3XL.  NB! Please note sizes come up bigger than normal, we recommend ordering a size down.  Please find matching trousers here!\" \/>\n<meta property=\"og:url\" content=\"https:\/\/simonjersey.eu\/lv\/produkts\/cherokee-viriesu-medicinas-tunika\/\" \/>\n<meta property=\"og:site_name\" content=\"Simon Jersey Latvija\" \/>\n<meta property=\"article:modified_time\" content=\"2023-10-06T08:08:11+00:00\" \/>\n<meta property=\"og:image\" content=\"https:\/\/simonjersey.eu\/lv\/wp-content\/uploads\/sites\/2\/2022\/06\/Cherokee-V-neck-top-ciel.jpg\" \/>\n\t<meta property=\"og:image:width\" content=\"1100\" \/>\n\t<meta property=\"og:image:height\" content=\"1600\" \/>\n\t<meta property=\"og:image:type\" content=\"image\/jpeg\" \/>\n<meta name=\"twitter:card\" content=\"summary_large_image\" \/>\n<script type=\"application\/ld+json\" class=\"yoast-schema-graph\">{\"@context\":\"https:\/\/schema.org\",\"@graph\":[{\"@type\":\"WebPage\",\"@id\":\"https:\/\/simonjersey.eu\/lv\/produkts\/cherokee-viriesu-medicinas-tunika\/\",\"url\":\"https:\/\/simonjersey.eu\/lv\/produkts\/cherokee-viriesu-medicinas-tunika\/\",\"name\":\"Cherokee V\u012brie\u0161u medic\u012bnas tunika - Simon Jersey Latvija\",\"isPartOf\":{\"@id\":\"https:\/\/simonjersey.eu\/lv\/#website\"},\"primaryImageOfPage\":{\"@id\":\"https:\/\/simonjersey.eu\/lv\/produkts\/cherokee-viriesu-medicinas-tunika\/#primaryimage\"},\"image\":{\"@id\":\"https:\/\/simonjersey.eu\/lv\/produkts\/cherokee-viriesu-medicinas-tunika\/#primaryimage\"},\"thumbnailUrl\":\"https:\/\/simonjersey.eu\/lv\/wp-content\/uploads\/sites\/2\/2022\/06\/Cherokee-V-neck-top-ciel.jpg\",\"datePublished\":\"2022-06-01T11:05:52+00:00\",\"dateModified\":\"2023-10-06T08:08:11+00:00\",\"breadcrumb\":{\"@id\":\"https:\/\/simonjersey.eu\/lv\/produkts\/cherokee-viriesu-medicinas-tunika\/#breadcrumb\"},\"inLanguage\":\"lv-LV\",\"potentialAction\":[{\"@type\":\"ReadAction\",\"target\":[\"https:\/\/simonjersey.eu\/lv\/produkts\/cherokee-viriesu-medicinas-tunika\/\"]}]},{\"@type\":\"ImageObject\",\"inLanguage\":\"lv-LV\",\"@id\":\"https:\/\/simonjersey.eu\/lv\/produkts\/cherokee-viriesu-medicinas-tunika\/#primaryimage\",\"url\":\"https:\/\/simonjersey.eu\/lv\/wp-content\/uploads\/sites\/2\/2022\/06\/Cherokee-V-neck-top-ciel.jpg\",\"contentUrl\":\"https:\/\/simonjersey.eu\/lv\/wp-content\/uploads\/sites\/2\/2022\/06\/Cherokee-V-neck-top-ciel.jpg\",\"width\":1100,\"height\":1600},{\"@type\":\"BreadcrumbList\",\"@id\":\"https:\/\/simonjersey.eu\/lv\/produkts\/cherokee-viriesu-medicinas-tunika\/#breadcrumb\",\"itemListElement\":[{\"@type\":\"ListItem\",\"position\":1,\"name\":\"Home\",\"item\":\"https:\/\/simonjersey.eu\/lv\/\"},{\"@type\":\"ListItem\",\"position\":2,\"name\":\"E-veikals\",\"item\":\"https:\/\/simonjersey.eu\/lv\/e-veikals\/\"},{\"@type\":\"ListItem\",\"position\":3,\"name\":\"Cherokee V\u012brie\u0161u medic\u012bnas tunika\"}]},{\"@type\":\"WebSite\",\"@id\":\"https:\/\/simonjersey.eu\/lv\/#website\",\"url\":\"https:\/\/simonjersey.eu\/lv\/\",\"name\":\"Simon Jersey Latvija\",\"description\":\"Kvalitat\u012bvi un iztur\u012bgi darba ap\u0123\u0113rbi\",\"potentialAction\":[{\"@type\":\"SearchAction\",\"target\":{\"@type\":\"EntryPoint\",\"urlTemplate\":\"https:\/\/simonjersey.eu\/lv\/?s={search_term_string}\"},\"query-input\":{\"@type\":\"PropertyValueSpecification\",\"valueRequired\":true,\"valueName\":\"search_term_string\"}}],\"inLanguage\":\"lv-LV\"}]}<\/script>\n<!-- \/ Yoast SEO plugin. -->","yoast_head_json":{"title":"Cherokee V\u012brie\u0161u medic\u012bnas tunika - Simon Jersey Latvija","robots":{"index":"index","follow":"follow","max-snippet":"max-snippet:-1","max-image-preview":"max-image-preview:large","max-video-preview":"max-video-preview:-1"},"canonical":"https:\/\/simonjersey.eu\/lv\/produkts\/cherokee-viriesu-medicinas-tunika\/","og_locale":"lv_LV","og_type":"article","og_title":"Cherokee V\u012brie\u0161u medic\u012bnas tunika - Simon Jersey Latvija","og_description":"Slip into our softest, smoothest, most comfortable fabric ever. ( Revolution collection) This V-neck TOP provides ultimate comfort and flattering fits with functional design that is high performing and made to move with you. This range is blended with sporty features and details to fit all sizes and shapes.  Cherokee Men's V-neck top features a chest pocket with pencil stitch, two patch pockets,\u00a0a logo label with I.D. loop, back yoke and side vents.  Men V-Neck Short Sleeve Top Length: 73,5 cm   Chest Pocket, Patch Pockets  Logo Label With Bungee Loop  Bi-Stretch, Easy Care, Ultra Soft  Material: 78 Poly\/20 Rayon\/ 2 Elastane Twill Care: 70\u00ba wash. \u00a0Industrial Launder. Easy care garment.  Sizes: XXS-3XL.  NB! Please note sizes come up bigger than normal, we recommend ordering a size down.  Please find matching trousers here!","og_url":"https:\/\/simonjersey.eu\/lv\/produkts\/cherokee-viriesu-medicinas-tunika\/","og_site_name":"Simon Jersey Latvija","article_modified_time":"2023-10-06T08:08:11+00:00","og_image":[{"width":1100,"height":1600,"url":"https:\/\/simonjersey.eu\/lv\/wp-content\/uploads\/sites\/2\/2022\/06\/Cherokee-V-neck-top-ciel.jpg","type":"image\/jpeg"}],"twitter_card":"summary_large_image","schema":{"@context":"https:\/\/schema.org","@graph":[{"@type":"WebPage","@id":"https:\/\/simonjersey.eu\/lv\/produkts\/cherokee-viriesu-medicinas-tunika\/","url":"https:\/\/simonjersey.eu\/lv\/produkts\/cherokee-viriesu-medicinas-tunika\/","name":"Cherokee V\u012brie\u0161u medic\u012bnas tunika - Simon Jersey Latvija","isPartOf":{"@id":"https:\/\/simonjersey.eu\/lv\/#website"},"primaryImageOfPage":{"@id":"https:\/\/simonjersey.eu\/lv\/produkts\/cherokee-viriesu-medicinas-tunika\/#primaryimage"},"image":{"@id":"https:\/\/simonjersey.eu\/lv\/produkts\/cherokee-viriesu-medicinas-tunika\/#primaryimage"},"thumbnailUrl":"https:\/\/simonjersey.eu\/lv\/wp-content\/uploads\/sites\/2\/2022\/06\/Cherokee-V-neck-top-ciel.jpg","datePublished":"2022-06-01T11:05:52+00:00","dateModified":"2023-10-06T08:08:11+00:00","breadcrumb":{"@id":"https:\/\/simonjersey.eu\/lv\/produkts\/cherokee-viriesu-medicinas-tunika\/#breadcrumb"},"inLanguage":"lv-LV","potentialAction":[{"@type":"ReadAction","target":["https:\/\/simonjersey.eu\/lv\/produkts\/cherokee-viriesu-medicinas-tunika\/"]}]},{"@type":"ImageObject","inLanguage":"lv-LV","@id":"https:\/\/simonjersey.eu\/lv\/produkts\/cherokee-viriesu-medicinas-tunika\/#primaryimage","url":"https:\/\/simonjersey.eu\/lv\/wp-content\/uploads\/sites\/2\/2022\/06\/Cherokee-V-neck-top-ciel.jpg","contentUrl":"https:\/\/simonjersey.eu\/lv\/wp-content\/uploads\/sites\/2\/2022\/06\/Cherokee-V-neck-top-ciel.jpg","width":1100,"height":1600},{"@type":"BreadcrumbList","@id":"https:\/\/simonjersey.eu\/lv\/produkts\/cherokee-viriesu-medicinas-tunika\/#breadcrumb","itemListElement":[{"@type":"ListItem","position":1,"name":"Home","item":"https:\/\/simonjersey.eu\/lv\/"},{"@type":"ListItem","position":2,"name":"E-veikals","item":"https:\/\/simonjersey.eu\/lv\/e-veikals\/"},{"@type":"ListItem","position":3,"name":"Cherokee V\u012brie\u0161u medic\u012bnas tunika"}]},{"@type":"WebSite","@id":"https:\/\/simonjersey.eu\/lv\/#website","url":"https:\/\/simonjersey.eu\/lv\/","name":"Simon Jersey Latvija","description":"Kvalitat\u012bvi un iztur\u012bgi darba ap\u0123\u0113rbi","potentialAction":[{"@type":"SearchAction","target":{"@type":"EntryPoint","urlTemplate":"https:\/\/simonjersey.eu\/lv\/?s={search_term_string}"},"query-input":{"@type":"PropertyValueSpecification","valueRequired":true,"valueName":"search_term_string"}}],"inLanguage":"lv-LV"}]}},"_links":{"self":[{"href":"https:\/\/simonjersey.eu\/lv\/wp-json\/wp\/v2\/product\/6608","targetHints":{"allow":["GET"]}}],"collection":[{"href":"https:\/\/simonjersey.eu\/lv\/wp-json\/wp\/v2\/product"}],"about":[{"href":"https:\/\/simonjersey.eu\/lv\/wp-json\/wp\/v2\/types\/product"}],"wp:featuredmedia":[{"embeddable":true,"href":"https:\/\/simonjersey.eu\/lv\/wp-json\/wp\/v2\/media\/6609"}],"wp:attachment":[{"href":"https:\/\/simonjersey.eu\/lv\/wp-json\/wp\/v2\/media?parent=6608"}],"wp:term":[{"taxonomy":"product_brand","embeddable":true,"href":"https:\/\/simonjersey.eu\/lv\/wp-json\/wp\/v2\/product_brand?post=6608"},{"taxonomy":"product_cat","embeddable":true,"href":"https:\/\/simonjersey.eu\/lv\/wp-json\/wp\/v2\/product_cat?post=6608"},{"taxonomy":"product_tag","embeddable":true,"href":"https:\/\/simonjersey.eu\/lv\/wp-json\/wp\/v2\/product_tag?post=6608"}],"curies":[{"name":"wp","href":"https:\/\/api.w.org\/{rel}","templated":true}]}}