{"id":6616,"date":"2022-06-01T14:16:20","date_gmt":"2022-06-01T11:16:20","guid":{"rendered":"https:\/\/simonjersey.eu\/lv\/?post_type=product&#038;p=6616"},"modified":"2023-10-06T10:58:26","modified_gmt":"2023-10-06T07:58:26","slug":"cherokee-viriesu-kravas-bikses","status":"publish","type":"product","link":"https:\/\/simonjersey.eu\/lv\/produkts\/cherokee-viriesu-kravas-bikses\/","title":{"rendered":"Cherokee v\u012brie\u0161u kravas bikses"},"content":{"rendered":"","protected":false},"excerpt":{"rendered":"<p>Slip into our softest, smoothest, most comfortable fabric ever. ( Revolution collection)<\/p>\n<p>A Men\u2019s tapered leg pant with a functional inside drawstring and back elastic waistband features five belt loops and a zip fly with button closure. Also featured are front patch pockets, a logo label with bungee loop, right double cargo pocket with snap I.D. loop, back patch pockets and knee seams.<\/p>\n<p>Men pant inseam length: 81 cm<\/p>\n<ul>\n<li>7 pockets: double cargo pocket, patch pockets, back pockets, accessory pocket<\/li>\n<li>Functional Inside Drawstring<\/li>\n<li>Logo Label With Bungee Loop<\/li>\n<li>Bi-Stretch, Easy Care, Ultra Soft<\/li>\n<\/ul>\n<p>Material: 78 Poly\/20 Rayon\/ 2 Elastane Twill<br \/>\nCare: 70\u00ba wash. \u00a0Industrial Launder. Machine wash cold with similar colors. Do not bleach. Tumble dry low. Cool iron if needed.<\/p>\n<p>Sizes: XXS-3XL.<\/p>\n<p><a href=\"https:\/\/simonjersey.eu\/lv\/produkts\/cherokee-viriesu-medicinas-tunika\/\"><strong>Please find matching tunic <\/strong><strong>here!<\/strong><\/a><\/p>\n","protected":false},"featured_media":6617,"template":"","meta":[],"product_brand":[],"product_cat":[486,101,41,72,73,76,80],"product_tag":[],"class_list":{"0":"post-6616","1":"product","2":"type-product","3":"status-publish","4":"has-post-thumbnail","6":"product_cat-dickies-cherokee-darba-apgerbs","7":"product_cat-bikses-viriesiem-lietiskais-apgerbs","8":"product_cat-bikses-viriesiem","9":"product_cat-veselibas-aprupe","10":"product_cat-arsti-un-medmasas","11":"product_cat-bikses-arsti-un-medmasas","12":"product_cat-bikses-recepcija","14":"first","15":"instock","16":"taxable","17":"shipping-taxable","18":"purchasable","19":"product-type-variable","20":"has-default-attributes"},"yoast_head":"<!-- This site is optimized with the Yoast SEO plugin v27.2 - https:\/\/yoast.com\/product\/yoast-seo-wordpress\/ -->\n<title>Cherokee v\u012brie\u0161u kravas bikses - Simon Jersey Latvija<\/title>\n<meta name=\"robots\" content=\"index, follow, max-snippet:-1, max-image-preview:large, max-video-preview:-1\" \/>\n<link rel=\"canonical\" href=\"https:\/\/simonjersey.eu\/lv\/produkts\/cherokee-viriesu-kravas-bikses\/\" \/>\n<meta property=\"og:locale\" content=\"lv_LV\" \/>\n<meta property=\"og:type\" content=\"article\" \/>\n<meta property=\"og:title\" content=\"Cherokee v\u012brie\u0161u kravas bikses - Simon Jersey Latvija\" \/>\n<meta property=\"og:description\" content=\"Slip into our softest, smoothest, most comfortable fabric ever. ( Revolution collection)  A Men\u2019s tapered leg pant with a functional inside drawstring and back elastic waistband features five belt loops and a zip fly with button closure. Also featured are front patch pockets, a logo label with bungee loop, right double cargo pocket with snap I.D. loop, back patch pockets and knee seams.  Men pant inseam length: 81 cm   7 pockets: double cargo pocket, patch pockets, back pockets, accessory pocket  Functional Inside Drawstring  Logo Label With Bungee Loop  Bi-Stretch, Easy Care, Ultra Soft  Material: 78 Poly\/20 Rayon\/ 2 Elastane Twill Care: 70\u00ba wash. \u00a0Industrial Launder. Machine wash cold with similar colors. Do not bleach. Tumble dry low. Cool iron if needed.  Sizes: XXS-3XL.  Please find matching tunic here!\" \/>\n<meta property=\"og:url\" content=\"https:\/\/simonjersey.eu\/lv\/produkts\/cherokee-viriesu-kravas-bikses\/\" \/>\n<meta property=\"og:site_name\" content=\"Simon Jersey Latvija\" \/>\n<meta property=\"article:modified_time\" content=\"2023-10-06T07:58:26+00:00\" \/>\n<meta property=\"og:image\" content=\"https:\/\/simonjersey.eu\/lv\/wp-content\/uploads\/sites\/2\/2022\/06\/Cargo-trouser-cargo-puksid-mustad.jpg\" \/>\n\t<meta property=\"og:image:width\" content=\"1100\" \/>\n\t<meta property=\"og:image:height\" content=\"1600\" \/>\n\t<meta property=\"og:image:type\" content=\"image\/jpeg\" \/>\n<meta name=\"twitter:card\" content=\"summary_large_image\" \/>\n<script type=\"application\/ld+json\" class=\"yoast-schema-graph\">{\"@context\":\"https:\/\/schema.org\",\"@graph\":[{\"@type\":\"WebPage\",\"@id\":\"https:\/\/simonjersey.eu\/lv\/produkts\/cherokee-viriesu-kravas-bikses\/\",\"url\":\"https:\/\/simonjersey.eu\/lv\/produkts\/cherokee-viriesu-kravas-bikses\/\",\"name\":\"Cherokee v\u012brie\u0161u kravas bikses - Simon Jersey Latvija\",\"isPartOf\":{\"@id\":\"https:\/\/simonjersey.eu\/lv\/#website\"},\"primaryImageOfPage\":{\"@id\":\"https:\/\/simonjersey.eu\/lv\/produkts\/cherokee-viriesu-kravas-bikses\/#primaryimage\"},\"image\":{\"@id\":\"https:\/\/simonjersey.eu\/lv\/produkts\/cherokee-viriesu-kravas-bikses\/#primaryimage\"},\"thumbnailUrl\":\"https:\/\/simonjersey.eu\/lv\/wp-content\/uploads\/sites\/2\/2022\/06\/Cargo-trouser-cargo-puksid-mustad.jpg\",\"datePublished\":\"2022-06-01T11:16:20+00:00\",\"dateModified\":\"2023-10-06T07:58:26+00:00\",\"breadcrumb\":{\"@id\":\"https:\/\/simonjersey.eu\/lv\/produkts\/cherokee-viriesu-kravas-bikses\/#breadcrumb\"},\"inLanguage\":\"lv-LV\",\"potentialAction\":[{\"@type\":\"ReadAction\",\"target\":[\"https:\/\/simonjersey.eu\/lv\/produkts\/cherokee-viriesu-kravas-bikses\/\"]}]},{\"@type\":\"ImageObject\",\"inLanguage\":\"lv-LV\",\"@id\":\"https:\/\/simonjersey.eu\/lv\/produkts\/cherokee-viriesu-kravas-bikses\/#primaryimage\",\"url\":\"https:\/\/simonjersey.eu\/lv\/wp-content\/uploads\/sites\/2\/2022\/06\/Cargo-trouser-cargo-puksid-mustad.jpg\",\"contentUrl\":\"https:\/\/simonjersey.eu\/lv\/wp-content\/uploads\/sites\/2\/2022\/06\/Cargo-trouser-cargo-puksid-mustad.jpg\",\"width\":1100,\"height\":1600},{\"@type\":\"BreadcrumbList\",\"@id\":\"https:\/\/simonjersey.eu\/lv\/produkts\/cherokee-viriesu-kravas-bikses\/#breadcrumb\",\"itemListElement\":[{\"@type\":\"ListItem\",\"position\":1,\"name\":\"Home\",\"item\":\"https:\/\/simonjersey.eu\/lv\/\"},{\"@type\":\"ListItem\",\"position\":2,\"name\":\"E-veikals\",\"item\":\"https:\/\/simonjersey.eu\/lv\/e-veikals\/\"},{\"@type\":\"ListItem\",\"position\":3,\"name\":\"Cherokee v\u012brie\u0161u kravas bikses\"}]},{\"@type\":\"WebSite\",\"@id\":\"https:\/\/simonjersey.eu\/lv\/#website\",\"url\":\"https:\/\/simonjersey.eu\/lv\/\",\"name\":\"Simon Jersey Latvija\",\"description\":\"Kvalitat\u012bvi un iztur\u012bgi darba ap\u0123\u0113rbi\",\"potentialAction\":[{\"@type\":\"SearchAction\",\"target\":{\"@type\":\"EntryPoint\",\"urlTemplate\":\"https:\/\/simonjersey.eu\/lv\/?s={search_term_string}\"},\"query-input\":{\"@type\":\"PropertyValueSpecification\",\"valueRequired\":true,\"valueName\":\"search_term_string\"}}],\"inLanguage\":\"lv-LV\"}]}<\/script>\n<!-- \/ Yoast SEO plugin. -->","yoast_head_json":{"title":"Cherokee v\u012brie\u0161u kravas bikses - Simon Jersey Latvija","robots":{"index":"index","follow":"follow","max-snippet":"max-snippet:-1","max-image-preview":"max-image-preview:large","max-video-preview":"max-video-preview:-1"},"canonical":"https:\/\/simonjersey.eu\/lv\/produkts\/cherokee-viriesu-kravas-bikses\/","og_locale":"lv_LV","og_type":"article","og_title":"Cherokee v\u012brie\u0161u kravas bikses - Simon Jersey Latvija","og_description":"Slip into our softest, smoothest, most comfortable fabric ever. ( Revolution collection)  A Men\u2019s tapered leg pant with a functional inside drawstring and back elastic waistband features five belt loops and a zip fly with button closure. Also featured are front patch pockets, a logo label with bungee loop, right double cargo pocket with snap I.D. loop, back patch pockets and knee seams.  Men pant inseam length: 81 cm   7 pockets: double cargo pocket, patch pockets, back pockets, accessory pocket  Functional Inside Drawstring  Logo Label With Bungee Loop  Bi-Stretch, Easy Care, Ultra Soft  Material: 78 Poly\/20 Rayon\/ 2 Elastane Twill Care: 70\u00ba wash. \u00a0Industrial Launder. Machine wash cold with similar colors. Do not bleach. Tumble dry low. Cool iron if needed.  Sizes: XXS-3XL.  Please find matching tunic here!","og_url":"https:\/\/simonjersey.eu\/lv\/produkts\/cherokee-viriesu-kravas-bikses\/","og_site_name":"Simon Jersey Latvija","article_modified_time":"2023-10-06T07:58:26+00:00","og_image":[{"width":1100,"height":1600,"url":"https:\/\/simonjersey.eu\/lv\/wp-content\/uploads\/sites\/2\/2022\/06\/Cargo-trouser-cargo-puksid-mustad.jpg","type":"image\/jpeg"}],"twitter_card":"summary_large_image","schema":{"@context":"https:\/\/schema.org","@graph":[{"@type":"WebPage","@id":"https:\/\/simonjersey.eu\/lv\/produkts\/cherokee-viriesu-kravas-bikses\/","url":"https:\/\/simonjersey.eu\/lv\/produkts\/cherokee-viriesu-kravas-bikses\/","name":"Cherokee v\u012brie\u0161u kravas bikses - Simon Jersey Latvija","isPartOf":{"@id":"https:\/\/simonjersey.eu\/lv\/#website"},"primaryImageOfPage":{"@id":"https:\/\/simonjersey.eu\/lv\/produkts\/cherokee-viriesu-kravas-bikses\/#primaryimage"},"image":{"@id":"https:\/\/simonjersey.eu\/lv\/produkts\/cherokee-viriesu-kravas-bikses\/#primaryimage"},"thumbnailUrl":"https:\/\/simonjersey.eu\/lv\/wp-content\/uploads\/sites\/2\/2022\/06\/Cargo-trouser-cargo-puksid-mustad.jpg","datePublished":"2022-06-01T11:16:20+00:00","dateModified":"2023-10-06T07:58:26+00:00","breadcrumb":{"@id":"https:\/\/simonjersey.eu\/lv\/produkts\/cherokee-viriesu-kravas-bikses\/#breadcrumb"},"inLanguage":"lv-LV","potentialAction":[{"@type":"ReadAction","target":["https:\/\/simonjersey.eu\/lv\/produkts\/cherokee-viriesu-kravas-bikses\/"]}]},{"@type":"ImageObject","inLanguage":"lv-LV","@id":"https:\/\/simonjersey.eu\/lv\/produkts\/cherokee-viriesu-kravas-bikses\/#primaryimage","url":"https:\/\/simonjersey.eu\/lv\/wp-content\/uploads\/sites\/2\/2022\/06\/Cargo-trouser-cargo-puksid-mustad.jpg","contentUrl":"https:\/\/simonjersey.eu\/lv\/wp-content\/uploads\/sites\/2\/2022\/06\/Cargo-trouser-cargo-puksid-mustad.jpg","width":1100,"height":1600},{"@type":"BreadcrumbList","@id":"https:\/\/simonjersey.eu\/lv\/produkts\/cherokee-viriesu-kravas-bikses\/#breadcrumb","itemListElement":[{"@type":"ListItem","position":1,"name":"Home","item":"https:\/\/simonjersey.eu\/lv\/"},{"@type":"ListItem","position":2,"name":"E-veikals","item":"https:\/\/simonjersey.eu\/lv\/e-veikals\/"},{"@type":"ListItem","position":3,"name":"Cherokee v\u012brie\u0161u kravas bikses"}]},{"@type":"WebSite","@id":"https:\/\/simonjersey.eu\/lv\/#website","url":"https:\/\/simonjersey.eu\/lv\/","name":"Simon Jersey Latvija","description":"Kvalitat\u012bvi un iztur\u012bgi darba ap\u0123\u0113rbi","potentialAction":[{"@type":"SearchAction","target":{"@type":"EntryPoint","urlTemplate":"https:\/\/simonjersey.eu\/lv\/?s={search_term_string}"},"query-input":{"@type":"PropertyValueSpecification","valueRequired":true,"valueName":"search_term_string"}}],"inLanguage":"lv-LV"}]}},"_links":{"self":[{"href":"https:\/\/simonjersey.eu\/lv\/wp-json\/wp\/v2\/product\/6616","targetHints":{"allow":["GET"]}}],"collection":[{"href":"https:\/\/simonjersey.eu\/lv\/wp-json\/wp\/v2\/product"}],"about":[{"href":"https:\/\/simonjersey.eu\/lv\/wp-json\/wp\/v2\/types\/product"}],"wp:featuredmedia":[{"embeddable":true,"href":"https:\/\/simonjersey.eu\/lv\/wp-json\/wp\/v2\/media\/6617"}],"wp:attachment":[{"href":"https:\/\/simonjersey.eu\/lv\/wp-json\/wp\/v2\/media?parent=6616"}],"wp:term":[{"taxonomy":"product_brand","embeddable":true,"href":"https:\/\/simonjersey.eu\/lv\/wp-json\/wp\/v2\/product_brand?post=6616"},{"taxonomy":"product_cat","embeddable":true,"href":"https:\/\/simonjersey.eu\/lv\/wp-json\/wp\/v2\/product_cat?post=6616"},{"taxonomy":"product_tag","embeddable":true,"href":"https:\/\/simonjersey.eu\/lv\/wp-json\/wp\/v2\/product_tag?post=6616"}],"curies":[{"name":"wp","href":"https:\/\/api.w.org\/{rel}","templated":true}]}}