{"id":6630,"date":"2022-08-04T14:02:49","date_gmt":"2022-08-04T11:02:49","guid":{"rendered":"https:\/\/simonjersey.eu\/lv\/?post_type=product&#038;p=6630"},"modified":"2024-01-17T11:23:02","modified_gmt":"2024-01-17T08:23:02","slug":"sieviesu-medicinas-halats","status":"publish","type":"product","link":"https:\/\/simonjersey.eu\/lv\/produkts\/sieviesu-medicinas-halats\/","title":{"rendered":"SIEVIE\u0160U MEDIC\u012aNAS HAL\u0100TS"},"content":{"rendered":"","protected":false},"excerpt":{"rendered":"<p>Cherokee is a world leading producer of medical uniforms, loved by millions all over the globe. The\u00a0<strong>Lab Coats<\/strong> is built for lasting comfort with tradition at its core and designs made to stand the test of time. This is the most affordable range from the Cherokee healthcare styles.<\/p>\n<p>Product Details<\/p>\n<ul>\n<li>Modern Classic fit , three pockets: chest pocket with instrument loop, two front tablet pockets.<\/li>\n<li>Front and back princess seams<\/li>\n<li>Back shoulder yokes<\/li>\n<li>Locker loop<\/li>\n<\/ul>\n<p>Material: 65 Poly\/35 Cotton, Built-in Stretch Twill<\/p>\n<p>Care: 40\u00ba wash. \u00a0\u00a0Machine wash cold with similar colors. Do not bleach.<\/p>\n<p>Sizes: XXS-3XL.<\/p>\n<p>Length: 83,5 cm<\/p>\n","protected":false},"featured_media":6632,"template":"","meta":[],"product_brand":[],"product_cat":[486,72,73,77],"product_tag":[],"class_list":{"0":"post-6630","1":"product","2":"type-product","3":"status-publish","4":"has-post-thumbnail","6":"product_cat-dickies-cherokee-darba-apgerbs","7":"product_cat-veselibas-aprupe","8":"product_cat-arsti-un-medmasas","9":"product_cat-kleitas-arsti-un-medmasas","11":"first","12":"instock","13":"taxable","14":"shipping-taxable","15":"purchasable","16":"product-type-variable","17":"has-default-attributes"},"yoast_head":"<!-- This site is optimized with the Yoast SEO plugin v27.2 - https:\/\/yoast.com\/product\/yoast-seo-wordpress\/ -->\n<title>SIEVIE\u0160U MEDIC\u012aNAS HAL\u0100TS - Simon Jersey Latvija<\/title>\n<meta name=\"robots\" content=\"index, follow, max-snippet:-1, max-image-preview:large, max-video-preview:-1\" \/>\n<link rel=\"canonical\" href=\"https:\/\/simonjersey.eu\/lv\/produkts\/sieviesu-medicinas-halats\/\" \/>\n<meta property=\"og:locale\" content=\"lv_LV\" \/>\n<meta property=\"og:type\" content=\"article\" \/>\n<meta property=\"og:title\" content=\"SIEVIE\u0160U MEDIC\u012aNAS HAL\u0100TS - Simon Jersey Latvija\" \/>\n<meta property=\"og:description\" content=\"Cherokee is a world leading producer of medical uniforms, loved by millions all over the globe. The\u00a0Lab Coats is built for lasting comfort with tradition at its core and designs made to stand the test of time. This is the most affordable range from the Cherokee healthcare styles.  Product Details   Modern Classic fit , three pockets: chest pocket with instrument loop, two front tablet pockets.  Front and back princess seams  Back shoulder yokes  Locker loop  Material: 65 Poly\/35 Cotton, Built-in Stretch Twill  Care: 40\u00ba wash. \u00a0\u00a0Machine wash cold with similar colors. Do not bleach.  Sizes: XXS-3XL.  Length: 83,5 cm\" \/>\n<meta property=\"og:url\" content=\"https:\/\/simonjersey.eu\/lv\/produkts\/sieviesu-medicinas-halats\/\" \/>\n<meta property=\"og:site_name\" content=\"Simon Jersey Latvija\" \/>\n<meta property=\"article:modified_time\" content=\"2024-01-17T08:23:02+00:00\" \/>\n<meta property=\"og:image\" content=\"https:\/\/simonjersey.eu\/lv\/wp-content\/uploads\/sites\/2\/2022\/08\/CKE452-lab-coat.jpg\" \/>\n\t<meta property=\"og:image:width\" content=\"1100\" \/>\n\t<meta property=\"og:image:height\" content=\"1600\" \/>\n\t<meta property=\"og:image:type\" content=\"image\/jpeg\" \/>\n<meta name=\"twitter:card\" content=\"summary_large_image\" \/>\n<script type=\"application\/ld+json\" class=\"yoast-schema-graph\">{\"@context\":\"https:\/\/schema.org\",\"@graph\":[{\"@type\":\"WebPage\",\"@id\":\"https:\/\/simonjersey.eu\/lv\/produkts\/sieviesu-medicinas-halats\/\",\"url\":\"https:\/\/simonjersey.eu\/lv\/produkts\/sieviesu-medicinas-halats\/\",\"name\":\"SIEVIE\u0160U MEDIC\u012aNAS HAL\u0100TS - Simon Jersey Latvija\",\"isPartOf\":{\"@id\":\"https:\/\/simonjersey.eu\/lv\/#website\"},\"primaryImageOfPage\":{\"@id\":\"https:\/\/simonjersey.eu\/lv\/produkts\/sieviesu-medicinas-halats\/#primaryimage\"},\"image\":{\"@id\":\"https:\/\/simonjersey.eu\/lv\/produkts\/sieviesu-medicinas-halats\/#primaryimage\"},\"thumbnailUrl\":\"https:\/\/simonjersey.eu\/lv\/wp-content\/uploads\/sites\/2\/2022\/08\/CKE452-lab-coat.jpg\",\"datePublished\":\"2022-08-04T11:02:49+00:00\",\"dateModified\":\"2024-01-17T08:23:02+00:00\",\"breadcrumb\":{\"@id\":\"https:\/\/simonjersey.eu\/lv\/produkts\/sieviesu-medicinas-halats\/#breadcrumb\"},\"inLanguage\":\"lv-LV\",\"potentialAction\":[{\"@type\":\"ReadAction\",\"target\":[\"https:\/\/simonjersey.eu\/lv\/produkts\/sieviesu-medicinas-halats\/\"]}]},{\"@type\":\"ImageObject\",\"inLanguage\":\"lv-LV\",\"@id\":\"https:\/\/simonjersey.eu\/lv\/produkts\/sieviesu-medicinas-halats\/#primaryimage\",\"url\":\"https:\/\/simonjersey.eu\/lv\/wp-content\/uploads\/sites\/2\/2022\/08\/CKE452-lab-coat.jpg\",\"contentUrl\":\"https:\/\/simonjersey.eu\/lv\/wp-content\/uploads\/sites\/2\/2022\/08\/CKE452-lab-coat.jpg\",\"width\":1100,\"height\":1600},{\"@type\":\"BreadcrumbList\",\"@id\":\"https:\/\/simonjersey.eu\/lv\/produkts\/sieviesu-medicinas-halats\/#breadcrumb\",\"itemListElement\":[{\"@type\":\"ListItem\",\"position\":1,\"name\":\"Home\",\"item\":\"https:\/\/simonjersey.eu\/lv\/\"},{\"@type\":\"ListItem\",\"position\":2,\"name\":\"E-veikals\",\"item\":\"https:\/\/simonjersey.eu\/lv\/e-veikals\/\"},{\"@type\":\"ListItem\",\"position\":3,\"name\":\"SIEVIE\u0160U MEDIC\u012aNAS HAL\u0100TS\"}]},{\"@type\":\"WebSite\",\"@id\":\"https:\/\/simonjersey.eu\/lv\/#website\",\"url\":\"https:\/\/simonjersey.eu\/lv\/\",\"name\":\"Simon Jersey Latvija\",\"description\":\"Kvalitat\u012bvi un iztur\u012bgi darba ap\u0123\u0113rbi\",\"potentialAction\":[{\"@type\":\"SearchAction\",\"target\":{\"@type\":\"EntryPoint\",\"urlTemplate\":\"https:\/\/simonjersey.eu\/lv\/?s={search_term_string}\"},\"query-input\":{\"@type\":\"PropertyValueSpecification\",\"valueRequired\":true,\"valueName\":\"search_term_string\"}}],\"inLanguage\":\"lv-LV\"}]}<\/script>\n<!-- \/ Yoast SEO plugin. -->","yoast_head_json":{"title":"SIEVIE\u0160U MEDIC\u012aNAS HAL\u0100TS - Simon Jersey Latvija","robots":{"index":"index","follow":"follow","max-snippet":"max-snippet:-1","max-image-preview":"max-image-preview:large","max-video-preview":"max-video-preview:-1"},"canonical":"https:\/\/simonjersey.eu\/lv\/produkts\/sieviesu-medicinas-halats\/","og_locale":"lv_LV","og_type":"article","og_title":"SIEVIE\u0160U MEDIC\u012aNAS HAL\u0100TS - Simon Jersey Latvija","og_description":"Cherokee is a world leading producer of medical uniforms, loved by millions all over the globe. The\u00a0Lab Coats is built for lasting comfort with tradition at its core and designs made to stand the test of time. This is the most affordable range from the Cherokee healthcare styles.  Product Details   Modern Classic fit , three pockets: chest pocket with instrument loop, two front tablet pockets.  Front and back princess seams  Back shoulder yokes  Locker loop  Material: 65 Poly\/35 Cotton, Built-in Stretch Twill  Care: 40\u00ba wash. \u00a0\u00a0Machine wash cold with similar colors. Do not bleach.  Sizes: XXS-3XL.  Length: 83,5 cm","og_url":"https:\/\/simonjersey.eu\/lv\/produkts\/sieviesu-medicinas-halats\/","og_site_name":"Simon Jersey Latvija","article_modified_time":"2024-01-17T08:23:02+00:00","og_image":[{"width":1100,"height":1600,"url":"https:\/\/simonjersey.eu\/lv\/wp-content\/uploads\/sites\/2\/2022\/08\/CKE452-lab-coat.jpg","type":"image\/jpeg"}],"twitter_card":"summary_large_image","schema":{"@context":"https:\/\/schema.org","@graph":[{"@type":"WebPage","@id":"https:\/\/simonjersey.eu\/lv\/produkts\/sieviesu-medicinas-halats\/","url":"https:\/\/simonjersey.eu\/lv\/produkts\/sieviesu-medicinas-halats\/","name":"SIEVIE\u0160U MEDIC\u012aNAS HAL\u0100TS - Simon Jersey Latvija","isPartOf":{"@id":"https:\/\/simonjersey.eu\/lv\/#website"},"primaryImageOfPage":{"@id":"https:\/\/simonjersey.eu\/lv\/produkts\/sieviesu-medicinas-halats\/#primaryimage"},"image":{"@id":"https:\/\/simonjersey.eu\/lv\/produkts\/sieviesu-medicinas-halats\/#primaryimage"},"thumbnailUrl":"https:\/\/simonjersey.eu\/lv\/wp-content\/uploads\/sites\/2\/2022\/08\/CKE452-lab-coat.jpg","datePublished":"2022-08-04T11:02:49+00:00","dateModified":"2024-01-17T08:23:02+00:00","breadcrumb":{"@id":"https:\/\/simonjersey.eu\/lv\/produkts\/sieviesu-medicinas-halats\/#breadcrumb"},"inLanguage":"lv-LV","potentialAction":[{"@type":"ReadAction","target":["https:\/\/simonjersey.eu\/lv\/produkts\/sieviesu-medicinas-halats\/"]}]},{"@type":"ImageObject","inLanguage":"lv-LV","@id":"https:\/\/simonjersey.eu\/lv\/produkts\/sieviesu-medicinas-halats\/#primaryimage","url":"https:\/\/simonjersey.eu\/lv\/wp-content\/uploads\/sites\/2\/2022\/08\/CKE452-lab-coat.jpg","contentUrl":"https:\/\/simonjersey.eu\/lv\/wp-content\/uploads\/sites\/2\/2022\/08\/CKE452-lab-coat.jpg","width":1100,"height":1600},{"@type":"BreadcrumbList","@id":"https:\/\/simonjersey.eu\/lv\/produkts\/sieviesu-medicinas-halats\/#breadcrumb","itemListElement":[{"@type":"ListItem","position":1,"name":"Home","item":"https:\/\/simonjersey.eu\/lv\/"},{"@type":"ListItem","position":2,"name":"E-veikals","item":"https:\/\/simonjersey.eu\/lv\/e-veikals\/"},{"@type":"ListItem","position":3,"name":"SIEVIE\u0160U MEDIC\u012aNAS HAL\u0100TS"}]},{"@type":"WebSite","@id":"https:\/\/simonjersey.eu\/lv\/#website","url":"https:\/\/simonjersey.eu\/lv\/","name":"Simon Jersey Latvija","description":"Kvalitat\u012bvi un iztur\u012bgi darba ap\u0123\u0113rbi","potentialAction":[{"@type":"SearchAction","target":{"@type":"EntryPoint","urlTemplate":"https:\/\/simonjersey.eu\/lv\/?s={search_term_string}"},"query-input":{"@type":"PropertyValueSpecification","valueRequired":true,"valueName":"search_term_string"}}],"inLanguage":"lv-LV"}]}},"_links":{"self":[{"href":"https:\/\/simonjersey.eu\/lv\/wp-json\/wp\/v2\/product\/6630","targetHints":{"allow":["GET"]}}],"collection":[{"href":"https:\/\/simonjersey.eu\/lv\/wp-json\/wp\/v2\/product"}],"about":[{"href":"https:\/\/simonjersey.eu\/lv\/wp-json\/wp\/v2\/types\/product"}],"wp:featuredmedia":[{"embeddable":true,"href":"https:\/\/simonjersey.eu\/lv\/wp-json\/wp\/v2\/media\/6632"}],"wp:attachment":[{"href":"https:\/\/simonjersey.eu\/lv\/wp-json\/wp\/v2\/media?parent=6630"}],"wp:term":[{"taxonomy":"product_brand","embeddable":true,"href":"https:\/\/simonjersey.eu\/lv\/wp-json\/wp\/v2\/product_brand?post=6630"},{"taxonomy":"product_cat","embeddable":true,"href":"https:\/\/simonjersey.eu\/lv\/wp-json\/wp\/v2\/product_cat?post=6630"},{"taxonomy":"product_tag","embeddable":true,"href":"https:\/\/simonjersey.eu\/lv\/wp-json\/wp\/v2\/product_tag?post=6630"}],"curies":[{"name":"wp","href":"https:\/\/api.w.org\/{rel}","templated":true}]}}