{"id":6841,"date":"2022-10-19T14:55:30","date_gmt":"2022-10-19T11:55:30","guid":{"rendered":"https:\/\/simonjersey.eu\/lv\/?post_type=product&#038;p=6841"},"modified":"2026-03-05T12:00:40","modified_gmt":"2026-03-05T09:00:40","slug":"bpsieviesu-medicinas-halats","status":"publish","type":"product","link":"https:\/\/simonjersey.eu\/lv\/produkts\/bpsieviesu-medicinas-halats\/","title":{"rendered":"BP\u00aeSIEVIE\u0160U MEDIC\u012aNAS HAL\u0100TS"},"content":{"rendered":"","protected":false},"excerpt":{"rendered":"<p><strong>Apskatiet m\u016bsu jaun\u0101 z\u012bmola BP\u00aemedic\u012bnisko ap\u0123\u0113rbu tie\u0161i no V\u0101cijas.<\/strong><\/p>\n<p>Piegu\u013co\u0161a piegriezuma MEDIC\u012aNAS hal\u0101ts .Garas piedurknes. St\u0101vapkakle. Divas uz\u0161\u016btas s\u0101nu un viena kr\u016b\u0161u kabata. Ar spiedpog\u0101m.<\/p>\n<p>Materi\u0101ls:. 100% kokvilna Bl\u012bvums: 205 g\/m2<\/p>\n<p>Kop\u0161ana: Mazg\u0101t 95\u00b0 ve\u013cas ma\u0161\u012bn\u0101, \u0136\u012bmisk\u0101 t\u012br\u012b\u0161ana.<\/p>\n<p>Izm\u0113ri (UK): 6-30.<\/p>\n<p>&nbsp;<\/p>\n","protected":false},"featured_media":6843,"template":"","meta":[],"product_brand":[],"product_cat":[72,77],"product_tag":[],"class_list":{"0":"post-6841","1":"product","2":"type-product","3":"status-publish","4":"has-post-thumbnail","6":"product_cat-veselibas-aprupe","7":"product_cat-kleitas-arsti-un-medmasas","9":"first","10":"instock","11":"taxable","12":"shipping-taxable","13":"purchasable","14":"product-type-variable","15":"has-default-attributes"},"yoast_head":"<!-- This site is optimized with the Yoast SEO plugin v27.2 - https:\/\/yoast.com\/product\/yoast-seo-wordpress\/ -->\n<title>BP\u00aeSIEVIE\u0160U MEDIC\u012aNAS HAL\u0100TS - Simon Jersey Latvija<\/title>\n<meta name=\"robots\" content=\"index, follow, max-snippet:-1, max-image-preview:large, max-video-preview:-1\" \/>\n<link rel=\"canonical\" href=\"https:\/\/simonjersey.eu\/lv\/produkts\/bpsieviesu-medicinas-halats\/\" \/>\n<meta property=\"og:locale\" content=\"lv_LV\" \/>\n<meta property=\"og:type\" content=\"article\" \/>\n<meta property=\"og:title\" content=\"BP\u00aeSIEVIE\u0160U MEDIC\u012aNAS HAL\u0100TS - Simon Jersey Latvija\" \/>\n<meta property=\"og:description\" content=\"Apskatiet m\u016bsu jaun\u0101 z\u012bmola BP\u00aemedic\u012bnisko ap\u0123\u0113rbu tie\u0161i no V\u0101cijas.  Piegu\u013co\u0161a piegriezuma MEDIC\u012aNAS hal\u0101ts .Garas piedurknes. St\u0101vapkakle. Divas uz\u0161\u016btas s\u0101nu un viena kr\u016b\u0161u kabata. Ar spiedpog\u0101m.  Materi\u0101ls:. 100% kokvilna Bl\u012bvums: 205 g\/m2  Kop\u0161ana: Mazg\u0101t 95\u00b0 ve\u013cas ma\u0161\u012bn\u0101, \u0136\u012bmisk\u0101 t\u012br\u012b\u0161ana.  Izm\u0113ri (UK): 6-30.  &nbsp;\" \/>\n<meta property=\"og:url\" content=\"https:\/\/simonjersey.eu\/lv\/produkts\/bpsieviesu-medicinas-halats\/\" \/>\n<meta property=\"og:site_name\" content=\"Simon Jersey Latvija\" \/>\n<meta property=\"article:modified_time\" content=\"2026-03-05T09:00:40+00:00\" \/>\n<meta property=\"og:image\" content=\"https:\/\/simonjersey.eu\/lv\/wp-content\/uploads\/sites\/2\/2022\/10\/Arsti-kittel.jpg\" \/>\n\t<meta property=\"og:image:width\" content=\"1200\" \/>\n\t<meta property=\"og:image:height\" content=\"1688\" \/>\n\t<meta property=\"og:image:type\" content=\"image\/jpeg\" \/>\n<meta name=\"twitter:card\" content=\"summary_large_image\" \/>\n<meta name=\"twitter:label1\" content=\"Est. reading time\" \/>\n\t<meta name=\"twitter:data1\" content=\"1 min\u016bte\" \/>\n<script type=\"application\/ld+json\" class=\"yoast-schema-graph\">{\"@context\":\"https:\/\/schema.org\",\"@graph\":[{\"@type\":\"WebPage\",\"@id\":\"https:\/\/simonjersey.eu\/lv\/produkts\/bpsieviesu-medicinas-halats\/\",\"url\":\"https:\/\/simonjersey.eu\/lv\/produkts\/bpsieviesu-medicinas-halats\/\",\"name\":\"BP\u00aeSIEVIE\u0160U MEDIC\u012aNAS HAL\u0100TS - Simon Jersey Latvija\",\"isPartOf\":{\"@id\":\"https:\/\/simonjersey.eu\/lv\/#website\"},\"primaryImageOfPage\":{\"@id\":\"https:\/\/simonjersey.eu\/lv\/produkts\/bpsieviesu-medicinas-halats\/#primaryimage\"},\"image\":{\"@id\":\"https:\/\/simonjersey.eu\/lv\/produkts\/bpsieviesu-medicinas-halats\/#primaryimage\"},\"thumbnailUrl\":\"https:\/\/simonjersey.eu\/lv\/wp-content\/uploads\/sites\/2\/2022\/10\/Arsti-kittel.jpg\",\"datePublished\":\"2022-10-19T11:55:30+00:00\",\"dateModified\":\"2026-03-05T09:00:40+00:00\",\"breadcrumb\":{\"@id\":\"https:\/\/simonjersey.eu\/lv\/produkts\/bpsieviesu-medicinas-halats\/#breadcrumb\"},\"inLanguage\":\"lv-LV\",\"potentialAction\":[{\"@type\":\"ReadAction\",\"target\":[\"https:\/\/simonjersey.eu\/lv\/produkts\/bpsieviesu-medicinas-halats\/\"]}]},{\"@type\":\"ImageObject\",\"inLanguage\":\"lv-LV\",\"@id\":\"https:\/\/simonjersey.eu\/lv\/produkts\/bpsieviesu-medicinas-halats\/#primaryimage\",\"url\":\"https:\/\/simonjersey.eu\/lv\/wp-content\/uploads\/sites\/2\/2022\/10\/Arsti-kittel.jpg\",\"contentUrl\":\"https:\/\/simonjersey.eu\/lv\/wp-content\/uploads\/sites\/2\/2022\/10\/Arsti-kittel.jpg\",\"width\":1200,\"height\":1688},{\"@type\":\"BreadcrumbList\",\"@id\":\"https:\/\/simonjersey.eu\/lv\/produkts\/bpsieviesu-medicinas-halats\/#breadcrumb\",\"itemListElement\":[{\"@type\":\"ListItem\",\"position\":1,\"name\":\"Home\",\"item\":\"https:\/\/simonjersey.eu\/lv\/\"},{\"@type\":\"ListItem\",\"position\":2,\"name\":\"E-veikals\",\"item\":\"https:\/\/simonjersey.eu\/lv\/e-veikals\/\"},{\"@type\":\"ListItem\",\"position\":3,\"name\":\"BP\u00aeSIEVIE\u0160U MEDIC\u012aNAS HAL\u0100TS\"}]},{\"@type\":\"WebSite\",\"@id\":\"https:\/\/simonjersey.eu\/lv\/#website\",\"url\":\"https:\/\/simonjersey.eu\/lv\/\",\"name\":\"Simon Jersey Latvija\",\"description\":\"Kvalitat\u012bvi un iztur\u012bgi darba ap\u0123\u0113rbi\",\"potentialAction\":[{\"@type\":\"SearchAction\",\"target\":{\"@type\":\"EntryPoint\",\"urlTemplate\":\"https:\/\/simonjersey.eu\/lv\/?s={search_term_string}\"},\"query-input\":{\"@type\":\"PropertyValueSpecification\",\"valueRequired\":true,\"valueName\":\"search_term_string\"}}],\"inLanguage\":\"lv-LV\"}]}<\/script>\n<!-- \/ Yoast SEO plugin. -->","yoast_head_json":{"title":"BP\u00aeSIEVIE\u0160U MEDIC\u012aNAS HAL\u0100TS - Simon Jersey Latvija","robots":{"index":"index","follow":"follow","max-snippet":"max-snippet:-1","max-image-preview":"max-image-preview:large","max-video-preview":"max-video-preview:-1"},"canonical":"https:\/\/simonjersey.eu\/lv\/produkts\/bpsieviesu-medicinas-halats\/","og_locale":"lv_LV","og_type":"article","og_title":"BP\u00aeSIEVIE\u0160U MEDIC\u012aNAS HAL\u0100TS - Simon Jersey Latvija","og_description":"Apskatiet m\u016bsu jaun\u0101 z\u012bmola BP\u00aemedic\u012bnisko ap\u0123\u0113rbu tie\u0161i no V\u0101cijas.  Piegu\u013co\u0161a piegriezuma MEDIC\u012aNAS hal\u0101ts .Garas piedurknes. St\u0101vapkakle. Divas uz\u0161\u016btas s\u0101nu un viena kr\u016b\u0161u kabata. Ar spiedpog\u0101m.  Materi\u0101ls:. 100% kokvilna Bl\u012bvums: 205 g\/m2  Kop\u0161ana: Mazg\u0101t 95\u00b0 ve\u013cas ma\u0161\u012bn\u0101, \u0136\u012bmisk\u0101 t\u012br\u012b\u0161ana.  Izm\u0113ri (UK): 6-30.  &nbsp;","og_url":"https:\/\/simonjersey.eu\/lv\/produkts\/bpsieviesu-medicinas-halats\/","og_site_name":"Simon Jersey Latvija","article_modified_time":"2026-03-05T09:00:40+00:00","og_image":[{"width":1200,"height":1688,"url":"https:\/\/simonjersey.eu\/lv\/wp-content\/uploads\/sites\/2\/2022\/10\/Arsti-kittel.jpg","type":"image\/jpeg"}],"twitter_card":"summary_large_image","twitter_misc":{"Est. reading time":"1 min\u016bte"},"schema":{"@context":"https:\/\/schema.org","@graph":[{"@type":"WebPage","@id":"https:\/\/simonjersey.eu\/lv\/produkts\/bpsieviesu-medicinas-halats\/","url":"https:\/\/simonjersey.eu\/lv\/produkts\/bpsieviesu-medicinas-halats\/","name":"BP\u00aeSIEVIE\u0160U MEDIC\u012aNAS HAL\u0100TS - Simon Jersey Latvija","isPartOf":{"@id":"https:\/\/simonjersey.eu\/lv\/#website"},"primaryImageOfPage":{"@id":"https:\/\/simonjersey.eu\/lv\/produkts\/bpsieviesu-medicinas-halats\/#primaryimage"},"image":{"@id":"https:\/\/simonjersey.eu\/lv\/produkts\/bpsieviesu-medicinas-halats\/#primaryimage"},"thumbnailUrl":"https:\/\/simonjersey.eu\/lv\/wp-content\/uploads\/sites\/2\/2022\/10\/Arsti-kittel.jpg","datePublished":"2022-10-19T11:55:30+00:00","dateModified":"2026-03-05T09:00:40+00:00","breadcrumb":{"@id":"https:\/\/simonjersey.eu\/lv\/produkts\/bpsieviesu-medicinas-halats\/#breadcrumb"},"inLanguage":"lv-LV","potentialAction":[{"@type":"ReadAction","target":["https:\/\/simonjersey.eu\/lv\/produkts\/bpsieviesu-medicinas-halats\/"]}]},{"@type":"ImageObject","inLanguage":"lv-LV","@id":"https:\/\/simonjersey.eu\/lv\/produkts\/bpsieviesu-medicinas-halats\/#primaryimage","url":"https:\/\/simonjersey.eu\/lv\/wp-content\/uploads\/sites\/2\/2022\/10\/Arsti-kittel.jpg","contentUrl":"https:\/\/simonjersey.eu\/lv\/wp-content\/uploads\/sites\/2\/2022\/10\/Arsti-kittel.jpg","width":1200,"height":1688},{"@type":"BreadcrumbList","@id":"https:\/\/simonjersey.eu\/lv\/produkts\/bpsieviesu-medicinas-halats\/#breadcrumb","itemListElement":[{"@type":"ListItem","position":1,"name":"Home","item":"https:\/\/simonjersey.eu\/lv\/"},{"@type":"ListItem","position":2,"name":"E-veikals","item":"https:\/\/simonjersey.eu\/lv\/e-veikals\/"},{"@type":"ListItem","position":3,"name":"BP\u00aeSIEVIE\u0160U MEDIC\u012aNAS HAL\u0100TS"}]},{"@type":"WebSite","@id":"https:\/\/simonjersey.eu\/lv\/#website","url":"https:\/\/simonjersey.eu\/lv\/","name":"Simon Jersey Latvija","description":"Kvalitat\u012bvi un iztur\u012bgi darba ap\u0123\u0113rbi","potentialAction":[{"@type":"SearchAction","target":{"@type":"EntryPoint","urlTemplate":"https:\/\/simonjersey.eu\/lv\/?s={search_term_string}"},"query-input":{"@type":"PropertyValueSpecification","valueRequired":true,"valueName":"search_term_string"}}],"inLanguage":"lv-LV"}]}},"_links":{"self":[{"href":"https:\/\/simonjersey.eu\/lv\/wp-json\/wp\/v2\/product\/6841","targetHints":{"allow":["GET"]}}],"collection":[{"href":"https:\/\/simonjersey.eu\/lv\/wp-json\/wp\/v2\/product"}],"about":[{"href":"https:\/\/simonjersey.eu\/lv\/wp-json\/wp\/v2\/types\/product"}],"wp:featuredmedia":[{"embeddable":true,"href":"https:\/\/simonjersey.eu\/lv\/wp-json\/wp\/v2\/media\/6843"}],"wp:attachment":[{"href":"https:\/\/simonjersey.eu\/lv\/wp-json\/wp\/v2\/media?parent=6841"}],"wp:term":[{"taxonomy":"product_brand","embeddable":true,"href":"https:\/\/simonjersey.eu\/lv\/wp-json\/wp\/v2\/product_brand?post=6841"},{"taxonomy":"product_cat","embeddable":true,"href":"https:\/\/simonjersey.eu\/lv\/wp-json\/wp\/v2\/product_cat?post=6841"},{"taxonomy":"product_tag","embeddable":true,"href":"https:\/\/simonjersey.eu\/lv\/wp-json\/wp\/v2\/product_tag?post=6841"}],"curies":[{"name":"wp","href":"https:\/\/api.w.org\/{rel}","templated":true}]}}