{"id":6865,"date":"2022-11-22T15:37:30","date_gmt":"2022-11-22T12:37:30","guid":{"rendered":"https:\/\/simonjersey.eu\/lv\/?post_type=product&#038;p=6865"},"modified":"2026-03-09T15:47:05","modified_gmt":"2026-03-09T12:47:05","slug":"sieviesu-cherokee-medicinas-bluze","status":"publish","type":"product","link":"https:\/\/simonjersey.eu\/lv\/produkts\/sieviesu-cherokee-medicinas-bluze\/","title":{"rendered":"Sievie\u0161u Cherokee medic\u012bnas bl\u016bze"},"content":{"rendered":"","protected":false},"excerpt":{"rendered":"<p>Sievie\u0161u\u00a0 Cherokee tunika\u00a0 piem\u0113rots darbam \u0101rstniec\u012bbas iest\u0101d\u0113, k\u0101 ar\u012b masieriem un fizioterapeitiem,Spa darbiniekiem.<\/p>\n<p>\u0113rta un moderna V veida kakla medic\u012bnas bl\u016bze ir viegls un elpojo\u0161s, \u012asas piedurknes, Divas priek\u0161\u0113j\u0101s kabatas, M\u016bsdien\u012bgs modelis.<\/p>\n<p>Materi\u0101ls veidots t\u0101, lai piel\u0101gotos kust\u012bb\u0101m ar 5% Spandex un poliesteri.<\/p>\n<p>Materi\u0101ls: 78 Poly\/20 Rayon\/ 2 Elastane Twill<br \/>\nCare: 70\u00ba wash. \u00a0Inductrial Launder. Easy care garment.<\/p>\n<p>Garums: 66cm<\/p>\n<p>Kop\u0161ana: 70\u00b0 ve\u013cas ma\u0161\u012bn\u0101, viegli kopjama<\/p>\n<p>Izm\u0113ri: XXS-3XL. <strong>4XL\u20135XL<\/strong> pieejams \u0161\u0101d\u0101s kr\u0101s\u0101s: meln\u0101, tum\u0161i zil\u0101, petrol zil\u0101, \u00a0Burgundijas sarkans.<\/p>\n<p>M\u016bsdien\u012bga un moderna dizaina <strong>\u0113rtas darba bikses<\/strong>, kas lieliski piem\u0113rotas medic\u012bnas un apkalpo\u0161anas nozares darbiniekiem.<\/p>\n<p><strong>\u012apa\u0161\u012bbas:<\/strong><\/p>\n<ul>\n<li><strong>Kabatas:<\/strong> Kop\u0101 5 praktiskas kabatas \u2013 uz\u0161\u016btas priek\u0161pus\u0113 un aizmugur\u0113, k\u0101 ar\u012b cargo kabata uz bik\u0161u staras, kas nodro\u0161ina pietiekami daudz vietas nepiecie\u0161amo lietu glab\u0101\u0161anai.<\/li>\n<li><strong>Jostasvieta:<\/strong> \u0112rta un labi piegu\u013co\u0161a jostasvieta ar iek\u0161\u0113jo elast\u012bgo gumiju nodro\u0161ina dro\u0161u un stabilu valk\u0101\u0161anu visas darba dienas garum\u0101.<\/li>\n<li><strong>Materi\u0101ls:<\/strong> Viegls un elpojo\u0161s <strong>tvil audums<\/strong> (78% poliesters, 20% rajons, 2% elast\u0101ns) nodro\u0161ina kust\u012bbu br\u012bv\u012bbu, vienlaikus saglab\u0101jot iztur\u012bbu un komfortu.<\/li>\n<li><strong>Kop\u0161ana:<\/strong> Viegli kopjamas \u2013 <strong>mazg\u0101\u0161ana ve\u013cas ma\u0161\u012bn\u0101 l\u012bdz 70\u00b0C<\/strong>, nepiecie\u0161ama minim\u0101la gludin\u0101\u0161ana<\/li>\n<\/ul>\n<p><a href=\"https:\/\/simonjersey.eu\/lv\/produkts\/cherokeesieviesu-taisna-piegriezuma-bikses\/\"><strong>Bikses atrad\u012bsi \u0161eit!!<\/strong><\/a><\/p>\n","protected":false},"featured_media":8992,"template":"","meta":[],"product_brand":[],"product_cat":[486,17,18,72,73,74],"product_tag":[],"class_list":{"0":"post-6865","1":"product","2":"type-product","3":"status-publish","4":"has-post-thumbnail","6":"product_cat-dickies-cherokee-darba-apgerbs","7":"product_cat-skaistumkopsana","8":"product_cat-tunikas","9":"product_cat-veselibas-aprupe","10":"product_cat-arsti-un-medmasas","11":"product_cat-sieviesu-tunikas","13":"first","14":"instock","15":"taxable","16":"shipping-taxable","17":"purchasable","18":"product-type-variable","19":"has-default-attributes"},"yoast_head":"<!-- This site is optimized with the Yoast SEO plugin v27.2 - https:\/\/yoast.com\/product\/yoast-seo-wordpress\/ -->\n<title>Sievie\u0161u Cherokee medic\u012bnas bl\u016bze - Simon Jersey Latvija<\/title>\n<meta name=\"robots\" content=\"index, follow, max-snippet:-1, max-image-preview:large, max-video-preview:-1\" \/>\n<link rel=\"canonical\" href=\"https:\/\/simonjersey.eu\/lv\/produkts\/sieviesu-cherokee-medicinas-bluze\/\" \/>\n<meta property=\"og:locale\" content=\"lv_LV\" \/>\n<meta property=\"og:type\" content=\"article\" \/>\n<meta property=\"og:title\" content=\"Sievie\u0161u Cherokee medic\u012bnas bl\u016bze - Simon Jersey Latvija\" \/>\n<meta property=\"og:description\" content=\"Sievie\u0161u\u00a0 Cherokee tunika\u00a0 piem\u0113rots darbam \u0101rstniec\u012bbas iest\u0101d\u0113, k\u0101 ar\u012b masieriem un fizioterapeitiem,Spa darbiniekiem.  \u0113rta un moderna V veida kakla medic\u012bnas bl\u016bze ir viegls un elpojo\u0161s, \u012asas piedurknes, Divas priek\u0161\u0113j\u0101s kabatas, M\u016bsdien\u012bgs modelis.  Materi\u0101ls veidots t\u0101, lai piel\u0101gotos kust\u012bb\u0101m ar 5% Spandex un poliesteri.  Materi\u0101ls: 78 Poly\/20 Rayon\/ 2 Elastane Twill Care: 70\u00ba wash. \u00a0Inductrial Launder. Easy care garment.  Garums: 66cm  Kop\u0161ana: 70\u00b0 ve\u013cas ma\u0161\u012bn\u0101, viegli kopjama  Izm\u0113ri: XXS-3XL. 4XL\u20135XL pieejams \u0161\u0101d\u0101s kr\u0101s\u0101s: meln\u0101, tum\u0161i zil\u0101, petrol zil\u0101, \u00a0Burgundijas sarkans.  M\u016bsdien\u012bga un moderna dizaina \u0113rtas darba bikses, kas lieliski piem\u0113rotas medic\u012bnas un apkalpo\u0161anas nozares darbiniekiem.  \u012apa\u0161\u012bbas:   Kabatas: Kop\u0101 5 praktiskas kabatas \u2013 uz\u0161\u016btas priek\u0161pus\u0113 un aizmugur\u0113, k\u0101 ar\u012b cargo kabata uz bik\u0161u staras, kas nodro\u0161ina pietiekami daudz vietas nepiecie\u0161amo lietu glab\u0101\u0161anai.  Jostasvieta: \u0112rta un labi piegu\u013co\u0161a jostasvieta ar iek\u0161\u0113jo elast\u012bgo gumiju nodro\u0161ina dro\u0161u un stabilu valk\u0101\u0161anu visas darba dienas garum\u0101.  Materi\u0101ls: Viegls un elpojo\u0161s tvil audums (78% poliesters, 20% rajons, 2% elast\u0101ns) nodro\u0161ina kust\u012bbu br\u012bv\u012bbu, vienlaikus saglab\u0101jot iztur\u012bbu un komfortu.  Kop\u0161ana: Viegli kopjamas \u2013 mazg\u0101\u0161ana ve\u013cas ma\u0161\u012bn\u0101 l\u012bdz 70\u00b0C, nepiecie\u0161ama minim\u0101la gludin\u0101\u0161ana  Bikses atrad\u012bsi \u0161eit!!\" \/>\n<meta property=\"og:url\" content=\"https:\/\/simonjersey.eu\/lv\/produkts\/sieviesu-cherokee-medicinas-bluze\/\" \/>\n<meta property=\"og:site_name\" content=\"Simon Jersey Latvija\" \/>\n<meta property=\"article:modified_time\" content=\"2026-03-09T12:47:05+00:00\" \/>\n<meta property=\"og:image\" content=\"https:\/\/simonjersey.eu\/lv\/wp-content\/uploads\/sites\/2\/2022\/11\/WWE610-MEDITSIINI-JAKK-PUKSID.jpg\" \/>\n\t<meta property=\"og:image:width\" content=\"800\" \/>\n\t<meta property=\"og:image:height\" content=\"1200\" \/>\n\t<meta property=\"og:image:type\" content=\"image\/jpeg\" \/>\n<meta name=\"twitter:card\" content=\"summary_large_image\" \/>\n<meta name=\"twitter:label1\" content=\"Est. reading time\" \/>\n\t<meta name=\"twitter:data1\" content=\"1 min\u016bte\" \/>\n<script type=\"application\/ld+json\" class=\"yoast-schema-graph\">{\"@context\":\"https:\/\/schema.org\",\"@graph\":[{\"@type\":\"WebPage\",\"@id\":\"https:\/\/simonjersey.eu\/lv\/produkts\/sieviesu-cherokee-medicinas-bluze\/\",\"url\":\"https:\/\/simonjersey.eu\/lv\/produkts\/sieviesu-cherokee-medicinas-bluze\/\",\"name\":\"Sievie\u0161u Cherokee medic\u012bnas bl\u016bze - Simon Jersey Latvija\",\"isPartOf\":{\"@id\":\"https:\/\/simonjersey.eu\/lv\/#website\"},\"primaryImageOfPage\":{\"@id\":\"https:\/\/simonjersey.eu\/lv\/produkts\/sieviesu-cherokee-medicinas-bluze\/#primaryimage\"},\"image\":{\"@id\":\"https:\/\/simonjersey.eu\/lv\/produkts\/sieviesu-cherokee-medicinas-bluze\/#primaryimage\"},\"thumbnailUrl\":\"https:\/\/simonjersey.eu\/lv\/wp-content\/uploads\/sites\/2\/2022\/11\/WWE610-MEDITSIINI-JAKK-PUKSID.jpg\",\"datePublished\":\"2022-11-22T12:37:30+00:00\",\"dateModified\":\"2026-03-09T12:47:05+00:00\",\"breadcrumb\":{\"@id\":\"https:\/\/simonjersey.eu\/lv\/produkts\/sieviesu-cherokee-medicinas-bluze\/#breadcrumb\"},\"inLanguage\":\"lv-LV\",\"potentialAction\":[{\"@type\":\"ReadAction\",\"target\":[\"https:\/\/simonjersey.eu\/lv\/produkts\/sieviesu-cherokee-medicinas-bluze\/\"]}]},{\"@type\":\"ImageObject\",\"inLanguage\":\"lv-LV\",\"@id\":\"https:\/\/simonjersey.eu\/lv\/produkts\/sieviesu-cherokee-medicinas-bluze\/#primaryimage\",\"url\":\"https:\/\/simonjersey.eu\/lv\/wp-content\/uploads\/sites\/2\/2022\/11\/WWE610-MEDITSIINI-JAKK-PUKSID.jpg\",\"contentUrl\":\"https:\/\/simonjersey.eu\/lv\/wp-content\/uploads\/sites\/2\/2022\/11\/WWE610-MEDITSIINI-JAKK-PUKSID.jpg\",\"width\":800,\"height\":1200},{\"@type\":\"BreadcrumbList\",\"@id\":\"https:\/\/simonjersey.eu\/lv\/produkts\/sieviesu-cherokee-medicinas-bluze\/#breadcrumb\",\"itemListElement\":[{\"@type\":\"ListItem\",\"position\":1,\"name\":\"Home\",\"item\":\"https:\/\/simonjersey.eu\/lv\/\"},{\"@type\":\"ListItem\",\"position\":2,\"name\":\"E-veikals\",\"item\":\"https:\/\/simonjersey.eu\/lv\/e-veikals\/\"},{\"@type\":\"ListItem\",\"position\":3,\"name\":\"Sievie\u0161u Cherokee medic\u012bnas bl\u016bze\"}]},{\"@type\":\"WebSite\",\"@id\":\"https:\/\/simonjersey.eu\/lv\/#website\",\"url\":\"https:\/\/simonjersey.eu\/lv\/\",\"name\":\"Simon Jersey Latvija\",\"description\":\"Kvalitat\u012bvi un iztur\u012bgi darba ap\u0123\u0113rbi\",\"potentialAction\":[{\"@type\":\"SearchAction\",\"target\":{\"@type\":\"EntryPoint\",\"urlTemplate\":\"https:\/\/simonjersey.eu\/lv\/?s={search_term_string}\"},\"query-input\":{\"@type\":\"PropertyValueSpecification\",\"valueRequired\":true,\"valueName\":\"search_term_string\"}}],\"inLanguage\":\"lv-LV\"}]}<\/script>\n<!-- \/ Yoast SEO plugin. -->","yoast_head_json":{"title":"Sievie\u0161u Cherokee medic\u012bnas bl\u016bze - Simon Jersey Latvija","robots":{"index":"index","follow":"follow","max-snippet":"max-snippet:-1","max-image-preview":"max-image-preview:large","max-video-preview":"max-video-preview:-1"},"canonical":"https:\/\/simonjersey.eu\/lv\/produkts\/sieviesu-cherokee-medicinas-bluze\/","og_locale":"lv_LV","og_type":"article","og_title":"Sievie\u0161u Cherokee medic\u012bnas bl\u016bze - Simon Jersey Latvija","og_description":"Sievie\u0161u\u00a0 Cherokee tunika\u00a0 piem\u0113rots darbam \u0101rstniec\u012bbas iest\u0101d\u0113, k\u0101 ar\u012b masieriem un fizioterapeitiem,Spa darbiniekiem.  \u0113rta un moderna V veida kakla medic\u012bnas bl\u016bze ir viegls un elpojo\u0161s, \u012asas piedurknes, Divas priek\u0161\u0113j\u0101s kabatas, M\u016bsdien\u012bgs modelis.  Materi\u0101ls veidots t\u0101, lai piel\u0101gotos kust\u012bb\u0101m ar 5% Spandex un poliesteri.  Materi\u0101ls: 78 Poly\/20 Rayon\/ 2 Elastane Twill Care: 70\u00ba wash. \u00a0Inductrial Launder. Easy care garment.  Garums: 66cm  Kop\u0161ana: 70\u00b0 ve\u013cas ma\u0161\u012bn\u0101, viegli kopjama  Izm\u0113ri: XXS-3XL. 4XL\u20135XL pieejams \u0161\u0101d\u0101s kr\u0101s\u0101s: meln\u0101, tum\u0161i zil\u0101, petrol zil\u0101, \u00a0Burgundijas sarkans.  M\u016bsdien\u012bga un moderna dizaina \u0113rtas darba bikses, kas lieliski piem\u0113rotas medic\u012bnas un apkalpo\u0161anas nozares darbiniekiem.  \u012apa\u0161\u012bbas:   Kabatas: Kop\u0101 5 praktiskas kabatas \u2013 uz\u0161\u016btas priek\u0161pus\u0113 un aizmugur\u0113, k\u0101 ar\u012b cargo kabata uz bik\u0161u staras, kas nodro\u0161ina pietiekami daudz vietas nepiecie\u0161amo lietu glab\u0101\u0161anai.  Jostasvieta: \u0112rta un labi piegu\u013co\u0161a jostasvieta ar iek\u0161\u0113jo elast\u012bgo gumiju nodro\u0161ina dro\u0161u un stabilu valk\u0101\u0161anu visas darba dienas garum\u0101.  Materi\u0101ls: Viegls un elpojo\u0161s tvil audums (78% poliesters, 20% rajons, 2% elast\u0101ns) nodro\u0161ina kust\u012bbu br\u012bv\u012bbu, vienlaikus saglab\u0101jot iztur\u012bbu un komfortu.  Kop\u0161ana: Viegli kopjamas \u2013 mazg\u0101\u0161ana ve\u013cas ma\u0161\u012bn\u0101 l\u012bdz 70\u00b0C, nepiecie\u0161ama minim\u0101la gludin\u0101\u0161ana  Bikses atrad\u012bsi \u0161eit!!","og_url":"https:\/\/simonjersey.eu\/lv\/produkts\/sieviesu-cherokee-medicinas-bluze\/","og_site_name":"Simon Jersey Latvija","article_modified_time":"2026-03-09T12:47:05+00:00","og_image":[{"width":800,"height":1200,"url":"https:\/\/simonjersey.eu\/lv\/wp-content\/uploads\/sites\/2\/2022\/11\/WWE610-MEDITSIINI-JAKK-PUKSID.jpg","type":"image\/jpeg"}],"twitter_card":"summary_large_image","twitter_misc":{"Est. reading time":"1 min\u016bte"},"schema":{"@context":"https:\/\/schema.org","@graph":[{"@type":"WebPage","@id":"https:\/\/simonjersey.eu\/lv\/produkts\/sieviesu-cherokee-medicinas-bluze\/","url":"https:\/\/simonjersey.eu\/lv\/produkts\/sieviesu-cherokee-medicinas-bluze\/","name":"Sievie\u0161u Cherokee medic\u012bnas bl\u016bze - Simon Jersey Latvija","isPartOf":{"@id":"https:\/\/simonjersey.eu\/lv\/#website"},"primaryImageOfPage":{"@id":"https:\/\/simonjersey.eu\/lv\/produkts\/sieviesu-cherokee-medicinas-bluze\/#primaryimage"},"image":{"@id":"https:\/\/simonjersey.eu\/lv\/produkts\/sieviesu-cherokee-medicinas-bluze\/#primaryimage"},"thumbnailUrl":"https:\/\/simonjersey.eu\/lv\/wp-content\/uploads\/sites\/2\/2022\/11\/WWE610-MEDITSIINI-JAKK-PUKSID.jpg","datePublished":"2022-11-22T12:37:30+00:00","dateModified":"2026-03-09T12:47:05+00:00","breadcrumb":{"@id":"https:\/\/simonjersey.eu\/lv\/produkts\/sieviesu-cherokee-medicinas-bluze\/#breadcrumb"},"inLanguage":"lv-LV","potentialAction":[{"@type":"ReadAction","target":["https:\/\/simonjersey.eu\/lv\/produkts\/sieviesu-cherokee-medicinas-bluze\/"]}]},{"@type":"ImageObject","inLanguage":"lv-LV","@id":"https:\/\/simonjersey.eu\/lv\/produkts\/sieviesu-cherokee-medicinas-bluze\/#primaryimage","url":"https:\/\/simonjersey.eu\/lv\/wp-content\/uploads\/sites\/2\/2022\/11\/WWE610-MEDITSIINI-JAKK-PUKSID.jpg","contentUrl":"https:\/\/simonjersey.eu\/lv\/wp-content\/uploads\/sites\/2\/2022\/11\/WWE610-MEDITSIINI-JAKK-PUKSID.jpg","width":800,"height":1200},{"@type":"BreadcrumbList","@id":"https:\/\/simonjersey.eu\/lv\/produkts\/sieviesu-cherokee-medicinas-bluze\/#breadcrumb","itemListElement":[{"@type":"ListItem","position":1,"name":"Home","item":"https:\/\/simonjersey.eu\/lv\/"},{"@type":"ListItem","position":2,"name":"E-veikals","item":"https:\/\/simonjersey.eu\/lv\/e-veikals\/"},{"@type":"ListItem","position":3,"name":"Sievie\u0161u Cherokee medic\u012bnas bl\u016bze"}]},{"@type":"WebSite","@id":"https:\/\/simonjersey.eu\/lv\/#website","url":"https:\/\/simonjersey.eu\/lv\/","name":"Simon Jersey Latvija","description":"Kvalitat\u012bvi un iztur\u012bgi darba ap\u0123\u0113rbi","potentialAction":[{"@type":"SearchAction","target":{"@type":"EntryPoint","urlTemplate":"https:\/\/simonjersey.eu\/lv\/?s={search_term_string}"},"query-input":{"@type":"PropertyValueSpecification","valueRequired":true,"valueName":"search_term_string"}}],"inLanguage":"lv-LV"}]}},"_links":{"self":[{"href":"https:\/\/simonjersey.eu\/lv\/wp-json\/wp\/v2\/product\/6865","targetHints":{"allow":["GET"]}}],"collection":[{"href":"https:\/\/simonjersey.eu\/lv\/wp-json\/wp\/v2\/product"}],"about":[{"href":"https:\/\/simonjersey.eu\/lv\/wp-json\/wp\/v2\/types\/product"}],"wp:featuredmedia":[{"embeddable":true,"href":"https:\/\/simonjersey.eu\/lv\/wp-json\/wp\/v2\/media\/8992"}],"wp:attachment":[{"href":"https:\/\/simonjersey.eu\/lv\/wp-json\/wp\/v2\/media?parent=6865"}],"wp:term":[{"taxonomy":"product_brand","embeddable":true,"href":"https:\/\/simonjersey.eu\/lv\/wp-json\/wp\/v2\/product_brand?post=6865"},{"taxonomy":"product_cat","embeddable":true,"href":"https:\/\/simonjersey.eu\/lv\/wp-json\/wp\/v2\/product_cat?post=6865"},{"taxonomy":"product_tag","embeddable":true,"href":"https:\/\/simonjersey.eu\/lv\/wp-json\/wp\/v2\/product_tag?post=6865"}],"curies":[{"name":"wp","href":"https:\/\/api.w.org\/{rel}","templated":true}]}}