{"id":6875,"date":"2022-11-22T16:06:05","date_gmt":"2022-11-22T13:06:05","guid":{"rendered":"https:\/\/simonjersey.eu\/lv\/?post_type=product&#038;p=6875"},"modified":"2024-01-23T13:58:43","modified_gmt":"2024-01-23T10:58:43","slug":"dickies-balance-sieviesu-medicinas-bluze","status":"publish","type":"product","link":"https:\/\/simonjersey.eu\/lv\/produkts\/dickies-balance-sieviesu-medicinas-bluze\/","title":{"rendered":"Dickies Balance sievie\u0161u medic\u012bnas bl\u016bze"},"content":{"rendered":"","protected":false},"excerpt":{"rendered":"<p>Stil\u012bgais Dickies Balance sievie\u0161u skrubis ar V veida kakla izgriezumu ar ribu ad\u012btiem pane\u013ciem ir ide\u0101ls papildin\u0101jums j\u016bsu vesel\u012bbas apr\u016bpes formas t\u0113rpam. M\u016bsdien\u012bgs piegriezums, rievotu kakls, divas priek\u0161\u0113j\u0101s kabatas ar iel\u0101pu, aizmugur\u0113jie ribu ad\u012bti pane\u013ci komfortam un nedaudz izliekta apak\u0161mala. Pateicoties lieliskajam auduma sast\u0101vam, tunika ir viegla, elpojo\u0161a un \u0113rta valk\u0101t\u0101jam un labi piegu\u013c.<\/p>\n<p>Garums: 67cm<\/p>\n<p>Materi\u0101ls: 77% Polyester\/20% Rayon\/3% Elastane Twill<br \/>\nKop\u0161ana: 60 \u00b0 mazg\u0101\u0161ana, nepiecie\u0161ama minim\u0101la gludin\u0101\u0161ana.<br \/>\nIzm\u0113ri: XXS-3XL.<\/p>\n","protected":false},"featured_media":7310,"template":"","meta":[],"product_brand":[],"product_cat":[486,17,18,72,73,74],"product_tag":[],"class_list":{"0":"post-6875","1":"product","2":"type-product","3":"status-publish","4":"has-post-thumbnail","6":"product_cat-dickies-cherokee-darba-apgerbs","7":"product_cat-skaistumkopsana","8":"product_cat-tunikas","9":"product_cat-veselibas-aprupe","10":"product_cat-arsti-un-medmasas","11":"product_cat-sieviesu-tunikas","13":"first","14":"instock","15":"taxable","16":"shipping-taxable","17":"purchasable","18":"product-type-variable","19":"has-default-attributes"},"yoast_head":"<!-- This site is optimized with the Yoast SEO plugin v27.2 - https:\/\/yoast.com\/product\/yoast-seo-wordpress\/ -->\n<title>Dickies Balance sievie\u0161u medic\u012bnas bl\u016bze - Simon Jersey Latvija<\/title>\n<meta name=\"robots\" content=\"index, follow, max-snippet:-1, max-image-preview:large, max-video-preview:-1\" \/>\n<link rel=\"canonical\" href=\"https:\/\/simonjersey.eu\/lv\/produkts\/dickies-balance-sieviesu-medicinas-bluze\/\" \/>\n<meta property=\"og:locale\" content=\"lv_LV\" \/>\n<meta property=\"og:type\" content=\"article\" \/>\n<meta property=\"og:title\" content=\"Dickies Balance sievie\u0161u medic\u012bnas bl\u016bze - Simon Jersey Latvija\" \/>\n<meta property=\"og:description\" content=\"Stil\u012bgais Dickies Balance sievie\u0161u skrubis ar V veida kakla izgriezumu ar ribu ad\u012btiem pane\u013ciem ir ide\u0101ls papildin\u0101jums j\u016bsu vesel\u012bbas apr\u016bpes formas t\u0113rpam. M\u016bsdien\u012bgs piegriezums, rievotu kakls, divas priek\u0161\u0113j\u0101s kabatas ar iel\u0101pu, aizmugur\u0113jie ribu ad\u012bti pane\u013ci komfortam un nedaudz izliekta apak\u0161mala. Pateicoties lieliskajam auduma sast\u0101vam, tunika ir viegla, elpojo\u0161a un \u0113rta valk\u0101t\u0101jam un labi piegu\u013c.  Garums: 67cm  Materi\u0101ls: 77% Polyester\/20% Rayon\/3% Elastane Twill Kop\u0161ana: 60 \u00b0 mazg\u0101\u0161ana, nepiecie\u0161ama minim\u0101la gludin\u0101\u0161ana. Izm\u0113ri: XXS-3XL.\" \/>\n<meta property=\"og:url\" content=\"https:\/\/simonjersey.eu\/lv\/produkts\/dickies-balance-sieviesu-medicinas-bluze\/\" \/>\n<meta property=\"og:site_name\" content=\"Simon Jersey Latvija\" \/>\n<meta property=\"article:modified_time\" content=\"2024-01-23T10:58:43+00:00\" \/>\n<meta property=\"og:image\" content=\"https:\/\/simonjersey.eu\/lv\/wp-content\/uploads\/sites\/2\/2022\/11\/DKE870-Dickies-meditsiini-tuunika-Royal.jpg\" \/>\n\t<meta property=\"og:image:width\" content=\"800\" \/>\n\t<meta property=\"og:image:height\" content=\"1200\" \/>\n\t<meta property=\"og:image:type\" content=\"image\/jpeg\" \/>\n<meta name=\"twitter:card\" content=\"summary_large_image\" \/>\n<script type=\"application\/ld+json\" class=\"yoast-schema-graph\">{\"@context\":\"https:\/\/schema.org\",\"@graph\":[{\"@type\":\"WebPage\",\"@id\":\"https:\/\/simonjersey.eu\/lv\/produkts\/dickies-balance-sieviesu-medicinas-bluze\/\",\"url\":\"https:\/\/simonjersey.eu\/lv\/produkts\/dickies-balance-sieviesu-medicinas-bluze\/\",\"name\":\"Dickies Balance sievie\u0161u medic\u012bnas bl\u016bze - Simon Jersey Latvija\",\"isPartOf\":{\"@id\":\"https:\/\/simonjersey.eu\/lv\/#website\"},\"primaryImageOfPage\":{\"@id\":\"https:\/\/simonjersey.eu\/lv\/produkts\/dickies-balance-sieviesu-medicinas-bluze\/#primaryimage\"},\"image\":{\"@id\":\"https:\/\/simonjersey.eu\/lv\/produkts\/dickies-balance-sieviesu-medicinas-bluze\/#primaryimage\"},\"thumbnailUrl\":\"https:\/\/simonjersey.eu\/lv\/wp-content\/uploads\/sites\/2\/2022\/11\/DKE870-Dickies-meditsiini-tuunika-Royal.jpg\",\"datePublished\":\"2022-11-22T13:06:05+00:00\",\"dateModified\":\"2024-01-23T10:58:43+00:00\",\"breadcrumb\":{\"@id\":\"https:\/\/simonjersey.eu\/lv\/produkts\/dickies-balance-sieviesu-medicinas-bluze\/#breadcrumb\"},\"inLanguage\":\"lv-LV\",\"potentialAction\":[{\"@type\":\"ReadAction\",\"target\":[\"https:\/\/simonjersey.eu\/lv\/produkts\/dickies-balance-sieviesu-medicinas-bluze\/\"]}]},{\"@type\":\"ImageObject\",\"inLanguage\":\"lv-LV\",\"@id\":\"https:\/\/simonjersey.eu\/lv\/produkts\/dickies-balance-sieviesu-medicinas-bluze\/#primaryimage\",\"url\":\"https:\/\/simonjersey.eu\/lv\/wp-content\/uploads\/sites\/2\/2022\/11\/DKE870-Dickies-meditsiini-tuunika-Royal.jpg\",\"contentUrl\":\"https:\/\/simonjersey.eu\/lv\/wp-content\/uploads\/sites\/2\/2022\/11\/DKE870-Dickies-meditsiini-tuunika-Royal.jpg\",\"width\":800,\"height\":1200},{\"@type\":\"BreadcrumbList\",\"@id\":\"https:\/\/simonjersey.eu\/lv\/produkts\/dickies-balance-sieviesu-medicinas-bluze\/#breadcrumb\",\"itemListElement\":[{\"@type\":\"ListItem\",\"position\":1,\"name\":\"Home\",\"item\":\"https:\/\/simonjersey.eu\/lv\/\"},{\"@type\":\"ListItem\",\"position\":2,\"name\":\"E-veikals\",\"item\":\"https:\/\/simonjersey.eu\/lv\/e-veikals\/\"},{\"@type\":\"ListItem\",\"position\":3,\"name\":\"Dickies Balance sievie\u0161u medic\u012bnas bl\u016bze\"}]},{\"@type\":\"WebSite\",\"@id\":\"https:\/\/simonjersey.eu\/lv\/#website\",\"url\":\"https:\/\/simonjersey.eu\/lv\/\",\"name\":\"Simon Jersey Latvija\",\"description\":\"Kvalitat\u012bvi un iztur\u012bgi darba ap\u0123\u0113rbi\",\"potentialAction\":[{\"@type\":\"SearchAction\",\"target\":{\"@type\":\"EntryPoint\",\"urlTemplate\":\"https:\/\/simonjersey.eu\/lv\/?s={search_term_string}\"},\"query-input\":{\"@type\":\"PropertyValueSpecification\",\"valueRequired\":true,\"valueName\":\"search_term_string\"}}],\"inLanguage\":\"lv-LV\"}]}<\/script>\n<!-- \/ Yoast SEO plugin. -->","yoast_head_json":{"title":"Dickies Balance sievie\u0161u medic\u012bnas bl\u016bze - Simon Jersey Latvija","robots":{"index":"index","follow":"follow","max-snippet":"max-snippet:-1","max-image-preview":"max-image-preview:large","max-video-preview":"max-video-preview:-1"},"canonical":"https:\/\/simonjersey.eu\/lv\/produkts\/dickies-balance-sieviesu-medicinas-bluze\/","og_locale":"lv_LV","og_type":"article","og_title":"Dickies Balance sievie\u0161u medic\u012bnas bl\u016bze - Simon Jersey Latvija","og_description":"Stil\u012bgais Dickies Balance sievie\u0161u skrubis ar V veida kakla izgriezumu ar ribu ad\u012btiem pane\u013ciem ir ide\u0101ls papildin\u0101jums j\u016bsu vesel\u012bbas apr\u016bpes formas t\u0113rpam. M\u016bsdien\u012bgs piegriezums, rievotu kakls, divas priek\u0161\u0113j\u0101s kabatas ar iel\u0101pu, aizmugur\u0113jie ribu ad\u012bti pane\u013ci komfortam un nedaudz izliekta apak\u0161mala. Pateicoties lieliskajam auduma sast\u0101vam, tunika ir viegla, elpojo\u0161a un \u0113rta valk\u0101t\u0101jam un labi piegu\u013c.  Garums: 67cm  Materi\u0101ls: 77% Polyester\/20% Rayon\/3% Elastane Twill Kop\u0161ana: 60 \u00b0 mazg\u0101\u0161ana, nepiecie\u0161ama minim\u0101la gludin\u0101\u0161ana. Izm\u0113ri: XXS-3XL.","og_url":"https:\/\/simonjersey.eu\/lv\/produkts\/dickies-balance-sieviesu-medicinas-bluze\/","og_site_name":"Simon Jersey Latvija","article_modified_time":"2024-01-23T10:58:43+00:00","og_image":[{"width":800,"height":1200,"url":"https:\/\/simonjersey.eu\/lv\/wp-content\/uploads\/sites\/2\/2022\/11\/DKE870-Dickies-meditsiini-tuunika-Royal.jpg","type":"image\/jpeg"}],"twitter_card":"summary_large_image","schema":{"@context":"https:\/\/schema.org","@graph":[{"@type":"WebPage","@id":"https:\/\/simonjersey.eu\/lv\/produkts\/dickies-balance-sieviesu-medicinas-bluze\/","url":"https:\/\/simonjersey.eu\/lv\/produkts\/dickies-balance-sieviesu-medicinas-bluze\/","name":"Dickies Balance sievie\u0161u medic\u012bnas bl\u016bze - Simon Jersey Latvija","isPartOf":{"@id":"https:\/\/simonjersey.eu\/lv\/#website"},"primaryImageOfPage":{"@id":"https:\/\/simonjersey.eu\/lv\/produkts\/dickies-balance-sieviesu-medicinas-bluze\/#primaryimage"},"image":{"@id":"https:\/\/simonjersey.eu\/lv\/produkts\/dickies-balance-sieviesu-medicinas-bluze\/#primaryimage"},"thumbnailUrl":"https:\/\/simonjersey.eu\/lv\/wp-content\/uploads\/sites\/2\/2022\/11\/DKE870-Dickies-meditsiini-tuunika-Royal.jpg","datePublished":"2022-11-22T13:06:05+00:00","dateModified":"2024-01-23T10:58:43+00:00","breadcrumb":{"@id":"https:\/\/simonjersey.eu\/lv\/produkts\/dickies-balance-sieviesu-medicinas-bluze\/#breadcrumb"},"inLanguage":"lv-LV","potentialAction":[{"@type":"ReadAction","target":["https:\/\/simonjersey.eu\/lv\/produkts\/dickies-balance-sieviesu-medicinas-bluze\/"]}]},{"@type":"ImageObject","inLanguage":"lv-LV","@id":"https:\/\/simonjersey.eu\/lv\/produkts\/dickies-balance-sieviesu-medicinas-bluze\/#primaryimage","url":"https:\/\/simonjersey.eu\/lv\/wp-content\/uploads\/sites\/2\/2022\/11\/DKE870-Dickies-meditsiini-tuunika-Royal.jpg","contentUrl":"https:\/\/simonjersey.eu\/lv\/wp-content\/uploads\/sites\/2\/2022\/11\/DKE870-Dickies-meditsiini-tuunika-Royal.jpg","width":800,"height":1200},{"@type":"BreadcrumbList","@id":"https:\/\/simonjersey.eu\/lv\/produkts\/dickies-balance-sieviesu-medicinas-bluze\/#breadcrumb","itemListElement":[{"@type":"ListItem","position":1,"name":"Home","item":"https:\/\/simonjersey.eu\/lv\/"},{"@type":"ListItem","position":2,"name":"E-veikals","item":"https:\/\/simonjersey.eu\/lv\/e-veikals\/"},{"@type":"ListItem","position":3,"name":"Dickies Balance sievie\u0161u medic\u012bnas bl\u016bze"}]},{"@type":"WebSite","@id":"https:\/\/simonjersey.eu\/lv\/#website","url":"https:\/\/simonjersey.eu\/lv\/","name":"Simon Jersey Latvija","description":"Kvalitat\u012bvi un iztur\u012bgi darba ap\u0123\u0113rbi","potentialAction":[{"@type":"SearchAction","target":{"@type":"EntryPoint","urlTemplate":"https:\/\/simonjersey.eu\/lv\/?s={search_term_string}"},"query-input":{"@type":"PropertyValueSpecification","valueRequired":true,"valueName":"search_term_string"}}],"inLanguage":"lv-LV"}]}},"_links":{"self":[{"href":"https:\/\/simonjersey.eu\/lv\/wp-json\/wp\/v2\/product\/6875","targetHints":{"allow":["GET"]}}],"collection":[{"href":"https:\/\/simonjersey.eu\/lv\/wp-json\/wp\/v2\/product"}],"about":[{"href":"https:\/\/simonjersey.eu\/lv\/wp-json\/wp\/v2\/types\/product"}],"wp:featuredmedia":[{"embeddable":true,"href":"https:\/\/simonjersey.eu\/lv\/wp-json\/wp\/v2\/media\/7310"}],"wp:attachment":[{"href":"https:\/\/simonjersey.eu\/lv\/wp-json\/wp\/v2\/media?parent=6875"}],"wp:term":[{"taxonomy":"product_brand","embeddable":true,"href":"https:\/\/simonjersey.eu\/lv\/wp-json\/wp\/v2\/product_brand?post=6875"},{"taxonomy":"product_cat","embeddable":true,"href":"https:\/\/simonjersey.eu\/lv\/wp-json\/wp\/v2\/product_cat?post=6875"},{"taxonomy":"product_tag","embeddable":true,"href":"https:\/\/simonjersey.eu\/lv\/wp-json\/wp\/v2\/product_tag?post=6875"}],"curies":[{"name":"wp","href":"https:\/\/api.w.org\/{rel}","templated":true}]}}