{"id":6890,"date":"2022-11-22T17:00:13","date_gmt":"2022-11-22T14:00:13","guid":{"rendered":"https:\/\/simonjersey.eu\/lv\/?post_type=product&#038;p=6890"},"modified":"2024-01-23T14:11:21","modified_gmt":"2024-01-23T11:11:21","slug":"dickies-balance-sieviesu-medicinas-bikses","status":"publish","type":"product","link":"https:\/\/simonjersey.eu\/lv\/produkts\/dickies-balance-sieviesu-medicinas-bikses\/","title":{"rendered":"Dickies Balance sievie\u0161u medic\u012bnas bikses"},"content":{"rendered":"","protected":false},"excerpt":{"rendered":"<p>Sievie\u0161u bikses Dickies Balance piem\u0113rotas slimn\u012bcu m\u0101s\u0101m, masieriem un fizioterapeitiem, kas str\u0101d\u0101 \u0101rstniec\u012bbas iest\u0101d\u0113, k\u0101 ar\u012b uzkop\u0161anas servis\u0101. Pateicoties lieliskajam auduma sast\u0101vam, bikses ir vieglas, \u0113rtas un labi piegu\u013c.<\/p>\n<p>\u0160aj\u0101 \u0113rtaj\u0101 un funkcion\u0101laj\u0101 vid\u0113ja l\u012bme\u0146a uzvelkamaj\u0101 biks\u012bt\u0113 ir konusveida k\u0101ja, ar rib\u0101m ad\u012bta jostasvieta ar aptvertu elast\u012bgu un iek\u0161\u0113jo auklu, kas nodro\u0161ina piln\u012bgu jostasvietas atbalstu. Ar daudz\u0101m kabat\u0101m vis\u0101m j\u016bsu uzglab\u0101\u0161anas vajadz\u012bb\u0101m, ieskaitot divas priek\u0161\u0113j\u0101s kabatas, vienu kravas kabatu, vienu sl\u0113ptu r\u0101v\u0113jsl\u0113dz\u0113ja kabatu un divas aizmugures kabatas. Dekorat\u012bv\u0101 lab\u0101s puses cilpi\u0146a un Dickies ton\u0101l\u0101 aust\u0101 eti\u0137ete. M\u016bsdienu fit.<\/p>\n<p>Garums: 67cm<\/p>\n<p>Materi\u0101ls: 77% Polyester\/20% Rayon\/3% Elastane Twill<br \/>\nKop\u0161ana: 60 \u00b0 mazg\u0101\u0161ana, nepiecie\u0161ama minim\u0101la gludin\u0101\u0161ana.<br \/>\nIzm\u0113ri: XXS-3XL.<\/p>\n<p>&nbsp;<\/p>\n<p>&nbsp;<\/p>\n<p>&nbsp;<\/p>\n","protected":false},"featured_media":7327,"template":"","meta":[],"product_brand":[],"product_cat":[486,17,20,72,73,76],"product_tag":[],"class_list":{"0":"post-6890","1":"product","2":"type-product","3":"status-publish","4":"has-post-thumbnail","6":"product_cat-dickies-cherokee-darba-apgerbs","7":"product_cat-skaistumkopsana","8":"product_cat-bikses","9":"product_cat-veselibas-aprupe","10":"product_cat-arsti-un-medmasas","11":"product_cat-bikses-arsti-un-medmasas","13":"first","14":"instock","15":"taxable","16":"shipping-taxable","17":"purchasable","18":"product-type-variable","19":"has-default-attributes"},"yoast_head":"<!-- This site is optimized with the Yoast SEO plugin v27.2 - https:\/\/yoast.com\/product\/yoast-seo-wordpress\/ -->\n<title>Dickies Balance sievie\u0161u medic\u012bnas bikses - Simon Jersey Latvija<\/title>\n<meta name=\"robots\" content=\"index, follow, max-snippet:-1, max-image-preview:large, max-video-preview:-1\" \/>\n<link rel=\"canonical\" href=\"https:\/\/simonjersey.eu\/lv\/produkts\/dickies-balance-sieviesu-medicinas-bikses\/\" \/>\n<meta property=\"og:locale\" content=\"lv_LV\" \/>\n<meta property=\"og:type\" content=\"article\" \/>\n<meta property=\"og:title\" content=\"Dickies Balance sievie\u0161u medic\u012bnas bikses - Simon Jersey Latvija\" \/>\n<meta property=\"og:description\" content=\"Sievie\u0161u bikses Dickies Balance piem\u0113rotas slimn\u012bcu m\u0101s\u0101m, masieriem un fizioterapeitiem, kas str\u0101d\u0101 \u0101rstniec\u012bbas iest\u0101d\u0113, k\u0101 ar\u012b uzkop\u0161anas servis\u0101. Pateicoties lieliskajam auduma sast\u0101vam, bikses ir vieglas, \u0113rtas un labi piegu\u013c.  \u0160aj\u0101 \u0113rtaj\u0101 un funkcion\u0101laj\u0101 vid\u0113ja l\u012bme\u0146a uzvelkamaj\u0101 biks\u012bt\u0113 ir konusveida k\u0101ja, ar rib\u0101m ad\u012bta jostasvieta ar aptvertu elast\u012bgu un iek\u0161\u0113jo auklu, kas nodro\u0161ina piln\u012bgu jostasvietas atbalstu. Ar daudz\u0101m kabat\u0101m vis\u0101m j\u016bsu uzglab\u0101\u0161anas vajadz\u012bb\u0101m, ieskaitot divas priek\u0161\u0113j\u0101s kabatas, vienu kravas kabatu, vienu sl\u0113ptu r\u0101v\u0113jsl\u0113dz\u0113ja kabatu un divas aizmugures kabatas. Dekorat\u012bv\u0101 lab\u0101s puses cilpi\u0146a un Dickies ton\u0101l\u0101 aust\u0101 eti\u0137ete. M\u016bsdienu fit.  Garums: 67cm  Materi\u0101ls: 77% Polyester\/20% Rayon\/3% Elastane Twill Kop\u0161ana: 60 \u00b0 mazg\u0101\u0161ana, nepiecie\u0161ama minim\u0101la gludin\u0101\u0161ana. Izm\u0113ri: XXS-3XL.  &nbsp;  &nbsp;  &nbsp;\" \/>\n<meta property=\"og:url\" content=\"https:\/\/simonjersey.eu\/lv\/produkts\/dickies-balance-sieviesu-medicinas-bikses\/\" \/>\n<meta property=\"og:site_name\" content=\"Simon Jersey Latvija\" \/>\n<meta property=\"article:modified_time\" content=\"2024-01-23T11:11:21+00:00\" \/>\n<meta property=\"og:image\" content=\"https:\/\/simonjersey.eu\/lv\/wp-content\/uploads\/sites\/2\/2022\/11\/DKE135-Dickies-hoitajan-housut-vaaleasininen.jpg\" \/>\n\t<meta property=\"og:image:width\" content=\"800\" \/>\n\t<meta property=\"og:image:height\" content=\"1200\" \/>\n\t<meta property=\"og:image:type\" content=\"image\/jpeg\" \/>\n<meta name=\"twitter:card\" content=\"summary_large_image\" \/>\n<script type=\"application\/ld+json\" class=\"yoast-schema-graph\">{\"@context\":\"https:\/\/schema.org\",\"@graph\":[{\"@type\":\"WebPage\",\"@id\":\"https:\/\/simonjersey.eu\/lv\/produkts\/dickies-balance-sieviesu-medicinas-bikses\/\",\"url\":\"https:\/\/simonjersey.eu\/lv\/produkts\/dickies-balance-sieviesu-medicinas-bikses\/\",\"name\":\"Dickies Balance sievie\u0161u medic\u012bnas bikses - Simon Jersey Latvija\",\"isPartOf\":{\"@id\":\"https:\/\/simonjersey.eu\/lv\/#website\"},\"primaryImageOfPage\":{\"@id\":\"https:\/\/simonjersey.eu\/lv\/produkts\/dickies-balance-sieviesu-medicinas-bikses\/#primaryimage\"},\"image\":{\"@id\":\"https:\/\/simonjersey.eu\/lv\/produkts\/dickies-balance-sieviesu-medicinas-bikses\/#primaryimage\"},\"thumbnailUrl\":\"https:\/\/simonjersey.eu\/lv\/wp-content\/uploads\/sites\/2\/2022\/11\/DKE135-Dickies-hoitajan-housut-vaaleasininen.jpg\",\"datePublished\":\"2022-11-22T14:00:13+00:00\",\"dateModified\":\"2024-01-23T11:11:21+00:00\",\"breadcrumb\":{\"@id\":\"https:\/\/simonjersey.eu\/lv\/produkts\/dickies-balance-sieviesu-medicinas-bikses\/#breadcrumb\"},\"inLanguage\":\"lv-LV\",\"potentialAction\":[{\"@type\":\"ReadAction\",\"target\":[\"https:\/\/simonjersey.eu\/lv\/produkts\/dickies-balance-sieviesu-medicinas-bikses\/\"]}]},{\"@type\":\"ImageObject\",\"inLanguage\":\"lv-LV\",\"@id\":\"https:\/\/simonjersey.eu\/lv\/produkts\/dickies-balance-sieviesu-medicinas-bikses\/#primaryimage\",\"url\":\"https:\/\/simonjersey.eu\/lv\/wp-content\/uploads\/sites\/2\/2022\/11\/DKE135-Dickies-hoitajan-housut-vaaleasininen.jpg\",\"contentUrl\":\"https:\/\/simonjersey.eu\/lv\/wp-content\/uploads\/sites\/2\/2022\/11\/DKE135-Dickies-hoitajan-housut-vaaleasininen.jpg\",\"width\":800,\"height\":1200},{\"@type\":\"BreadcrumbList\",\"@id\":\"https:\/\/simonjersey.eu\/lv\/produkts\/dickies-balance-sieviesu-medicinas-bikses\/#breadcrumb\",\"itemListElement\":[{\"@type\":\"ListItem\",\"position\":1,\"name\":\"Home\",\"item\":\"https:\/\/simonjersey.eu\/lv\/\"},{\"@type\":\"ListItem\",\"position\":2,\"name\":\"E-veikals\",\"item\":\"https:\/\/simonjersey.eu\/lv\/e-veikals\/\"},{\"@type\":\"ListItem\",\"position\":3,\"name\":\"Dickies Balance sievie\u0161u medic\u012bnas bikses\"}]},{\"@type\":\"WebSite\",\"@id\":\"https:\/\/simonjersey.eu\/lv\/#website\",\"url\":\"https:\/\/simonjersey.eu\/lv\/\",\"name\":\"Simon Jersey Latvija\",\"description\":\"Kvalitat\u012bvi un iztur\u012bgi darba ap\u0123\u0113rbi\",\"potentialAction\":[{\"@type\":\"SearchAction\",\"target\":{\"@type\":\"EntryPoint\",\"urlTemplate\":\"https:\/\/simonjersey.eu\/lv\/?s={search_term_string}\"},\"query-input\":{\"@type\":\"PropertyValueSpecification\",\"valueRequired\":true,\"valueName\":\"search_term_string\"}}],\"inLanguage\":\"lv-LV\"}]}<\/script>\n<!-- \/ Yoast SEO plugin. -->","yoast_head_json":{"title":"Dickies Balance sievie\u0161u medic\u012bnas bikses - Simon Jersey Latvija","robots":{"index":"index","follow":"follow","max-snippet":"max-snippet:-1","max-image-preview":"max-image-preview:large","max-video-preview":"max-video-preview:-1"},"canonical":"https:\/\/simonjersey.eu\/lv\/produkts\/dickies-balance-sieviesu-medicinas-bikses\/","og_locale":"lv_LV","og_type":"article","og_title":"Dickies Balance sievie\u0161u medic\u012bnas bikses - Simon Jersey Latvija","og_description":"Sievie\u0161u bikses Dickies Balance piem\u0113rotas slimn\u012bcu m\u0101s\u0101m, masieriem un fizioterapeitiem, kas str\u0101d\u0101 \u0101rstniec\u012bbas iest\u0101d\u0113, k\u0101 ar\u012b uzkop\u0161anas servis\u0101. Pateicoties lieliskajam auduma sast\u0101vam, bikses ir vieglas, \u0113rtas un labi piegu\u013c.  \u0160aj\u0101 \u0113rtaj\u0101 un funkcion\u0101laj\u0101 vid\u0113ja l\u012bme\u0146a uzvelkamaj\u0101 biks\u012bt\u0113 ir konusveida k\u0101ja, ar rib\u0101m ad\u012bta jostasvieta ar aptvertu elast\u012bgu un iek\u0161\u0113jo auklu, kas nodro\u0161ina piln\u012bgu jostasvietas atbalstu. Ar daudz\u0101m kabat\u0101m vis\u0101m j\u016bsu uzglab\u0101\u0161anas vajadz\u012bb\u0101m, ieskaitot divas priek\u0161\u0113j\u0101s kabatas, vienu kravas kabatu, vienu sl\u0113ptu r\u0101v\u0113jsl\u0113dz\u0113ja kabatu un divas aizmugures kabatas. Dekorat\u012bv\u0101 lab\u0101s puses cilpi\u0146a un Dickies ton\u0101l\u0101 aust\u0101 eti\u0137ete. M\u016bsdienu fit.  Garums: 67cm  Materi\u0101ls: 77% Polyester\/20% Rayon\/3% Elastane Twill Kop\u0161ana: 60 \u00b0 mazg\u0101\u0161ana, nepiecie\u0161ama minim\u0101la gludin\u0101\u0161ana. Izm\u0113ri: XXS-3XL.  &nbsp;  &nbsp;  &nbsp;","og_url":"https:\/\/simonjersey.eu\/lv\/produkts\/dickies-balance-sieviesu-medicinas-bikses\/","og_site_name":"Simon Jersey Latvija","article_modified_time":"2024-01-23T11:11:21+00:00","og_image":[{"width":800,"height":1200,"url":"https:\/\/simonjersey.eu\/lv\/wp-content\/uploads\/sites\/2\/2022\/11\/DKE135-Dickies-hoitajan-housut-vaaleasininen.jpg","type":"image\/jpeg"}],"twitter_card":"summary_large_image","schema":{"@context":"https:\/\/schema.org","@graph":[{"@type":"WebPage","@id":"https:\/\/simonjersey.eu\/lv\/produkts\/dickies-balance-sieviesu-medicinas-bikses\/","url":"https:\/\/simonjersey.eu\/lv\/produkts\/dickies-balance-sieviesu-medicinas-bikses\/","name":"Dickies Balance sievie\u0161u medic\u012bnas bikses - Simon Jersey Latvija","isPartOf":{"@id":"https:\/\/simonjersey.eu\/lv\/#website"},"primaryImageOfPage":{"@id":"https:\/\/simonjersey.eu\/lv\/produkts\/dickies-balance-sieviesu-medicinas-bikses\/#primaryimage"},"image":{"@id":"https:\/\/simonjersey.eu\/lv\/produkts\/dickies-balance-sieviesu-medicinas-bikses\/#primaryimage"},"thumbnailUrl":"https:\/\/simonjersey.eu\/lv\/wp-content\/uploads\/sites\/2\/2022\/11\/DKE135-Dickies-hoitajan-housut-vaaleasininen.jpg","datePublished":"2022-11-22T14:00:13+00:00","dateModified":"2024-01-23T11:11:21+00:00","breadcrumb":{"@id":"https:\/\/simonjersey.eu\/lv\/produkts\/dickies-balance-sieviesu-medicinas-bikses\/#breadcrumb"},"inLanguage":"lv-LV","potentialAction":[{"@type":"ReadAction","target":["https:\/\/simonjersey.eu\/lv\/produkts\/dickies-balance-sieviesu-medicinas-bikses\/"]}]},{"@type":"ImageObject","inLanguage":"lv-LV","@id":"https:\/\/simonjersey.eu\/lv\/produkts\/dickies-balance-sieviesu-medicinas-bikses\/#primaryimage","url":"https:\/\/simonjersey.eu\/lv\/wp-content\/uploads\/sites\/2\/2022\/11\/DKE135-Dickies-hoitajan-housut-vaaleasininen.jpg","contentUrl":"https:\/\/simonjersey.eu\/lv\/wp-content\/uploads\/sites\/2\/2022\/11\/DKE135-Dickies-hoitajan-housut-vaaleasininen.jpg","width":800,"height":1200},{"@type":"BreadcrumbList","@id":"https:\/\/simonjersey.eu\/lv\/produkts\/dickies-balance-sieviesu-medicinas-bikses\/#breadcrumb","itemListElement":[{"@type":"ListItem","position":1,"name":"Home","item":"https:\/\/simonjersey.eu\/lv\/"},{"@type":"ListItem","position":2,"name":"E-veikals","item":"https:\/\/simonjersey.eu\/lv\/e-veikals\/"},{"@type":"ListItem","position":3,"name":"Dickies Balance sievie\u0161u medic\u012bnas bikses"}]},{"@type":"WebSite","@id":"https:\/\/simonjersey.eu\/lv\/#website","url":"https:\/\/simonjersey.eu\/lv\/","name":"Simon Jersey Latvija","description":"Kvalitat\u012bvi un iztur\u012bgi darba ap\u0123\u0113rbi","potentialAction":[{"@type":"SearchAction","target":{"@type":"EntryPoint","urlTemplate":"https:\/\/simonjersey.eu\/lv\/?s={search_term_string}"},"query-input":{"@type":"PropertyValueSpecification","valueRequired":true,"valueName":"search_term_string"}}],"inLanguage":"lv-LV"}]}},"_links":{"self":[{"href":"https:\/\/simonjersey.eu\/lv\/wp-json\/wp\/v2\/product\/6890","targetHints":{"allow":["GET"]}}],"collection":[{"href":"https:\/\/simonjersey.eu\/lv\/wp-json\/wp\/v2\/product"}],"about":[{"href":"https:\/\/simonjersey.eu\/lv\/wp-json\/wp\/v2\/types\/product"}],"wp:featuredmedia":[{"embeddable":true,"href":"https:\/\/simonjersey.eu\/lv\/wp-json\/wp\/v2\/media\/7327"}],"wp:attachment":[{"href":"https:\/\/simonjersey.eu\/lv\/wp-json\/wp\/v2\/media?parent=6890"}],"wp:term":[{"taxonomy":"product_brand","embeddable":true,"href":"https:\/\/simonjersey.eu\/lv\/wp-json\/wp\/v2\/product_brand?post=6890"},{"taxonomy":"product_cat","embeddable":true,"href":"https:\/\/simonjersey.eu\/lv\/wp-json\/wp\/v2\/product_cat?post=6890"},{"taxonomy":"product_tag","embeddable":true,"href":"https:\/\/simonjersey.eu\/lv\/wp-json\/wp\/v2\/product_tag?post=6890"}],"curies":[{"name":"wp","href":"https:\/\/api.w.org\/{rel}","templated":true}]}}