{"id":6963,"date":"2023-06-07T15:01:52","date_gmt":"2023-06-07T12:01:52","guid":{"rendered":"https:\/\/simonjersey.eu\/lv\/?post_type=product&#038;p=6963"},"modified":"2023-06-07T15:06:03","modified_gmt":"2023-06-07T12:06:03","slug":"isam-piedurknem-bluze-ar-sasienamu-banti-chanel","status":"publish","type":"product","link":"https:\/\/simonjersey.eu\/lv\/produkts\/isam-piedurknem-bluze-ar-sasienamu-banti-chanel\/","title":{"rendered":"\u012bs\u0101m piedurkn\u0113m bl\u016bze ar sasienamu banti- Chanel"},"content":{"rendered":"","protected":false},"excerpt":{"rendered":"<p>Izcelties p\u016bl\u012b ar jaunaj\u0101m Chanel stilu bluzes, veidojot form\u0101lu un taj\u0101 pa\u0161\u0101 laik\u0101 modernu t\u0113lu. Rad\u012bta no ilgnotur\u012bga materi\u0101la, kuru viegli uztur\u0113t. Sasienama bante priek\u0161\u0101, ar \u012bs\u0101m \u00a0piedurkn\u0113m.<\/p>\n<p>Materi\u0101ls:95% poliesters\u00a0 4% Elastane<br \/>\nKop\u0161ana: 30\u00b0 ve\u013cas ma\u0161\u012bn\u0101, viegli kopjams, minimaal gludin\u0101\u0161ana.<br \/>\nIzm\u0113ri(UK): 6-26.<\/p>\n","protected":false},"featured_media":6967,"template":"","meta":[],"product_brand":[],"product_cat":[89,94,22,31,34,78,79,62],"product_tag":[],"class_list":{"0":"post-6963","1":"product","2":"type-product","3":"status-publish","4":"has-post-thumbnail","6":"product_cat-sievietem-lietiskais-apgerbs","7":"product_cat-bluzes-sievietem-lietiskais-apgerbs","8":"product_cat-restorani","9":"product_cat-stilizets","10":"product_cat-bluzes","11":"product_cat-recepcija","12":"product_cat-bluzes-recepcija","13":"product_cat-bluzes-sievietem-viesmiliba","15":"first","16":"instock","17":"taxable","18":"shipping-taxable","19":"purchasable","20":"product-type-variable","21":"has-default-attributes"},"yoast_head":"<!-- This site is optimized with the Yoast SEO plugin v27.2 - https:\/\/yoast.com\/product\/yoast-seo-wordpress\/ -->\n<title>\u012bs\u0101m piedurkn\u0113m bl\u016bze ar sasienamu banti- Chanel - Simon Jersey Latvija<\/title>\n<meta name=\"robots\" content=\"index, follow, max-snippet:-1, max-image-preview:large, max-video-preview:-1\" \/>\n<link rel=\"canonical\" href=\"https:\/\/simonjersey.eu\/lv\/produkts\/isam-piedurknem-bluze-ar-sasienamu-banti-chanel\/\" \/>\n<meta property=\"og:locale\" content=\"lv_LV\" \/>\n<meta property=\"og:type\" content=\"article\" \/>\n<meta property=\"og:title\" content=\"\u012bs\u0101m piedurkn\u0113m bl\u016bze ar sasienamu banti- Chanel - Simon Jersey Latvija\" \/>\n<meta property=\"og:description\" content=\"Izcelties p\u016bl\u012b ar jaunaj\u0101m Chanel stilu bluzes, veidojot form\u0101lu un taj\u0101 pa\u0161\u0101 laik\u0101 modernu t\u0113lu. Rad\u012bta no ilgnotur\u012bga materi\u0101la, kuru viegli uztur\u0113t. Sasienama bante priek\u0161\u0101, ar \u012bs\u0101m \u00a0piedurkn\u0113m.  Materi\u0101ls:95% poliesters\u00a0 4% Elastane Kop\u0161ana: 30\u00b0 ve\u013cas ma\u0161\u012bn\u0101, viegli kopjams, minimaal gludin\u0101\u0161ana. Izm\u0113ri(UK): 6-26.\" \/>\n<meta property=\"og:url\" content=\"https:\/\/simonjersey.eu\/lv\/produkts\/isam-piedurknem-bluze-ar-sasienamu-banti-chanel\/\" \/>\n<meta property=\"og:site_name\" content=\"Simon Jersey Latvija\" \/>\n<meta property=\"article:modified_time\" content=\"2023-06-07T12:06:03+00:00\" \/>\n<meta property=\"og:image\" content=\"https:\/\/simonjersey.eu\/lv\/wp-content\/uploads\/sites\/2\/2023\/06\/Flavia-Pussy-Bow-Black-700-x-1049-1.jpg\" \/>\n\t<meta property=\"og:image:width\" content=\"700\" \/>\n\t<meta property=\"og:image:height\" content=\"1049\" \/>\n\t<meta property=\"og:image:type\" content=\"image\/jpeg\" \/>\n<meta name=\"twitter:card\" content=\"summary_large_image\" \/>\n<script type=\"application\/ld+json\" class=\"yoast-schema-graph\">{\"@context\":\"https:\/\/schema.org\",\"@graph\":[{\"@type\":\"WebPage\",\"@id\":\"https:\/\/simonjersey.eu\/lv\/produkts\/isam-piedurknem-bluze-ar-sasienamu-banti-chanel\/\",\"url\":\"https:\/\/simonjersey.eu\/lv\/produkts\/isam-piedurknem-bluze-ar-sasienamu-banti-chanel\/\",\"name\":\"\u012bs\u0101m piedurkn\u0113m bl\u016bze ar sasienamu banti- Chanel - Simon Jersey Latvija\",\"isPartOf\":{\"@id\":\"https:\/\/simonjersey.eu\/lv\/#website\"},\"primaryImageOfPage\":{\"@id\":\"https:\/\/simonjersey.eu\/lv\/produkts\/isam-piedurknem-bluze-ar-sasienamu-banti-chanel\/#primaryimage\"},\"image\":{\"@id\":\"https:\/\/simonjersey.eu\/lv\/produkts\/isam-piedurknem-bluze-ar-sasienamu-banti-chanel\/#primaryimage\"},\"thumbnailUrl\":\"https:\/\/simonjersey.eu\/lv\/wp-content\/uploads\/sites\/2\/2023\/06\/Flavia-Pussy-Bow-Black-700-x-1049-1.jpg\",\"datePublished\":\"2023-06-07T12:01:52+00:00\",\"dateModified\":\"2023-06-07T12:06:03+00:00\",\"breadcrumb\":{\"@id\":\"https:\/\/simonjersey.eu\/lv\/produkts\/isam-piedurknem-bluze-ar-sasienamu-banti-chanel\/#breadcrumb\"},\"inLanguage\":\"lv-LV\",\"potentialAction\":[{\"@type\":\"ReadAction\",\"target\":[\"https:\/\/simonjersey.eu\/lv\/produkts\/isam-piedurknem-bluze-ar-sasienamu-banti-chanel\/\"]}]},{\"@type\":\"ImageObject\",\"inLanguage\":\"lv-LV\",\"@id\":\"https:\/\/simonjersey.eu\/lv\/produkts\/isam-piedurknem-bluze-ar-sasienamu-banti-chanel\/#primaryimage\",\"url\":\"https:\/\/simonjersey.eu\/lv\/wp-content\/uploads\/sites\/2\/2023\/06\/Flavia-Pussy-Bow-Black-700-x-1049-1.jpg\",\"contentUrl\":\"https:\/\/simonjersey.eu\/lv\/wp-content\/uploads\/sites\/2\/2023\/06\/Flavia-Pussy-Bow-Black-700-x-1049-1.jpg\",\"width\":700,\"height\":1049},{\"@type\":\"BreadcrumbList\",\"@id\":\"https:\/\/simonjersey.eu\/lv\/produkts\/isam-piedurknem-bluze-ar-sasienamu-banti-chanel\/#breadcrumb\",\"itemListElement\":[{\"@type\":\"ListItem\",\"position\":1,\"name\":\"Home\",\"item\":\"https:\/\/simonjersey.eu\/lv\/\"},{\"@type\":\"ListItem\",\"position\":2,\"name\":\"E-veikals\",\"item\":\"https:\/\/simonjersey.eu\/lv\/e-veikals\/\"},{\"@type\":\"ListItem\",\"position\":3,\"name\":\"\u012bs\u0101m piedurkn\u0113m bl\u016bze ar sasienamu banti- Chanel\"}]},{\"@type\":\"WebSite\",\"@id\":\"https:\/\/simonjersey.eu\/lv\/#website\",\"url\":\"https:\/\/simonjersey.eu\/lv\/\",\"name\":\"Simon Jersey Latvija\",\"description\":\"Kvalitat\u012bvi un iztur\u012bgi darba ap\u0123\u0113rbi\",\"potentialAction\":[{\"@type\":\"SearchAction\",\"target\":{\"@type\":\"EntryPoint\",\"urlTemplate\":\"https:\/\/simonjersey.eu\/lv\/?s={search_term_string}\"},\"query-input\":{\"@type\":\"PropertyValueSpecification\",\"valueRequired\":true,\"valueName\":\"search_term_string\"}}],\"inLanguage\":\"lv-LV\"}]}<\/script>\n<!-- \/ Yoast SEO plugin. -->","yoast_head_json":{"title":"\u012bs\u0101m piedurkn\u0113m bl\u016bze ar sasienamu banti- Chanel - Simon Jersey Latvija","robots":{"index":"index","follow":"follow","max-snippet":"max-snippet:-1","max-image-preview":"max-image-preview:large","max-video-preview":"max-video-preview:-1"},"canonical":"https:\/\/simonjersey.eu\/lv\/produkts\/isam-piedurknem-bluze-ar-sasienamu-banti-chanel\/","og_locale":"lv_LV","og_type":"article","og_title":"\u012bs\u0101m piedurkn\u0113m bl\u016bze ar sasienamu banti- Chanel - Simon Jersey Latvija","og_description":"Izcelties p\u016bl\u012b ar jaunaj\u0101m Chanel stilu bluzes, veidojot form\u0101lu un taj\u0101 pa\u0161\u0101 laik\u0101 modernu t\u0113lu. Rad\u012bta no ilgnotur\u012bga materi\u0101la, kuru viegli uztur\u0113t. Sasienama bante priek\u0161\u0101, ar \u012bs\u0101m \u00a0piedurkn\u0113m.  Materi\u0101ls:95% poliesters\u00a0 4% Elastane Kop\u0161ana: 30\u00b0 ve\u013cas ma\u0161\u012bn\u0101, viegli kopjams, minimaal gludin\u0101\u0161ana. Izm\u0113ri(UK): 6-26.","og_url":"https:\/\/simonjersey.eu\/lv\/produkts\/isam-piedurknem-bluze-ar-sasienamu-banti-chanel\/","og_site_name":"Simon Jersey Latvija","article_modified_time":"2023-06-07T12:06:03+00:00","og_image":[{"width":700,"height":1049,"url":"https:\/\/simonjersey.eu\/lv\/wp-content\/uploads\/sites\/2\/2023\/06\/Flavia-Pussy-Bow-Black-700-x-1049-1.jpg","type":"image\/jpeg"}],"twitter_card":"summary_large_image","schema":{"@context":"https:\/\/schema.org","@graph":[{"@type":"WebPage","@id":"https:\/\/simonjersey.eu\/lv\/produkts\/isam-piedurknem-bluze-ar-sasienamu-banti-chanel\/","url":"https:\/\/simonjersey.eu\/lv\/produkts\/isam-piedurknem-bluze-ar-sasienamu-banti-chanel\/","name":"\u012bs\u0101m piedurkn\u0113m bl\u016bze ar sasienamu banti- Chanel - Simon Jersey Latvija","isPartOf":{"@id":"https:\/\/simonjersey.eu\/lv\/#website"},"primaryImageOfPage":{"@id":"https:\/\/simonjersey.eu\/lv\/produkts\/isam-piedurknem-bluze-ar-sasienamu-banti-chanel\/#primaryimage"},"image":{"@id":"https:\/\/simonjersey.eu\/lv\/produkts\/isam-piedurknem-bluze-ar-sasienamu-banti-chanel\/#primaryimage"},"thumbnailUrl":"https:\/\/simonjersey.eu\/lv\/wp-content\/uploads\/sites\/2\/2023\/06\/Flavia-Pussy-Bow-Black-700-x-1049-1.jpg","datePublished":"2023-06-07T12:01:52+00:00","dateModified":"2023-06-07T12:06:03+00:00","breadcrumb":{"@id":"https:\/\/simonjersey.eu\/lv\/produkts\/isam-piedurknem-bluze-ar-sasienamu-banti-chanel\/#breadcrumb"},"inLanguage":"lv-LV","potentialAction":[{"@type":"ReadAction","target":["https:\/\/simonjersey.eu\/lv\/produkts\/isam-piedurknem-bluze-ar-sasienamu-banti-chanel\/"]}]},{"@type":"ImageObject","inLanguage":"lv-LV","@id":"https:\/\/simonjersey.eu\/lv\/produkts\/isam-piedurknem-bluze-ar-sasienamu-banti-chanel\/#primaryimage","url":"https:\/\/simonjersey.eu\/lv\/wp-content\/uploads\/sites\/2\/2023\/06\/Flavia-Pussy-Bow-Black-700-x-1049-1.jpg","contentUrl":"https:\/\/simonjersey.eu\/lv\/wp-content\/uploads\/sites\/2\/2023\/06\/Flavia-Pussy-Bow-Black-700-x-1049-1.jpg","width":700,"height":1049},{"@type":"BreadcrumbList","@id":"https:\/\/simonjersey.eu\/lv\/produkts\/isam-piedurknem-bluze-ar-sasienamu-banti-chanel\/#breadcrumb","itemListElement":[{"@type":"ListItem","position":1,"name":"Home","item":"https:\/\/simonjersey.eu\/lv\/"},{"@type":"ListItem","position":2,"name":"E-veikals","item":"https:\/\/simonjersey.eu\/lv\/e-veikals\/"},{"@type":"ListItem","position":3,"name":"\u012bs\u0101m piedurkn\u0113m bl\u016bze ar sasienamu banti- Chanel"}]},{"@type":"WebSite","@id":"https:\/\/simonjersey.eu\/lv\/#website","url":"https:\/\/simonjersey.eu\/lv\/","name":"Simon Jersey Latvija","description":"Kvalitat\u012bvi un iztur\u012bgi darba ap\u0123\u0113rbi","potentialAction":[{"@type":"SearchAction","target":{"@type":"EntryPoint","urlTemplate":"https:\/\/simonjersey.eu\/lv\/?s={search_term_string}"},"query-input":{"@type":"PropertyValueSpecification","valueRequired":true,"valueName":"search_term_string"}}],"inLanguage":"lv-LV"}]}},"_links":{"self":[{"href":"https:\/\/simonjersey.eu\/lv\/wp-json\/wp\/v2\/product\/6963","targetHints":{"allow":["GET"]}}],"collection":[{"href":"https:\/\/simonjersey.eu\/lv\/wp-json\/wp\/v2\/product"}],"about":[{"href":"https:\/\/simonjersey.eu\/lv\/wp-json\/wp\/v2\/types\/product"}],"wp:featuredmedia":[{"embeddable":true,"href":"https:\/\/simonjersey.eu\/lv\/wp-json\/wp\/v2\/media\/6967"}],"wp:attachment":[{"href":"https:\/\/simonjersey.eu\/lv\/wp-json\/wp\/v2\/media?parent=6963"}],"wp:term":[{"taxonomy":"product_brand","embeddable":true,"href":"https:\/\/simonjersey.eu\/lv\/wp-json\/wp\/v2\/product_brand?post=6963"},{"taxonomy":"product_cat","embeddable":true,"href":"https:\/\/simonjersey.eu\/lv\/wp-json\/wp\/v2\/product_cat?post=6963"},{"taxonomy":"product_tag","embeddable":true,"href":"https:\/\/simonjersey.eu\/lv\/wp-json\/wp\/v2\/product_tag?post=6963"}],"curies":[{"name":"wp","href":"https:\/\/api.w.org\/{rel}","templated":true}]}}