{"id":6984,"date":"2023-06-20T11:32:44","date_gmt":"2023-06-20T08:32:44","guid":{"rendered":"https:\/\/simonjersey.eu\/lv\/?post_type=product&#038;p=6984"},"modified":"2024-12-30T14:21:12","modified_gmt":"2024-12-30T11:21:12","slug":"zimulsvarki-pluto","status":"publish","type":"product","link":"https:\/\/simonjersey.eu\/lv\/produkts\/zimulsvarki-pluto\/","title":{"rendered":"Z\u012bmu\u013csv\u0101rki Pluto"},"content":{"rendered":"","protected":false},"excerpt":{"rendered":"<p>One kolekcijas ap\u0123\u0113rbi ir izgatavoti no iztur\u012bga materi\u0101la un tos ir viegli uztur\u0113t un saglab\u0101t ilgsto\u0161i labu kvalit\u0101ti.<\/p>\n<p>One produkti ir pieejami gan v\u012brie\u0161iem, gan sieviet\u0113m \u2013 lai j\u016bsu komanda izskat\u0101s unik\u0101li un profesion\u0101li!<\/p>\n<p>Taisni sv\u0101rki, centr\u0101l\u0101 ventil\u0101cijas atvere, piln\u012bb\u0101 izkl\u0101ta.<\/p>\n<p>Materi\u0101ls: 100% Superfine poliesters,<\/p>\n<p>Kop\u0161ana: 40\u00b0 ve\u013cas ma\u0161\u012bn\u0101, wool cycle.<\/p>\n<p>Izm\u0113ri(UK): 6-24.<\/p>\n<p>Sv\u0101rku garums 56cm.<\/p>\n","protected":false},"featured_media":6986,"template":"","meta":[],"product_brand":[],"product_cat":[97,22,37,78,82,58,65,109],"product_tag":[],"class_list":{"0":"post-6984","1":"product","2":"type-product","3":"status-publish","4":"has-post-thumbnail","6":"product_cat-svarki-sievietem-lietiskais-apgerbs","7":"product_cat-restorani","8":"product_cat-svarki","9":"product_cat-recepcija","10":"product_cat-svarki-recepcija","11":"product_cat-praktiska-un-pieejama","12":"product_cat-svarki-sievietem-viesmiliba","13":"product_cat-svarki-un-kleitas","15":"first","16":"instock","17":"taxable","18":"shipping-taxable","19":"purchasable","20":"product-type-variable","21":"has-default-attributes"},"yoast_head":"<!-- This site is optimized with the Yoast SEO plugin v27.2 - https:\/\/yoast.com\/product\/yoast-seo-wordpress\/ -->\n<title>Z\u012bmu\u013csv\u0101rki Pluto - Simon Jersey Latvija<\/title>\n<meta name=\"robots\" content=\"index, follow, max-snippet:-1, max-image-preview:large, max-video-preview:-1\" \/>\n<link rel=\"canonical\" href=\"https:\/\/simonjersey.eu\/lv\/produkts\/zimulsvarki-pluto\/\" \/>\n<meta property=\"og:locale\" content=\"lv_LV\" \/>\n<meta property=\"og:type\" content=\"article\" \/>\n<meta property=\"og:title\" content=\"Z\u012bmu\u013csv\u0101rki Pluto - Simon Jersey Latvija\" \/>\n<meta property=\"og:description\" content=\"One kolekcijas ap\u0123\u0113rbi ir izgatavoti no iztur\u012bga materi\u0101la un tos ir viegli uztur\u0113t un saglab\u0101t ilgsto\u0161i labu kvalit\u0101ti.  One produkti ir pieejami gan v\u012brie\u0161iem, gan sieviet\u0113m \u2013 lai j\u016bsu komanda izskat\u0101s unik\u0101li un profesion\u0101li!  Taisni sv\u0101rki, centr\u0101l\u0101 ventil\u0101cijas atvere, piln\u012bb\u0101 izkl\u0101ta.  Materi\u0101ls: 100% Superfine poliesters,  Kop\u0161ana: 40\u00b0 ve\u013cas ma\u0161\u012bn\u0101, wool cycle.  Izm\u0113ri(UK): 6-24.  Sv\u0101rku garums 56cm.\" \/>\n<meta property=\"og:url\" content=\"https:\/\/simonjersey.eu\/lv\/produkts\/zimulsvarki-pluto\/\" \/>\n<meta property=\"og:site_name\" content=\"Simon Jersey Latvija\" \/>\n<meta property=\"article:modified_time\" content=\"2024-12-30T11:21:12+00:00\" \/>\n<meta property=\"og:image\" content=\"https:\/\/simonjersey.eu\/lv\/wp-content\/uploads\/sites\/2\/2023\/06\/Pluto-Skirt-Black-One-700-x-1067-1.jpg\" \/>\n\t<meta property=\"og:image:width\" content=\"700\" \/>\n\t<meta property=\"og:image:height\" content=\"1067\" \/>\n\t<meta property=\"og:image:type\" content=\"image\/jpeg\" \/>\n<meta name=\"twitter:card\" content=\"summary_large_image\" \/>\n<meta name=\"twitter:label1\" content=\"Est. reading time\" \/>\n\t<meta name=\"twitter:data1\" content=\"1 min\u016bte\" \/>\n<script type=\"application\/ld+json\" class=\"yoast-schema-graph\">{\"@context\":\"https:\/\/schema.org\",\"@graph\":[{\"@type\":\"WebPage\",\"@id\":\"https:\/\/simonjersey.eu\/lv\/produkts\/zimulsvarki-pluto\/\",\"url\":\"https:\/\/simonjersey.eu\/lv\/produkts\/zimulsvarki-pluto\/\",\"name\":\"Z\u012bmu\u013csv\u0101rki Pluto - Simon Jersey Latvija\",\"isPartOf\":{\"@id\":\"https:\/\/simonjersey.eu\/lv\/#website\"},\"primaryImageOfPage\":{\"@id\":\"https:\/\/simonjersey.eu\/lv\/produkts\/zimulsvarki-pluto\/#primaryimage\"},\"image\":{\"@id\":\"https:\/\/simonjersey.eu\/lv\/produkts\/zimulsvarki-pluto\/#primaryimage\"},\"thumbnailUrl\":\"https:\/\/simonjersey.eu\/lv\/wp-content\/uploads\/sites\/2\/2023\/06\/Pluto-Skirt-Black-One-700-x-1067-1.jpg\",\"datePublished\":\"2023-06-20T08:32:44+00:00\",\"dateModified\":\"2024-12-30T11:21:12+00:00\",\"breadcrumb\":{\"@id\":\"https:\/\/simonjersey.eu\/lv\/produkts\/zimulsvarki-pluto\/#breadcrumb\"},\"inLanguage\":\"lv-LV\",\"potentialAction\":[{\"@type\":\"ReadAction\",\"target\":[\"https:\/\/simonjersey.eu\/lv\/produkts\/zimulsvarki-pluto\/\"]}]},{\"@type\":\"ImageObject\",\"inLanguage\":\"lv-LV\",\"@id\":\"https:\/\/simonjersey.eu\/lv\/produkts\/zimulsvarki-pluto\/#primaryimage\",\"url\":\"https:\/\/simonjersey.eu\/lv\/wp-content\/uploads\/sites\/2\/2023\/06\/Pluto-Skirt-Black-One-700-x-1067-1.jpg\",\"contentUrl\":\"https:\/\/simonjersey.eu\/lv\/wp-content\/uploads\/sites\/2\/2023\/06\/Pluto-Skirt-Black-One-700-x-1067-1.jpg\",\"width\":700,\"height\":1067},{\"@type\":\"BreadcrumbList\",\"@id\":\"https:\/\/simonjersey.eu\/lv\/produkts\/zimulsvarki-pluto\/#breadcrumb\",\"itemListElement\":[{\"@type\":\"ListItem\",\"position\":1,\"name\":\"Home\",\"item\":\"https:\/\/simonjersey.eu\/lv\/\"},{\"@type\":\"ListItem\",\"position\":2,\"name\":\"E-veikals\",\"item\":\"https:\/\/simonjersey.eu\/lv\/e-veikals\/\"},{\"@type\":\"ListItem\",\"position\":3,\"name\":\"Z\u012bmu\u013csv\u0101rki Pluto\"}]},{\"@type\":\"WebSite\",\"@id\":\"https:\/\/simonjersey.eu\/lv\/#website\",\"url\":\"https:\/\/simonjersey.eu\/lv\/\",\"name\":\"Simon Jersey Latvija\",\"description\":\"Kvalitat\u012bvi un iztur\u012bgi darba ap\u0123\u0113rbi\",\"potentialAction\":[{\"@type\":\"SearchAction\",\"target\":{\"@type\":\"EntryPoint\",\"urlTemplate\":\"https:\/\/simonjersey.eu\/lv\/?s={search_term_string}\"},\"query-input\":{\"@type\":\"PropertyValueSpecification\",\"valueRequired\":true,\"valueName\":\"search_term_string\"}}],\"inLanguage\":\"lv-LV\"}]}<\/script>\n<!-- \/ Yoast SEO plugin. -->","yoast_head_json":{"title":"Z\u012bmu\u013csv\u0101rki Pluto - Simon Jersey Latvija","robots":{"index":"index","follow":"follow","max-snippet":"max-snippet:-1","max-image-preview":"max-image-preview:large","max-video-preview":"max-video-preview:-1"},"canonical":"https:\/\/simonjersey.eu\/lv\/produkts\/zimulsvarki-pluto\/","og_locale":"lv_LV","og_type":"article","og_title":"Z\u012bmu\u013csv\u0101rki Pluto - Simon Jersey Latvija","og_description":"One kolekcijas ap\u0123\u0113rbi ir izgatavoti no iztur\u012bga materi\u0101la un tos ir viegli uztur\u0113t un saglab\u0101t ilgsto\u0161i labu kvalit\u0101ti.  One produkti ir pieejami gan v\u012brie\u0161iem, gan sieviet\u0113m \u2013 lai j\u016bsu komanda izskat\u0101s unik\u0101li un profesion\u0101li!  Taisni sv\u0101rki, centr\u0101l\u0101 ventil\u0101cijas atvere, piln\u012bb\u0101 izkl\u0101ta.  Materi\u0101ls: 100% Superfine poliesters,  Kop\u0161ana: 40\u00b0 ve\u013cas ma\u0161\u012bn\u0101, wool cycle.  Izm\u0113ri(UK): 6-24.  Sv\u0101rku garums 56cm.","og_url":"https:\/\/simonjersey.eu\/lv\/produkts\/zimulsvarki-pluto\/","og_site_name":"Simon Jersey Latvija","article_modified_time":"2024-12-30T11:21:12+00:00","og_image":[{"width":700,"height":1067,"url":"https:\/\/simonjersey.eu\/lv\/wp-content\/uploads\/sites\/2\/2023\/06\/Pluto-Skirt-Black-One-700-x-1067-1.jpg","type":"image\/jpeg"}],"twitter_card":"summary_large_image","twitter_misc":{"Est. reading time":"1 min\u016bte"},"schema":{"@context":"https:\/\/schema.org","@graph":[{"@type":"WebPage","@id":"https:\/\/simonjersey.eu\/lv\/produkts\/zimulsvarki-pluto\/","url":"https:\/\/simonjersey.eu\/lv\/produkts\/zimulsvarki-pluto\/","name":"Z\u012bmu\u013csv\u0101rki Pluto - Simon Jersey Latvija","isPartOf":{"@id":"https:\/\/simonjersey.eu\/lv\/#website"},"primaryImageOfPage":{"@id":"https:\/\/simonjersey.eu\/lv\/produkts\/zimulsvarki-pluto\/#primaryimage"},"image":{"@id":"https:\/\/simonjersey.eu\/lv\/produkts\/zimulsvarki-pluto\/#primaryimage"},"thumbnailUrl":"https:\/\/simonjersey.eu\/lv\/wp-content\/uploads\/sites\/2\/2023\/06\/Pluto-Skirt-Black-One-700-x-1067-1.jpg","datePublished":"2023-06-20T08:32:44+00:00","dateModified":"2024-12-30T11:21:12+00:00","breadcrumb":{"@id":"https:\/\/simonjersey.eu\/lv\/produkts\/zimulsvarki-pluto\/#breadcrumb"},"inLanguage":"lv-LV","potentialAction":[{"@type":"ReadAction","target":["https:\/\/simonjersey.eu\/lv\/produkts\/zimulsvarki-pluto\/"]}]},{"@type":"ImageObject","inLanguage":"lv-LV","@id":"https:\/\/simonjersey.eu\/lv\/produkts\/zimulsvarki-pluto\/#primaryimage","url":"https:\/\/simonjersey.eu\/lv\/wp-content\/uploads\/sites\/2\/2023\/06\/Pluto-Skirt-Black-One-700-x-1067-1.jpg","contentUrl":"https:\/\/simonjersey.eu\/lv\/wp-content\/uploads\/sites\/2\/2023\/06\/Pluto-Skirt-Black-One-700-x-1067-1.jpg","width":700,"height":1067},{"@type":"BreadcrumbList","@id":"https:\/\/simonjersey.eu\/lv\/produkts\/zimulsvarki-pluto\/#breadcrumb","itemListElement":[{"@type":"ListItem","position":1,"name":"Home","item":"https:\/\/simonjersey.eu\/lv\/"},{"@type":"ListItem","position":2,"name":"E-veikals","item":"https:\/\/simonjersey.eu\/lv\/e-veikals\/"},{"@type":"ListItem","position":3,"name":"Z\u012bmu\u013csv\u0101rki Pluto"}]},{"@type":"WebSite","@id":"https:\/\/simonjersey.eu\/lv\/#website","url":"https:\/\/simonjersey.eu\/lv\/","name":"Simon Jersey Latvija","description":"Kvalitat\u012bvi un iztur\u012bgi darba ap\u0123\u0113rbi","potentialAction":[{"@type":"SearchAction","target":{"@type":"EntryPoint","urlTemplate":"https:\/\/simonjersey.eu\/lv\/?s={search_term_string}"},"query-input":{"@type":"PropertyValueSpecification","valueRequired":true,"valueName":"search_term_string"}}],"inLanguage":"lv-LV"}]}},"_links":{"self":[{"href":"https:\/\/simonjersey.eu\/lv\/wp-json\/wp\/v2\/product\/6984","targetHints":{"allow":["GET"]}}],"collection":[{"href":"https:\/\/simonjersey.eu\/lv\/wp-json\/wp\/v2\/product"}],"about":[{"href":"https:\/\/simonjersey.eu\/lv\/wp-json\/wp\/v2\/types\/product"}],"wp:featuredmedia":[{"embeddable":true,"href":"https:\/\/simonjersey.eu\/lv\/wp-json\/wp\/v2\/media\/6986"}],"wp:attachment":[{"href":"https:\/\/simonjersey.eu\/lv\/wp-json\/wp\/v2\/media?parent=6984"}],"wp:term":[{"taxonomy":"product_brand","embeddable":true,"href":"https:\/\/simonjersey.eu\/lv\/wp-json\/wp\/v2\/product_brand?post=6984"},{"taxonomy":"product_cat","embeddable":true,"href":"https:\/\/simonjersey.eu\/lv\/wp-json\/wp\/v2\/product_cat?post=6984"},{"taxonomy":"product_tag","embeddable":true,"href":"https:\/\/simonjersey.eu\/lv\/wp-json\/wp\/v2\/product_tag?post=6984"}],"curies":[{"name":"wp","href":"https:\/\/api.w.org\/{rel}","templated":true}]}}