{"id":6995,"date":"2023-06-20T12:07:38","date_gmt":"2023-06-20T09:07:38","guid":{"rendered":"https:\/\/simonjersey.eu\/lv\/?post_type=product&#038;p=6995"},"modified":"2023-06-20T12:12:44","modified_gmt":"2023-06-20T09:12:44","slug":"isa-jaka-ar-vienu-pogu","status":"publish","type":"product","link":"https:\/\/simonjersey.eu\/lv\/produkts\/isa-jaka-ar-vienu-pogu\/","title":{"rendered":"\u012bsa jaka ar vienu pogu"},"content":{"rendered":"","protected":false},"excerpt":{"rendered":"<p>One kolekcijas ap\u0123\u0113rbi ir izgatavoti no iztur\u012bga materi\u0101la un tos ir viegli uztur\u0113t un saglab\u0101t ilgsto\u0161i labu kvalit\u0101ti.<\/p>\n<p>One produkti ir pieejami gan v\u012brie\u0161iem, gan sieviet\u0113m \u2013 lai j\u016bsu komanda izskat\u0101s unik\u0101li un profesion\u0101li!<\/p>\n<p>Viena poga, divas kabatas, aizmugur\u0113 \u0161\u0137\u0113lums, odere.<\/p>\n<p>Materi\u0101ls: 100% Superfine poliesters,<\/p>\n<p>Kop\u0161ana: 40\u00b0 ve\u013cas ma\u0161\u012bn\u0101, wool cycle.<\/p>\n<p>Izm\u0113ri(UK): 6 \u2013 26 Regular<\/p>\n<p>10-18 Long<\/p>\n<p>Jakas garums 12R izm\u0113ram &#8211; 56cm<\/p>\n<p>Jakas garums 12 L izm\u0113r\u0101 \u2013 58cm<\/p>\n","protected":false},"featured_media":6996,"template":"","meta":[],"product_brand":[],"product_cat":[89,98,22,24,38,78,83,49,58,50,66,110],"product_tag":[],"class_list":{"0":"post-6995","1":"product","2":"type-product","3":"status-publish","4":"has-post-thumbnail","6":"product_cat-sievietem-lietiskais-apgerbs","7":"product_cat-zaketes-sievietem-lietiskais-apgerbs","8":"product_cat-restorani","9":"product_cat-sievietem","10":"product_cat-zaketes","11":"product_cat-recepcija","12":"product_cat-zaketes-recepcija","13":"product_cat-kolekcijas","14":"product_cat-praktiska-un-pieejama","15":"product_cat-sievietem-viesmiliba","16":"product_cat-zaketes-sievietem-viesmiliba","17":"product_cat-zaketes-2","19":"first","20":"instock","21":"taxable","22":"shipping-taxable","23":"purchasable","24":"product-type-variable","25":"has-default-attributes"},"yoast_head":"<!-- This site is optimized with the Yoast SEO plugin v27.2 - https:\/\/yoast.com\/product\/yoast-seo-wordpress\/ -->\n<title>\u012bsa jaka ar vienu pogu - Simon Jersey Latvija<\/title>\n<meta name=\"robots\" content=\"index, follow, max-snippet:-1, max-image-preview:large, max-video-preview:-1\" \/>\n<link rel=\"canonical\" href=\"https:\/\/simonjersey.eu\/lv\/produkts\/isa-jaka-ar-vienu-pogu\/\" \/>\n<meta property=\"og:locale\" content=\"lv_LV\" \/>\n<meta property=\"og:type\" content=\"article\" \/>\n<meta property=\"og:title\" content=\"\u012bsa jaka ar vienu pogu - Simon Jersey Latvija\" \/>\n<meta property=\"og:description\" content=\"One kolekcijas ap\u0123\u0113rbi ir izgatavoti no iztur\u012bga materi\u0101la un tos ir viegli uztur\u0113t un saglab\u0101t ilgsto\u0161i labu kvalit\u0101ti.  One produkti ir pieejami gan v\u012brie\u0161iem, gan sieviet\u0113m \u2013 lai j\u016bsu komanda izskat\u0101s unik\u0101li un profesion\u0101li!  Viena poga, divas kabatas, aizmugur\u0113 \u0161\u0137\u0113lums, odere.  Materi\u0101ls: 100% Superfine poliesters,  Kop\u0161ana: 40\u00b0 ve\u013cas ma\u0161\u012bn\u0101, wool cycle.  Izm\u0113ri(UK): 6 \u2013 26 Regular  10-18 Long  Jakas garums 12R izm\u0113ram - 56cm  Jakas garums 12 L izm\u0113r\u0101 \u2013 58cm\" \/>\n<meta property=\"og:url\" content=\"https:\/\/simonjersey.eu\/lv\/produkts\/isa-jaka-ar-vienu-pogu\/\" \/>\n<meta property=\"og:site_name\" content=\"Simon Jersey Latvija\" \/>\n<meta property=\"article:modified_time\" content=\"2023-06-20T09:12:44+00:00\" \/>\n<meta property=\"og:image\" content=\"https:\/\/simonjersey.eu\/lv\/wp-content\/uploads\/sites\/2\/2023\/06\/Saturn-Jacket-Black-2-700-x-1049-1.jpg\" \/>\n\t<meta property=\"og:image:width\" content=\"700\" \/>\n\t<meta property=\"og:image:height\" content=\"1049\" \/>\n\t<meta property=\"og:image:type\" content=\"image\/jpeg\" \/>\n<meta name=\"twitter:card\" content=\"summary_large_image\" \/>\n<script type=\"application\/ld+json\" class=\"yoast-schema-graph\">{\"@context\":\"https:\/\/schema.org\",\"@graph\":[{\"@type\":\"WebPage\",\"@id\":\"https:\/\/simonjersey.eu\/lv\/produkts\/isa-jaka-ar-vienu-pogu\/\",\"url\":\"https:\/\/simonjersey.eu\/lv\/produkts\/isa-jaka-ar-vienu-pogu\/\",\"name\":\"\u012bsa jaka ar vienu pogu - Simon Jersey Latvija\",\"isPartOf\":{\"@id\":\"https:\/\/simonjersey.eu\/lv\/#website\"},\"primaryImageOfPage\":{\"@id\":\"https:\/\/simonjersey.eu\/lv\/produkts\/isa-jaka-ar-vienu-pogu\/#primaryimage\"},\"image\":{\"@id\":\"https:\/\/simonjersey.eu\/lv\/produkts\/isa-jaka-ar-vienu-pogu\/#primaryimage\"},\"thumbnailUrl\":\"https:\/\/simonjersey.eu\/lv\/wp-content\/uploads\/sites\/2\/2023\/06\/Saturn-Jacket-Black-2-700-x-1049-1.jpg\",\"datePublished\":\"2023-06-20T09:07:38+00:00\",\"dateModified\":\"2023-06-20T09:12:44+00:00\",\"breadcrumb\":{\"@id\":\"https:\/\/simonjersey.eu\/lv\/produkts\/isa-jaka-ar-vienu-pogu\/#breadcrumb\"},\"inLanguage\":\"lv-LV\",\"potentialAction\":[{\"@type\":\"ReadAction\",\"target\":[\"https:\/\/simonjersey.eu\/lv\/produkts\/isa-jaka-ar-vienu-pogu\/\"]}]},{\"@type\":\"ImageObject\",\"inLanguage\":\"lv-LV\",\"@id\":\"https:\/\/simonjersey.eu\/lv\/produkts\/isa-jaka-ar-vienu-pogu\/#primaryimage\",\"url\":\"https:\/\/simonjersey.eu\/lv\/wp-content\/uploads\/sites\/2\/2023\/06\/Saturn-Jacket-Black-2-700-x-1049-1.jpg\",\"contentUrl\":\"https:\/\/simonjersey.eu\/lv\/wp-content\/uploads\/sites\/2\/2023\/06\/Saturn-Jacket-Black-2-700-x-1049-1.jpg\",\"width\":700,\"height\":1049},{\"@type\":\"BreadcrumbList\",\"@id\":\"https:\/\/simonjersey.eu\/lv\/produkts\/isa-jaka-ar-vienu-pogu\/#breadcrumb\",\"itemListElement\":[{\"@type\":\"ListItem\",\"position\":1,\"name\":\"Home\",\"item\":\"https:\/\/simonjersey.eu\/lv\/\"},{\"@type\":\"ListItem\",\"position\":2,\"name\":\"E-veikals\",\"item\":\"https:\/\/simonjersey.eu\/lv\/e-veikals\/\"},{\"@type\":\"ListItem\",\"position\":3,\"name\":\"\u012bsa jaka ar vienu pogu\"}]},{\"@type\":\"WebSite\",\"@id\":\"https:\/\/simonjersey.eu\/lv\/#website\",\"url\":\"https:\/\/simonjersey.eu\/lv\/\",\"name\":\"Simon Jersey Latvija\",\"description\":\"Kvalitat\u012bvi un iztur\u012bgi darba ap\u0123\u0113rbi\",\"potentialAction\":[{\"@type\":\"SearchAction\",\"target\":{\"@type\":\"EntryPoint\",\"urlTemplate\":\"https:\/\/simonjersey.eu\/lv\/?s={search_term_string}\"},\"query-input\":{\"@type\":\"PropertyValueSpecification\",\"valueRequired\":true,\"valueName\":\"search_term_string\"}}],\"inLanguage\":\"lv-LV\"}]}<\/script>\n<!-- \/ Yoast SEO plugin. -->","yoast_head_json":{"title":"\u012bsa jaka ar vienu pogu - Simon Jersey Latvija","robots":{"index":"index","follow":"follow","max-snippet":"max-snippet:-1","max-image-preview":"max-image-preview:large","max-video-preview":"max-video-preview:-1"},"canonical":"https:\/\/simonjersey.eu\/lv\/produkts\/isa-jaka-ar-vienu-pogu\/","og_locale":"lv_LV","og_type":"article","og_title":"\u012bsa jaka ar vienu pogu - Simon Jersey Latvija","og_description":"One kolekcijas ap\u0123\u0113rbi ir izgatavoti no iztur\u012bga materi\u0101la un tos ir viegli uztur\u0113t un saglab\u0101t ilgsto\u0161i labu kvalit\u0101ti.  One produkti ir pieejami gan v\u012brie\u0161iem, gan sieviet\u0113m \u2013 lai j\u016bsu komanda izskat\u0101s unik\u0101li un profesion\u0101li!  Viena poga, divas kabatas, aizmugur\u0113 \u0161\u0137\u0113lums, odere.  Materi\u0101ls: 100% Superfine poliesters,  Kop\u0161ana: 40\u00b0 ve\u013cas ma\u0161\u012bn\u0101, wool cycle.  Izm\u0113ri(UK): 6 \u2013 26 Regular  10-18 Long  Jakas garums 12R izm\u0113ram - 56cm  Jakas garums 12 L izm\u0113r\u0101 \u2013 58cm","og_url":"https:\/\/simonjersey.eu\/lv\/produkts\/isa-jaka-ar-vienu-pogu\/","og_site_name":"Simon Jersey Latvija","article_modified_time":"2023-06-20T09:12:44+00:00","og_image":[{"width":700,"height":1049,"url":"https:\/\/simonjersey.eu\/lv\/wp-content\/uploads\/sites\/2\/2023\/06\/Saturn-Jacket-Black-2-700-x-1049-1.jpg","type":"image\/jpeg"}],"twitter_card":"summary_large_image","schema":{"@context":"https:\/\/schema.org","@graph":[{"@type":"WebPage","@id":"https:\/\/simonjersey.eu\/lv\/produkts\/isa-jaka-ar-vienu-pogu\/","url":"https:\/\/simonjersey.eu\/lv\/produkts\/isa-jaka-ar-vienu-pogu\/","name":"\u012bsa jaka ar vienu pogu - Simon Jersey Latvija","isPartOf":{"@id":"https:\/\/simonjersey.eu\/lv\/#website"},"primaryImageOfPage":{"@id":"https:\/\/simonjersey.eu\/lv\/produkts\/isa-jaka-ar-vienu-pogu\/#primaryimage"},"image":{"@id":"https:\/\/simonjersey.eu\/lv\/produkts\/isa-jaka-ar-vienu-pogu\/#primaryimage"},"thumbnailUrl":"https:\/\/simonjersey.eu\/lv\/wp-content\/uploads\/sites\/2\/2023\/06\/Saturn-Jacket-Black-2-700-x-1049-1.jpg","datePublished":"2023-06-20T09:07:38+00:00","dateModified":"2023-06-20T09:12:44+00:00","breadcrumb":{"@id":"https:\/\/simonjersey.eu\/lv\/produkts\/isa-jaka-ar-vienu-pogu\/#breadcrumb"},"inLanguage":"lv-LV","potentialAction":[{"@type":"ReadAction","target":["https:\/\/simonjersey.eu\/lv\/produkts\/isa-jaka-ar-vienu-pogu\/"]}]},{"@type":"ImageObject","inLanguage":"lv-LV","@id":"https:\/\/simonjersey.eu\/lv\/produkts\/isa-jaka-ar-vienu-pogu\/#primaryimage","url":"https:\/\/simonjersey.eu\/lv\/wp-content\/uploads\/sites\/2\/2023\/06\/Saturn-Jacket-Black-2-700-x-1049-1.jpg","contentUrl":"https:\/\/simonjersey.eu\/lv\/wp-content\/uploads\/sites\/2\/2023\/06\/Saturn-Jacket-Black-2-700-x-1049-1.jpg","width":700,"height":1049},{"@type":"BreadcrumbList","@id":"https:\/\/simonjersey.eu\/lv\/produkts\/isa-jaka-ar-vienu-pogu\/#breadcrumb","itemListElement":[{"@type":"ListItem","position":1,"name":"Home","item":"https:\/\/simonjersey.eu\/lv\/"},{"@type":"ListItem","position":2,"name":"E-veikals","item":"https:\/\/simonjersey.eu\/lv\/e-veikals\/"},{"@type":"ListItem","position":3,"name":"\u012bsa jaka ar vienu pogu"}]},{"@type":"WebSite","@id":"https:\/\/simonjersey.eu\/lv\/#website","url":"https:\/\/simonjersey.eu\/lv\/","name":"Simon Jersey Latvija","description":"Kvalitat\u012bvi un iztur\u012bgi darba ap\u0123\u0113rbi","potentialAction":[{"@type":"SearchAction","target":{"@type":"EntryPoint","urlTemplate":"https:\/\/simonjersey.eu\/lv\/?s={search_term_string}"},"query-input":{"@type":"PropertyValueSpecification","valueRequired":true,"valueName":"search_term_string"}}],"inLanguage":"lv-LV"}]}},"_links":{"self":[{"href":"https:\/\/simonjersey.eu\/lv\/wp-json\/wp\/v2\/product\/6995","targetHints":{"allow":["GET"]}}],"collection":[{"href":"https:\/\/simonjersey.eu\/lv\/wp-json\/wp\/v2\/product"}],"about":[{"href":"https:\/\/simonjersey.eu\/lv\/wp-json\/wp\/v2\/types\/product"}],"wp:featuredmedia":[{"embeddable":true,"href":"https:\/\/simonjersey.eu\/lv\/wp-json\/wp\/v2\/media\/6996"}],"wp:attachment":[{"href":"https:\/\/simonjersey.eu\/lv\/wp-json\/wp\/v2\/media?parent=6995"}],"wp:term":[{"taxonomy":"product_brand","embeddable":true,"href":"https:\/\/simonjersey.eu\/lv\/wp-json\/wp\/v2\/product_brand?post=6995"},{"taxonomy":"product_cat","embeddable":true,"href":"https:\/\/simonjersey.eu\/lv\/wp-json\/wp\/v2\/product_cat?post=6995"},{"taxonomy":"product_tag","embeddable":true,"href":"https:\/\/simonjersey.eu\/lv\/wp-json\/wp\/v2\/product_tag?post=6995"}],"curies":[{"name":"wp","href":"https:\/\/api.w.org\/{rel}","templated":true}]}}