{"id":7010,"date":"2023-06-20T12:55:03","date_gmt":"2023-06-20T09:55:03","guid":{"rendered":"https:\/\/simonjersey.eu\/lv\/?post_type=product&#038;p=7010"},"modified":"2024-02-27T15:46:07","modified_gmt":"2024-02-27T12:46:07","slug":"sieviesu-veste-mercury","status":"publish","type":"product","link":"https:\/\/simonjersey.eu\/lv\/produkts\/sieviesu-veste-mercury\/","title":{"rendered":"V\u012brie\u0161u veste Mercury"},"content":{"rendered":"","protected":false},"excerpt":{"rendered":"<p>One kolekcijas ap\u0123\u0113rbi ir izgatavoti no iztur\u012bga materi\u0101la un tos ir viegli uztur\u0113t un saglab\u0101t ilgsto\u0161i labu kvalit\u0101ti.<\/p>\n<p>One produkti ir pieejami gan v\u012brie\u0161iem, gan sieviet\u0113m \u2013 lai j\u016bsu komanda izskat\u0101s unik\u0101li un profesion\u0101li!<\/p>\n<p>\u0160\u012b v\u012brie\u0161u veste ar 5 pog\u0101m, aizmugur\u0113 ar polsteri un regul\u0113jamu spr\u0101dzi.<\/p>\n<p>Materi\u0101ls: 100% Superfine poliesters,<\/p>\n<p>Kop\u0161ana: 40\u00b0 ve\u013cas ma\u0161\u012bn\u0101, wool cycle.<\/p>\n<p>Izm\u0113ri(UK): XS \u2013 XL<\/p>\n<p>XS &#8211; 34\u201d &#8211; 36\u201d<\/p>\n<p>S &#8211; 38\u201d &#8211; 40\u201d<\/p>\n<p>M- \u00a042\u201d &#8211; 44\u201d<\/p>\n<p>L &#8211; 46\u201d &#8211; 48\u201d<\/p>\n<p>XL &#8211; \u00a050\u201d &#8211; 52\u201d<\/p>\n","protected":false},"featured_media":7013,"template":"","meta":[],"product_brand":[],"product_cat":[90,103,22,25,43,78,84,49,58,51,71,111],"product_tag":[],"class_list":{"0":"post-7010","1":"product","2":"type-product","3":"status-publish","4":"has-post-thumbnail","6":"product_cat-viriesiem-lietiskais-apgerbs","7":"product_cat-vestes-un-trikotaza-viriesiem-lietiskais-apgerbs","8":"product_cat-restorani","9":"product_cat-viriesiem","10":"product_cat-vestes-un-trikotaza-viriesiem","11":"product_cat-recepcija","12":"product_cat-vestes-un-trikotaza-recepcija","13":"product_cat-kolekcijas","14":"product_cat-praktiska-un-pieejama","15":"product_cat-viriesiem-viesmiliba","16":"product_cat-vestes-un-trikotaza-viriesiem-viesmiliba","17":"product_cat-vestes-un-trikotaza-2","19":"first","20":"instock","21":"taxable","22":"shipping-taxable","23":"purchasable","24":"product-type-variable","25":"has-default-attributes"},"yoast_head":"<!-- This site is optimized with the Yoast SEO plugin v27.2 - https:\/\/yoast.com\/product\/yoast-seo-wordpress\/ -->\n<title>V\u012brie\u0161u veste Mercury - Simon Jersey Latvija<\/title>\n<meta name=\"robots\" content=\"index, follow, max-snippet:-1, max-image-preview:large, max-video-preview:-1\" \/>\n<link rel=\"canonical\" href=\"https:\/\/simonjersey.eu\/lv\/produkts\/sieviesu-veste-mercury\/\" \/>\n<meta property=\"og:locale\" content=\"lv_LV\" \/>\n<meta property=\"og:type\" content=\"article\" \/>\n<meta property=\"og:title\" content=\"V\u012brie\u0161u veste Mercury - Simon Jersey Latvija\" \/>\n<meta property=\"og:description\" content=\"One kolekcijas ap\u0123\u0113rbi ir izgatavoti no iztur\u012bga materi\u0101la un tos ir viegli uztur\u0113t un saglab\u0101t ilgsto\u0161i labu kvalit\u0101ti.  One produkti ir pieejami gan v\u012brie\u0161iem, gan sieviet\u0113m \u2013 lai j\u016bsu komanda izskat\u0101s unik\u0101li un profesion\u0101li!  \u0160\u012b v\u012brie\u0161u veste ar 5 pog\u0101m, aizmugur\u0113 ar polsteri un regul\u0113jamu spr\u0101dzi.  Materi\u0101ls: 100% Superfine poliesters,  Kop\u0161ana: 40\u00b0 ve\u013cas ma\u0161\u012bn\u0101, wool cycle.  Izm\u0113ri(UK): XS \u2013 XL  XS - 34\u201d - 36\u201d  S - 38\u201d - 40\u201d  M- \u00a042\u201d - 44\u201d  L - 46\u201d - 48\u201d  XL - \u00a050\u201d - 52\u201d\" \/>\n<meta property=\"og:url\" content=\"https:\/\/simonjersey.eu\/lv\/produkts\/sieviesu-veste-mercury\/\" \/>\n<meta property=\"og:site_name\" content=\"Simon Jersey Latvija\" \/>\n<meta property=\"article:modified_time\" content=\"2024-02-27T12:46:07+00:00\" \/>\n<meta property=\"og:image\" content=\"https:\/\/simonjersey.eu\/lv\/wp-content\/uploads\/sites\/2\/2023\/06\/Mercury-Waistcoat-Black-One-700-x-1049-1.jpg\" \/>\n\t<meta property=\"og:image:width\" content=\"700\" \/>\n\t<meta property=\"og:image:height\" content=\"1049\" \/>\n\t<meta property=\"og:image:type\" content=\"image\/jpeg\" \/>\n<meta name=\"twitter:card\" content=\"summary_large_image\" \/>\n<meta name=\"twitter:label1\" content=\"Est. reading time\" \/>\n\t<meta name=\"twitter:data1\" content=\"1 min\u016bte\" \/>\n<script type=\"application\/ld+json\" class=\"yoast-schema-graph\">{\"@context\":\"https:\/\/schema.org\",\"@graph\":[{\"@type\":\"WebPage\",\"@id\":\"https:\/\/simonjersey.eu\/lv\/produkts\/sieviesu-veste-mercury\/\",\"url\":\"https:\/\/simonjersey.eu\/lv\/produkts\/sieviesu-veste-mercury\/\",\"name\":\"V\u012brie\u0161u veste Mercury - Simon Jersey Latvija\",\"isPartOf\":{\"@id\":\"https:\/\/simonjersey.eu\/lv\/#website\"},\"primaryImageOfPage\":{\"@id\":\"https:\/\/simonjersey.eu\/lv\/produkts\/sieviesu-veste-mercury\/#primaryimage\"},\"image\":{\"@id\":\"https:\/\/simonjersey.eu\/lv\/produkts\/sieviesu-veste-mercury\/#primaryimage\"},\"thumbnailUrl\":\"https:\/\/simonjersey.eu\/lv\/wp-content\/uploads\/sites\/2\/2023\/06\/Mercury-Waistcoat-Black-One-700-x-1049-1.jpg\",\"datePublished\":\"2023-06-20T09:55:03+00:00\",\"dateModified\":\"2024-02-27T12:46:07+00:00\",\"breadcrumb\":{\"@id\":\"https:\/\/simonjersey.eu\/lv\/produkts\/sieviesu-veste-mercury\/#breadcrumb\"},\"inLanguage\":\"lv-LV\",\"potentialAction\":[{\"@type\":\"ReadAction\",\"target\":[\"https:\/\/simonjersey.eu\/lv\/produkts\/sieviesu-veste-mercury\/\"]}]},{\"@type\":\"ImageObject\",\"inLanguage\":\"lv-LV\",\"@id\":\"https:\/\/simonjersey.eu\/lv\/produkts\/sieviesu-veste-mercury\/#primaryimage\",\"url\":\"https:\/\/simonjersey.eu\/lv\/wp-content\/uploads\/sites\/2\/2023\/06\/Mercury-Waistcoat-Black-One-700-x-1049-1.jpg\",\"contentUrl\":\"https:\/\/simonjersey.eu\/lv\/wp-content\/uploads\/sites\/2\/2023\/06\/Mercury-Waistcoat-Black-One-700-x-1049-1.jpg\",\"width\":700,\"height\":1049},{\"@type\":\"BreadcrumbList\",\"@id\":\"https:\/\/simonjersey.eu\/lv\/produkts\/sieviesu-veste-mercury\/#breadcrumb\",\"itemListElement\":[{\"@type\":\"ListItem\",\"position\":1,\"name\":\"Home\",\"item\":\"https:\/\/simonjersey.eu\/lv\/\"},{\"@type\":\"ListItem\",\"position\":2,\"name\":\"E-veikals\",\"item\":\"https:\/\/simonjersey.eu\/lv\/e-veikals\/\"},{\"@type\":\"ListItem\",\"position\":3,\"name\":\"V\u012brie\u0161u veste Mercury\"}]},{\"@type\":\"WebSite\",\"@id\":\"https:\/\/simonjersey.eu\/lv\/#website\",\"url\":\"https:\/\/simonjersey.eu\/lv\/\",\"name\":\"Simon Jersey Latvija\",\"description\":\"Kvalitat\u012bvi un iztur\u012bgi darba ap\u0123\u0113rbi\",\"potentialAction\":[{\"@type\":\"SearchAction\",\"target\":{\"@type\":\"EntryPoint\",\"urlTemplate\":\"https:\/\/simonjersey.eu\/lv\/?s={search_term_string}\"},\"query-input\":{\"@type\":\"PropertyValueSpecification\",\"valueRequired\":true,\"valueName\":\"search_term_string\"}}],\"inLanguage\":\"lv-LV\"}]}<\/script>\n<!-- \/ Yoast SEO plugin. -->","yoast_head_json":{"title":"V\u012brie\u0161u veste Mercury - Simon Jersey Latvija","robots":{"index":"index","follow":"follow","max-snippet":"max-snippet:-1","max-image-preview":"max-image-preview:large","max-video-preview":"max-video-preview:-1"},"canonical":"https:\/\/simonjersey.eu\/lv\/produkts\/sieviesu-veste-mercury\/","og_locale":"lv_LV","og_type":"article","og_title":"V\u012brie\u0161u veste Mercury - Simon Jersey Latvija","og_description":"One kolekcijas ap\u0123\u0113rbi ir izgatavoti no iztur\u012bga materi\u0101la un tos ir viegli uztur\u0113t un saglab\u0101t ilgsto\u0161i labu kvalit\u0101ti.  One produkti ir pieejami gan v\u012brie\u0161iem, gan sieviet\u0113m \u2013 lai j\u016bsu komanda izskat\u0101s unik\u0101li un profesion\u0101li!  \u0160\u012b v\u012brie\u0161u veste ar 5 pog\u0101m, aizmugur\u0113 ar polsteri un regul\u0113jamu spr\u0101dzi.  Materi\u0101ls: 100% Superfine poliesters,  Kop\u0161ana: 40\u00b0 ve\u013cas ma\u0161\u012bn\u0101, wool cycle.  Izm\u0113ri(UK): XS \u2013 XL  XS - 34\u201d - 36\u201d  S - 38\u201d - 40\u201d  M- \u00a042\u201d - 44\u201d  L - 46\u201d - 48\u201d  XL - \u00a050\u201d - 52\u201d","og_url":"https:\/\/simonjersey.eu\/lv\/produkts\/sieviesu-veste-mercury\/","og_site_name":"Simon Jersey Latvija","article_modified_time":"2024-02-27T12:46:07+00:00","og_image":[{"width":700,"height":1049,"url":"https:\/\/simonjersey.eu\/lv\/wp-content\/uploads\/sites\/2\/2023\/06\/Mercury-Waistcoat-Black-One-700-x-1049-1.jpg","type":"image\/jpeg"}],"twitter_card":"summary_large_image","twitter_misc":{"Est. reading time":"1 min\u016bte"},"schema":{"@context":"https:\/\/schema.org","@graph":[{"@type":"WebPage","@id":"https:\/\/simonjersey.eu\/lv\/produkts\/sieviesu-veste-mercury\/","url":"https:\/\/simonjersey.eu\/lv\/produkts\/sieviesu-veste-mercury\/","name":"V\u012brie\u0161u veste Mercury - Simon Jersey Latvija","isPartOf":{"@id":"https:\/\/simonjersey.eu\/lv\/#website"},"primaryImageOfPage":{"@id":"https:\/\/simonjersey.eu\/lv\/produkts\/sieviesu-veste-mercury\/#primaryimage"},"image":{"@id":"https:\/\/simonjersey.eu\/lv\/produkts\/sieviesu-veste-mercury\/#primaryimage"},"thumbnailUrl":"https:\/\/simonjersey.eu\/lv\/wp-content\/uploads\/sites\/2\/2023\/06\/Mercury-Waistcoat-Black-One-700-x-1049-1.jpg","datePublished":"2023-06-20T09:55:03+00:00","dateModified":"2024-02-27T12:46:07+00:00","breadcrumb":{"@id":"https:\/\/simonjersey.eu\/lv\/produkts\/sieviesu-veste-mercury\/#breadcrumb"},"inLanguage":"lv-LV","potentialAction":[{"@type":"ReadAction","target":["https:\/\/simonjersey.eu\/lv\/produkts\/sieviesu-veste-mercury\/"]}]},{"@type":"ImageObject","inLanguage":"lv-LV","@id":"https:\/\/simonjersey.eu\/lv\/produkts\/sieviesu-veste-mercury\/#primaryimage","url":"https:\/\/simonjersey.eu\/lv\/wp-content\/uploads\/sites\/2\/2023\/06\/Mercury-Waistcoat-Black-One-700-x-1049-1.jpg","contentUrl":"https:\/\/simonjersey.eu\/lv\/wp-content\/uploads\/sites\/2\/2023\/06\/Mercury-Waistcoat-Black-One-700-x-1049-1.jpg","width":700,"height":1049},{"@type":"BreadcrumbList","@id":"https:\/\/simonjersey.eu\/lv\/produkts\/sieviesu-veste-mercury\/#breadcrumb","itemListElement":[{"@type":"ListItem","position":1,"name":"Home","item":"https:\/\/simonjersey.eu\/lv\/"},{"@type":"ListItem","position":2,"name":"E-veikals","item":"https:\/\/simonjersey.eu\/lv\/e-veikals\/"},{"@type":"ListItem","position":3,"name":"V\u012brie\u0161u veste Mercury"}]},{"@type":"WebSite","@id":"https:\/\/simonjersey.eu\/lv\/#website","url":"https:\/\/simonjersey.eu\/lv\/","name":"Simon Jersey Latvija","description":"Kvalitat\u012bvi un iztur\u012bgi darba ap\u0123\u0113rbi","potentialAction":[{"@type":"SearchAction","target":{"@type":"EntryPoint","urlTemplate":"https:\/\/simonjersey.eu\/lv\/?s={search_term_string}"},"query-input":{"@type":"PropertyValueSpecification","valueRequired":true,"valueName":"search_term_string"}}],"inLanguage":"lv-LV"}]}},"_links":{"self":[{"href":"https:\/\/simonjersey.eu\/lv\/wp-json\/wp\/v2\/product\/7010","targetHints":{"allow":["GET"]}}],"collection":[{"href":"https:\/\/simonjersey.eu\/lv\/wp-json\/wp\/v2\/product"}],"about":[{"href":"https:\/\/simonjersey.eu\/lv\/wp-json\/wp\/v2\/types\/product"}],"wp:featuredmedia":[{"embeddable":true,"href":"https:\/\/simonjersey.eu\/lv\/wp-json\/wp\/v2\/media\/7013"}],"wp:attachment":[{"href":"https:\/\/simonjersey.eu\/lv\/wp-json\/wp\/v2\/media?parent=7010"}],"wp:term":[{"taxonomy":"product_brand","embeddable":true,"href":"https:\/\/simonjersey.eu\/lv\/wp-json\/wp\/v2\/product_brand?post=7010"},{"taxonomy":"product_cat","embeddable":true,"href":"https:\/\/simonjersey.eu\/lv\/wp-json\/wp\/v2\/product_cat?post=7010"},{"taxonomy":"product_tag","embeddable":true,"href":"https:\/\/simonjersey.eu\/lv\/wp-json\/wp\/v2\/product_tag?post=7010"}],"curies":[{"name":"wp","href":"https:\/\/api.w.org\/{rel}","templated":true}]}}